{"id":7284,"date":"2024-07-10T18:10:46","date_gmt":"2024-07-10T18:10:46","guid":{"rendered":"https:\/\/traduccion-jurada.idisc.com\/producto\/diploma-universitario\/"},"modified":"2026-02-12T09:56:03","modified_gmt":"2026-02-12T08:56:03","slug":"diploma-universitario","status":"publish","type":"product","link":"https:\/\/traduccion-jurada.idisc.com\/pt-br\/producto\/diploma-universitario\/","title":{"rendered":"Diploma universit\u00e1rio"},"content":{"rendered":"<h2>Tradu\u00e7\u00e3o juramentada de um diploma universit\u00e1rio<\/h2>\n<p data-start=\"245\" data-end=\"700\">A <strong data-start=\"248\" data-end=\"296\">tradu\u00e7\u00e3o juramentada de um diploma universit\u00e1rio<\/strong> \u00e9 um requisito essencial para validar os estudos de ensino superior, dar continuidade \u00e0 forma\u00e7\u00e3o acad\u00eamica ou realizar procedimentos profissionais na Espanha e no exterior. Na iDISC, esse servi\u00e7o \u00e9 realizado exclusivamente por <strong data-start=\"517\" data-end=\"638\">tradutores-int\u00e9rpretes juramentados nomeados pelo Minist\u00e9rio das Rela\u00e7\u00f5es Exteriores, Uni\u00e3o Europeia e Coopera\u00e7\u00e3o (MAEC) da Espanha<\/strong>, garantindo a <strong data-start=\"656\" data-end=\"675\">validade oficial<\/strong> do documento traduzido. Esse tipo de servi\u00e7o tamb\u00e9m \u00e9 conhecido como <strong data-start=\"747\" data-end=\"768\">tradu\u00e7\u00e3o juramentada<\/strong>, <strong data-start=\"770\" data-end=\"792\">tradu\u00e7\u00e3o oficial<\/strong> ou <strong data-start=\"795\" data-end=\"821\">tradu\u00e7\u00e3o certificada<\/strong>.<\/p>\n<h2 data-start=\"829\" data-end=\"868\">O que \u00e9 um diploma universit\u00e1rio?<\/h2>\n<p data-start=\"870\" data-end=\"1051\">Um <strong data-start=\"873\" data-end=\"897\">diploma universit\u00e1rio<\/strong> \u00e9 um documento oficial emitido por uma universidade ou institui\u00e7\u00e3o de ensino superior que certifica a conclus\u00e3o de estudos acad\u00eamicos, como diplomas universit\u00e1rios, mestrados oficiais, doutorados, diplomas pr\u00f3prios e outros programas de p\u00f3s-gradua\u00e7\u00e3o.<\/p>\n<p data-start=\"870\" data-end=\"1051\">Esse documento \u00e9 essencial para os procedimentos de homologa\u00e7\u00e3o, admiss\u00e3o acad\u00eamica, mobilidade internacional e processos profissionais.<\/p>\n<h2 data-start=\"1315\" data-end=\"1389\">Quando voc\u00ea precisa de uma tradu\u00e7\u00e3o juramentada do seu diploma universit\u00e1rio?<\/h2>\n<p>Uma tradu\u00e7\u00e3o juramentada de um diploma universit\u00e1rio \u00e9 exigida em v\u00e1rios contextos, inclusive:<\/p>\n<ul>\n<li><strong>Valida\u00e7\u00e3o e homologa\u00e7\u00e3o de estudos no exterior<\/strong>: universidades, centros educacionais e autoridades acad\u00eamicas exigem uma tradu\u00e7\u00e3o juramentada para reconhecer estudos realizados em outro idioma.<\/li>\n<li><strong>Procedimentos de imigra\u00e7\u00e3o<\/strong>: as autoridades de muitos pa\u00edses exigem a tradu\u00e7\u00e3o do diploma universit\u00e1rio para programas de trabalho, estudo, resid\u00eancia ou qualifica\u00e7\u00e3o profissional.<\/li>\n<li><strong>Processos acad\u00eamicos internacionais<\/strong>: necess\u00e1rios para admiss\u00e3o em mestrados, doutorados, interc\u00e2mbios, bolsas de estudo ou equival\u00eancias de cr\u00e9dito.<\/li>\n<li><strong>Oportunidades de emprego<\/strong>: empresas internacionais exigem tradu\u00e7\u00f5es juramentadas para verificar a forma\u00e7\u00e3o acad\u00eamica do candidato.<\/li>\n<li><strong>Apresenta\u00e7\u00e3o na Espanha de diplomas emitidos no exterior<\/strong>: para procedimentos com o Minist\u00e9rio das Universidades, \u00f3rg\u00e3os colegiados, concursos ou credenciamentos profissionais.<\/li>\n<\/ul>\n<h2>Apostila e legaliza\u00e7\u00e3o<\/h2>\n<p><span data-contrast=\"auto\">Em determinadas circunst\u00e2ncias, pode ser necess\u00e1ria uma <\/span><b><span data-contrast=\"auto\">apostila<\/span><\/b><span data-contrast=\"auto\"> ou <\/span><b><span data-contrast=\"auto\">legaliza\u00e7\u00e3o<\/span><\/b><span data-contrast=\"auto\"> para que a tradu\u00e7\u00e3o juramentada do diploma universit\u00e1rio seja aceita em outro pa\u00eds. A apostila \u00e9 um procedimento que valida a autenticidade de documentos p\u00fablicos e \u00e9 exigida pelos pa\u00edses que fazem parte da Conven\u00e7\u00e3o de Haia. Na iDISC, oferecemos orienta\u00e7\u00e3o sobre as etapas a serem seguidas para obter a apostila necess\u00e1ria, garantindo que seu documento esteja em conformidade com todos os requisitos legais.<\/span><span data-ccp-props=\"{&quot;134233117&quot;:false,&quot;134233118&quot;:false,&quot;335559738&quot;:240,&quot;335559739&quot;:240}\">\u00a0<\/span><\/p>\n<h2>Compromisso com a qualidade<\/h2>\n<p><span data-contrast=\"auto\">Na iDISC, temos o compromisso de fornecer <\/span><b><span data-contrast=\"auto\">tradu\u00e7\u00f5es juramentadas de alta qualidade<\/span><\/b><span data-contrast=\"auto\"> realizadas por tradutores juramentados com ampla experi\u00eancia na \u00e1rea. Todas as nossas tradu\u00e7\u00f5es atendem aos requisitos de precis\u00e3o e formalidade necess\u00e1rios para garantir que seus documentos sejam aceitos em qualquer processo legal ou acad\u00eamico. Valorizamos a clareza e a precis\u00e3o em todos os trabalhos, garantindo que o seu t\u00edtulo profissional seja apresentado de forma clara, precisa e adequada para o uso pretendido.<\/span><\/p>\n","protected":false},"excerpt":{"rendered":"<p>Tradu\u00e7\u00e3o juramentada de seu diploma universit\u00e1rio, mestrado oficial, doutorado, diplomas pr\u00f3prios e outros programas de p\u00f3s-gradua\u00e7\u00e3o.<\/p>\n","protected":false},"featured_media":7206,"template":"","meta":[],"product_brand":[],"product_cat":[134],"product_tag":[],"class_list":{"0":"post-7284","1":"product","2":"type-product","3":"status-publish","4":"has-post-thumbnail","6":"product_cat-sem-categoria","7":"image-hover-transition-effect","9":"first","10":"instock","11":"taxable","12":"shipping-taxable","13":"purchasable","14":"product-type-simple"},"yoast_head":"<!-- This site is optimized with the Yoast SEO plugin v27.2 - https:\/\/yoast.com\/product\/yoast-seo-wordpress\/ -->\n<title>Tradu\u00e7\u00e3o juramentada de diploma universit\u00e1rio - Tradu\u00e7\u00e3o Juramentada | iDISC<\/title>\n<meta name=\"description\" content=\"Obtenha uma tradu\u00e7\u00e3o juramentada do seu diploma universit\u00e1rio para procedimentos acad\u00eamicos, legais e de imigra\u00e7\u00e3o na Espanha e no exterior.\" \/>\n<meta name=\"robots\" content=\"index, follow, max-snippet:-1, max-image-preview:large, max-video-preview:-1\" \/>\n<link rel=\"canonical\" href=\"https:\/\/traduccion-jurada.idisc.com\/pt-br\/producto\/diploma-universitario\/\" \/>\n<meta property=\"og:locale\" content=\"pt_BR\" \/>\n<meta property=\"og:type\" content=\"article\" \/>\n<meta property=\"og:title\" content=\"Tradu\u00e7\u00e3o juramentada de diploma universit\u00e1rio - Tradu\u00e7\u00e3o Juramentada | iDISC\" \/>\n<meta property=\"og:description\" content=\"Obtenha uma tradu\u00e7\u00e3o juramentada do seu diploma universit\u00e1rio para procedimentos acad\u00eamicos, legais e de imigra\u00e7\u00e3o na Espanha e no exterior.\" \/>\n<meta property=\"og:url\" content=\"https:\/\/traduccion-jurada.idisc.com\/pt-br\/producto\/diploma-universitario\/\" \/>\n<meta property=\"og:site_name\" content=\"Tradu\u00e7\u00e3o Juramentada\" \/>\n<meta property=\"article:publisher\" content=\"https:\/\/www.facebook.com\/idiscit\" \/>\n<meta property=\"article:modified_time\" content=\"2026-02-12T08:56:03+00:00\" \/>\n<meta property=\"og:image\" content=\"https:\/\/traduccion-jurada.idisc.com\/wp-content\/uploads\/2024\/07\/papel-y-lapiz.png\" \/>\n\t<meta property=\"og:image:width\" content=\"512\" \/>\n\t<meta property=\"og:image:height\" content=\"512\" \/>\n\t<meta property=\"og:image:type\" content=\"image\/png\" \/>\n<meta name=\"twitter:card\" content=\"summary_large_image\" \/>\n<meta name=\"twitter:site\" content=\"@idiscit\" \/>\n<meta name=\"twitter:label1\" content=\"Est. tempo de leitura\" \/>\n\t<meta name=\"twitter:data1\" content=\"3 minutos\" \/>\n<!-- \/ Yoast SEO plugin. -->","yoast_head_json":{"title":"Tradu\u00e7\u00e3o juramentada de diploma universit\u00e1rio - Tradu\u00e7\u00e3o Juramentada | iDISC","description":"Obtenha uma tradu\u00e7\u00e3o juramentada do seu diploma universit\u00e1rio para procedimentos acad\u00eamicos, legais e de imigra\u00e7\u00e3o na Espanha e no exterior.","robots":{"index":"index","follow":"follow","max-snippet":"max-snippet:-1","max-image-preview":"max-image-preview:large","max-video-preview":"max-video-preview:-1"},"canonical":"https:\/\/traduccion-jurada.idisc.com\/pt-br\/producto\/diploma-universitario\/","og_locale":"pt_BR","og_type":"article","og_title":"Tradu\u00e7\u00e3o juramentada de diploma universit\u00e1rio - Tradu\u00e7\u00e3o Juramentada | iDISC","og_description":"Obtenha uma tradu\u00e7\u00e3o juramentada do seu diploma universit\u00e1rio para procedimentos acad\u00eamicos, legais e de imigra\u00e7\u00e3o na Espanha e no exterior.","og_url":"https:\/\/traduccion-jurada.idisc.com\/pt-br\/producto\/diploma-universitario\/","og_site_name":"Tradu\u00e7\u00e3o Juramentada","article_publisher":"https:\/\/www.facebook.com\/idiscit","article_modified_time":"2026-02-12T08:56:03+00:00","og_image":[{"width":512,"height":512,"url":"https:\/\/traduccion-jurada.idisc.com\/wp-content\/uploads\/2024\/07\/papel-y-lapiz.png","type":"image\/png"}],"twitter_card":"summary_large_image","twitter_site":"@idiscit","twitter_misc":{"Est. tempo de leitura":"3 minutos"},"schema":{"@context":"https:\/\/schema.org","@graph":[{"@type":"WebPage","@id":"https:\/\/traduccion-jurada.idisc.com\/pt-br\/producto\/diploma-universitario\/","url":"https:\/\/traduccion-jurada.idisc.com\/pt-br\/producto\/diploma-universitario\/","name":"Tradu\u00e7\u00e3o juramentada de diploma universit\u00e1rio - Tradu\u00e7\u00e3o Juramentada | iDISC","isPartOf":{"@id":"https:\/\/traduccion-jurada.idisc.com\/pt-br\/#website"},"primaryImageOfPage":{"@id":"https:\/\/traduccion-jurada.idisc.com\/pt-br\/producto\/diploma-universitario\/#primaryimage"},"image":{"@id":"https:\/\/traduccion-jurada.idisc.com\/pt-br\/producto\/diploma-universitario\/#primaryimage"},"thumbnailUrl":"https:\/\/traduccion-jurada.idisc.com\/wp-content\/uploads\/2024\/07\/papel-y-lapiz.png","datePublished":"2024-07-10T18:10:46+00:00","dateModified":"2026-02-12T08:56:03+00:00","description":"Obtenha uma tradu\u00e7\u00e3o juramentada do seu diploma universit\u00e1rio para procedimentos acad\u00eamicos, legais e de imigra\u00e7\u00e3o na Espanha e no exterior.","breadcrumb":{"@id":"https:\/\/traduccion-jurada.idisc.com\/pt-br\/producto\/diploma-universitario\/#breadcrumb"},"inLanguage":"pt-BR","potentialAction":[{"@type":"ReadAction","target":["https:\/\/traduccion-jurada.idisc.com\/pt-br\/producto\/diploma-universitario\/"]}]},{"@type":"ImageObject","inLanguage":"pt-BR","@id":"https:\/\/traduccion-jurada.idisc.com\/pt-br\/producto\/diploma-universitario\/#primaryimage","url":"https:\/\/traduccion-jurada.idisc.com\/wp-content\/uploads\/2024\/07\/papel-y-lapiz.png","contentUrl":"https:\/\/traduccion-jurada.idisc.com\/wp-content\/uploads\/2024\/07\/papel-y-lapiz.png","width":512,"height":512},{"@type":"BreadcrumbList","@id":"https:\/\/traduccion-jurada.idisc.com\/pt-br\/producto\/diploma-universitario\/#breadcrumb","itemListElement":[{"@type":"ListItem","position":1,"name":"Home","item":"https:\/\/traduccion-jurada.idisc.com\/pt-br\/"},{"@type":"ListItem","position":2,"name":"Loja","item":"https:\/\/traduccion-jurada.idisc.com\/pt-br\/loja\/"},{"@type":"ListItem","position":3,"name":"Diploma universit\u00e1rio"}]},{"@type":"WebSite","@id":"https:\/\/traduccion-jurada.idisc.com\/pt-br\/#website","url":"https:\/\/traduccion-jurada.idisc.com\/pt-br\/","name":"Traducci\u00f3n Jurada iDISC","description":"","publisher":{"@id":"https:\/\/traduccion-jurada.idisc.com\/pt-br\/#organization"},"potentialAction":[{"@type":"SearchAction","target":{"@type":"EntryPoint","urlTemplate":"https:\/\/traduccion-jurada.idisc.com\/pt-br\/?s={search_term_string}"},"query-input":{"@type":"PropertyValueSpecification","valueRequired":true,"valueName":"search_term_string"}}],"inLanguage":"pt-BR"},{"@type":"Organization","@id":"https:\/\/traduccion-jurada.idisc.com\/pt-br\/#organization","name":"iDISC Information Technolgies","url":"https:\/\/traduccion-jurada.idisc.com\/pt-br\/","logo":{"@type":"ImageObject","inLanguage":"pt-BR","@id":"https:\/\/traduccion-jurada.idisc.com\/pt-br\/#\/schema\/logo\/image\/","url":"https:\/\/traduccion-jurada.idisc.com\/wp-content\/uploads\/2025\/11\/cropped-Logo_idisc.png","contentUrl":"https:\/\/traduccion-jurada.idisc.com\/wp-content\/uploads\/2025\/11\/cropped-Logo_idisc.png","width":905,"height":524,"caption":"iDISC Information Technolgies"},"image":{"@id":"https:\/\/traduccion-jurada.idisc.com\/pt-br\/#\/schema\/logo\/image\/"},"sameAs":["https:\/\/www.facebook.com\/idiscit","https:\/\/x.com\/idiscit","https:\/\/www.instagram.com\/idisc_it\/","https:\/\/www.linkedin.com\/company\/idiscit"]}]}},"_links":{"self":[{"href":"https:\/\/traduccion-jurada.idisc.com\/pt-br\/wp-json\/wp\/v2\/product\/7284","targetHints":{"allow":["GET"]}}],"collection":[{"href":"https:\/\/traduccion-jurada.idisc.com\/pt-br\/wp-json\/wp\/v2\/product"}],"about":[{"href":"https:\/\/traduccion-jurada.idisc.com\/pt-br\/wp-json\/wp\/v2\/types\/product"}],"wp:featuredmedia":[{"embeddable":true,"href":"https:\/\/traduccion-jurada.idisc.com\/pt-br\/wp-json\/wp\/v2\/media\/7206"}],"wp:attachment":[{"href":"https:\/\/traduccion-jurada.idisc.com\/pt-br\/wp-json\/wp\/v2\/media?parent=7284"}],"wp:term":[{"taxonomy":"product_brand","embeddable":true,"href":"https:\/\/traduccion-jurada.idisc.com\/pt-br\/wp-json\/wp\/v2\/product_brand?post=7284"},{"taxonomy":"product_cat","embeddable":true,"href":"https:\/\/traduccion-jurada.idisc.com\/pt-br\/wp-json\/wp\/v2\/product_cat?post=7284"},{"taxonomy":"product_tag","embeddable":true,"href":"https:\/\/traduccion-jurada.idisc.com\/pt-br\/wp-json\/wp\/v2\/product_tag?post=7284"}],"curies":[{"name":"wp","href":"https:\/\/api.w.org\/{rel}","templated":true}]}}