{"id":7283,"date":"2024-07-10T18:15:28","date_gmt":"2024-07-10T18:15:28","guid":{"rendered":"https:\/\/traduccion-jurada.idisc.com\/producto\/registro-academico\/"},"modified":"2026-02-12T09:55:47","modified_gmt":"2026-02-12T08:55:47","slug":"registro-academico","status":"publish","type":"product","link":"https:\/\/traduccion-jurada.idisc.com\/pt-br\/producto\/registro-academico\/","title":{"rendered":"Registro acad\u00eamico"},"content":{"rendered":"<h2>Tradu\u00e7\u00e3o juramentada do hist\u00f3rico escolar<\/h2>\n<p data-start=\"266\" data-end=\"788\">A <strong data-start=\"269\" data-end=\"317\">tradu\u00e7\u00e3o juramentada de um hist\u00f3rico escolar<\/strong> \u00e9 um requisito essencial para muitos procedimentos educacionais, profissionais e de imigra\u00e7\u00e3o, tanto na Espanha quanto no exterior.<br data-start=\"445\" data-end=\"448\" \/>Na iDISC, esse servi\u00e7o \u00e9 realizado por <strong data-start=\"489\" data-end=\"610\">tradutores-int\u00e9rpretes juramentados nomeados pelo Minist\u00e9rio de Rela\u00e7\u00f5es Exteriores, Uni\u00e3o Europeia e Coopera\u00e7\u00e3o (MAEC) da Espanha<\/strong>, o que garante que a tradu\u00e7\u00e3o tenha <strong data-start=\"653\" data-end=\"678\">validade oficial total<\/strong> perante universidades, autoridades educacionais, administra\u00e7\u00f5es p\u00fablicas, empresas e organiza\u00e7\u00f5es internacionais.<\/p>\n<p data-start=\"266\" data-end=\"788\">Esse tipo de tradu\u00e7\u00e3o tamb\u00e9m \u00e9 chamado de <strong data-start=\"834\" data-end=\"855\">tradu\u00e7\u00e3o juramentada<\/strong>, <strong data-start=\"857\" data-end=\"879\">tradu\u00e7\u00e3o oficial<\/strong> ou <strong data-start=\"882\" data-end=\"908\">tradu\u00e7\u00e3o certificada<\/strong>.<\/p>\n<h2>O que \u00e9 um hist\u00f3rico escolar?<\/h2>\n<p>O <strong>hist\u00f3rico escolar<\/strong> \u00e9 um documento oficial emitido por uma institui\u00e7\u00e3o educacional que detalha as mat\u00e9rias cursadas, as notas obtidas, os cr\u00e9ditos aprovados, o n\u00edvel ou programa acad\u00eamico e, \u00e0s vezes, a posi\u00e7\u00e3o ou m\u00e9dia geral.<\/p>\n<p>Na Espanha, ele pode ser acompanhado do Suplemento Europeu ao Diploma (SET), certificados acad\u00eamicos, hist\u00f3ricos escolares, resolu\u00e7\u00f5es de valida\u00e7\u00e3o ou equival\u00eancia.<\/p>\n<p>Esse documento \u00e9 essencial para o acesso a estudos de ensino superior, credenciamento de qualifica\u00e7\u00f5es, solicita\u00e7\u00e3o de bolsas de estudo ou credenciamento de treinamento em processos trabalhistas.<\/p>\n<h2>Quando voc\u00ea precisa de uma tradu\u00e7\u00e3o juramentada do seu hist\u00f3rico escolar?<\/h2>\n<p>A tradu\u00e7\u00e3o juramentada \u00e9 necess\u00e1ria em uma ampla variedade de situa\u00e7\u00f5es:<\/p>\n<ul>\n<li><strong>Estudar no exterior<\/strong>: universidades e institui\u00e7\u00f5es acad\u00eamicas exigem tradu\u00e7\u00f5es oficiais de hist\u00f3ricos escolares para fins de admiss\u00e3o, mobilidade internacional, equival\u00eancia de cr\u00e9ditos e transfer\u00eancias acad\u00eamicas.<\/li>\n<li><strong>Homologa\u00e7\u00e3o, equival\u00eancia ou reconhecimento de estudos<\/strong>: tanto na Espanha como em outros pa\u00edses, as autoridades educacionais exigem a tradu\u00e7\u00e3o juramentada de hist\u00f3ricos escolares emitidos em outro idioma.<\/li>\n<li><strong>Procedimentos migrat\u00f3rios<\/strong>: ao solicitar vistos de estudante, autoriza\u00e7\u00f5es de trabalho qualificado ou processos de resid\u00eancia, \u00e9 comum solicitar a tradu\u00e7\u00e3o do hist\u00f3rico.<\/li>\n<li><strong>Oportunidades de emprego<\/strong>: empresas internacionais ou \u00f3rg\u00e3os p\u00fablicos podem solicitar uma tradu\u00e7\u00e3o juramentada para verificar a forma\u00e7\u00e3o acad\u00eamica do candidato.<\/li>\n<li><strong>Apresenta\u00e7\u00e3o na Espanha de hist\u00f3ricos escolares estrangeiros<\/strong>: para procedimentos com universidades, associa\u00e7\u00f5es profissionais, concursos ou \u00f3rg\u00e3os p\u00fablicos, o hist\u00f3rico escolar deve ser apresentado com uma tradu\u00e7\u00e3o juramentada para o espanhol.<\/li>\n<\/ul>\n<h2>Apostila e legaliza\u00e7\u00e3o<\/h2>\n<p>Dependendo do pa\u00eds para o qual voc\u00ea deve enviar o arquivo traduzido, pode ser necess\u00e1rio apostilar ou legalizar o documento original, a Apostila de Haia, se o pa\u00eds de destino faz parte da Conven\u00e7\u00e3o, ou a legaliza\u00e7\u00e3o consular\u00a0, se n\u00e3o faz parte da Conven\u00e7\u00e3o.<\/p>\n<p>A apostila \u00e9 aplicada ao documento acad\u00eamico original, nunca \u00e0 tradu\u00e7\u00e3o. Se o arquivo j\u00e1 foi apostilado, tamb\u00e9m podemos fornecer uma tradu\u00e7\u00e3o certificada da apostila. Normalmente, as transcri\u00e7\u00f5es s\u00e3o apostiladas no pa\u00eds em que foram emitidas, por meio da autoridade educacional ou judicial relevante. Podemos orientar voc\u00ea sobre como proceder, dependendo do pa\u00eds e do procedimento necess\u00e1rio.<\/p>\n<h2>Compromisso com a qualidade<\/h2>\n<p><span data-contrast=\"auto\">Na iDISC, temos o compromisso de fornecer tradu\u00e7\u00f5es juramentadas da mais alta qualidade, realizadas por tradutores juramentados com ampla experi\u00eancia e conhecimento de procedimentos educacionais e jur\u00eddicos. Cada tradu\u00e7\u00e3o tem a garantia de atender a todos os requisitos de precis\u00e3o e formalidade, assegurando que seja aceita pelas institui\u00e7\u00f5es relevantes. N\u00f3s nos esfor\u00e7amos para oferecer tradu\u00e7\u00f5es claras e precisas que mantenham a validade legal do documento original, facilitando, assim, qualquer procedimento acad\u00eamico ou de imigra\u00e7\u00e3o que voc\u00ea precise realizar.<\/span><\/p>\n","protected":false},"excerpt":{"rendered":"<p>Tradu\u00e7\u00e3o juramentada de seu hist\u00f3rico escolar, incluindo disciplinas e notas, conforme emitido pela institui\u00e7\u00e3o educacional espanhola ou estrangeira.<\/p>\n","protected":false},"featured_media":7205,"template":"","meta":[],"product_brand":[],"product_cat":[134],"product_tag":[],"class_list":{"0":"post-7283","1":"product","2":"type-product","3":"status-publish","4":"has-post-thumbnail","6":"product_cat-sem-categoria","7":"image-hover-transition-effect","9":"first","10":"instock","11":"taxable","12":"shipping-taxable","13":"purchasable","14":"product-type-simple"},"yoast_head":"<!-- This site is optimized with the Yoast SEO plugin v27.2 - https:\/\/yoast.com\/product\/yoast-seo-wordpress\/ -->\n<title>Tradu\u00e7\u00e3o juramentada de hist\u00f3ricos escolares - Tradu\u00e7\u00e3o Juramentada | iDISC<\/title>\n<meta name=\"description\" content=\"Obtenha uma tradu\u00e7\u00e3o juramentada de seu hist\u00f3rico escolar para procedimentos acad\u00eamicos e legais na Espanha e no exterior.\" \/>\n<meta name=\"robots\" content=\"index, follow, max-snippet:-1, max-image-preview:large, max-video-preview:-1\" \/>\n<link rel=\"canonical\" href=\"https:\/\/traduccion-jurada.idisc.com\/pt-br\/producto\/registro-academico\/\" \/>\n<meta property=\"og:locale\" content=\"pt_BR\" \/>\n<meta property=\"og:type\" content=\"article\" \/>\n<meta property=\"og:title\" content=\"Tradu\u00e7\u00e3o juramentada de hist\u00f3ricos escolares - Tradu\u00e7\u00e3o Juramentada | iDISC\" \/>\n<meta property=\"og:description\" content=\"Obtenha uma tradu\u00e7\u00e3o juramentada de seu hist\u00f3rico escolar para procedimentos acad\u00eamicos e legais na Espanha e no exterior.\" \/>\n<meta property=\"og:url\" content=\"https:\/\/traduccion-jurada.idisc.com\/pt-br\/producto\/registro-academico\/\" \/>\n<meta property=\"og:site_name\" content=\"Tradu\u00e7\u00e3o Juramentada\" \/>\n<meta property=\"article:publisher\" content=\"https:\/\/www.facebook.com\/idiscit\" \/>\n<meta property=\"article:modified_time\" content=\"2026-02-12T08:55:47+00:00\" \/>\n<meta property=\"og:image\" content=\"https:\/\/traduccion-jurada.idisc.com\/wp-content\/uploads\/2024\/07\/contrato.png\" \/>\n\t<meta property=\"og:image:width\" content=\"512\" \/>\n\t<meta property=\"og:image:height\" content=\"512\" \/>\n\t<meta property=\"og:image:type\" content=\"image\/png\" \/>\n<meta name=\"twitter:card\" content=\"summary_large_image\" \/>\n<meta name=\"twitter:site\" content=\"@idiscit\" \/>\n<meta name=\"twitter:label1\" content=\"Est. tempo de leitura\" \/>\n\t<meta name=\"twitter:data1\" content=\"3 minutos\" \/>\n<!-- \/ Yoast SEO plugin. -->","yoast_head_json":{"title":"Tradu\u00e7\u00e3o juramentada de hist\u00f3ricos escolares - Tradu\u00e7\u00e3o Juramentada | iDISC","description":"Obtenha uma tradu\u00e7\u00e3o juramentada de seu hist\u00f3rico escolar para procedimentos acad\u00eamicos e legais na Espanha e no exterior.","robots":{"index":"index","follow":"follow","max-snippet":"max-snippet:-1","max-image-preview":"max-image-preview:large","max-video-preview":"max-video-preview:-1"},"canonical":"https:\/\/traduccion-jurada.idisc.com\/pt-br\/producto\/registro-academico\/","og_locale":"pt_BR","og_type":"article","og_title":"Tradu\u00e7\u00e3o juramentada de hist\u00f3ricos escolares - Tradu\u00e7\u00e3o Juramentada | iDISC","og_description":"Obtenha uma tradu\u00e7\u00e3o juramentada de seu hist\u00f3rico escolar para procedimentos acad\u00eamicos e legais na Espanha e no exterior.","og_url":"https:\/\/traduccion-jurada.idisc.com\/pt-br\/producto\/registro-academico\/","og_site_name":"Tradu\u00e7\u00e3o Juramentada","article_publisher":"https:\/\/www.facebook.com\/idiscit","article_modified_time":"2026-02-12T08:55:47+00:00","og_image":[{"width":512,"height":512,"url":"https:\/\/traduccion-jurada.idisc.com\/wp-content\/uploads\/2024\/07\/contrato.png","type":"image\/png"}],"twitter_card":"summary_large_image","twitter_site":"@idiscit","twitter_misc":{"Est. tempo de leitura":"3 minutos"},"schema":{"@context":"https:\/\/schema.org","@graph":[{"@type":"WebPage","@id":"https:\/\/traduccion-jurada.idisc.com\/pt-br\/producto\/registro-academico\/","url":"https:\/\/traduccion-jurada.idisc.com\/pt-br\/producto\/registro-academico\/","name":"Tradu\u00e7\u00e3o juramentada de hist\u00f3ricos escolares - Tradu\u00e7\u00e3o Juramentada | iDISC","isPartOf":{"@id":"https:\/\/traduccion-jurada.idisc.com\/pt-br\/#website"},"primaryImageOfPage":{"@id":"https:\/\/traduccion-jurada.idisc.com\/pt-br\/producto\/registro-academico\/#primaryimage"},"image":{"@id":"https:\/\/traduccion-jurada.idisc.com\/pt-br\/producto\/registro-academico\/#primaryimage"},"thumbnailUrl":"https:\/\/traduccion-jurada.idisc.com\/wp-content\/uploads\/2024\/07\/contrato.png","datePublished":"2024-07-10T18:15:28+00:00","dateModified":"2026-02-12T08:55:47+00:00","description":"Obtenha uma tradu\u00e7\u00e3o juramentada de seu hist\u00f3rico escolar para procedimentos acad\u00eamicos e legais na Espanha e no exterior.","breadcrumb":{"@id":"https:\/\/traduccion-jurada.idisc.com\/pt-br\/producto\/registro-academico\/#breadcrumb"},"inLanguage":"pt-BR","potentialAction":[{"@type":"ReadAction","target":["https:\/\/traduccion-jurada.idisc.com\/pt-br\/producto\/registro-academico\/"]}]},{"@type":"ImageObject","inLanguage":"pt-BR","@id":"https:\/\/traduccion-jurada.idisc.com\/pt-br\/producto\/registro-academico\/#primaryimage","url":"https:\/\/traduccion-jurada.idisc.com\/wp-content\/uploads\/2024\/07\/contrato.png","contentUrl":"https:\/\/traduccion-jurada.idisc.com\/wp-content\/uploads\/2024\/07\/contrato.png","width":512,"height":512},{"@type":"BreadcrumbList","@id":"https:\/\/traduccion-jurada.idisc.com\/pt-br\/producto\/registro-academico\/#breadcrumb","itemListElement":[{"@type":"ListItem","position":1,"name":"Home","item":"https:\/\/traduccion-jurada.idisc.com\/pt-br\/"},{"@type":"ListItem","position":2,"name":"Loja","item":"https:\/\/traduccion-jurada.idisc.com\/pt-br\/loja\/"},{"@type":"ListItem","position":3,"name":"Registro acad\u00eamico"}]},{"@type":"WebSite","@id":"https:\/\/traduccion-jurada.idisc.com\/pt-br\/#website","url":"https:\/\/traduccion-jurada.idisc.com\/pt-br\/","name":"Traducci\u00f3n Jurada iDISC","description":"","publisher":{"@id":"https:\/\/traduccion-jurada.idisc.com\/pt-br\/#organization"},"potentialAction":[{"@type":"SearchAction","target":{"@type":"EntryPoint","urlTemplate":"https:\/\/traduccion-jurada.idisc.com\/pt-br\/?s={search_term_string}"},"query-input":{"@type":"PropertyValueSpecification","valueRequired":true,"valueName":"search_term_string"}}],"inLanguage":"pt-BR"},{"@type":"Organization","@id":"https:\/\/traduccion-jurada.idisc.com\/pt-br\/#organization","name":"iDISC Information Technolgies","url":"https:\/\/traduccion-jurada.idisc.com\/pt-br\/","logo":{"@type":"ImageObject","inLanguage":"pt-BR","@id":"https:\/\/traduccion-jurada.idisc.com\/pt-br\/#\/schema\/logo\/image\/","url":"https:\/\/traduccion-jurada.idisc.com\/wp-content\/uploads\/2025\/11\/cropped-Logo_idisc.png","contentUrl":"https:\/\/traduccion-jurada.idisc.com\/wp-content\/uploads\/2025\/11\/cropped-Logo_idisc.png","width":905,"height":524,"caption":"iDISC Information Technolgies"},"image":{"@id":"https:\/\/traduccion-jurada.idisc.com\/pt-br\/#\/schema\/logo\/image\/"},"sameAs":["https:\/\/www.facebook.com\/idiscit","https:\/\/x.com\/idiscit","https:\/\/www.instagram.com\/idisc_it\/","https:\/\/www.linkedin.com\/company\/idiscit"]}]}},"_links":{"self":[{"href":"https:\/\/traduccion-jurada.idisc.com\/pt-br\/wp-json\/wp\/v2\/product\/7283","targetHints":{"allow":["GET"]}}],"collection":[{"href":"https:\/\/traduccion-jurada.idisc.com\/pt-br\/wp-json\/wp\/v2\/product"}],"about":[{"href":"https:\/\/traduccion-jurada.idisc.com\/pt-br\/wp-json\/wp\/v2\/types\/product"}],"wp:featuredmedia":[{"embeddable":true,"href":"https:\/\/traduccion-jurada.idisc.com\/pt-br\/wp-json\/wp\/v2\/media\/7205"}],"wp:attachment":[{"href":"https:\/\/traduccion-jurada.idisc.com\/pt-br\/wp-json\/wp\/v2\/media?parent=7283"}],"wp:term":[{"taxonomy":"product_brand","embeddable":true,"href":"https:\/\/traduccion-jurada.idisc.com\/pt-br\/wp-json\/wp\/v2\/product_brand?post=7283"},{"taxonomy":"product_cat","embeddable":true,"href":"https:\/\/traduccion-jurada.idisc.com\/pt-br\/wp-json\/wp\/v2\/product_cat?post=7283"},{"taxonomy":"product_tag","embeddable":true,"href":"https:\/\/traduccion-jurada.idisc.com\/pt-br\/wp-json\/wp\/v2\/product_tag?post=7283"}],"curies":[{"name":"wp","href":"https:\/\/api.w.org\/{rel}","templated":true}]}}