{"id":7282,"date":"2024-07-10T18:17:44","date_gmt":"2024-07-10T18:17:44","guid":{"rendered":"https:\/\/traduccion-jurada.idisc.com\/producto\/certidao-de-nascimento\/"},"modified":"2024-07-10T18:17:44","modified_gmt":"2024-07-10T16:17:44","slug":"certidao-de-nascimento","status":"publish","type":"product","link":"https:\/\/traduccion-jurada.idisc.com\/pt-br\/producto\/certidao-de-nascimento\/","title":{"rendered":"Certid\u00e3o de nascimento"},"content":{"rendered":"<h2><span class=\"NormalTextRun SCXW118297217 BCX0\">Tradu\u00e7\u00e3o juramentada <\/span><span class=\"NormalTextRun SCXW118297217 BCX0\">de certid\u00e3o <\/span><span class=\"NormalTextRun SCXW118297217 BCX0\">de <\/span><span class=\"NormalTextRun SCXW118297217 BCX0\">n<\/span><span class=\"NormalTextRun SCXW118297217 BCX0\">ascimento<\/span><\/h2>\n<p data-start=\"438\" data-end=\"919\">A <strong data-start=\"441\" data-end=\"494\">tradu\u00e7\u00e3o juramentada de uma certid\u00e3o de nascimento<\/strong> \u00e9 um requisito comum para muitos procedimentos legais, de imigra\u00e7\u00e3o e administrativos, tanto na Espanha quanto no exterior. Na iDISC, trabalhamos com <strong data-start=\"647\" data-end=\"768\">tradutores-int\u00e9rpretes juramentados nomeados pelo Minist\u00e9rio das Rela\u00e7\u00f5es Exteriores, Uni\u00e3o Europeia e Coopera\u00e7\u00e3o (MAEC) da Espanha<\/strong>, cujas tradu\u00e7\u00f5es t\u00eam <strong data-start=\"802\" data-end=\"821\">validade oficial<\/strong> total perante administra\u00e7\u00f5es p\u00fablicas, universidades, cart\u00f3rios, consulados e organiza\u00e7\u00f5es internacionais.<\/p>\n<p data-start=\"921\" data-end=\"1069\">A <strong data-start=\"924\" data-end=\"953\">certid\u00e3o de nascimento<\/strong> \u00e9 um documento fundamental que comprova a identidade de uma pessoa desde o nascimento. Ela inclui informa\u00e7\u00f5es importantes, como nome completo, data e local de nascimento e nome dos pais. Na Espanha, a <strong data-start=\"222\" data-end=\"251\">certid\u00e3o de nascimento<\/strong> \u00e9 emitida pelo <strong data-start=\"270\" data-end=\"288\">Registro Civil<\/strong> correspondente ao local onde o nascimento foi registrado.<\/p>\n<p>Esse documento \u00e9 normalmente exigido para procedimentos pessoais, acad\u00eamicos, de imigra\u00e7\u00e3o e de estado civil.<\/p>\n<p><span data-contrast=\"auto\">Nossa <\/span><b><span data-contrast=\"auto\">tradu\u00e7\u00e3o juramentada <\/span><\/b><span data-contrast=\"auto\">assegura que esse documento permane\u00e7a v\u00e1lido e correto quando voc\u00ea precisar apresent\u00e1-lo a institui\u00e7\u00f5es e autoridades em outro idioma, garantindo que todas as informa\u00e7\u00f5es relevantes sejam refletidas corretamente.<\/span><\/p>\n<h2><span class=\"NormalTextRun SCXW13312218 BCX0\">O que \u00e9 uma <\/span><span class=\"NormalTextRun SCXW13312218 BCX0\">t<\/span><span class=\"NormalTextRun SCXW13312218 BCX0\">radu\u00e7\u00e3o juramentada <\/span><span class=\"NormalTextRun SCXW13312218 BCX0\">de uma certid\u00e3o <\/span><span class=\"NormalTextRun SCXW13312218 BCX0\">de <\/span><span class=\"NormalTextRun SCXW13312218 BCX0\">n<\/span><span class=\"NormalTextRun SCXW13312218 BCX0\">ascimento?<\/span><\/h2>\n<p data-start=\"2219\" data-end=\"2376\">Uma <strong data-start=\"2223\" data-end=\"2244\">tradu\u00e7\u00e3o juramentada<\/strong> \u00e9 realizada por um <strong data-start=\"2265\" data-end=\"2296\">tradutor-int\u00e9rprete juramentado<\/strong> autorizado pelo MAEC, que certifica a precis\u00e3o do conte\u00fado por meio de sua assinatura, carimbo oficial e f\u00f3rmula de certifica\u00e7\u00e3o obrigat\u00f3ria.<\/p>\n<p data-start=\"2451\" data-end=\"2662\">Esse tipo de tradu\u00e7\u00e3o tem <strong data-start=\"2481\" data-end=\"2501\">validade legal<\/strong> e \u00e9 exigido por administra\u00e7\u00f5es p\u00fablicas e \u00f3rg\u00e3os oficiais quando o documento original est\u00e1 escrito em um idioma diferente do exigido para o procedimento.<\/p>\n<h2>Quando voc\u00ea precisa de uma tradu\u00e7\u00e3o juramentada da sua certid\u00e3o de nascimento?<\/h2>\n<p data-start=\"1389\" data-end=\"1477\">Os procedimentos mais comuns para os quais \u00e9 necess\u00e1ria uma tradu\u00e7\u00e3o juramentada incluem os seguintes:<\/p>\n<ul data-start=\"1479\" data-end=\"1991\">\n<li data-start=\"1479\" data-end=\"1583\">\n<p data-start=\"1481\" data-end=\"1583\"><strong data-start=\"1481\" data-end=\"1505\">Processos migrat\u00f3rios<\/strong>: solicita\u00e7\u00e3o de vistos, autoriza\u00e7\u00f5es de resid\u00eancia ou arquivos de estrangeiros.<\/p>\n<\/li>\n<li data-start=\"1584\" data-end=\"1673\">\n<p data-start=\"1586\" data-end=\"1673\"><strong data-start=\"1586\" data-end=\"1633\">Obten\u00e7\u00e3o ou recupera\u00e7\u00e3o de nacionalidade<\/strong>: tanto espanhola quanto de outros pa\u00edses.<\/p>\n<\/li>\n<li data-start=\"1674\" data-end=\"1770\">\n<p data-start=\"1676\" data-end=\"1770\"><strong data-start=\"1676\" data-end=\"1705\">Estudo no exterior<\/strong>: inscri\u00e7\u00f5es, homologa\u00e7\u00f5es e reconhecimento acad\u00eamico.<\/p>\n<\/li>\n<li data-start=\"1771\" data-end=\"1911\">\n<p data-start=\"1773\" data-end=\"1911\"><strong data-start=\"1773\" data-end=\"1805\">Casamento civil ou religioso<\/strong>: especialmente se uma das partes for estrangeira ou se o casamento for registrado fora da Espanha.<\/p>\n<\/li>\n<li data-start=\"1912\" data-end=\"1955\">\n<p data-start=\"1914\" data-end=\"1955\"><strong data-start=\"1914\" data-end=\"1952\">Processos de ado\u00e7\u00e3o internacional<\/strong>.<\/p>\n<\/li>\n<li data-start=\"1956\" data-end=\"1991\">\n<p data-start=\"1958\" data-end=\"1991\">Diversas <strong data-start=\"1958\" data-end=\"1981\">formalidades consulares<\/strong>.<\/p>\n<\/li>\n<\/ul>\n<p data-start=\"1993\" data-end=\"2141\">Uma tradu\u00e7\u00e3o juramentada garante que o documento possa ser enviado a institui\u00e7\u00f5es que exigem precis\u00e3o, fidelidade e certifica\u00e7\u00e3o oficial.<\/p>\n<h2>Apostila e legaliza\u00e7\u00e3o<\/h2>\n<p><span data-contrast=\"auto\">Quando se apresenta a <\/span><b><span data-contrast=\"auto\">tradu\u00e7\u00e3o juramentada <\/span><\/b><b><span data-contrast=\"auto\">de una certid\u00e3o de nascimento<\/span><\/b><span data-contrast=\"auto\"> e alguns outros documentos em outro pa\u00eds, certos pa\u00edses exigem uma <\/span><b><span data-contrast=\"auto\">apostila<\/span><\/b><span data-contrast=\"auto\"> ou legaliza\u00e7\u00e3o adicional. A <\/span><b><span data-contrast=\"auto\">apostila<\/span><\/b><span data-contrast=\"auto\"> valida a autenticidade de documentos p\u00fablicos, como certid\u00f5es de nascimento, para uso nos pa\u00edses da Conven\u00e7\u00e3o de Haia.<\/span><\/p>\n<p><span data-contrast=\"auto\">Na <\/span><b><span data-contrast=\"auto\">iDISC<\/span><\/b><span data-contrast=\"auto\">, orientaremos voc\u00ea nas etapas a seguir para garantir que sua tradu\u00e7\u00e3o esteja em conformidade com todos os requisitos legais. Se precisa de uma apostila, voc\u00ea deve entrar em contato com a autoridade emissora do documento em quest\u00e3o. Por exemplo, na Espanha, documentos podem ser apostilados nas <strong data-start=\"3304\" data-end=\"3327\">Associa\u00e7\u00f5es de Not\u00e1rios<\/strong> ou nos <strong data-start=\"3337\" data-end=\"3391\">Escrit\u00f3rios Territoriais do Minist\u00e9rio da Justi\u00e7a<\/strong>, dependendo do tipo de assinatura do documento.<\/span><\/p>\n<p><span data-contrast=\"auto\">Obviamente, na iDISC, oferecemos um servi\u00e7o de tradu\u00e7\u00e3o juramentada para a sua apostila, se o seu procedimento exige isso.<\/span><\/p>\n<h2>Compromisso com a qualidade<\/h2>\n<p><span data-contrast=\"auto\">Nossas tradu\u00e7\u00f5es juramentadas s\u00e3o realizadas por tradutores juramentados com vasta experi\u00eancia, garantindo a mais alta qualidade em cada trabalho. Temos o compromisso de fornecer tradu\u00e7\u00f5es que atendam a todos os requisitos de precis\u00e3o e formalidade, e que seus compromissos estejam em pleno vigor e efeito, garantindo que seus documentos tenham a clareza e a precis\u00e3o necess\u00e1rias para quaisquer procedimentos que voc\u00ea queira realizar.<\/span><\/p>\n","protected":false},"excerpt":{"rendered":"<p>Tradu\u00e7\u00e3o juramentada de uma certid\u00e3o de nascimento emitida pelo Registro Civil.<\/p>\n","protected":false},"featured_media":7204,"template":"","meta":[],"product_brand":[],"product_cat":[134],"product_tag":[],"class_list":{"0":"post-7282","1":"product","2":"type-product","3":"status-publish","4":"has-post-thumbnail","6":"product_cat-sem-categoria","7":"image-hover-transition-effect","9":"first","10":"instock","11":"taxable","12":"shipping-taxable","13":"purchasable","14":"product-type-simple"},"yoast_head":"<!-- This site is optimized with the Yoast SEO plugin v27.2 - https:\/\/yoast.com\/product\/yoast-seo-wordpress\/ -->\n<title>Tradu\u00e7\u00e3o juramentada da certid\u00e3o de nascimento - Tradu\u00e7\u00e3o Juramentada | iDISC<\/title>\n<meta name=\"description\" content=\"Obtenha uma tradu\u00e7\u00e3o juramentada por um tradutor juramentado de sua certid\u00e3o de nascimento com validade legal para procedimentos de imigra\u00e7\u00e3o, acad\u00eamicos e jur\u00eddicos na Espanha e no exterior.\" \/>\n<meta name=\"robots\" content=\"index, follow, max-snippet:-1, max-image-preview:large, max-video-preview:-1\" \/>\n<link rel=\"canonical\" href=\"https:\/\/traduccion-jurada.idisc.com\/pt-br\/producto\/certidao-de-nascimento\/\" \/>\n<meta property=\"og:locale\" content=\"pt_BR\" \/>\n<meta property=\"og:type\" content=\"article\" \/>\n<meta property=\"og:title\" content=\"Tradu\u00e7\u00e3o juramentada da certid\u00e3o de nascimento - Tradu\u00e7\u00e3o Juramentada | iDISC\" \/>\n<meta property=\"og:description\" content=\"Obtenha uma tradu\u00e7\u00e3o juramentada por um tradutor juramentado de sua certid\u00e3o de nascimento com validade legal para procedimentos de imigra\u00e7\u00e3o, acad\u00eamicos e jur\u00eddicos na Espanha e no exterior.\" \/>\n<meta property=\"og:url\" content=\"https:\/\/traduccion-jurada.idisc.com\/pt-br\/producto\/certidao-de-nascimento\/\" \/>\n<meta property=\"og:site_name\" content=\"Tradu\u00e7\u00e3o Juramentada\" \/>\n<meta property=\"article:publisher\" content=\"https:\/\/www.facebook.com\/idiscit\" \/>\n<meta property=\"og:image\" content=\"https:\/\/traduccion-jurada.idisc.com\/wp-content\/uploads\/2024\/07\/acta_nacimiento.png\" \/>\n\t<meta property=\"og:image:width\" content=\"512\" \/>\n\t<meta property=\"og:image:height\" content=\"512\" \/>\n\t<meta property=\"og:image:type\" content=\"image\/png\" \/>\n<meta name=\"twitter:card\" content=\"summary_large_image\" \/>\n<meta name=\"twitter:site\" content=\"@idiscit\" \/>\n<meta name=\"twitter:label1\" content=\"Est. tempo de leitura\" \/>\n\t<meta name=\"twitter:data1\" content=\"3 minutos\" \/>\n<!-- \/ Yoast SEO plugin. -->","yoast_head_json":{"title":"Tradu\u00e7\u00e3o juramentada da certid\u00e3o de nascimento - Tradu\u00e7\u00e3o Juramentada | iDISC","description":"Obtenha uma tradu\u00e7\u00e3o juramentada por um tradutor juramentado de sua certid\u00e3o de nascimento com validade legal para procedimentos de imigra\u00e7\u00e3o, acad\u00eamicos e jur\u00eddicos na Espanha e no exterior.","robots":{"index":"index","follow":"follow","max-snippet":"max-snippet:-1","max-image-preview":"max-image-preview:large","max-video-preview":"max-video-preview:-1"},"canonical":"https:\/\/traduccion-jurada.idisc.com\/pt-br\/producto\/certidao-de-nascimento\/","og_locale":"pt_BR","og_type":"article","og_title":"Tradu\u00e7\u00e3o juramentada da certid\u00e3o de nascimento - Tradu\u00e7\u00e3o Juramentada | iDISC","og_description":"Obtenha uma tradu\u00e7\u00e3o juramentada por um tradutor juramentado de sua certid\u00e3o de nascimento com validade legal para procedimentos de imigra\u00e7\u00e3o, acad\u00eamicos e jur\u00eddicos na Espanha e no exterior.","og_url":"https:\/\/traduccion-jurada.idisc.com\/pt-br\/producto\/certidao-de-nascimento\/","og_site_name":"Tradu\u00e7\u00e3o Juramentada","article_publisher":"https:\/\/www.facebook.com\/idiscit","og_image":[{"width":512,"height":512,"url":"https:\/\/traduccion-jurada.idisc.com\/wp-content\/uploads\/2024\/07\/acta_nacimiento.png","type":"image\/png"}],"twitter_card":"summary_large_image","twitter_site":"@idiscit","twitter_misc":{"Est. tempo de leitura":"3 minutos"},"schema":{"@context":"https:\/\/schema.org","@graph":[{"@type":"WebPage","@id":"https:\/\/traduccion-jurada.idisc.com\/pt-br\/producto\/certidao-de-nascimento\/","url":"https:\/\/traduccion-jurada.idisc.com\/pt-br\/producto\/certidao-de-nascimento\/","name":"Tradu\u00e7\u00e3o juramentada da certid\u00e3o de nascimento - Tradu\u00e7\u00e3o Juramentada | iDISC","isPartOf":{"@id":"https:\/\/traduccion-jurada.idisc.com\/pt-br\/#website"},"primaryImageOfPage":{"@id":"https:\/\/traduccion-jurada.idisc.com\/pt-br\/producto\/certidao-de-nascimento\/#primaryimage"},"image":{"@id":"https:\/\/traduccion-jurada.idisc.com\/pt-br\/producto\/certidao-de-nascimento\/#primaryimage"},"thumbnailUrl":"https:\/\/traduccion-jurada.idisc.com\/wp-content\/uploads\/2024\/07\/acta_nacimiento.png","datePublished":"2024-07-10T18:17:44+00:00","description":"Obtenha uma tradu\u00e7\u00e3o juramentada por um tradutor juramentado de sua certid\u00e3o de nascimento com validade legal para procedimentos de imigra\u00e7\u00e3o, acad\u00eamicos e jur\u00eddicos na Espanha e no exterior.","breadcrumb":{"@id":"https:\/\/traduccion-jurada.idisc.com\/pt-br\/producto\/certidao-de-nascimento\/#breadcrumb"},"inLanguage":"pt-BR","potentialAction":[{"@type":"ReadAction","target":["https:\/\/traduccion-jurada.idisc.com\/pt-br\/producto\/certidao-de-nascimento\/"]}]},{"@type":"ImageObject","inLanguage":"pt-BR","@id":"https:\/\/traduccion-jurada.idisc.com\/pt-br\/producto\/certidao-de-nascimento\/#primaryimage","url":"https:\/\/traduccion-jurada.idisc.com\/wp-content\/uploads\/2024\/07\/acta_nacimiento.png","contentUrl":"https:\/\/traduccion-jurada.idisc.com\/wp-content\/uploads\/2024\/07\/acta_nacimiento.png","width":512,"height":512},{"@type":"BreadcrumbList","@id":"https:\/\/traduccion-jurada.idisc.com\/pt-br\/producto\/certidao-de-nascimento\/#breadcrumb","itemListElement":[{"@type":"ListItem","position":1,"name":"Home","item":"https:\/\/traduccion-jurada.idisc.com\/pt-br\/"},{"@type":"ListItem","position":2,"name":"Loja","item":"https:\/\/traduccion-jurada.idisc.com\/pt-br\/loja\/"},{"@type":"ListItem","position":3,"name":"Certid\u00e3o de nascimento"}]},{"@type":"WebSite","@id":"https:\/\/traduccion-jurada.idisc.com\/pt-br\/#website","url":"https:\/\/traduccion-jurada.idisc.com\/pt-br\/","name":"Traducci\u00f3n Jurada iDISC","description":"","publisher":{"@id":"https:\/\/traduccion-jurada.idisc.com\/pt-br\/#organization"},"potentialAction":[{"@type":"SearchAction","target":{"@type":"EntryPoint","urlTemplate":"https:\/\/traduccion-jurada.idisc.com\/pt-br\/?s={search_term_string}"},"query-input":{"@type":"PropertyValueSpecification","valueRequired":true,"valueName":"search_term_string"}}],"inLanguage":"pt-BR"},{"@type":"Organization","@id":"https:\/\/traduccion-jurada.idisc.com\/pt-br\/#organization","name":"iDISC Information Technolgies","url":"https:\/\/traduccion-jurada.idisc.com\/pt-br\/","logo":{"@type":"ImageObject","inLanguage":"pt-BR","@id":"https:\/\/traduccion-jurada.idisc.com\/pt-br\/#\/schema\/logo\/image\/","url":"https:\/\/traduccion-jurada.idisc.com\/wp-content\/uploads\/2025\/11\/cropped-Logo_idisc.png","contentUrl":"https:\/\/traduccion-jurada.idisc.com\/wp-content\/uploads\/2025\/11\/cropped-Logo_idisc.png","width":905,"height":524,"caption":"iDISC Information Technolgies"},"image":{"@id":"https:\/\/traduccion-jurada.idisc.com\/pt-br\/#\/schema\/logo\/image\/"},"sameAs":["https:\/\/www.facebook.com\/idiscit","https:\/\/x.com\/idiscit","https:\/\/www.instagram.com\/idisc_it\/","https:\/\/www.linkedin.com\/company\/idiscit"]}]}},"_links":{"self":[{"href":"https:\/\/traduccion-jurada.idisc.com\/pt-br\/wp-json\/wp\/v2\/product\/7282","targetHints":{"allow":["GET"]}}],"collection":[{"href":"https:\/\/traduccion-jurada.idisc.com\/pt-br\/wp-json\/wp\/v2\/product"}],"about":[{"href":"https:\/\/traduccion-jurada.idisc.com\/pt-br\/wp-json\/wp\/v2\/types\/product"}],"wp:featuredmedia":[{"embeddable":true,"href":"https:\/\/traduccion-jurada.idisc.com\/pt-br\/wp-json\/wp\/v2\/media\/7204"}],"wp:attachment":[{"href":"https:\/\/traduccion-jurada.idisc.com\/pt-br\/wp-json\/wp\/v2\/media?parent=7282"}],"wp:term":[{"taxonomy":"product_brand","embeddable":true,"href":"https:\/\/traduccion-jurada.idisc.com\/pt-br\/wp-json\/wp\/v2\/product_brand?post=7282"},{"taxonomy":"product_cat","embeddable":true,"href":"https:\/\/traduccion-jurada.idisc.com\/pt-br\/wp-json\/wp\/v2\/product_cat?post=7282"},{"taxonomy":"product_tag","embeddable":true,"href":"https:\/\/traduccion-jurada.idisc.com\/pt-br\/wp-json\/wp\/v2\/product_tag?post=7282"}],"curies":[{"name":"wp","href":"https:\/\/api.w.org\/{rel}","templated":true}]}}