{"id":7281,"date":"2024-07-10T18:18:50","date_gmt":"2024-07-10T18:18:50","guid":{"rendered":"https:\/\/traduccion-jurada.idisc.com\/producto\/certificado-de-antecedentes-criminais\/"},"modified":"2024-07-10T18:18:50","modified_gmt":"2024-07-10T16:18:50","slug":"certificado-de-antecedentes-criminais","status":"publish","type":"product","link":"https:\/\/traduccion-jurada.idisc.com\/pt-br\/producto\/certificado-de-antecedentes-criminais\/","title":{"rendered":"Certificado de antecedentes criminais"},"content":{"rendered":"<h2>Tradu\u00e7\u00e3o juramentada de um certificado de antecedentes criminais<\/h2>\n<p data-start=\"397\" data-end=\"933\">A <strong data-start=\"400\" data-end=\"463\">tradu\u00e7\u00e3o juramentada de uma certid\u00e3o de antecedentes criminais<\/strong> \u00e9 um requisito frequente para muitos procedimentos legais, de imigra\u00e7\u00e3o, acad\u00eamicos e de emprego na Espanha e no exterior. Na iDISC, esse servi\u00e7o \u00e9 prestado exclusivamente por <strong data-start=\"650\" data-end=\"771\">tradutores-int\u00e9rpretes juramentados nomeados pelo Minist\u00e9rio das Rela\u00e7\u00f5es Exteriores, Uni\u00e3o Europeia e Coopera\u00e7\u00e3o (MAEC) da Espanha<\/strong>, garantindo que a tradu\u00e7\u00e3o tenha <strong data-start=\"810\" data-end=\"835\">validade oficial total<\/strong> perante empresas, universidades, administra\u00e7\u00f5es p\u00fablicas, consulados e organiza\u00e7\u00f5es internacionais.<\/p>\n<p data-start=\"935\" data-end=\"1148\">Esse tipo de tradu\u00e7\u00e3o tamb\u00e9m \u00e9 chamado de <strong data-start=\"979\" data-end=\"1000\">tradu\u00e7\u00e3o juramentada<\/strong>, <strong data-start=\"1002\" data-end=\"1024\">tradu\u00e7\u00e3o oficial<\/strong> ou <strong data-start=\"1027\" data-end=\"1053\">tradu\u00e7\u00e3o certificada<\/strong> e \u00e9 exigido sempre que o certificado deve ser apresentado em um idioma diferente do original.<\/p>\n<h2>O que \u00e9 um certificado de antecedentes criminais?<\/h2>\n<p data-start=\"1211\" data-end=\"1588\">O <strong data-start=\"1214\" data-end=\"1253\">certificado de antecedentes criminais<\/strong> \u00e9 um documento oficial emitido na Espanha pelo <strong data-start=\"1303\" data-end=\"1329\">Minist\u00e9rio da Justi\u00e7a<\/strong>, que certifica se uma pessoa tem ou n\u00e3o antecedentes criminais registrados. Esse documento \u00e9 usado para demonstrar a boa conduta de um cidad\u00e3o e sua conformidade com a lei, e \u00e9 comumente exigido em uma ampla variedade de procedimentos. Em outros pa\u00edses, seu equivalente pode ser emitido por autoridades policiais, judiciais ou ministeriais, e seu conte\u00fado e formato podem variar.<\/p>\n<h2 data-start=\"1742\" data-end=\"1829\">Quando voc\u00ea precisa de uma tradu\u00e7\u00e3o juramentada de um certificado de antecedentes criminais?<\/h2>\n<p>Uma tradu\u00e7\u00e3o juramentada desse documento \u00e9 indispens\u00e1vel em muitos casos, inclusive nos seguintes:<\/p>\n<ul>\n<li><strong>Procedimentos de migra\u00e7\u00e3o<\/strong>: ao solicitar vistos, autoriza\u00e7\u00f5es de resid\u00eancia, cidadania ou reunifica\u00e7\u00e3o familiar em outro pa\u00eds, as autoridades geralmente exigem o certificado traduzido oficialmente.<\/li>\n<li><strong>Emprego no exterior<\/strong>: empresas ou entidades internacionais que trabalham com menores de idade, setores sens\u00edveis ou profiss\u00f5es regulamentadas podem solicitar esse certificado traduzido como parte do processo de verifica\u00e7\u00e3o.<\/li>\n<li><strong>Estudar no exterior<\/strong>: universidades e institui\u00e7\u00f5es educacionais podem exigi-lo para admiss\u00e3o, est\u00e1gios ou bolsas de estudo.<\/li>\n<li><strong>Processos jur\u00eddicos e administrativos internacionais<\/strong>: incluindo tutelas, ado\u00e7\u00f5es, solicita\u00e7\u00f5es de licen\u00e7as ou autoriza\u00e7\u00f5es profissionais.<\/li>\n<li><strong>Valida\u00e7\u00e3o de documentos na Espanha<\/strong>: se o certificado vier do exterior, dever\u00e1 ser acompanhado de uma tradu\u00e7\u00e3o juramentada para o espanhol.<\/li>\n<\/ul>\n<h2>Apostila e legaliza\u00e7\u00e3o<\/h2>\n<p data-start=\"2847\" data-end=\"2951\">Dependendo do pa\u00eds para onde o certificado traduzido \u00e9 enviado, podem ser necess\u00e1rias etapas adicionais:<\/p>\n<ul data-start=\"2953\" data-end=\"3119\">\n<li data-start=\"2953\" data-end=\"3046\">\n<p data-start=\"2955\" data-end=\"3046\">Para os pa\u00edses <strong data-start=\"2971\" data-end=\"2994\">da Conven\u00e7\u00e3o de Haia<\/strong>, o documento original deve conter uma <strong data-start=\"3030\" data-end=\"3043\">Apostila<\/strong>.<\/p>\n<\/li>\n<li data-start=\"3047\" data-end=\"3119\">\n<p data-start=\"3049\" data-end=\"3119\">Para pa\u00edses que n\u00e3o fazem parte da Conven\u00e7\u00e3o, \u00e9 necess\u00e1ria <strong data-start=\"3093\" data-end=\"3118\">a legaliza\u00e7\u00e3o consular<\/strong>.<\/p>\n<\/li>\n<\/ul>\n<p data-start=\"3121\" data-end=\"3347\">Lembre-se de que a apostila \u00e9 colocada <strong data-start=\"3156\" data-end=\"3189\">no certificado original<\/strong>, nunca na tradu\u00e7\u00e3o. Se o documento j\u00e1 foi apostilado, tamb\u00e9m podemos fornecer uma <strong data-start=\"3285\" data-end=\"3322\">tradu\u00e7\u00e3o certificada da apostila<\/strong>, se necess\u00e1rio. Na Espanha, o apostilamento de documentos do Minist\u00e9rio da Justi\u00e7a \u00e9 normalmente realizado por meio das <strong data-start=\"3453\" data-end=\"3476\">Associa\u00e7\u00f5es de Not\u00e1rios<\/strong> ou <strong data-start=\"3479\" data-end=\"3533\">Escrit\u00f3rios de Gest\u00e3o Territorial do Minist\u00e9rio da Justi\u00e7a<\/strong>, dependendo do tipo de assinatura do documento. Podemos aconselhar voc\u00ea sobre qual op\u00e7\u00e3o \u00e9 apropriada para o seu caso espec\u00edfico.<\/p>\n<h2>Compromisso com a qualidade<\/h2>\n<p><span data-contrast=\"auto\">Na <\/span><b><span data-contrast=\"auto\">iDISC<\/span><\/b><span data-contrast=\"auto\">, temos o compromisso de fornecer tradu\u00e7\u00f5es certificadas de <\/span><b><span data-contrast=\"auto\">alta qualidade<\/span><\/b><span data-contrast=\"auto\"> por tradutores juramentados com ampla experi\u00eancia na \u00e1rea. Nossas tradu\u00e7\u00f5es atendem a todos os requisitos de <\/span><b><span data-contrast=\"auto\">precis\u00e3o<\/span><\/b><span data-contrast=\"auto\"> e <\/span><b><span data-contrast=\"auto\">formalidade<\/span><\/b><span data-contrast=\"auto\">, garantindo que seus documentos tenham a clareza e a precis\u00e3o de necess\u00e1rias para qualquer procedimento que deseje realizar. Conosco, voc\u00ea tem a garantia de um servi\u00e7o profissional e confi\u00e1vel, adaptado \u00e0s suas necessidades.<\/span><\/p>\n","protected":false},"excerpt":{"rendered":"<p>Tradu\u00e7\u00e3o juramentada de seu certificado de antecedentes criminais.<\/p>\n","protected":false},"featured_media":7209,"template":"","meta":[],"product_brand":[],"product_cat":[134],"product_tag":[],"class_list":{"0":"post-7281","1":"product","2":"type-product","3":"status-publish","4":"has-post-thumbnail","6":"product_cat-sem-categoria","7":"image-hover-transition-effect","9":"first","10":"instock","11":"taxable","12":"shipping-taxable","13":"purchasable","14":"product-type-simple"},"yoast_head":"<!-- This site is optimized with the Yoast SEO plugin v27.2 - https:\/\/yoast.com\/product\/yoast-seo-wordpress\/ -->\n<title>Tradu\u00e7\u00e3o juramentada de um certificado de antecedentes criminais - Tradu\u00e7\u00e3o Juramentada | iDISC<\/title>\n<meta name=\"description\" content=\"Obtenha uma tradu\u00e7\u00e3o juramentada do seu certificado de antecedentes criminais, v\u00e1lida para procedimentos legais, acad\u00eamicos e de imigra\u00e7\u00e3o na Espanha e no exterior.\" \/>\n<meta name=\"robots\" content=\"index, follow, max-snippet:-1, max-image-preview:large, max-video-preview:-1\" \/>\n<link rel=\"canonical\" href=\"https:\/\/traduccion-jurada.idisc.com\/pt-br\/producto\/certificado-de-antecedentes-criminais\/\" \/>\n<meta property=\"og:locale\" content=\"pt_BR\" \/>\n<meta property=\"og:type\" content=\"article\" \/>\n<meta property=\"og:title\" content=\"Tradu\u00e7\u00e3o juramentada de um certificado de antecedentes criminais - Tradu\u00e7\u00e3o Juramentada | iDISC\" \/>\n<meta property=\"og:description\" content=\"Obtenha uma tradu\u00e7\u00e3o juramentada do seu certificado de antecedentes criminais, v\u00e1lida para procedimentos legais, acad\u00eamicos e de imigra\u00e7\u00e3o na Espanha e no exterior.\" \/>\n<meta property=\"og:url\" content=\"https:\/\/traduccion-jurada.idisc.com\/pt-br\/producto\/certificado-de-antecedentes-criminais\/\" \/>\n<meta property=\"og:site_name\" content=\"Tradu\u00e7\u00e3o Juramentada\" \/>\n<meta property=\"article:publisher\" content=\"https:\/\/www.facebook.com\/idiscit\" \/>\n<meta property=\"og:image\" content=\"https:\/\/traduccion-jurada.idisc.com\/wp-content\/uploads\/2024\/07\/antecedentes.png\" \/>\n\t<meta property=\"og:image:width\" content=\"512\" \/>\n\t<meta property=\"og:image:height\" content=\"512\" \/>\n\t<meta property=\"og:image:type\" content=\"image\/png\" \/>\n<meta name=\"twitter:card\" content=\"summary_large_image\" \/>\n<meta name=\"twitter:site\" content=\"@idiscit\" \/>\n<meta name=\"twitter:label1\" content=\"Est. tempo de leitura\" \/>\n\t<meta name=\"twitter:data1\" content=\"3 minutos\" \/>\n<!-- \/ Yoast SEO plugin. -->","yoast_head_json":{"title":"Tradu\u00e7\u00e3o juramentada de um certificado de antecedentes criminais - Tradu\u00e7\u00e3o Juramentada | iDISC","description":"Obtenha uma tradu\u00e7\u00e3o juramentada do seu certificado de antecedentes criminais, v\u00e1lida para procedimentos legais, acad\u00eamicos e de imigra\u00e7\u00e3o na Espanha e no exterior.","robots":{"index":"index","follow":"follow","max-snippet":"max-snippet:-1","max-image-preview":"max-image-preview:large","max-video-preview":"max-video-preview:-1"},"canonical":"https:\/\/traduccion-jurada.idisc.com\/pt-br\/producto\/certificado-de-antecedentes-criminais\/","og_locale":"pt_BR","og_type":"article","og_title":"Tradu\u00e7\u00e3o juramentada de um certificado de antecedentes criminais - Tradu\u00e7\u00e3o Juramentada | iDISC","og_description":"Obtenha uma tradu\u00e7\u00e3o juramentada do seu certificado de antecedentes criminais, v\u00e1lida para procedimentos legais, acad\u00eamicos e de imigra\u00e7\u00e3o na Espanha e no exterior.","og_url":"https:\/\/traduccion-jurada.idisc.com\/pt-br\/producto\/certificado-de-antecedentes-criminais\/","og_site_name":"Tradu\u00e7\u00e3o Juramentada","article_publisher":"https:\/\/www.facebook.com\/idiscit","og_image":[{"width":512,"height":512,"url":"https:\/\/traduccion-jurada.idisc.com\/wp-content\/uploads\/2024\/07\/antecedentes.png","type":"image\/png"}],"twitter_card":"summary_large_image","twitter_site":"@idiscit","twitter_misc":{"Est. tempo de leitura":"3 minutos"},"schema":{"@context":"https:\/\/schema.org","@graph":[{"@type":"WebPage","@id":"https:\/\/traduccion-jurada.idisc.com\/pt-br\/producto\/certificado-de-antecedentes-criminais\/","url":"https:\/\/traduccion-jurada.idisc.com\/pt-br\/producto\/certificado-de-antecedentes-criminais\/","name":"Tradu\u00e7\u00e3o juramentada de um certificado de antecedentes criminais - Tradu\u00e7\u00e3o Juramentada | iDISC","isPartOf":{"@id":"https:\/\/traduccion-jurada.idisc.com\/pt-br\/#website"},"primaryImageOfPage":{"@id":"https:\/\/traduccion-jurada.idisc.com\/pt-br\/producto\/certificado-de-antecedentes-criminais\/#primaryimage"},"image":{"@id":"https:\/\/traduccion-jurada.idisc.com\/pt-br\/producto\/certificado-de-antecedentes-criminais\/#primaryimage"},"thumbnailUrl":"https:\/\/traduccion-jurada.idisc.com\/wp-content\/uploads\/2024\/07\/antecedentes.png","datePublished":"2024-07-10T18:18:50+00:00","description":"Obtenha uma tradu\u00e7\u00e3o juramentada do seu certificado de antecedentes criminais, v\u00e1lida para procedimentos legais, acad\u00eamicos e de imigra\u00e7\u00e3o na Espanha e no exterior.","breadcrumb":{"@id":"https:\/\/traduccion-jurada.idisc.com\/pt-br\/producto\/certificado-de-antecedentes-criminais\/#breadcrumb"},"inLanguage":"pt-BR","potentialAction":[{"@type":"ReadAction","target":["https:\/\/traduccion-jurada.idisc.com\/pt-br\/producto\/certificado-de-antecedentes-criminais\/"]}]},{"@type":"ImageObject","inLanguage":"pt-BR","@id":"https:\/\/traduccion-jurada.idisc.com\/pt-br\/producto\/certificado-de-antecedentes-criminais\/#primaryimage","url":"https:\/\/traduccion-jurada.idisc.com\/wp-content\/uploads\/2024\/07\/antecedentes.png","contentUrl":"https:\/\/traduccion-jurada.idisc.com\/wp-content\/uploads\/2024\/07\/antecedentes.png","width":512,"height":512},{"@type":"BreadcrumbList","@id":"https:\/\/traduccion-jurada.idisc.com\/pt-br\/producto\/certificado-de-antecedentes-criminais\/#breadcrumb","itemListElement":[{"@type":"ListItem","position":1,"name":"Home","item":"https:\/\/traduccion-jurada.idisc.com\/pt-br\/"},{"@type":"ListItem","position":2,"name":"Loja","item":"https:\/\/traduccion-jurada.idisc.com\/pt-br\/loja\/"},{"@type":"ListItem","position":3,"name":"Certificado de antecedentes criminais"}]},{"@type":"WebSite","@id":"https:\/\/traduccion-jurada.idisc.com\/pt-br\/#website","url":"https:\/\/traduccion-jurada.idisc.com\/pt-br\/","name":"Traducci\u00f3n Jurada iDISC","description":"","publisher":{"@id":"https:\/\/traduccion-jurada.idisc.com\/pt-br\/#organization"},"potentialAction":[{"@type":"SearchAction","target":{"@type":"EntryPoint","urlTemplate":"https:\/\/traduccion-jurada.idisc.com\/pt-br\/?s={search_term_string}"},"query-input":{"@type":"PropertyValueSpecification","valueRequired":true,"valueName":"search_term_string"}}],"inLanguage":"pt-BR"},{"@type":"Organization","@id":"https:\/\/traduccion-jurada.idisc.com\/pt-br\/#organization","name":"iDISC Information Technolgies","url":"https:\/\/traduccion-jurada.idisc.com\/pt-br\/","logo":{"@type":"ImageObject","inLanguage":"pt-BR","@id":"https:\/\/traduccion-jurada.idisc.com\/pt-br\/#\/schema\/logo\/image\/","url":"https:\/\/traduccion-jurada.idisc.com\/wp-content\/uploads\/2025\/11\/cropped-Logo_idisc.png","contentUrl":"https:\/\/traduccion-jurada.idisc.com\/wp-content\/uploads\/2025\/11\/cropped-Logo_idisc.png","width":905,"height":524,"caption":"iDISC Information Technolgies"},"image":{"@id":"https:\/\/traduccion-jurada.idisc.com\/pt-br\/#\/schema\/logo\/image\/"},"sameAs":["https:\/\/www.facebook.com\/idiscit","https:\/\/x.com\/idiscit","https:\/\/www.instagram.com\/idisc_it\/","https:\/\/www.linkedin.com\/company\/idiscit"]}]}},"_links":{"self":[{"href":"https:\/\/traduccion-jurada.idisc.com\/pt-br\/wp-json\/wp\/v2\/product\/7281","targetHints":{"allow":["GET"]}}],"collection":[{"href":"https:\/\/traduccion-jurada.idisc.com\/pt-br\/wp-json\/wp\/v2\/product"}],"about":[{"href":"https:\/\/traduccion-jurada.idisc.com\/pt-br\/wp-json\/wp\/v2\/types\/product"}],"wp:featuredmedia":[{"embeddable":true,"href":"https:\/\/traduccion-jurada.idisc.com\/pt-br\/wp-json\/wp\/v2\/media\/7209"}],"wp:attachment":[{"href":"https:\/\/traduccion-jurada.idisc.com\/pt-br\/wp-json\/wp\/v2\/media?parent=7281"}],"wp:term":[{"taxonomy":"product_brand","embeddable":true,"href":"https:\/\/traduccion-jurada.idisc.com\/pt-br\/wp-json\/wp\/v2\/product_brand?post=7281"},{"taxonomy":"product_cat","embeddable":true,"href":"https:\/\/traduccion-jurada.idisc.com\/pt-br\/wp-json\/wp\/v2\/product_cat?post=7281"},{"taxonomy":"product_tag","embeddable":true,"href":"https:\/\/traduccion-jurada.idisc.com\/pt-br\/wp-json\/wp\/v2\/product_tag?post=7281"}],"curies":[{"name":"wp","href":"https:\/\/api.w.org\/{rel}","templated":true}]}}