{"id":7280,"date":"2024-07-10T18:20:29","date_gmt":"2024-07-10T18:20:29","guid":{"rendered":"https:\/\/traduccion-jurada.idisc.com\/producto\/outros-documentos-oficiais\/"},"modified":"2024-07-10T18:20:29","modified_gmt":"2024-07-10T16:20:29","slug":"outros-documentos-oficiais","status":"publish","type":"product","link":"https:\/\/traduccion-jurada.idisc.com\/pt-br\/producto\/outros-documentos-oficiais\/","title":{"rendered":"Outros documentos oficiais"},"content":{"rendered":"<h2>Tradu\u00e7\u00e3o juramentada de outros documentos oficiais<\/h2>\n<p>A tradu\u00e7\u00e3o juramentada de outros documentos oficiais \u00e9 um servi\u00e7o essencial para garantir que todos os tipos de documentos (como certificados, declara\u00e7\u00f5es, documentos administrativos, certid\u00f5es, relat\u00f3rios, cartas ou comunica\u00e7\u00f5es formais) sejam oficialmente v\u00e1lidos quando forem apresentados em outro idioma.<br \/>\nNa iDISC, essas tradu\u00e7\u00f5es s\u00e3o realizadas exclusivamente por tradutores-int\u00e9rpretes juramentados nomeados pelo Minist\u00e9rio de Rela\u00e7\u00f5es Exteriores, Uni\u00e3o Europeia e Coopera\u00e7\u00e3o (MAEC) da Espanha, o que garante os mais altos padr\u00f5es de precis\u00e3o e reconhecimento legal.<\/p>\n<p>Esse servi\u00e7o tamb\u00e9m \u00e9 conhecido como tradu\u00e7\u00e3o juramentada, tradu\u00e7\u00e3o oficial ou tradu\u00e7\u00e3o certificada, dependendo do procedimento e do \u00f3rg\u00e3o receptor.<\/p>\n<h2 data-start=\"1007\" data-end=\"1078\">O que \u00e9 considerado um documento oficial para tradu\u00e7\u00e3o juramentada?<\/h2>\n<p>Essa categoria inclui documentos que n\u00e3o seguem um \u00fanico formato, mas que cont\u00eam informa\u00e7\u00f5es relevantes e podem ser necess\u00e1rios para fins legais, administrativos, acad\u00eamicos, de emprego ou de imigra\u00e7\u00e3o.<\/p>\n<p>Exemplos frequentes s\u00e3o:<\/p>\n<ul>\n<li>cartas ou comunica\u00e7\u00f5es emitidas por administra\u00e7\u00f5es p\u00fablicas,<\/li>\n<li>declara\u00e7\u00f5es, certid\u00f5es ou certificados,<\/li>\n<li>cartas de recomenda\u00e7\u00e3o ou cartas de emprego,<\/li>\n<li>relat\u00f3rios m\u00e9dicos ou relat\u00f3rios profissionais,<\/li>\n<li>documentos de apoio, notifica\u00e7\u00f5es, intima\u00e7\u00f5es ou decis\u00f5es,<\/li>\n<li>comunica\u00e7\u00f5es corporativas ou institucionais.<\/li>\n<\/ul>\n<p>Esses documentos podem ser provenientes de entidades p\u00fablicas e privadas e geralmente fornecem informa\u00e7\u00f5es importantes para a tomada de decis\u00f5es administrativas ou jur\u00eddicas.<\/p>\n<h2>Quando voc\u00ea precisa de uma tradu\u00e7\u00e3o juramentada de outros documentos oficiais?<\/h2>\n<p>As situa\u00e7\u00f5es mais comuns incluem:<\/p>\n<ul>\n<li><strong>Procedimentos de imigra\u00e7\u00e3o e vistos:<\/strong> tradu\u00e7\u00f5es de cartas de emprego, certid\u00f5es, relat\u00f3rios ou comunica\u00e7\u00f5es solicitadas por autoridades estrangeiras.<\/li>\n<li><strong>Processos acad\u00eamicos:<\/strong> cartas de recomenda\u00e7\u00e3o, atestados m\u00e9dicos, relat\u00f3rios ou credenciamentos necess\u00e1rios para admiss\u00f5es, bolsas de estudo ou valida\u00e7\u00e3o de estudos.<\/li>\n<li><strong>Procedimentos legais e administrativos:<\/strong> documentos a serem apresentados a tribunais, cart\u00f3rios, registros p\u00fablicos ou entidades governamentais, tanto na Espanha quanto no exterior.<\/li>\n<li><strong>Processos de trabalho ou corporativos:<\/strong> tradu\u00e7\u00e3o de cartas formais, relat\u00f3rios internos ou documenta\u00e7\u00e3o comercial exigida por empresas internacionais.<\/li>\n<li><strong>Uso na Espanha de documentos emitidos em outro pa\u00eds:<\/strong> qualquer documento oficial redigido em outro idioma deve ser acompanhado de uma tradu\u00e7\u00e3o juramentada para o espanhol para ser aceito por administra\u00e7\u00f5es ou entidades privadas.<\/li>\n<\/ul>\n<h2>Apostila e legaliza\u00e7\u00e3o<\/h2>\n<p>A necessidade de uma apostila depende do tipo de documento e do pa\u00eds de destino.<\/p>\n<ul>\n<li>Muitos documentos desta categoria n\u00e3o precisam de apostila.<\/li>\n<li>Quando seu uso \u00e9 internacional, algumas autoridades podem solicitar:\n<ul>\n<li>Apostila de Haia, se o pa\u00eds pertencer \u00e0 Conven\u00e7\u00e3o.<\/li>\n<li>Legaliza\u00e7\u00e3o consular, se n\u00e3o for parte da Conven\u00e7\u00e3o.<\/li>\n<\/ul>\n<\/li>\n<\/ul>\n<p>A apostila sempre se aplica ao documento original, n\u00e3o \u00e0 tradu\u00e7\u00e3o. Se o documento tem uma apostila, tamb\u00e9m podemos fornecer uma tradu\u00e7\u00e3o juramentada da apostila, se isso \u00e9 necess\u00e1rio para o procedimento.<\/p>\n<p>Podemos orientar voc\u00ea caso a caso para evitar atrasos ou exig\u00eancias adicionais.<\/p>\n<h2>Compromisso com a qualidade<\/h2>\n<p><span data-contrast=\"auto\">Na iDISC, temos o compromisso de oferecer tradu\u00e7\u00f5es juramentadas de alta qualidade, realizadas por tradutores juramentados com ampla experi\u00eancia na \u00e1rea. Garantimos que cada tradu\u00e7\u00e3o atenda aos requisitos de precis\u00e3o e formalidade necess\u00e1rios para que seu conte\u00fado seja respeitado e validado pelas autoridades competentes. Nosso compromisso \u00e9 oferecer um servi\u00e7o confi\u00e1vel e eficiente que permita aos nossos clientes apresentar seus documentos com total seguran\u00e7a e clareza.<\/span><span data-ccp-props=\"{&quot;134233117&quot;:false,&quot;134233118&quot;:false,&quot;335559738&quot;:240,&quot;335559739&quot;:240}\">&nbsp;<\/span><span data-contrast=\"auto\">Na iDISC, entendemos a import\u00e2ncia de cada documento e de sua tradu\u00e7\u00e3o, e garantimos que a mensagem original permane\u00e7a intacta e que cada detalhe seja refletido com a precis\u00e3o necess\u00e1ria.<\/span><\/p>\n","protected":false},"excerpt":{"rendered":"<p><span data-olk-copy-source=\"MessageBody\">Tradu\u00e7\u00e3o juramentada de documentos oficiais, cartas, certid\u00f5es ou outros documentos. Observe que o pre\u00e7o mostrado \u00e9 por p\u00e1gina ou por folha e que voc\u00ea pode ajustar a op\u00e7\u00e3o <span class=\"TextRun SCXW59587369 BCX0\" lang=\"ES-MX\" data-contrast=\"auto\"><span class=\"NormalTextRun SCXW59587369 BCX0\">&#8220;<\/span><\/span>P\u00e1gina adicional<span class=\"TextRun SCXW59587369 BCX0\" lang=\"ES-MX\" data-contrast=\"auto\"><span class=\"NormalTextRun SCXW59587369 BCX0\">&#8220;<\/span><\/span>.<\/span><\/p>\n","protected":false},"featured_media":7218,"template":"","meta":[],"product_brand":[],"product_cat":[134],"product_tag":[],"class_list":{"0":"post-7280","1":"product","2":"type-product","3":"status-publish","4":"has-post-thumbnail","6":"product_cat-sem-categoria","7":"image-hover-transition-effect","9":"first","10":"instock","11":"taxable","12":"shipping-taxable","13":"purchasable","14":"product-type-simple"},"yoast_head":"<!-- This site is optimized with the Yoast SEO plugin v27.2 - https:\/\/yoast.com\/product\/yoast-seo-wordpress\/ -->\n<title>Tradu\u00e7\u00e3o juramentada de outros documentos oficiais - Tradu\u00e7\u00e3o Juramentada | iDISC<\/title>\n<meta name=\"description\" content=\"Obtenha tradu\u00e7\u00f5es juramentadas de outros documentos oficiais por tradutores juramentados, v\u00e1lidas para procedimentos legais e acad\u00eamicos na Espanha e no exterior.\" \/>\n<meta name=\"robots\" content=\"index, follow, max-snippet:-1, max-image-preview:large, max-video-preview:-1\" \/>\n<link rel=\"canonical\" href=\"https:\/\/traduccion-jurada.idisc.com\/pt-br\/producto\/outros-documentos-oficiais\/\" \/>\n<meta property=\"og:locale\" content=\"pt_BR\" \/>\n<meta property=\"og:type\" content=\"article\" \/>\n<meta property=\"og:title\" content=\"Tradu\u00e7\u00e3o juramentada de outros documentos oficiais - Tradu\u00e7\u00e3o Juramentada | iDISC\" \/>\n<meta property=\"og:description\" content=\"Obtenha tradu\u00e7\u00f5es juramentadas de outros documentos oficiais por tradutores juramentados, v\u00e1lidas para procedimentos legais e acad\u00eamicos na Espanha e no exterior.\" \/>\n<meta property=\"og:url\" content=\"https:\/\/traduccion-jurada.idisc.com\/pt-br\/producto\/outros-documentos-oficiais\/\" \/>\n<meta property=\"og:site_name\" content=\"Tradu\u00e7\u00e3o Juramentada\" \/>\n<meta property=\"article:publisher\" content=\"https:\/\/www.facebook.com\/idiscit\" \/>\n<meta property=\"og:image\" content=\"https:\/\/traduccion-jurada.idisc.com\/wp-content\/uploads\/2024\/07\/escrito_libre.png\" \/>\n\t<meta property=\"og:image:width\" content=\"512\" \/>\n\t<meta property=\"og:image:height\" content=\"512\" \/>\n\t<meta property=\"og:image:type\" content=\"image\/png\" \/>\n<meta name=\"twitter:card\" content=\"summary_large_image\" \/>\n<meta name=\"twitter:site\" content=\"@idiscit\" \/>\n<meta name=\"twitter:label1\" content=\"Est. tempo de leitura\" \/>\n\t<meta name=\"twitter:data1\" content=\"3 minutos\" \/>\n<!-- \/ Yoast SEO plugin. -->","yoast_head_json":{"title":"Tradu\u00e7\u00e3o juramentada de outros documentos oficiais - Tradu\u00e7\u00e3o Juramentada | iDISC","description":"Obtenha tradu\u00e7\u00f5es juramentadas de outros documentos oficiais por tradutores juramentados, v\u00e1lidas para procedimentos legais e acad\u00eamicos na Espanha e no exterior.","robots":{"index":"index","follow":"follow","max-snippet":"max-snippet:-1","max-image-preview":"max-image-preview:large","max-video-preview":"max-video-preview:-1"},"canonical":"https:\/\/traduccion-jurada.idisc.com\/pt-br\/producto\/outros-documentos-oficiais\/","og_locale":"pt_BR","og_type":"article","og_title":"Tradu\u00e7\u00e3o juramentada de outros documentos oficiais - Tradu\u00e7\u00e3o Juramentada | iDISC","og_description":"Obtenha tradu\u00e7\u00f5es juramentadas de outros documentos oficiais por tradutores juramentados, v\u00e1lidas para procedimentos legais e acad\u00eamicos na Espanha e no exterior.","og_url":"https:\/\/traduccion-jurada.idisc.com\/pt-br\/producto\/outros-documentos-oficiais\/","og_site_name":"Tradu\u00e7\u00e3o Juramentada","article_publisher":"https:\/\/www.facebook.com\/idiscit","og_image":[{"width":512,"height":512,"url":"https:\/\/traduccion-jurada.idisc.com\/wp-content\/uploads\/2024\/07\/escrito_libre.png","type":"image\/png"}],"twitter_card":"summary_large_image","twitter_site":"@idiscit","twitter_misc":{"Est. tempo de leitura":"3 minutos"},"schema":{"@context":"https:\/\/schema.org","@graph":[{"@type":"WebPage","@id":"https:\/\/traduccion-jurada.idisc.com\/pt-br\/producto\/outros-documentos-oficiais\/","url":"https:\/\/traduccion-jurada.idisc.com\/pt-br\/producto\/outros-documentos-oficiais\/","name":"Tradu\u00e7\u00e3o juramentada de outros documentos oficiais - Tradu\u00e7\u00e3o Juramentada | iDISC","isPartOf":{"@id":"https:\/\/traduccion-jurada.idisc.com\/pt-br\/#website"},"primaryImageOfPage":{"@id":"https:\/\/traduccion-jurada.idisc.com\/pt-br\/producto\/outros-documentos-oficiais\/#primaryimage"},"image":{"@id":"https:\/\/traduccion-jurada.idisc.com\/pt-br\/producto\/outros-documentos-oficiais\/#primaryimage"},"thumbnailUrl":"https:\/\/traduccion-jurada.idisc.com\/wp-content\/uploads\/2024\/07\/escrito_libre.png","datePublished":"2024-07-10T18:20:29+00:00","description":"Obtenha tradu\u00e7\u00f5es juramentadas de outros documentos oficiais por tradutores juramentados, v\u00e1lidas para procedimentos legais e acad\u00eamicos na Espanha e no exterior.","breadcrumb":{"@id":"https:\/\/traduccion-jurada.idisc.com\/pt-br\/producto\/outros-documentos-oficiais\/#breadcrumb"},"inLanguage":"pt-BR","potentialAction":[{"@type":"ReadAction","target":["https:\/\/traduccion-jurada.idisc.com\/pt-br\/producto\/outros-documentos-oficiais\/"]}]},{"@type":"ImageObject","inLanguage":"pt-BR","@id":"https:\/\/traduccion-jurada.idisc.com\/pt-br\/producto\/outros-documentos-oficiais\/#primaryimage","url":"https:\/\/traduccion-jurada.idisc.com\/wp-content\/uploads\/2024\/07\/escrito_libre.png","contentUrl":"https:\/\/traduccion-jurada.idisc.com\/wp-content\/uploads\/2024\/07\/escrito_libre.png","width":512,"height":512},{"@type":"BreadcrumbList","@id":"https:\/\/traduccion-jurada.idisc.com\/pt-br\/producto\/outros-documentos-oficiais\/#breadcrumb","itemListElement":[{"@type":"ListItem","position":1,"name":"Home","item":"https:\/\/traduccion-jurada.idisc.com\/pt-br\/"},{"@type":"ListItem","position":2,"name":"Loja","item":"https:\/\/traduccion-jurada.idisc.com\/pt-br\/loja\/"},{"@type":"ListItem","position":3,"name":"Outros documentos oficiais"}]},{"@type":"WebSite","@id":"https:\/\/traduccion-jurada.idisc.com\/pt-br\/#website","url":"https:\/\/traduccion-jurada.idisc.com\/pt-br\/","name":"Traducci\u00f3n Jurada iDISC","description":"","publisher":{"@id":"https:\/\/traduccion-jurada.idisc.com\/pt-br\/#organization"},"potentialAction":[{"@type":"SearchAction","target":{"@type":"EntryPoint","urlTemplate":"https:\/\/traduccion-jurada.idisc.com\/pt-br\/?s={search_term_string}"},"query-input":{"@type":"PropertyValueSpecification","valueRequired":true,"valueName":"search_term_string"}}],"inLanguage":"pt-BR"},{"@type":"Organization","@id":"https:\/\/traduccion-jurada.idisc.com\/pt-br\/#organization","name":"iDISC Information Technolgies","url":"https:\/\/traduccion-jurada.idisc.com\/pt-br\/","logo":{"@type":"ImageObject","inLanguage":"pt-BR","@id":"https:\/\/traduccion-jurada.idisc.com\/pt-br\/#\/schema\/logo\/image\/","url":"https:\/\/traduccion-jurada.idisc.com\/wp-content\/uploads\/2025\/11\/cropped-Logo_idisc.png","contentUrl":"https:\/\/traduccion-jurada.idisc.com\/wp-content\/uploads\/2025\/11\/cropped-Logo_idisc.png","width":905,"height":524,"caption":"iDISC Information Technolgies"},"image":{"@id":"https:\/\/traduccion-jurada.idisc.com\/pt-br\/#\/schema\/logo\/image\/"},"sameAs":["https:\/\/www.facebook.com\/idiscit","https:\/\/x.com\/idiscit","https:\/\/www.instagram.com\/idisc_it\/","https:\/\/www.linkedin.com\/company\/idiscit"]}]}},"_links":{"self":[{"href":"https:\/\/traduccion-jurada.idisc.com\/pt-br\/wp-json\/wp\/v2\/product\/7280","targetHints":{"allow":["GET"]}}],"collection":[{"href":"https:\/\/traduccion-jurada.idisc.com\/pt-br\/wp-json\/wp\/v2\/product"}],"about":[{"href":"https:\/\/traduccion-jurada.idisc.com\/pt-br\/wp-json\/wp\/v2\/types\/product"}],"wp:featuredmedia":[{"embeddable":true,"href":"https:\/\/traduccion-jurada.idisc.com\/pt-br\/wp-json\/wp\/v2\/media\/7218"}],"wp:attachment":[{"href":"https:\/\/traduccion-jurada.idisc.com\/pt-br\/wp-json\/wp\/v2\/media?parent=7280"}],"wp:term":[{"taxonomy":"product_brand","embeddable":true,"href":"https:\/\/traduccion-jurada.idisc.com\/pt-br\/wp-json\/wp\/v2\/product_brand?post=7280"},{"taxonomy":"product_cat","embeddable":true,"href":"https:\/\/traduccion-jurada.idisc.com\/pt-br\/wp-json\/wp\/v2\/product_cat?post=7280"},{"taxonomy":"product_tag","embeddable":true,"href":"https:\/\/traduccion-jurada.idisc.com\/pt-br\/wp-json\/wp\/v2\/product_tag?post=7280"}],"curies":[{"name":"wp","href":"https:\/\/api.w.org\/{rel}","templated":true}]}}