{"id":7279,"date":"2024-07-10T18:21:46","date_gmt":"2024-07-10T18:21:46","guid":{"rendered":"https:\/\/traduccion-jurada.idisc.com\/producto\/certificado-de-registro-do-censo\/"},"modified":"2024-07-10T18:21:46","modified_gmt":"2024-07-10T16:21:46","slug":"certificado-de-registro-do-censo","status":"publish","type":"product","link":"https:\/\/traduccion-jurada.idisc.com\/pt-br\/producto\/certificado-de-registro-do-censo\/","title":{"rendered":"Certificado de registro do censo"},"content":{"rendered":"<h2>Tradu\u00e7\u00e3o juramentada de um certificado de registro do censo<\/h2>\n<p data-start=\"305\" data-end=\"815\">A <strong data-start=\"308\" data-end=\"366\">tradu\u00e7\u00e3o juramentada de um certificado de registro do censo<\/strong> \u00e9 um requisito comum para procedimentos legais, administrativos, acad\u00eamicos e de imigra\u00e7\u00e3o, tanto na Espanha quanto no exterior. Na iDISC, todas as nossas tradu\u00e7\u00f5es juramentadas s\u00e3o realizadas por <strong data-start=\"563\" data-end=\"684\">tradutores-int\u00e9rpretes juramentados nomeados pelo Minist\u00e9rio das Rela\u00e7\u00f5es Exteriores, Uni\u00e3o Europeia e Coopera\u00e7\u00e3o (MAEC) da Espanha<\/strong>, o que garante sua <strong data-start=\"702\" data-end=\"721\">validade oficial<\/strong> perante institui\u00e7\u00f5es p\u00fablicas, embaixadas, universidades, empresas e organiza\u00e7\u00f5es internacionais.<\/p>\n<p data-start=\"817\" data-end=\"1032\">Esse tipo de tradu\u00e7\u00e3o tamb\u00e9m \u00e9 chamado de <strong data-start=\"861\" data-end=\"882\">tradu\u00e7\u00e3o juramentada<\/strong>, <strong data-start=\"884\" data-end=\"906\">tradu\u00e7\u00e3o oficial<\/strong> ou <strong data-start=\"909\" data-end=\"935\">tradu\u00e7\u00e3o certificada<\/strong>, e \u00e9 obrigat\u00f3rio sempre que o certificado tem de ser apresentado em um idioma diferente do original.<\/p>\n<h2 data-start=\"1039\" data-end=\"1088\">O que \u00e9 o certificado de registro do censo?<\/h2>\n<p data-start=\"1090\" data-end=\"1240\">O <strong data-start=\"1093\" data-end=\"1127\">Certificado de Registro do Censo<\/strong> \u00e9 um documento emitido pela <strong data-start=\"1159\" data-end=\"1175\">prefeitura<\/strong> do munic\u00edpio onde a pessoa reside. Ele certifica oficialmente seu endere\u00e7o atual, tempo de resid\u00eancia no munic\u00edpio, composi\u00e7\u00e3o da fam\u00edlia (no caso de um folheto ou hist\u00f3rico) e outros dados de acordo com o tipo de certificado solicitado.<\/p>\n<p data-start=\"1090\" data-end=\"1240\">\u00c9 um documento essencial para comprovar a resid\u00eancia em procedimentos perante administra\u00e7\u00f5es p\u00fablicas, processos judiciais, aplica\u00e7\u00f5es educacionais, programas sociais e procedimentos internacionais.<\/p>\n<h2 data-start=\"1633\" data-end=\"1715\">Quando voc\u00ea precisa de uma tradu\u00e7\u00e3o juramentada da sua certid\u00e3o de registro do censo?<\/h2>\n<p>A tradu\u00e7\u00e3o juramentada desse documento \u00e9 exigida em v\u00e1rias situa\u00e7\u00f5es, inclusive:<\/p>\n<ul>\n<li><strong>Procedimentos migrat\u00f3rios ou de mobilidade internacional<\/strong>: pa\u00edses que exigem comprova\u00e7\u00e3o de resid\u00eancia para vistos, autoriza\u00e7\u00f5es de trabalho ou estudo, reunifica\u00e7\u00e3o familiar, naturaliza\u00e7\u00e3o.<\/li>\n<li><strong>Casamento ou registros consulares no exterior<\/strong>: algumas autoridades exigem comprovante de resid\u00eancia na forma de uma tradu\u00e7\u00e3o juramentada da certid\u00e3o.<\/li>\n<li><strong>Processos judiciais ou administrativos<\/strong>: especialmente em casos que exigem comprova\u00e7\u00e3o de endere\u00e7o, como guarda de filhos, processos civis, procedimentos de heran\u00e7a ou sucess\u00e3o.<\/li>\n<li><strong>Estudar no exterior<\/strong>: as institui\u00e7\u00f5es educacionais podem se inscrever para confirmar a resid\u00eancia e determinar os requisitos ou taxas.<\/li>\n<li><strong>Apresenta\u00e7\u00e3o na Espanha de um certificado de registro do censo emitido em outro pa\u00eds<\/strong>: nesses casos, \u00e9 obrigat\u00f3ria a tradu\u00e7\u00e3o juramentada para o espanhol.<\/li>\n<\/ul>\n<h2 data-start=\"2697\" data-end=\"2728\">Apostila e legaliza\u00e7\u00e3o<\/h2>\n<p data-start=\"2730\" data-end=\"2825\">Dependendo do pa\u00eds para onde o certificado traduzido \u00e9 enviado, o documento original pode exigir:<\/p>\n<ul data-start=\"2969\" data-end=\"3192\">\n<li data-start=\"2827\" data-end=\"2894\">\n<p data-start=\"2829\" data-end=\"2894\"><strong data-start=\"2829\" data-end=\"2853\">Apostila de Haia<\/strong> (para pa\u00edses da Conven\u00e7\u00e3o).<\/p>\n<\/li>\n<li data-start=\"2895\" data-end=\"2950\">\n<p data-start=\"2897\" data-end=\"2950\"><strong data-start=\"2897\" data-end=\"2922\">Legaliza\u00e7\u00e3o consular<\/strong> (para pa\u00edses n\u00e3o aderentes).<\/p>\n<\/li>\n<\/ul>\n<p data-start=\"2897\" data-end=\"2950\">A apostila \u00e9 aplicada <strong data-start=\"2994\" data-end=\"3025\">ao documento original<\/strong>, nunca \u00e0 tradu\u00e7\u00e3o. Se o certificado j\u00e1 foi apostilado, tamb\u00e9m podemos providenciar uma <strong data-start=\"3131\" data-end=\"3168\">tradu\u00e7\u00e3o certificada da apostila<\/strong>, se necess\u00e1rio. Na Espanha, os certificados municipais geralmente s\u00e3o apostilados por meio das <strong data-start=\"3277\" data-end=\"3300\">Associa\u00e7\u00f5es de Not\u00e1rios<\/strong>, ap\u00f3s a verifica\u00e7\u00e3o da assinatura do funcion\u00e1rio emissor. Se voc\u00ea precisa de orienta\u00e7\u00e3o, podemos aconselh\u00e1-lo sobre as medidas adequadas a serem tomadas no seu caso.<\/p>\n<h2>Compromisso com a qualidade<\/h2>\n<p><span data-contrast=\"auto\">Na <\/span><b><span data-contrast=\"auto\">iDISC<\/span><\/b><span data-contrast=\"auto\">, temos o compromisso de oferecer a voc\u00ea <\/span><b><span data-contrast=\"auto\">tradu\u00e7\u00f5es juramentadas de alta qualidade<\/span><\/b><span data-contrast=\"auto\"> realizadas por tradutores juramentados com ampla experi\u00eancia no campo da tradu\u00e7\u00e3o. Cada tradu\u00e7\u00e3o \u00e9 cuidadosamente revisada para garantir que atenda a todos os requisitos de <\/span><b><span data-contrast=\"auto\">precis\u00e3o e formalidade<\/span><\/b><span data-contrast=\"auto\">, o que garante que seus documentos tenham a clareza e a precis\u00e3o de que voc\u00ea precisa para quaisquer formalidades que deseje realizar. Nosso foco na qualidade e na aten\u00e7\u00e3o aos detalhes \u00e9 o que nos diferencia e garante que nossos clientes recebam o melhor servi\u00e7o poss\u00edvel.<\/span><\/p>\n","protected":false},"excerpt":{"rendered":"<p>Tradu\u00e7\u00e3o juramentada do certificado de registro do censo emitido pela prefeitura do munic\u00edpio.<\/p>\n","protected":false},"featured_media":7211,"template":"","meta":[],"product_brand":[],"product_cat":[134],"product_tag":[],"class_list":{"0":"post-7279","1":"product","2":"type-product","3":"status-publish","4":"has-post-thumbnail","6":"product_cat-sem-categoria","7":"image-hover-transition-effect","9":"first","10":"instock","11":"taxable","12":"shipping-taxable","13":"purchasable","14":"product-type-simple"},"yoast_head":"<!-- This site is optimized with the Yoast SEO plugin v27.2 - https:\/\/yoast.com\/product\/yoast-seo-wordpress\/ -->\n<title>Tradu\u00e7\u00e3o juramentada do certificado de registro do censo - Tradu\u00e7\u00e3o Juramentada | iDISC<\/title>\n<meta name=\"description\" content=\"Obtenha uma tradu\u00e7\u00e3o juramentada do certificado de registro do censo, v\u00e1lido para procedimentos legais, acad\u00eamicos e de imigra\u00e7\u00e3o na Espanha e no exterior.\" \/>\n<meta name=\"robots\" content=\"index, follow, max-snippet:-1, max-image-preview:large, max-video-preview:-1\" \/>\n<link rel=\"canonical\" href=\"https:\/\/traduccion-jurada.idisc.com\/pt-br\/producto\/certificado-de-registro-do-censo\/\" \/>\n<meta property=\"og:locale\" content=\"pt_BR\" \/>\n<meta property=\"og:type\" content=\"article\" \/>\n<meta property=\"og:title\" content=\"Tradu\u00e7\u00e3o juramentada do certificado de registro do censo - Tradu\u00e7\u00e3o Juramentada | iDISC\" \/>\n<meta property=\"og:description\" content=\"Obtenha uma tradu\u00e7\u00e3o juramentada do certificado de registro do censo, v\u00e1lido para procedimentos legais, acad\u00eamicos e de imigra\u00e7\u00e3o na Espanha e no exterior.\" \/>\n<meta property=\"og:url\" content=\"https:\/\/traduccion-jurada.idisc.com\/pt-br\/producto\/certificado-de-registro-do-censo\/\" \/>\n<meta property=\"og:site_name\" content=\"Tradu\u00e7\u00e3o Juramentada\" \/>\n<meta property=\"article:publisher\" content=\"https:\/\/www.facebook.com\/idiscit\" \/>\n<meta property=\"og:image\" content=\"https:\/\/traduccion-jurada.idisc.com\/wp-content\/uploads\/2024\/07\/cuenta_caratula.png\" \/>\n\t<meta property=\"og:image:width\" content=\"512\" \/>\n\t<meta property=\"og:image:height\" content=\"512\" \/>\n\t<meta property=\"og:image:type\" content=\"image\/png\" \/>\n<meta name=\"twitter:card\" content=\"summary_large_image\" \/>\n<meta name=\"twitter:site\" content=\"@idiscit\" \/>\n<meta name=\"twitter:label1\" content=\"Est. tempo de leitura\" \/>\n\t<meta name=\"twitter:data1\" content=\"3 minutos\" \/>\n<!-- \/ Yoast SEO plugin. -->","yoast_head_json":{"title":"Tradu\u00e7\u00e3o juramentada do certificado de registro do censo - Tradu\u00e7\u00e3o Juramentada | iDISC","description":"Obtenha uma tradu\u00e7\u00e3o juramentada do certificado de registro do censo, v\u00e1lido para procedimentos legais, acad\u00eamicos e de imigra\u00e7\u00e3o na Espanha e no exterior.","robots":{"index":"index","follow":"follow","max-snippet":"max-snippet:-1","max-image-preview":"max-image-preview:large","max-video-preview":"max-video-preview:-1"},"canonical":"https:\/\/traduccion-jurada.idisc.com\/pt-br\/producto\/certificado-de-registro-do-censo\/","og_locale":"pt_BR","og_type":"article","og_title":"Tradu\u00e7\u00e3o juramentada do certificado de registro do censo - Tradu\u00e7\u00e3o Juramentada | iDISC","og_description":"Obtenha uma tradu\u00e7\u00e3o juramentada do certificado de registro do censo, v\u00e1lido para procedimentos legais, acad\u00eamicos e de imigra\u00e7\u00e3o na Espanha e no exterior.","og_url":"https:\/\/traduccion-jurada.idisc.com\/pt-br\/producto\/certificado-de-registro-do-censo\/","og_site_name":"Tradu\u00e7\u00e3o Juramentada","article_publisher":"https:\/\/www.facebook.com\/idiscit","og_image":[{"width":512,"height":512,"url":"https:\/\/traduccion-jurada.idisc.com\/wp-content\/uploads\/2024\/07\/cuenta_caratula.png","type":"image\/png"}],"twitter_card":"summary_large_image","twitter_site":"@idiscit","twitter_misc":{"Est. tempo de leitura":"3 minutos"},"schema":{"@context":"https:\/\/schema.org","@graph":[{"@type":"WebPage","@id":"https:\/\/traduccion-jurada.idisc.com\/pt-br\/producto\/certificado-de-registro-do-censo\/","url":"https:\/\/traduccion-jurada.idisc.com\/pt-br\/producto\/certificado-de-registro-do-censo\/","name":"Tradu\u00e7\u00e3o juramentada do certificado de registro do censo - Tradu\u00e7\u00e3o Juramentada | iDISC","isPartOf":{"@id":"https:\/\/traduccion-jurada.idisc.com\/pt-br\/#website"},"primaryImageOfPage":{"@id":"https:\/\/traduccion-jurada.idisc.com\/pt-br\/producto\/certificado-de-registro-do-censo\/#primaryimage"},"image":{"@id":"https:\/\/traduccion-jurada.idisc.com\/pt-br\/producto\/certificado-de-registro-do-censo\/#primaryimage"},"thumbnailUrl":"https:\/\/traduccion-jurada.idisc.com\/wp-content\/uploads\/2024\/07\/cuenta_caratula.png","datePublished":"2024-07-10T18:21:46+00:00","description":"Obtenha uma tradu\u00e7\u00e3o juramentada do certificado de registro do censo, v\u00e1lido para procedimentos legais, acad\u00eamicos e de imigra\u00e7\u00e3o na Espanha e no exterior.","breadcrumb":{"@id":"https:\/\/traduccion-jurada.idisc.com\/pt-br\/producto\/certificado-de-registro-do-censo\/#breadcrumb"},"inLanguage":"pt-BR","potentialAction":[{"@type":"ReadAction","target":["https:\/\/traduccion-jurada.idisc.com\/pt-br\/producto\/certificado-de-registro-do-censo\/"]}]},{"@type":"ImageObject","inLanguage":"pt-BR","@id":"https:\/\/traduccion-jurada.idisc.com\/pt-br\/producto\/certificado-de-registro-do-censo\/#primaryimage","url":"https:\/\/traduccion-jurada.idisc.com\/wp-content\/uploads\/2024\/07\/cuenta_caratula.png","contentUrl":"https:\/\/traduccion-jurada.idisc.com\/wp-content\/uploads\/2024\/07\/cuenta_caratula.png","width":512,"height":512},{"@type":"BreadcrumbList","@id":"https:\/\/traduccion-jurada.idisc.com\/pt-br\/producto\/certificado-de-registro-do-censo\/#breadcrumb","itemListElement":[{"@type":"ListItem","position":1,"name":"Home","item":"https:\/\/traduccion-jurada.idisc.com\/pt-br\/"},{"@type":"ListItem","position":2,"name":"Loja","item":"https:\/\/traduccion-jurada.idisc.com\/pt-br\/loja\/"},{"@type":"ListItem","position":3,"name":"Certificado de registro do censo"}]},{"@type":"WebSite","@id":"https:\/\/traduccion-jurada.idisc.com\/pt-br\/#website","url":"https:\/\/traduccion-jurada.idisc.com\/pt-br\/","name":"Traducci\u00f3n Jurada iDISC","description":"","publisher":{"@id":"https:\/\/traduccion-jurada.idisc.com\/pt-br\/#organization"},"potentialAction":[{"@type":"SearchAction","target":{"@type":"EntryPoint","urlTemplate":"https:\/\/traduccion-jurada.idisc.com\/pt-br\/?s={search_term_string}"},"query-input":{"@type":"PropertyValueSpecification","valueRequired":true,"valueName":"search_term_string"}}],"inLanguage":"pt-BR"},{"@type":"Organization","@id":"https:\/\/traduccion-jurada.idisc.com\/pt-br\/#organization","name":"iDISC Information Technolgies","url":"https:\/\/traduccion-jurada.idisc.com\/pt-br\/","logo":{"@type":"ImageObject","inLanguage":"pt-BR","@id":"https:\/\/traduccion-jurada.idisc.com\/pt-br\/#\/schema\/logo\/image\/","url":"https:\/\/traduccion-jurada.idisc.com\/wp-content\/uploads\/2025\/11\/cropped-Logo_idisc.png","contentUrl":"https:\/\/traduccion-jurada.idisc.com\/wp-content\/uploads\/2025\/11\/cropped-Logo_idisc.png","width":905,"height":524,"caption":"iDISC Information Technolgies"},"image":{"@id":"https:\/\/traduccion-jurada.idisc.com\/pt-br\/#\/schema\/logo\/image\/"},"sameAs":["https:\/\/www.facebook.com\/idiscit","https:\/\/x.com\/idiscit","https:\/\/www.instagram.com\/idisc_it\/","https:\/\/www.linkedin.com\/company\/idiscit"]}]}},"_links":{"self":[{"href":"https:\/\/traduccion-jurada.idisc.com\/pt-br\/wp-json\/wp\/v2\/product\/7279","targetHints":{"allow":["GET"]}}],"collection":[{"href":"https:\/\/traduccion-jurada.idisc.com\/pt-br\/wp-json\/wp\/v2\/product"}],"about":[{"href":"https:\/\/traduccion-jurada.idisc.com\/pt-br\/wp-json\/wp\/v2\/types\/product"}],"wp:featuredmedia":[{"embeddable":true,"href":"https:\/\/traduccion-jurada.idisc.com\/pt-br\/wp-json\/wp\/v2\/media\/7211"}],"wp:attachment":[{"href":"https:\/\/traduccion-jurada.idisc.com\/pt-br\/wp-json\/wp\/v2\/media?parent=7279"}],"wp:term":[{"taxonomy":"product_brand","embeddable":true,"href":"https:\/\/traduccion-jurada.idisc.com\/pt-br\/wp-json\/wp\/v2\/product_brand?post=7279"},{"taxonomy":"product_cat","embeddable":true,"href":"https:\/\/traduccion-jurada.idisc.com\/pt-br\/wp-json\/wp\/v2\/product_cat?post=7279"},{"taxonomy":"product_tag","embeddable":true,"href":"https:\/\/traduccion-jurada.idisc.com\/pt-br\/wp-json\/wp\/v2\/product_tag?post=7279"}],"curies":[{"name":"wp","href":"https:\/\/api.w.org\/{rel}","templated":true}]}}