{"id":7278,"date":"2024-07-10T18:22:57","date_gmt":"2024-07-10T18:22:57","guid":{"rendered":"https:\/\/traduccion-jurada.idisc.com\/producto\/folha-de-pagamento\/"},"modified":"2024-07-10T18:22:57","modified_gmt":"2024-07-10T16:22:57","slug":"folha-de-pagamento","status":"publish","type":"product","link":"https:\/\/traduccion-jurada.idisc.com\/pt-br\/producto\/folha-de-pagamento\/","title":{"rendered":"Folha de pagamento"},"content":{"rendered":"<h2>Tradu\u00e7\u00e3o juramentada de folha de pagamento<\/h2>\n<p data-start=\"227\" data-end=\"742\">A <strong data-start=\"230\" data-end=\"265\">tradu\u00e7\u00e3o juramentada de uma folha de pagamento<\/strong> \u00e9 um requisito comum para procedimentos de emprego, imigra\u00e7\u00e3o, financeiros e administrativos, tanto na Espanha quanto no exterior.<\/p>\n<p data-start=\"227\" data-end=\"742\">Na iDISC, fornecemos esse servi\u00e7o exclusivamente com <strong data-start=\"452\" data-end=\"573\">tradutores-int\u00e9rpretes juramentados nomeados pelo Minist\u00e9rio das Rela\u00e7\u00f5es Exteriores, Uni\u00e3o Europeia e Coopera\u00e7\u00e3o (MAEC) da Espanha<\/strong>, garantindo que a tradu\u00e7\u00e3o tenha <strong data-start=\"612\" data-end=\"637\">validade oficial total<\/strong> perante empresas, institui\u00e7\u00f5es financeiras, administra\u00e7\u00f5es p\u00fablicas, embaixadas e organiza\u00e7\u00f5es internacionais.<\/p>\n<p data-start=\"227\" data-end=\"742\">A tradu\u00e7\u00e3o juramentada de uma folha de pagamento, tamb\u00e9m conhecida como <strong data-start=\"802\" data-end=\"824\">tradu\u00e7\u00e3o oficial<\/strong> ou <strong data-start=\"827\" data-end=\"853\">tradu\u00e7\u00e3o certificada<\/strong>, garante que todas as informa\u00e7\u00f5es salariais e contratuais sejam compreens\u00edveis e aceitas por qualquer autoridade que as exija.<\/p>\n<h2 data-start=\"985\" data-end=\"1011\">O que \u00e9 uma folha de pagamento?<\/h2>\n<p data-start=\"1013\" data-end=\"1158\">A <strong data-start=\"1016\" data-end=\"1026\">folha de pagamento<\/strong> \u00e9 um documento emitido pela empresa empregadora que detalha a remunera\u00e7\u00e3o recebida por um funcion\u00e1rio.<br data-start=\"1130\" data-end=\"1133\" \/>Inclui informa\u00e7\u00f5es como os dados pessoais do funcion\u00e1rio, detalhes da empresa, sal\u00e1rio bruto e l\u00edquido, dedu\u00e7\u00f5es de imposto de renda, bases de contribui\u00e7\u00e3o, itens salariais e n\u00e3o salariais, data de pagamento e per\u00edodo pago.<\/p>\n<p data-start=\"1013\" data-end=\"1158\">\u00c9 um documento essencial para comprovar renda, estabilidade no emprego e status contratual em diferentes procedimentos.<\/p>\n<h2 data-start=\"1510\" data-end=\"1571\">Quando voc\u00ea precisa de uma tradu\u00e7\u00e3o juramentada de uma folha de pagamento?<\/h2>\n<p>Uma tradu\u00e7\u00e3o juramentada \u00e9 necess\u00e1ria em v\u00e1rias situa\u00e7\u00f5es, inclusive:<\/p>\n<ul>\n<li><strong>Procedimentos migrat\u00f3rios ou vistos no exterior<\/strong>: as autoridades de muitos pa\u00edses exigem contracheques traduzidos oficialmente para comprovar a solv\u00eancia financeira ao solicitar vistos de trabalho, resid\u00eancia, estudo ou reunifica\u00e7\u00e3o familiar.<\/li>\n<li><strong>Candidaturas a empregos internacionais<\/strong>: empresas estrangeiras podem exigir contracheques traduzidos para verificar a experi\u00eancia profissional, a senioridade e o n\u00edvel salarial.<\/li>\n<li><strong>Empr\u00e9stimos, hipotecas e procedimentos banc\u00e1rios no exterior<\/strong>: as institui\u00e7\u00f5es financeiras podem solicitar uma tradu\u00e7\u00e3o oficial para avaliar a capacidade de cr\u00e9dito.<\/li>\n<li><strong>Processos acad\u00eamicos ou bolsas de estudo internacionais<\/strong>: algumas institui\u00e7\u00f5es exigem comprova\u00e7\u00e3o de renda familiar ou pessoal na forma de contracheques traduzidos.<\/li>\n<li><strong>Valida\u00e7\u00e3o de documenta\u00e7\u00e3o de emprego estrangeiro na Espanha<\/strong>: se um funcion\u00e1rio estrangeiro apresentar folhas de pagamento emitidas em outro pa\u00eds, elas dever\u00e3o ser acompanhadas de uma tradu\u00e7\u00e3o juramentada para o espanhol para procedimentos com o Seguro Social, autoridades fiscais, institui\u00e7\u00f5es financeiras ou processos de emprego.<\/li>\n<\/ul>\n<h2 data-start=\"2690\" data-end=\"2721\">Apostila e legaliza\u00e7\u00e3o<\/h2>\n<p data-start=\"2723\" data-end=\"2845\">A folha de pagamento, por ser um documento particular emitido por uma empresa, <strong data-start=\"2787\" data-end=\"2829\">normalmente n\u00e3o possui uma apostila por si s\u00f3<\/strong>. No entanto, em alguns pa\u00edses, pode ser necess\u00e1rio um <strong data-start=\"2889\" data-end=\"2915\">reconhecimento de firma<\/strong> pr\u00e9vio para que voc\u00ea possa apostilar essa certifica\u00e7\u00e3o. Se a folha de pagamento estrangeira for acompanhada de um documento oficial (por exemplo, um certificado de trabalho emitido por uma autoridade p\u00fablica), esse documento poder\u00e1 exigir uma <strong data-start=\"3147\" data-end=\"3160\">apostila<\/strong> ou <strong data-start=\"3163\" data-end=\"3188\">legaliza\u00e7\u00e3o consular<\/strong>. Podemos aconselhar voc\u00ea se o seu procedimento exige essa etapa e como lidar com ela.<\/p>\n<h2>Compromisso com a qualidade<\/h2>\n<p><span data-contrast=\"auto\">Na iDISC, temos o compromisso de fornecer <\/span><b><span data-contrast=\"auto\">tradu\u00e7\u00f5es juramentadas de alta qualidade<\/span><\/b><span data-contrast=\"auto\">. Todos os nossos servi\u00e7os s\u00e3o realizados por tradutores juramentados com <\/span><b><span data-contrast=\"auto\">vasta experi\u00eancia<\/span><\/b><span data-contrast=\"auto\">, garantindo que cada tradu\u00e7\u00e3o atenda a todos os requisitos de precis\u00e3o e formalidade. N\u00f3s nos esfor\u00e7amos para entregar documentos que reflitam, de forma clara e precisa, todas as informa\u00e7\u00f5es relevantes, o que \u00e9 essencial para garantir que seus procedimentos sejam executados sem problemas. Nossos servi\u00e7os garantem que sua tradu\u00e7\u00e3o ser\u00e1 realizada por profissionais qualificados, prontos para atender \u00e0s suas necessidades de forma eficiente e confi\u00e1vel.<\/span><\/p>\n","protected":false},"excerpt":{"rendered":"<p>Tradu\u00e7\u00e3o juramentada da sua folha de pagamento de um per\u00edodo mensal, conforme emitida pelo seu empregador.<\/p>\n","protected":false},"featured_media":7212,"template":"","meta":[],"product_brand":[],"product_cat":[134],"product_tag":[],"class_list":{"0":"post-7278","1":"product","2":"type-product","3":"status-publish","4":"has-post-thumbnail","6":"product_cat-sem-categoria","7":"image-hover-transition-effect","9":"first","10":"instock","11":"taxable","12":"shipping-taxable","13":"purchasable","14":"product-type-simple"},"yoast_head":"<!-- This site is optimized with the Yoast SEO plugin v27.2 - https:\/\/yoast.com\/product\/yoast-seo-wordpress\/ -->\n<title>Tradu\u00e7\u00e3o juramentada da folha de pagamento - Tradu\u00e7\u00e3o Juramentada | iDISC<\/title>\n<meta name=\"description\" content=\"Obtenha uma tradu\u00e7\u00e3o juramentada do seu contracheque, v\u00e1lida para procedimentos legais e acad\u00eamicos na Espanha e no exterior.\" \/>\n<meta name=\"robots\" content=\"index, follow, max-snippet:-1, max-image-preview:large, max-video-preview:-1\" \/>\n<link rel=\"canonical\" href=\"https:\/\/traduccion-jurada.idisc.com\/pt-br\/producto\/folha-de-pagamento\/\" \/>\n<meta property=\"og:locale\" content=\"pt_BR\" \/>\n<meta property=\"og:type\" content=\"article\" \/>\n<meta property=\"og:title\" content=\"Tradu\u00e7\u00e3o juramentada da folha de pagamento - Tradu\u00e7\u00e3o Juramentada | iDISC\" \/>\n<meta property=\"og:description\" content=\"Obtenha uma tradu\u00e7\u00e3o juramentada do seu contracheque, v\u00e1lida para procedimentos legais e acad\u00eamicos na Espanha e no exterior.\" \/>\n<meta property=\"og:url\" content=\"https:\/\/traduccion-jurada.idisc.com\/pt-br\/producto\/folha-de-pagamento\/\" \/>\n<meta property=\"og:site_name\" content=\"Tradu\u00e7\u00e3o Juramentada\" \/>\n<meta property=\"article:publisher\" content=\"https:\/\/www.facebook.com\/idiscit\" \/>\n<meta property=\"og:image\" content=\"https:\/\/traduccion-jurada.idisc.com\/wp-content\/uploads\/2024\/07\/cuenta_comp.png\" \/>\n\t<meta property=\"og:image:width\" content=\"512\" \/>\n\t<meta property=\"og:image:height\" content=\"512\" \/>\n\t<meta property=\"og:image:type\" content=\"image\/png\" \/>\n<meta name=\"twitter:card\" content=\"summary_large_image\" \/>\n<meta name=\"twitter:site\" content=\"@idiscit\" \/>\n<meta name=\"twitter:label1\" content=\"Est. tempo de leitura\" \/>\n\t<meta name=\"twitter:data1\" content=\"3 minutos\" \/>\n<!-- \/ Yoast SEO plugin. -->","yoast_head_json":{"title":"Tradu\u00e7\u00e3o juramentada da folha de pagamento - Tradu\u00e7\u00e3o Juramentada | iDISC","description":"Obtenha uma tradu\u00e7\u00e3o juramentada do seu contracheque, v\u00e1lida para procedimentos legais e acad\u00eamicos na Espanha e no exterior.","robots":{"index":"index","follow":"follow","max-snippet":"max-snippet:-1","max-image-preview":"max-image-preview:large","max-video-preview":"max-video-preview:-1"},"canonical":"https:\/\/traduccion-jurada.idisc.com\/pt-br\/producto\/folha-de-pagamento\/","og_locale":"pt_BR","og_type":"article","og_title":"Tradu\u00e7\u00e3o juramentada da folha de pagamento - Tradu\u00e7\u00e3o Juramentada | iDISC","og_description":"Obtenha uma tradu\u00e7\u00e3o juramentada do seu contracheque, v\u00e1lida para procedimentos legais e acad\u00eamicos na Espanha e no exterior.","og_url":"https:\/\/traduccion-jurada.idisc.com\/pt-br\/producto\/folha-de-pagamento\/","og_site_name":"Tradu\u00e7\u00e3o Juramentada","article_publisher":"https:\/\/www.facebook.com\/idiscit","og_image":[{"width":512,"height":512,"url":"https:\/\/traduccion-jurada.idisc.com\/wp-content\/uploads\/2024\/07\/cuenta_comp.png","type":"image\/png"}],"twitter_card":"summary_large_image","twitter_site":"@idiscit","twitter_misc":{"Est. tempo de leitura":"3 minutos"},"schema":{"@context":"https:\/\/schema.org","@graph":[{"@type":"WebPage","@id":"https:\/\/traduccion-jurada.idisc.com\/pt-br\/producto\/folha-de-pagamento\/","url":"https:\/\/traduccion-jurada.idisc.com\/pt-br\/producto\/folha-de-pagamento\/","name":"Tradu\u00e7\u00e3o juramentada da folha de pagamento - Tradu\u00e7\u00e3o Juramentada | iDISC","isPartOf":{"@id":"https:\/\/traduccion-jurada.idisc.com\/pt-br\/#website"},"primaryImageOfPage":{"@id":"https:\/\/traduccion-jurada.idisc.com\/pt-br\/producto\/folha-de-pagamento\/#primaryimage"},"image":{"@id":"https:\/\/traduccion-jurada.idisc.com\/pt-br\/producto\/folha-de-pagamento\/#primaryimage"},"thumbnailUrl":"https:\/\/traduccion-jurada.idisc.com\/wp-content\/uploads\/2024\/07\/cuenta_comp.png","datePublished":"2024-07-10T18:22:57+00:00","description":"Obtenha uma tradu\u00e7\u00e3o juramentada do seu contracheque, v\u00e1lida para procedimentos legais e acad\u00eamicos na Espanha e no exterior.","breadcrumb":{"@id":"https:\/\/traduccion-jurada.idisc.com\/pt-br\/producto\/folha-de-pagamento\/#breadcrumb"},"inLanguage":"pt-BR","potentialAction":[{"@type":"ReadAction","target":["https:\/\/traduccion-jurada.idisc.com\/pt-br\/producto\/folha-de-pagamento\/"]}]},{"@type":"ImageObject","inLanguage":"pt-BR","@id":"https:\/\/traduccion-jurada.idisc.com\/pt-br\/producto\/folha-de-pagamento\/#primaryimage","url":"https:\/\/traduccion-jurada.idisc.com\/wp-content\/uploads\/2024\/07\/cuenta_comp.png","contentUrl":"https:\/\/traduccion-jurada.idisc.com\/wp-content\/uploads\/2024\/07\/cuenta_comp.png","width":512,"height":512},{"@type":"BreadcrumbList","@id":"https:\/\/traduccion-jurada.idisc.com\/pt-br\/producto\/folha-de-pagamento\/#breadcrumb","itemListElement":[{"@type":"ListItem","position":1,"name":"Home","item":"https:\/\/traduccion-jurada.idisc.com\/pt-br\/"},{"@type":"ListItem","position":2,"name":"Loja","item":"https:\/\/traduccion-jurada.idisc.com\/pt-br\/loja\/"},{"@type":"ListItem","position":3,"name":"Folha de pagamento"}]},{"@type":"WebSite","@id":"https:\/\/traduccion-jurada.idisc.com\/pt-br\/#website","url":"https:\/\/traduccion-jurada.idisc.com\/pt-br\/","name":"Traducci\u00f3n Jurada iDISC","description":"","publisher":{"@id":"https:\/\/traduccion-jurada.idisc.com\/pt-br\/#organization"},"potentialAction":[{"@type":"SearchAction","target":{"@type":"EntryPoint","urlTemplate":"https:\/\/traduccion-jurada.idisc.com\/pt-br\/?s={search_term_string}"},"query-input":{"@type":"PropertyValueSpecification","valueRequired":true,"valueName":"search_term_string"}}],"inLanguage":"pt-BR"},{"@type":"Organization","@id":"https:\/\/traduccion-jurada.idisc.com\/pt-br\/#organization","name":"iDISC Information Technolgies","url":"https:\/\/traduccion-jurada.idisc.com\/pt-br\/","logo":{"@type":"ImageObject","inLanguage":"pt-BR","@id":"https:\/\/traduccion-jurada.idisc.com\/pt-br\/#\/schema\/logo\/image\/","url":"https:\/\/traduccion-jurada.idisc.com\/wp-content\/uploads\/2025\/11\/cropped-Logo_idisc.png","contentUrl":"https:\/\/traduccion-jurada.idisc.com\/wp-content\/uploads\/2025\/11\/cropped-Logo_idisc.png","width":905,"height":524,"caption":"iDISC Information Technolgies"},"image":{"@id":"https:\/\/traduccion-jurada.idisc.com\/pt-br\/#\/schema\/logo\/image\/"},"sameAs":["https:\/\/www.facebook.com\/idiscit","https:\/\/x.com\/idiscit","https:\/\/www.instagram.com\/idisc_it\/","https:\/\/www.linkedin.com\/company\/idiscit"]}]}},"_links":{"self":[{"href":"https:\/\/traduccion-jurada.idisc.com\/pt-br\/wp-json\/wp\/v2\/product\/7278","targetHints":{"allow":["GET"]}}],"collection":[{"href":"https:\/\/traduccion-jurada.idisc.com\/pt-br\/wp-json\/wp\/v2\/product"}],"about":[{"href":"https:\/\/traduccion-jurada.idisc.com\/pt-br\/wp-json\/wp\/v2\/types\/product"}],"wp:featuredmedia":[{"embeddable":true,"href":"https:\/\/traduccion-jurada.idisc.com\/pt-br\/wp-json\/wp\/v2\/media\/7212"}],"wp:attachment":[{"href":"https:\/\/traduccion-jurada.idisc.com\/pt-br\/wp-json\/wp\/v2\/media?parent=7278"}],"wp:term":[{"taxonomy":"product_brand","embeddable":true,"href":"https:\/\/traduccion-jurada.idisc.com\/pt-br\/wp-json\/wp\/v2\/product_brand?post=7278"},{"taxonomy":"product_cat","embeddable":true,"href":"https:\/\/traduccion-jurada.idisc.com\/pt-br\/wp-json\/wp\/v2\/product_cat?post=7278"},{"taxonomy":"product_tag","embeddable":true,"href":"https:\/\/traduccion-jurada.idisc.com\/pt-br\/wp-json\/wp\/v2\/product_tag?post=7278"}],"curies":[{"name":"wp","href":"https:\/\/api.w.org\/{rel}","templated":true}]}}