{"id":7277,"date":"2024-07-10T18:24:32","date_gmt":"2024-07-10T18:24:32","guid":{"rendered":"https:\/\/traduccion-jurada.idisc.com\/producto\/certidao-de-casamento\/"},"modified":"2024-07-10T18:24:32","modified_gmt":"2024-07-10T16:24:32","slug":"certidao-de-casamento","status":"publish","type":"product","link":"https:\/\/traduccion-jurada.idisc.com\/pt-br\/producto\/certidao-de-casamento\/","title":{"rendered":"Certid\u00e3o de casamento"},"content":{"rendered":"<h2>Tradu\u00e7\u00e3o juramentada da certid\u00e3o de casamento<\/h2>\n<p>A <strong>tradu\u00e7\u00e3o juramentada de uma certid\u00e3o de casamento<\/strong> \u00e9 um requisito frequente para procedimentos legais, administrativos e de imigra\u00e7\u00e3o, tanto na Espanha quanto no exterior.<br \/>\nNa iDISC, temos tradutores-int\u00e9rpretes juramentados nomeados pelo Minist\u00e9rio das Rela\u00e7\u00f5es Exteriores, Uni\u00e3o Europeia e Coopera\u00e7\u00e3o (MAEC) da Espanha, o que garante que cada tradu\u00e7\u00e3o tenha validade oficial total perante institui\u00e7\u00f5es p\u00fablicas e privadas.<\/p>\n<p>Esse tipo de tradu\u00e7\u00e3o tamb\u00e9m \u00e9 conhecido como &#8220;tradu\u00e7\u00e3o juramentada&#8221;, &#8220;tradu\u00e7\u00e3o oficial&#8221; ou &#8220;tradu\u00e7\u00e3o certificada&#8221;, e \u00e9 essencial em todos os procedimentos em que o estado civil de uma pessoa precisa ser reconhecido.<\/p>\n<h2>O que \u00e9 uma certid\u00e3o de casamento?<\/h2>\n<p>A certid\u00e3o de casamento \u00e9 um documento legal emitido pelo Registro Civil que certifica a uni\u00e3o matrimonial entre duas pessoas. Ela cont\u00e9m informa\u00e7\u00f5es essenciais, como os nomes completos dos c\u00f4njuges, data e local do casamento, detalhes do Registro Civil e, em alguns casos, detalhes de testemunhas ou notas marginais (regime financeiro, div\u00f3rcio, contratos de casamento etc.). Esse documento \u00e9 frequentemente solicitado para procedimentos pessoais, patrimoniais e jur\u00eddicos, tanto na Espanha quanto no exterior.<\/p>\n<h2>Quando preciso de uma tradu\u00e7\u00e3o juramentada de uma certid\u00e3o de casamento?<\/h2>\n<p><span data-contrast=\"auto\">A tradu\u00e7\u00e3o juramentada de uma certid\u00e3o de casamento \u00e9 necess\u00e1ria em v\u00e1rias situa\u00e7\u00f5es, como:<\/span><span data-ccp-props=\"{&quot;134233117&quot;:false,&quot;134233118&quot;:false,&quot;335559738&quot;:240,&quot;335559739&quot;:240}\">&nbsp;<\/span><\/p>\n<ul>\n<li data-leveltext=\"\uf0b7\" data-font=\"Symbol\" data-listid=\"1\" data-list-defn-props=\"{&quot;335552541&quot;:1,&quot;335559685&quot;:720,&quot;335559991&quot;:360,&quot;469769226&quot;:&quot;Symbol&quot;,&quot;469769242&quot;:[8226],&quot;469777803&quot;:&quot;left&quot;,&quot;469777804&quot;:&quot;\uf0b7&quot;,&quot;469777815&quot;:&quot;hybridMultilevel&quot;}\" data-aria-posinset=\"1\" data-aria-level=\"1\"><b><span data-contrast=\"auto\">Formalidades de imigra\u00e7\u00e3o<\/span><\/b><span data-contrast=\"auto\">: ao solicitar vistos de resid\u00eancia ou de reunifica\u00e7\u00e3o familiar em outros pa\u00edses, as autoridades de imigra\u00e7\u00e3o exigem uma tradu\u00e7\u00e3o juramentada dos documentos pessoais, inclusive da certid\u00e3o de casamento.<\/span><span data-ccp-props=\"{&quot;134233117&quot;:false,&quot;134233118&quot;:false,&quot;335559738&quot;:0,&quot;335559739&quot;:0}\">&nbsp;<\/span><\/li>\n<\/ul>\n<ul>\n<li data-leveltext=\"\uf0b7\" data-font=\"Symbol\" data-listid=\"1\" data-list-defn-props=\"{&quot;335552541&quot;:1,&quot;335559685&quot;:720,&quot;335559991&quot;:360,&quot;469769226&quot;:&quot;Symbol&quot;,&quot;469769242&quot;:[8226],&quot;469777803&quot;:&quot;left&quot;,&quot;469777804&quot;:&quot;\uf0b7&quot;,&quot;469777815&quot;:&quot;hybridMultilevel&quot;}\" data-aria-posinset=\"2\" data-aria-level=\"1\"><b><span data-contrast=\"auto\">Procedimentos de nacionalidade<\/span><\/b><span data-contrast=\"auto\">: ao solicitar a <strong data-start=\"2032\" data-end=\"2057\">nacionalidade espanhola<\/strong> ou de outro pa\u00eds, \u00e9 necess\u00e1rio apresentar uma tradu\u00e7\u00e3o oficial de todos os documentos que comprovem o estado civil.<\/span><span data-ccp-props=\"{&quot;134233117&quot;:false,&quot;134233118&quot;:false,&quot;335559738&quot;:0,&quot;335559739&quot;:0}\">&nbsp;<\/span><\/li>\n<\/ul>\n<ul>\n<li data-leveltext=\"\uf0b7\" data-font=\"Symbol\" data-listid=\"1\" data-list-defn-props=\"{&quot;335552541&quot;:1,&quot;335559685&quot;:720,&quot;335559991&quot;:360,&quot;469769226&quot;:&quot;Symbol&quot;,&quot;469769242&quot;:[8226],&quot;469777803&quot;:&quot;left&quot;,&quot;469777804&quot;:&quot;\uf0b7&quot;,&quot;469777815&quot;:&quot;hybridMultilevel&quot;}\" data-aria-posinset=\"3\" data-aria-level=\"1\"><b><span data-contrast=\"auto\">Registro de casamento no exterior<\/span><\/b><span data-contrast=\"auto\">: se o casamento for registrado no exterior ou se um casamento celebrado fora da Espanha for registrado aqui, ser\u00e1 necess\u00e1ria uma tradu\u00e7\u00e3o da certid\u00e3o para o idioma pertinente.<\/span><\/li>\n<\/ul>\n<ul>\n<li data-leveltext=\"\uf0b7\" data-font=\"Symbol\" data-listid=\"1\" data-list-defn-props=\"{&quot;335552541&quot;:1,&quot;335559685&quot;:720,&quot;335559991&quot;:360,&quot;469769226&quot;:&quot;Symbol&quot;,&quot;469769242&quot;:[8226],&quot;469777803&quot;:&quot;left&quot;,&quot;469777804&quot;:&quot;\uf0b7&quot;,&quot;469777815&quot;:&quot;hybridMultilevel&quot;}\" data-aria-posinset=\"4\" data-aria-level=\"1\"><b><span data-contrast=\"auto\">Formalidades legais e patrimoniais<\/span><\/b><span data-contrast=\"auto\">: a apresenta\u00e7\u00e3o de uma certid\u00e3o de casamento traduzida \u00e9 indispens\u00e1vel em casos de heran\u00e7a, separa\u00e7\u00e3o de bens, ado\u00e7\u00f5es ou at\u00e9 mesmo em lit\u00edgios internacionais envolvendo direitos conjugais.<\/span><span data-ccp-props=\"{&quot;134233117&quot;:false,&quot;134233118&quot;:false,&quot;335559738&quot;:0,&quot;335559739&quot;:0}\">&nbsp;<\/span><\/li>\n<\/ul>\n<h2>Apostila e legaliza\u00e7\u00e3o<\/h2>\n<p><span data-contrast=\"auto\">Em alguns casos, uma tradu\u00e7\u00e3o juramentada de uma certid\u00e3o de casamento pode exigir uma apostila ou legaliza\u00e7\u00e3o adicional para ser aceita em outros pa\u00edses. A apostila \u00e9 um processo que valida a autenticidade do documento original, permitindo seu uso em pa\u00edses que fazem parte da Conven\u00e7\u00e3o de Haia. Na iDISC, orientamos voc\u00ea nesse processo e mostramos as etapas necess\u00e1rias para garantir que sua tradu\u00e7\u00e3o esteja em conformidade com as exig\u00eancias legais da jurisdi\u00e7\u00e3o correspondente. Se precisar de uma apostila, voc\u00ear\u00e1 pode obt\u00ea-la com a entidade que emitiu o certificado original, e tamb\u00e9m podemos traduzir a apostila, se necess\u00e1rio para a sua solicita\u00e7\u00e3o.<\/span><span data-ccp-props=\"{&quot;134233117&quot;:false,&quot;134233118&quot;:false,&quot;335559738&quot;:240,&quot;335559739&quot;:240}\">&nbsp;<\/span><\/p>\n<h2>Compromisso com a qualidade<\/h2>\n<p><span data-contrast=\"auto\">Na iDISC, garantimos a qualidade de nossas tradu\u00e7\u00f5es juramentadas, realizadas por tradutores juramentados com ampla experi\u00eancia na tradu\u00e7\u00e3o de documentos jur\u00eddicos. Nosso compromisso \u00e9 entregar o trabalho com o m\u00e1ximo de precis\u00e3o e formalidade, e garantimos que a tradu\u00e7\u00e3o atenda a todos os padr\u00f5es exigidos por autoridades e institui\u00e7\u00f5es em qualquer lugar do mundo. Com nossa experi\u00eancia, sua certid\u00e3o de casamento traduzida ser\u00e1 aceita nos procedimentos que voc\u00ea precisa realizar.<\/span><\/p>\n","protected":false},"excerpt":{"rendered":"<p>Tradu\u00e7\u00e3o juramentada de uma certid\u00e3o de casamento emitida pelo Registro Civil.<\/p>\n","protected":false},"featured_media":7208,"template":"","meta":[],"product_brand":[],"product_cat":[134],"product_tag":[],"class_list":{"0":"post-7277","1":"product","2":"type-product","3":"status-publish","4":"has-post-thumbnail","6":"product_cat-sem-categoria","7":"image-hover-transition-effect","9":"first","10":"instock","11":"taxable","12":"shipping-taxable","13":"purchasable","14":"product-type-simple"},"yoast_head":"<!-- This site is optimized with the Yoast SEO plugin v27.2 - https:\/\/yoast.com\/product\/yoast-seo-wordpress\/ -->\n<title>Tradu\u00e7\u00e3o juramentada de certid\u00e3o de casamento - Tradu\u00e7\u00e3o Juramentada | iDISC<\/title>\n<meta name=\"description\" content=\"Obtenha uma tradu\u00e7\u00e3o juramentada por um tradutor juramentado da sua certid\u00e3o de casamento para procedimentos legais e de imigra\u00e7\u00e3o na Espanha e no exterior.\" \/>\n<meta name=\"robots\" content=\"index, follow, max-snippet:-1, max-image-preview:large, max-video-preview:-1\" \/>\n<link rel=\"canonical\" href=\"https:\/\/traduccion-jurada.idisc.com\/pt-br\/producto\/certidao-de-casamento\/\" \/>\n<meta property=\"og:locale\" content=\"pt_BR\" \/>\n<meta property=\"og:type\" content=\"article\" \/>\n<meta property=\"og:title\" content=\"Tradu\u00e7\u00e3o juramentada de certid\u00e3o de casamento - Tradu\u00e7\u00e3o Juramentada | iDISC\" \/>\n<meta property=\"og:description\" content=\"Obtenha uma tradu\u00e7\u00e3o juramentada por um tradutor juramentado da sua certid\u00e3o de casamento para procedimentos legais e de imigra\u00e7\u00e3o na Espanha e no exterior.\" \/>\n<meta property=\"og:url\" content=\"https:\/\/traduccion-jurada.idisc.com\/pt-br\/producto\/certidao-de-casamento\/\" \/>\n<meta property=\"og:site_name\" content=\"Tradu\u00e7\u00e3o Juramentada\" \/>\n<meta property=\"article:publisher\" content=\"https:\/\/www.facebook.com\/idiscit\" \/>\n<meta property=\"og:image\" content=\"https:\/\/traduccion-jurada.idisc.com\/wp-content\/uploads\/2024\/07\/acta_matr.png\" \/>\n\t<meta property=\"og:image:width\" content=\"512\" \/>\n\t<meta property=\"og:image:height\" content=\"512\" \/>\n\t<meta property=\"og:image:type\" content=\"image\/png\" \/>\n<meta name=\"twitter:card\" content=\"summary_large_image\" \/>\n<meta name=\"twitter:site\" content=\"@idiscit\" \/>\n<meta name=\"twitter:label1\" content=\"Est. tempo de leitura\" \/>\n\t<meta name=\"twitter:data1\" content=\"3 minutos\" \/>\n<!-- \/ Yoast SEO plugin. -->","yoast_head_json":{"title":"Tradu\u00e7\u00e3o juramentada de certid\u00e3o de casamento - Tradu\u00e7\u00e3o Juramentada | iDISC","description":"Obtenha uma tradu\u00e7\u00e3o juramentada por um tradutor juramentado da sua certid\u00e3o de casamento para procedimentos legais e de imigra\u00e7\u00e3o na Espanha e no exterior.","robots":{"index":"index","follow":"follow","max-snippet":"max-snippet:-1","max-image-preview":"max-image-preview:large","max-video-preview":"max-video-preview:-1"},"canonical":"https:\/\/traduccion-jurada.idisc.com\/pt-br\/producto\/certidao-de-casamento\/","og_locale":"pt_BR","og_type":"article","og_title":"Tradu\u00e7\u00e3o juramentada de certid\u00e3o de casamento - Tradu\u00e7\u00e3o Juramentada | iDISC","og_description":"Obtenha uma tradu\u00e7\u00e3o juramentada por um tradutor juramentado da sua certid\u00e3o de casamento para procedimentos legais e de imigra\u00e7\u00e3o na Espanha e no exterior.","og_url":"https:\/\/traduccion-jurada.idisc.com\/pt-br\/producto\/certidao-de-casamento\/","og_site_name":"Tradu\u00e7\u00e3o Juramentada","article_publisher":"https:\/\/www.facebook.com\/idiscit","og_image":[{"width":512,"height":512,"url":"https:\/\/traduccion-jurada.idisc.com\/wp-content\/uploads\/2024\/07\/acta_matr.png","type":"image\/png"}],"twitter_card":"summary_large_image","twitter_site":"@idiscit","twitter_misc":{"Est. tempo de leitura":"3 minutos"},"schema":{"@context":"https:\/\/schema.org","@graph":[{"@type":"WebPage","@id":"https:\/\/traduccion-jurada.idisc.com\/pt-br\/producto\/certidao-de-casamento\/","url":"https:\/\/traduccion-jurada.idisc.com\/pt-br\/producto\/certidao-de-casamento\/","name":"Tradu\u00e7\u00e3o juramentada de certid\u00e3o de casamento - Tradu\u00e7\u00e3o Juramentada | iDISC","isPartOf":{"@id":"https:\/\/traduccion-jurada.idisc.com\/pt-br\/#website"},"primaryImageOfPage":{"@id":"https:\/\/traduccion-jurada.idisc.com\/pt-br\/producto\/certidao-de-casamento\/#primaryimage"},"image":{"@id":"https:\/\/traduccion-jurada.idisc.com\/pt-br\/producto\/certidao-de-casamento\/#primaryimage"},"thumbnailUrl":"https:\/\/traduccion-jurada.idisc.com\/wp-content\/uploads\/2024\/07\/acta_matr.png","datePublished":"2024-07-10T18:24:32+00:00","description":"Obtenha uma tradu\u00e7\u00e3o juramentada por um tradutor juramentado da sua certid\u00e3o de casamento para procedimentos legais e de imigra\u00e7\u00e3o na Espanha e no exterior.","breadcrumb":{"@id":"https:\/\/traduccion-jurada.idisc.com\/pt-br\/producto\/certidao-de-casamento\/#breadcrumb"},"inLanguage":"pt-BR","potentialAction":[{"@type":"ReadAction","target":["https:\/\/traduccion-jurada.idisc.com\/pt-br\/producto\/certidao-de-casamento\/"]}]},{"@type":"ImageObject","inLanguage":"pt-BR","@id":"https:\/\/traduccion-jurada.idisc.com\/pt-br\/producto\/certidao-de-casamento\/#primaryimage","url":"https:\/\/traduccion-jurada.idisc.com\/wp-content\/uploads\/2024\/07\/acta_matr.png","contentUrl":"https:\/\/traduccion-jurada.idisc.com\/wp-content\/uploads\/2024\/07\/acta_matr.png","width":512,"height":512},{"@type":"BreadcrumbList","@id":"https:\/\/traduccion-jurada.idisc.com\/pt-br\/producto\/certidao-de-casamento\/#breadcrumb","itemListElement":[{"@type":"ListItem","position":1,"name":"Home","item":"https:\/\/traduccion-jurada.idisc.com\/pt-br\/"},{"@type":"ListItem","position":2,"name":"Loja","item":"https:\/\/traduccion-jurada.idisc.com\/pt-br\/loja\/"},{"@type":"ListItem","position":3,"name":"Certid\u00e3o de casamento"}]},{"@type":"WebSite","@id":"https:\/\/traduccion-jurada.idisc.com\/pt-br\/#website","url":"https:\/\/traduccion-jurada.idisc.com\/pt-br\/","name":"Traducci\u00f3n Jurada iDISC","description":"","publisher":{"@id":"https:\/\/traduccion-jurada.idisc.com\/pt-br\/#organization"},"potentialAction":[{"@type":"SearchAction","target":{"@type":"EntryPoint","urlTemplate":"https:\/\/traduccion-jurada.idisc.com\/pt-br\/?s={search_term_string}"},"query-input":{"@type":"PropertyValueSpecification","valueRequired":true,"valueName":"search_term_string"}}],"inLanguage":"pt-BR"},{"@type":"Organization","@id":"https:\/\/traduccion-jurada.idisc.com\/pt-br\/#organization","name":"iDISC Information Technolgies","url":"https:\/\/traduccion-jurada.idisc.com\/pt-br\/","logo":{"@type":"ImageObject","inLanguage":"pt-BR","@id":"https:\/\/traduccion-jurada.idisc.com\/pt-br\/#\/schema\/logo\/image\/","url":"https:\/\/traduccion-jurada.idisc.com\/wp-content\/uploads\/2025\/11\/cropped-Logo_idisc.png","contentUrl":"https:\/\/traduccion-jurada.idisc.com\/wp-content\/uploads\/2025\/11\/cropped-Logo_idisc.png","width":905,"height":524,"caption":"iDISC Information Technolgies"},"image":{"@id":"https:\/\/traduccion-jurada.idisc.com\/pt-br\/#\/schema\/logo\/image\/"},"sameAs":["https:\/\/www.facebook.com\/idiscit","https:\/\/x.com\/idiscit","https:\/\/www.instagram.com\/idisc_it\/","https:\/\/www.linkedin.com\/company\/idiscit"]}]}},"_links":{"self":[{"href":"https:\/\/traduccion-jurada.idisc.com\/pt-br\/wp-json\/wp\/v2\/product\/7277","targetHints":{"allow":["GET"]}}],"collection":[{"href":"https:\/\/traduccion-jurada.idisc.com\/pt-br\/wp-json\/wp\/v2\/product"}],"about":[{"href":"https:\/\/traduccion-jurada.idisc.com\/pt-br\/wp-json\/wp\/v2\/types\/product"}],"wp:featuredmedia":[{"embeddable":true,"href":"https:\/\/traduccion-jurada.idisc.com\/pt-br\/wp-json\/wp\/v2\/media\/7208"}],"wp:attachment":[{"href":"https:\/\/traduccion-jurada.idisc.com\/pt-br\/wp-json\/wp\/v2\/media?parent=7277"}],"wp:term":[{"taxonomy":"product_brand","embeddable":true,"href":"https:\/\/traduccion-jurada.idisc.com\/pt-br\/wp-json\/wp\/v2\/product_brand?post=7277"},{"taxonomy":"product_cat","embeddable":true,"href":"https:\/\/traduccion-jurada.idisc.com\/pt-br\/wp-json\/wp\/v2\/product_cat?post=7277"},{"taxonomy":"product_tag","embeddable":true,"href":"https:\/\/traduccion-jurada.idisc.com\/pt-br\/wp-json\/wp\/v2\/product_tag?post=7277"}],"curies":[{"name":"wp","href":"https:\/\/api.w.org\/{rel}","templated":true}]}}