{"id":7276,"date":"2024-07-10T18:25:14","date_gmt":"2024-07-10T18:25:14","guid":{"rendered":"https:\/\/traduccion-jurada.idisc.com\/producto\/dni-nie\/"},"modified":"2026-02-12T09:56:34","modified_gmt":"2026-02-12T08:56:34","slug":"dni-nie","status":"publish","type":"product","link":"https:\/\/traduccion-jurada.idisc.com\/pt-br\/producto\/dni-nie\/","title":{"rendered":"DNI \/ NIE"},"content":{"rendered":"<h2>Tradu\u00e7\u00e3o juramentada de DNI \/ NIE<\/h2>\n<p data-start=\"249\" data-end=\"749\">A <strong data-start=\"252\" data-end=\"289\">tradu\u00e7\u00e3o juramentada de um DNI ou NIE<\/strong> pode ser necess\u00e1ria para procedimentos legais, administrativos, educacionais ou de imigra\u00e7\u00e3o, tanto na Espanha quanto no exterior. Na iDISC, esse servi\u00e7o \u00e9 prestado exclusivamente por <strong data-start=\"467\" data-end=\"588\">tradutores-int\u00e9rpretes juramentados nomeados pelo Minist\u00e9rio das Rela\u00e7\u00f5es Exteriores, Uni\u00e3o Europeia e Coopera\u00e7\u00e3o (MAEC) da Espanha<\/strong>, garantindo que a tradu\u00e7\u00e3o tenha <strong data-start=\"627\" data-end=\"652\">validade oficial total<\/strong> perante administra\u00e7\u00f5es p\u00fablicas, empresas, universidades, embaixadas e organiza\u00e7\u00f5es internacionais.<\/p>\n<p data-start=\"249\" data-end=\"749\">Embora o DNI ou o NIE seja um documento de identifica\u00e7\u00e3o, quando ele precisa ser apresentado a uma autoridade em um pa\u00eds cujo idioma \u00e9 diferente do espanhol, uma <strong data-start=\"896\" data-end=\"917\">tradu\u00e7\u00e3o juramentada<\/strong> \u00e9 a \u00fanica maneira de garantir sua aceita\u00e7\u00e3o formal.<\/p>\n<h2>O que \u00e9 o DNI e o que \u00e9 o NIE?<\/h2>\n<h3 data-start=\"1016\" data-end=\"1063\">DNI &#8211; Documento Nacional de Identidade<\/h3>\n<p data-start=\"1064\" data-end=\"1170\">Esse \u00e9 o documento oficial que credencia a identidade e a nacionalidade dos cidad\u00e3os espanh\u00f3is. Esse documento inclui nome completo, data de nascimento, n\u00famero de identifica\u00e7\u00e3o, nacionalidade, data de emiss\u00e3o e validade, fotografia. O <strong data-start=\"240\" data-end=\"281\">DNI (Documento Nacional de Identidade)<\/strong> \u00e9 emitido pela <strong data-start=\"300\" data-end=\"335\">Dire\u00e7\u00e3o Geral de Pol\u00edcia<\/strong>, especificamente pelos <strong data-start=\"359\" data-end=\"393\">Escrit\u00f3rios de Emiss\u00e3o de DNI<\/strong> localizados em toda a Espanha. Somente <strong data-start=\"448\" data-end=\"472\">cidad\u00e3os espanh\u00f3is<\/strong> podem obter um DNI.<\/p>\n<h3 data-start=\"1304\" data-end=\"1353\">NIE &#8211; N\u00famero de Identidade de Estrangeiro<\/h3>\n<p data-start=\"1354\" data-end=\"1588\">Esse \u00e9 o identificador oficial atribu\u00eddo aos estrangeiros que residem ou fazem neg\u00f3cios na Espanha. Pode ser declarado em diferentes documentos, como cart\u00f5es de resid\u00eancia (TIE) ou em certificados emitidos pela pol\u00edcia ou pelo escrit\u00f3rio para estranjeiros. O <strong data-start=\"530\" data-end=\"573\">NIE (N\u00famero de Identidade de Estrangeiro)<\/strong> \u00e9 atribu\u00eddo pela <strong data-start=\"593\" data-end=\"628\">Dire\u00e7\u00e3o Geral da Pol\u00edcia<\/strong>, por meio dos <strong data-start=\"646\" data-end=\"673\">escrit\u00f3rios para estrangeiros<\/strong> ou <strong data-start=\"676\" data-end=\"702\">delegacias de pol\u00edcia autorizadas<\/strong>. Esse n\u00famero \u00e9 emitido para estrangeiros residentes na Espanha, pessoas que realizam procedimentos com a administra\u00e7\u00e3o espanhola e solicitantes de vistos ou permiss\u00f5es antes de sua chegada. O NIE pode aparecer em diferentes documentos oficiais, como o <strong data-start=\"976\" data-end=\"1020\">TIE (Cart\u00e3o de Identidade de Estrangeiro)<\/strong> ou em certificados emitidos pelo escrit\u00f3rio de estrangeiros.<\/p>\n<p data-start=\"1354\" data-end=\"1588\">Tanto o DNI quanto o NIE s\u00e3o considerados <strong data-start=\"1629\" data-end=\"1665\">documentos pessoais essenciais<\/strong> e, quando usados fora da Espanha ou em procedimentos internacionais, podem exigir uma tradu\u00e7\u00e3o juramentada.<\/p>\n<h2 data-start=\"1782\" data-end=\"1845\">Quando voc\u00ea precisa de uma tradu\u00e7\u00e3o juramentada do seu DNI ou NIE?<\/h2>\n<p>As tradu\u00e7\u00f5es juramentadas geralmente s\u00e3o obrigat\u00f3rias em situa\u00e7\u00f5es como:<\/p>\n<ul>\n<li><strong>Procedimentos migrat\u00f3rios e vistos no exterior<\/strong>: as autoridades de outros pa\u00edses podem exigir uma tradu\u00e7\u00e3o oficial do seu documento de identidade para processar vistos, autoriza\u00e7\u00f5es de resid\u00eancia, autoriza\u00e7\u00f5es de trabalho e reunifica\u00e7\u00e3o familiar.<\/li>\n<li><strong>Estudo no exterior<\/strong>: universidades ou institui\u00e7\u00f5es acad\u00eamicas podem solicit\u00e1-lo para preencher dossi\u00eas ou verifica\u00e7\u00f5es administrativas.<\/li>\n<li><strong>Processos de emprego internacionais<\/strong>: as empresas estrangeiras podem exigir uma tradu\u00e7\u00e3o oficial do DNI ou NIE como parte do arquivo de recrutamento ou como prova de identidade.<\/li>\n<li><strong>Procedimentos legais<\/strong>: processos judiciais, heran\u00e7as, ado\u00e7\u00f5es ou procedimentos notariais fora da Espanha podem exigir que o documento seja traduzido de forma certificada.<\/li>\n<li><strong>Apresenta\u00e7\u00e3o na Espanha de documentos estrangeiros equivalentes<\/strong>: se voc\u00ea tiver que comprovar sua identidade na Espanha por meio de um documento estrangeiro, ser\u00e1 necess\u00e1ria uma tradu\u00e7\u00e3o juramentada para o espanhol.<\/li>\n<\/ul>\n<h2 data-start=\"2944\" data-end=\"2975\">Apostila e legaliza\u00e7\u00e3o<\/h2>\n<p data-start=\"2977\" data-end=\"3135\">Na maioria dos casos, o DNI e o NIE <strong data-start=\"3021\" data-end=\"3041\">n\u00e3o s\u00e3o apostilados<\/strong>, pois n\u00e3o foram projetados para serem documentos legalizados internacionalmente.<br data-start=\"3120\" data-end=\"3123\" \/>Entretanto, algumas autoridades estrangeiras podem solicitar <strong data-start=\"3189\" data-end=\"3217\">o apostilamento ou a legaliza\u00e7\u00e3o<\/strong> de certificados emitidos pela pol\u00edcia ou pelo departamento de estrangeiros (por exemplo, um certificado contendo o NIE). Nesses casos, a apostila \u00e9 aplicada <strong data-start=\"3369\" data-end=\"3429\">no documento oficial emitido pela administra\u00e7\u00e3o<\/strong>, n\u00e3o no cart\u00e3o f\u00edsico. Se a sua situa\u00e7\u00e3o exige uma apostila ou legaliza\u00e7\u00e3o, podemos aconselhar voc\u00ea sobre como proceder.<\/p>\n<h2>Compromisso com a qualidade<\/h2>\n<p><span data-contrast=\"auto\">Na <\/span><b><span data-contrast=\"auto\">iDISC<\/span><\/b><span data-contrast=\"auto\">, temos o compromisso de fornecer <\/span><b><span data-contrast=\"auto\">tradu\u00e7\u00f5es juramentadas de alta qualidade<\/span><\/b><span data-contrast=\"auto\"> realizadas por tradutores juramentados com ampla experi\u00eancia. Cada tradu\u00e7\u00e3o \u00e9 produzida com <\/span><b><span data-contrast=\"auto\">precis\u00e3o<\/span><\/b><span data-contrast=\"auto\"> e <\/span><b><span data-contrast=\"auto\">formalidade<\/span><\/b><span data-contrast=\"auto\">, atendendo a todos os requisitos necess\u00e1rios para garantir que seus documentos sejam aceitos por autoridades governamentais e outras institui\u00e7\u00f5es. Nosso objetivo \u00e9 garantir que cada tradu\u00e7\u00e3o reflita com precis\u00e3o as informa\u00e7\u00f5es contidas no seu t\u00edtulo de eleitor, proporcionando confian\u00e7a e seguran\u00e7a em cada transa\u00e7\u00e3o que voc\u00ea fizer.<\/span><\/p>\n","protected":false},"excerpt":{"rendered":"<p><span data-olk-copy-source=\"MessageBody\">Tradu\u00e7\u00e3o juramentada de um DNI (Documento Nacional de Identidade) ou NIE (N\u00famero de Identidade de Estrangeiro)<\/span>.<\/p>\n","protected":false},"featured_media":7214,"template":"","meta":[],"product_brand":[],"product_cat":[134],"product_tag":[],"class_list":{"0":"post-7276","1":"product","2":"type-product","3":"status-publish","4":"has-post-thumbnail","6":"product_cat-sem-categoria","7":"image-hover-transition-effect","9":"first","10":"instock","11":"taxable","12":"shipping-taxable","13":"purchasable","14":"product-type-simple"},"yoast_head":"<!-- This site is optimized with the Yoast SEO plugin v27.2 - https:\/\/yoast.com\/product\/yoast-seo-wordpress\/ -->\n<title>Tradu\u00e7\u00e3o juramentada de DNI ou NIE - Tradu\u00e7\u00e3o Juramentada | iDISC<\/title>\n<meta name=\"description\" content=\"Obtenha uma tradu\u00e7\u00e3o juramentada do seu DNI ou NIE com validade legal para procedimentos de imigra\u00e7\u00e3o, acad\u00eamicos e jur\u00eddicos na Espanha e no exterior.\" \/>\n<meta name=\"robots\" content=\"index, follow, max-snippet:-1, max-image-preview:large, max-video-preview:-1\" \/>\n<link rel=\"canonical\" href=\"https:\/\/traduccion-jurada.idisc.com\/pt-br\/producto\/dni-nie\/\" \/>\n<meta property=\"og:locale\" content=\"pt_BR\" \/>\n<meta property=\"og:type\" content=\"article\" \/>\n<meta property=\"og:title\" content=\"Tradu\u00e7\u00e3o juramentada de DNI ou NIE - Tradu\u00e7\u00e3o Juramentada | iDISC\" \/>\n<meta property=\"og:description\" content=\"Obtenha uma tradu\u00e7\u00e3o juramentada do seu DNI ou NIE com validade legal para procedimentos de imigra\u00e7\u00e3o, acad\u00eamicos e jur\u00eddicos na Espanha e no exterior.\" \/>\n<meta property=\"og:url\" content=\"https:\/\/traduccion-jurada.idisc.com\/pt-br\/producto\/dni-nie\/\" \/>\n<meta property=\"og:site_name\" content=\"Tradu\u00e7\u00e3o Juramentada\" \/>\n<meta property=\"article:publisher\" content=\"https:\/\/www.facebook.com\/idiscit\" \/>\n<meta property=\"article:modified_time\" content=\"2026-02-12T08:56:34+00:00\" \/>\n<meta property=\"og:image\" content=\"https:\/\/traduccion-jurada.idisc.com\/wp-content\/uploads\/2024\/07\/identificacion.png\" \/>\n\t<meta property=\"og:image:width\" content=\"512\" \/>\n\t<meta property=\"og:image:height\" content=\"512\" \/>\n\t<meta property=\"og:image:type\" content=\"image\/png\" \/>\n<meta name=\"twitter:card\" content=\"summary_large_image\" \/>\n<meta name=\"twitter:site\" content=\"@idiscit\" \/>\n<meta name=\"twitter:label1\" content=\"Est. tempo de leitura\" \/>\n\t<meta name=\"twitter:data1\" content=\"4 minutos\" \/>\n<!-- \/ Yoast SEO plugin. -->","yoast_head_json":{"title":"Tradu\u00e7\u00e3o juramentada de DNI ou NIE - Tradu\u00e7\u00e3o Juramentada | iDISC","description":"Obtenha uma tradu\u00e7\u00e3o juramentada do seu DNI ou NIE com validade legal para procedimentos de imigra\u00e7\u00e3o, acad\u00eamicos e jur\u00eddicos na Espanha e no exterior.","robots":{"index":"index","follow":"follow","max-snippet":"max-snippet:-1","max-image-preview":"max-image-preview:large","max-video-preview":"max-video-preview:-1"},"canonical":"https:\/\/traduccion-jurada.idisc.com\/pt-br\/producto\/dni-nie\/","og_locale":"pt_BR","og_type":"article","og_title":"Tradu\u00e7\u00e3o juramentada de DNI ou NIE - Tradu\u00e7\u00e3o Juramentada | iDISC","og_description":"Obtenha uma tradu\u00e7\u00e3o juramentada do seu DNI ou NIE com validade legal para procedimentos de imigra\u00e7\u00e3o, acad\u00eamicos e jur\u00eddicos na Espanha e no exterior.","og_url":"https:\/\/traduccion-jurada.idisc.com\/pt-br\/producto\/dni-nie\/","og_site_name":"Tradu\u00e7\u00e3o Juramentada","article_publisher":"https:\/\/www.facebook.com\/idiscit","article_modified_time":"2026-02-12T08:56:34+00:00","og_image":[{"width":512,"height":512,"url":"https:\/\/traduccion-jurada.idisc.com\/wp-content\/uploads\/2024\/07\/identificacion.png","type":"image\/png"}],"twitter_card":"summary_large_image","twitter_site":"@idiscit","twitter_misc":{"Est. tempo de leitura":"4 minutos"},"schema":{"@context":"https:\/\/schema.org","@graph":[{"@type":"WebPage","@id":"https:\/\/traduccion-jurada.idisc.com\/pt-br\/producto\/dni-nie\/","url":"https:\/\/traduccion-jurada.idisc.com\/pt-br\/producto\/dni-nie\/","name":"Tradu\u00e7\u00e3o juramentada de DNI ou NIE - Tradu\u00e7\u00e3o Juramentada | iDISC","isPartOf":{"@id":"https:\/\/traduccion-jurada.idisc.com\/pt-br\/#website"},"primaryImageOfPage":{"@id":"https:\/\/traduccion-jurada.idisc.com\/pt-br\/producto\/dni-nie\/#primaryimage"},"image":{"@id":"https:\/\/traduccion-jurada.idisc.com\/pt-br\/producto\/dni-nie\/#primaryimage"},"thumbnailUrl":"https:\/\/traduccion-jurada.idisc.com\/wp-content\/uploads\/2024\/07\/identificacion.png","datePublished":"2024-07-10T18:25:14+00:00","dateModified":"2026-02-12T08:56:34+00:00","description":"Obtenha uma tradu\u00e7\u00e3o juramentada do seu DNI ou NIE com validade legal para procedimentos de imigra\u00e7\u00e3o, acad\u00eamicos e jur\u00eddicos na Espanha e no exterior.","breadcrumb":{"@id":"https:\/\/traduccion-jurada.idisc.com\/pt-br\/producto\/dni-nie\/#breadcrumb"},"inLanguage":"pt-BR","potentialAction":[{"@type":"ReadAction","target":["https:\/\/traduccion-jurada.idisc.com\/pt-br\/producto\/dni-nie\/"]}]},{"@type":"ImageObject","inLanguage":"pt-BR","@id":"https:\/\/traduccion-jurada.idisc.com\/pt-br\/producto\/dni-nie\/#primaryimage","url":"https:\/\/traduccion-jurada.idisc.com\/wp-content\/uploads\/2024\/07\/identificacion.png","contentUrl":"https:\/\/traduccion-jurada.idisc.com\/wp-content\/uploads\/2024\/07\/identificacion.png","width":512,"height":512},{"@type":"BreadcrumbList","@id":"https:\/\/traduccion-jurada.idisc.com\/pt-br\/producto\/dni-nie\/#breadcrumb","itemListElement":[{"@type":"ListItem","position":1,"name":"Home","item":"https:\/\/traduccion-jurada.idisc.com\/pt-br\/"},{"@type":"ListItem","position":2,"name":"Loja","item":"https:\/\/traduccion-jurada.idisc.com\/pt-br\/loja\/"},{"@type":"ListItem","position":3,"name":"DNI \/ NIE"}]},{"@type":"WebSite","@id":"https:\/\/traduccion-jurada.idisc.com\/pt-br\/#website","url":"https:\/\/traduccion-jurada.idisc.com\/pt-br\/","name":"Traducci\u00f3n Jurada iDISC","description":"","publisher":{"@id":"https:\/\/traduccion-jurada.idisc.com\/pt-br\/#organization"},"potentialAction":[{"@type":"SearchAction","target":{"@type":"EntryPoint","urlTemplate":"https:\/\/traduccion-jurada.idisc.com\/pt-br\/?s={search_term_string}"},"query-input":{"@type":"PropertyValueSpecification","valueRequired":true,"valueName":"search_term_string"}}],"inLanguage":"pt-BR"},{"@type":"Organization","@id":"https:\/\/traduccion-jurada.idisc.com\/pt-br\/#organization","name":"iDISC Information Technolgies","url":"https:\/\/traduccion-jurada.idisc.com\/pt-br\/","logo":{"@type":"ImageObject","inLanguage":"pt-BR","@id":"https:\/\/traduccion-jurada.idisc.com\/pt-br\/#\/schema\/logo\/image\/","url":"https:\/\/traduccion-jurada.idisc.com\/wp-content\/uploads\/2025\/11\/cropped-Logo_idisc.png","contentUrl":"https:\/\/traduccion-jurada.idisc.com\/wp-content\/uploads\/2025\/11\/cropped-Logo_idisc.png","width":905,"height":524,"caption":"iDISC Information Technolgies"},"image":{"@id":"https:\/\/traduccion-jurada.idisc.com\/pt-br\/#\/schema\/logo\/image\/"},"sameAs":["https:\/\/www.facebook.com\/idiscit","https:\/\/x.com\/idiscit","https:\/\/www.instagram.com\/idisc_it\/","https:\/\/www.linkedin.com\/company\/idiscit"]}]}},"_links":{"self":[{"href":"https:\/\/traduccion-jurada.idisc.com\/pt-br\/wp-json\/wp\/v2\/product\/7276","targetHints":{"allow":["GET"]}}],"collection":[{"href":"https:\/\/traduccion-jurada.idisc.com\/pt-br\/wp-json\/wp\/v2\/product"}],"about":[{"href":"https:\/\/traduccion-jurada.idisc.com\/pt-br\/wp-json\/wp\/v2\/types\/product"}],"wp:featuredmedia":[{"embeddable":true,"href":"https:\/\/traduccion-jurada.idisc.com\/pt-br\/wp-json\/wp\/v2\/media\/7214"}],"wp:attachment":[{"href":"https:\/\/traduccion-jurada.idisc.com\/pt-br\/wp-json\/wp\/v2\/media?parent=7276"}],"wp:term":[{"taxonomy":"product_brand","embeddable":true,"href":"https:\/\/traduccion-jurada.idisc.com\/pt-br\/wp-json\/wp\/v2\/product_brand?post=7276"},{"taxonomy":"product_cat","embeddable":true,"href":"https:\/\/traduccion-jurada.idisc.com\/pt-br\/wp-json\/wp\/v2\/product_cat?post=7276"},{"taxonomy":"product_tag","embeddable":true,"href":"https:\/\/traduccion-jurada.idisc.com\/pt-br\/wp-json\/wp\/v2\/product_tag?post=7276"}],"curies":[{"name":"wp","href":"https:\/\/api.w.org\/{rel}","templated":true}]}}