{"id":7275,"date":"2024-10-23T14:56:17","date_gmt":"2024-10-23T19:56:17","guid":{"rendered":"https:\/\/traduccion-jurada.idisc.com\/producto\/atestado-de-obito\/"},"modified":"2024-10-23T14:56:17","modified_gmt":"2024-10-23T12:56:17","slug":"atestado-de-obito","status":"publish","type":"product","link":"https:\/\/traduccion-jurada.idisc.com\/pt-br\/producto\/atestado-de-obito\/","title":{"rendered":"Atestado de \u00f3bito"},"content":{"rendered":"<h2>Tradu\u00e7\u00e3o juramentada do atestado de \u00f3bito<\/h2>\n<p data-start=\"312\" data-end=\"830\">A <strong data-start=\"315\" data-end=\"367\">tradu\u00e7\u00e3o juramentada de um atestado de \u00f3bito<\/strong> \u00e9 um servi\u00e7o essencial para muitos procedimentos legais, administrativos e patrimoniais, tanto na Espanha quanto no exterior. Na iDISC, todas as nossas tradu\u00e7\u00f5es juramentadas s\u00e3o realizadas por <strong data-start=\"569\" data-end=\"690\">tradutores-int\u00e9rpretes juramentados nomeados pelo Minist\u00e9rio das Rela\u00e7\u00f5es Exteriores, Uni\u00e3o Europeia e Coopera\u00e7\u00e3o (MAEC) da Espanha<\/strong>, o que garante sua <strong data-start=\"712\" data-end=\"731\">validade oficial<\/strong> perante registros civis, tribunais, cart\u00f3rios, companhias de seguros, consulados e organiza\u00e7\u00f5es internacionais.<\/p>\n<p data-start=\"832\" data-end=\"1078\">Esse tipo de tradu\u00e7\u00e3o tamb\u00e9m \u00e9 conhecido como <strong data-start=\"879\" data-end=\"900\">tradu\u00e7\u00e3o juramentada<\/strong>, <strong data-start=\"902\" data-end=\"924\">tradu\u00e7\u00e3o oficial<\/strong> ou <strong data-start=\"927\" data-end=\"953\">tradu\u00e7\u00e3o certificada<\/strong> e \u00e9 necess\u00e1rio sempre que o atestado de \u00f3bito \u00e9 apresentado em um idioma diferente daquele do pa\u00eds emissor ou de destino.<\/p>\n<h2>O que \u00e9 um atestado de \u00f3bito?<\/h2>\n<p data-start=\"1130\" data-end=\"1298\">O <strong data-start=\"1133\" data-end=\"1161\">atestado de \u00f3bito<\/strong> \u00e9 um documento oficial emitido pelo <strong data-start=\"1201\" data-end=\"1219\">Registro Civil<\/strong> do pa\u00eds onde ocorreu o falecimento. Inclui informa\u00e7\u00f5es importantes, como a data e o local do falecimento, dados pessoais do falecido, a causa da morte (de acordo com os regulamentos do pa\u00eds emissor) e os detalhes do Registro Civil ou da autoridade emissora.<\/p>\n<p data-start=\"1484\" data-end=\"1665\">Esse documento \u00e9 de import\u00e2ncia jur\u00eddica fundamental e \u00e9 necess\u00e1rio para v\u00e1rios procedimentos relacionados a heran\u00e7a, seguro, propriedade, pens\u00f5es e formalidades administrativas.<\/p>\n<p data-start=\"1667\" data-end=\"1803\">Quando essas formalidades precisam ser realizadas em um pa\u00eds diferente do pa\u00eds que emitiu o certificado, geralmente \u00e9 obrigat\u00f3ria uma <strong data-start=\"1759\" data-end=\"1780\">tradu\u00e7\u00e3o juramentada<\/strong>.<\/p>\n<h2 data-start=\"1810\" data-end=\"1888\">Quando voc\u00ea precisa de uma tradu\u00e7\u00e3o juramentada de um atestado de \u00f3bito?<\/h2>\n<p>Uma <strong>tradu\u00e7\u00e3o juramentada do atestado de \u00f3bito<\/strong> \u00e9 necess\u00e1ria em muitas situa\u00e7\u00f5es, incluindo as seguintes:<\/p>\n<ul>\n<li><strong>Processos de heran\u00e7a e sucess\u00e3o<\/strong>: se os bens, a propriedade ou os herdeiros estiverem localizados em outro pa\u00eds, ser\u00e1 necess\u00e1ria uma tradu\u00e7\u00e3o juramentada para iniciar ou continuar a sucess\u00e3o.<\/li>\n<li><strong>Reivindica\u00e7\u00f5es de seguro<\/strong>: as seguradoras de outros pa\u00edses exigir\u00e3o uma tradu\u00e7\u00e3o juramentada para validar ap\u00f3lices de seguro de vida, acidentes ou funeral.<\/li>\n<li><strong>Transa\u00e7\u00f5es banc\u00e1rias e imobili\u00e1rias internacionais<\/strong>: o fechamento ou a transfer\u00eancia de contas banc\u00e1rias, investimentos ou propriedades no exterior exige a apresenta\u00e7\u00e3o do certificado no idioma oficial da entidade ou jurisdi\u00e7\u00e3o relevante.<\/li>\n<li><strong>Procedimentos migrat\u00f3rios ou consulares<\/strong>: em casos de reunifica\u00e7\u00e3o familiar, vistos especiais ou regulariza\u00e7\u00e3o de documentos ap\u00f3s a morte de um membro da fam\u00edlia.<\/li>\n<li><strong>Registro ou valida\u00e7\u00e3o de \u00f3bito em outro pa\u00eds<\/strong>: ao informar embaixadas, consulados ou ag\u00eancias estrangeiras.<\/li>\n<\/ul>\n<h2>Apostila e legaliza\u00e7\u00e3o<\/h2>\n<p data-start=\"2956\" data-end=\"3082\">Se o atestado de \u00f3bito tiver que ser apresentado no exterior, talvez voc\u00ea tamb\u00e9m precise apostil\u00e1-lo ou legaliz\u00e1-lo. Para os pa\u00edses <strong data-start=\"3102\" data-end=\"3125\">da Conven\u00e7\u00e3o de Haia<\/strong>, \u00e9 necess\u00e1ria <strong data-start=\"3139\" data-end=\"3152\">uma Apostila<\/strong>. Para pa\u00edses que n\u00e3o fazem parte da Conven\u00e7\u00e3o, \u00e9 necess\u00e1ria <strong data-start=\"3202\" data-end=\"3227\">a legaliza\u00e7\u00e3o consular<\/strong>.<\/p>\n<p data-start=\"3230\" data-end=\"3481\">A apostila \u00e9 colocada <strong data-start=\"3265\" data-end=\"3296\">no documento original<\/strong>, nunca na tradu\u00e7\u00e3o. Se o certificado j\u00e1 foi apostilado, podemos providenciar uma <strong data-start=\"3392\" data-end=\"3456\">tradu\u00e7\u00e3o juramentada do certificado e da apostila<\/strong>, se necess\u00e1rio.<\/p>\n<p data-start=\"3483\" data-end=\"3545\">Na Espanha, a apostila geralmente \u00e9 processada por meio das <strong data-start=\"3553\" data-end=\"3576\">Associa\u00e7\u00f5es de Not\u00e1rios<\/strong> ou dos <strong data-start=\"3588\" data-end=\"3642\">Escrit\u00f3rios Territoriais do Minist\u00e9rio da Justi\u00e7a<\/strong>, dependendo do tipo de documento e de sua assinatura. Podemos aconselhar voc\u00ea a op\u00e7\u00e3o apropriada para o seu caso.<\/p>\n<h2>Compromisso com a qualidade<\/h2>\n<p><span data-contrast=\"auto\">Na iDISC, temos o compromisso de fornecer <\/span><b><span data-contrast=\"auto\">tradu\u00e7\u00f5es juramentadas <\/span><\/b><span data-contrast=\"auto\">com os mais altos padr\u00f5es de qualidade e precis\u00e3o. Todo o nosso trabalho \u00e9 realizado por tradutores juramentados experientes, que possuem o registro no MAEC (Minist\u00e9rio de Assuntos Estrangeiros e Coopera\u00e7\u00e3o da Espanha), garantindo que seu documento seja fiel ao original e mantenha sua validade legal. Somos especializados em garantir a precis\u00e3o de cada tradu\u00e7\u00e3o, assegurando que seus procedimentos legais, administrativos ou pessoais sejam realizados sem problemas.<\/span><\/p>\n","protected":false},"excerpt":{"rendered":"<p>Tradu\u00e7\u00e3o juramentada de um atestado de \u00f3bito emitida pelo Registro Civil.<\/p>\n","protected":false},"featured_media":7213,"template":"","meta":[],"product_brand":[],"product_cat":[134],"product_tag":[],"class_list":{"0":"post-7275","1":"product","2":"type-product","3":"status-publish","4":"has-post-thumbnail","6":"product_cat-sem-categoria","7":"image-hover-transition-effect","9":"first","10":"instock","11":"taxable","12":"shipping-taxable","13":"purchasable","14":"product-type-simple"},"yoast_head":"<!-- This site is optimized with the Yoast SEO plugin v27.2 - https:\/\/yoast.com\/product\/yoast-seo-wordpress\/ -->\n<title>Tradu\u00e7\u00e3o juramentada do atestado de \u00f3bito - Tradu\u00e7\u00e3o Juramentada | iDISC<\/title>\n<meta name=\"description\" content=\"Obtenha uma tradu\u00e7\u00e3o juramentada feita por um tradutor juramentado do seu atestado de \u00f3bito com validade legal para imigra\u00e7\u00e3o e outros processos legais.\" \/>\n<meta name=\"robots\" content=\"index, follow, max-snippet:-1, max-image-preview:large, max-video-preview:-1\" \/>\n<link rel=\"canonical\" href=\"https:\/\/traduccion-jurada.idisc.com\/pt-br\/producto\/atestado-de-obito\/\" \/>\n<meta property=\"og:locale\" content=\"pt_BR\" \/>\n<meta property=\"og:type\" content=\"article\" \/>\n<meta property=\"og:title\" content=\"Tradu\u00e7\u00e3o juramentada do atestado de \u00f3bito - Tradu\u00e7\u00e3o Juramentada | iDISC\" \/>\n<meta property=\"og:description\" content=\"Obtenha uma tradu\u00e7\u00e3o juramentada feita por um tradutor juramentado do seu atestado de \u00f3bito com validade legal para imigra\u00e7\u00e3o e outros processos legais.\" \/>\n<meta property=\"og:url\" content=\"https:\/\/traduccion-jurada.idisc.com\/pt-br\/producto\/atestado-de-obito\/\" \/>\n<meta property=\"og:site_name\" content=\"Tradu\u00e7\u00e3o Juramentada\" \/>\n<meta property=\"article:publisher\" content=\"https:\/\/www.facebook.com\/idiscit\" \/>\n<meta property=\"og:image\" content=\"https:\/\/traduccion-jurada.idisc.com\/wp-content\/uploads\/2024\/10\/acta_defuncion.png\" \/>\n\t<meta property=\"og:image:width\" content=\"512\" \/>\n\t<meta property=\"og:image:height\" content=\"512\" \/>\n\t<meta property=\"og:image:type\" content=\"image\/png\" \/>\n<meta name=\"twitter:card\" content=\"summary_large_image\" \/>\n<meta name=\"twitter:site\" content=\"@idiscit\" \/>\n<meta name=\"twitter:label1\" content=\"Est. tempo de leitura\" \/>\n\t<meta name=\"twitter:data1\" content=\"3 minutos\" \/>\n<!-- \/ Yoast SEO plugin. -->","yoast_head_json":{"title":"Tradu\u00e7\u00e3o juramentada do atestado de \u00f3bito - Tradu\u00e7\u00e3o Juramentada | iDISC","description":"Obtenha uma tradu\u00e7\u00e3o juramentada feita por um tradutor juramentado do seu atestado de \u00f3bito com validade legal para imigra\u00e7\u00e3o e outros processos legais.","robots":{"index":"index","follow":"follow","max-snippet":"max-snippet:-1","max-image-preview":"max-image-preview:large","max-video-preview":"max-video-preview:-1"},"canonical":"https:\/\/traduccion-jurada.idisc.com\/pt-br\/producto\/atestado-de-obito\/","og_locale":"pt_BR","og_type":"article","og_title":"Tradu\u00e7\u00e3o juramentada do atestado de \u00f3bito - Tradu\u00e7\u00e3o Juramentada | iDISC","og_description":"Obtenha uma tradu\u00e7\u00e3o juramentada feita por um tradutor juramentado do seu atestado de \u00f3bito com validade legal para imigra\u00e7\u00e3o e outros processos legais.","og_url":"https:\/\/traduccion-jurada.idisc.com\/pt-br\/producto\/atestado-de-obito\/","og_site_name":"Tradu\u00e7\u00e3o Juramentada","article_publisher":"https:\/\/www.facebook.com\/idiscit","og_image":[{"width":512,"height":512,"url":"https:\/\/traduccion-jurada.idisc.com\/wp-content\/uploads\/2024\/10\/acta_defuncion.png","type":"image\/png"}],"twitter_card":"summary_large_image","twitter_site":"@idiscit","twitter_misc":{"Est. tempo de leitura":"3 minutos"},"schema":{"@context":"https:\/\/schema.org","@graph":[{"@type":"WebPage","@id":"https:\/\/traduccion-jurada.idisc.com\/pt-br\/producto\/atestado-de-obito\/","url":"https:\/\/traduccion-jurada.idisc.com\/pt-br\/producto\/atestado-de-obito\/","name":"Tradu\u00e7\u00e3o juramentada do atestado de \u00f3bito - Tradu\u00e7\u00e3o Juramentada | iDISC","isPartOf":{"@id":"https:\/\/traduccion-jurada.idisc.com\/pt-br\/#website"},"primaryImageOfPage":{"@id":"https:\/\/traduccion-jurada.idisc.com\/pt-br\/producto\/atestado-de-obito\/#primaryimage"},"image":{"@id":"https:\/\/traduccion-jurada.idisc.com\/pt-br\/producto\/atestado-de-obito\/#primaryimage"},"thumbnailUrl":"https:\/\/traduccion-jurada.idisc.com\/wp-content\/uploads\/2024\/10\/acta_defuncion.png","datePublished":"2024-10-23T19:56:17+00:00","description":"Obtenha uma tradu\u00e7\u00e3o juramentada feita por um tradutor juramentado do seu atestado de \u00f3bito com validade legal para imigra\u00e7\u00e3o e outros processos legais.","breadcrumb":{"@id":"https:\/\/traduccion-jurada.idisc.com\/pt-br\/producto\/atestado-de-obito\/#breadcrumb"},"inLanguage":"pt-BR","potentialAction":[{"@type":"ReadAction","target":["https:\/\/traduccion-jurada.idisc.com\/pt-br\/producto\/atestado-de-obito\/"]}]},{"@type":"ImageObject","inLanguage":"pt-BR","@id":"https:\/\/traduccion-jurada.idisc.com\/pt-br\/producto\/atestado-de-obito\/#primaryimage","url":"https:\/\/traduccion-jurada.idisc.com\/wp-content\/uploads\/2024\/10\/acta_defuncion.png","contentUrl":"https:\/\/traduccion-jurada.idisc.com\/wp-content\/uploads\/2024\/10\/acta_defuncion.png","width":512,"height":512},{"@type":"BreadcrumbList","@id":"https:\/\/traduccion-jurada.idisc.com\/pt-br\/producto\/atestado-de-obito\/#breadcrumb","itemListElement":[{"@type":"ListItem","position":1,"name":"Home","item":"https:\/\/traduccion-jurada.idisc.com\/pt-br\/"},{"@type":"ListItem","position":2,"name":"Loja","item":"https:\/\/traduccion-jurada.idisc.com\/pt-br\/loja\/"},{"@type":"ListItem","position":3,"name":"Atestado de \u00f3bito"}]},{"@type":"WebSite","@id":"https:\/\/traduccion-jurada.idisc.com\/pt-br\/#website","url":"https:\/\/traduccion-jurada.idisc.com\/pt-br\/","name":"Traducci\u00f3n Jurada iDISC","description":"","publisher":{"@id":"https:\/\/traduccion-jurada.idisc.com\/pt-br\/#organization"},"potentialAction":[{"@type":"SearchAction","target":{"@type":"EntryPoint","urlTemplate":"https:\/\/traduccion-jurada.idisc.com\/pt-br\/?s={search_term_string}"},"query-input":{"@type":"PropertyValueSpecification","valueRequired":true,"valueName":"search_term_string"}}],"inLanguage":"pt-BR"},{"@type":"Organization","@id":"https:\/\/traduccion-jurada.idisc.com\/pt-br\/#organization","name":"iDISC Information Technolgies","url":"https:\/\/traduccion-jurada.idisc.com\/pt-br\/","logo":{"@type":"ImageObject","inLanguage":"pt-BR","@id":"https:\/\/traduccion-jurada.idisc.com\/pt-br\/#\/schema\/logo\/image\/","url":"https:\/\/traduccion-jurada.idisc.com\/wp-content\/uploads\/2025\/11\/cropped-Logo_idisc.png","contentUrl":"https:\/\/traduccion-jurada.idisc.com\/wp-content\/uploads\/2025\/11\/cropped-Logo_idisc.png","width":905,"height":524,"caption":"iDISC Information Technolgies"},"image":{"@id":"https:\/\/traduccion-jurada.idisc.com\/pt-br\/#\/schema\/logo\/image\/"},"sameAs":["https:\/\/www.facebook.com\/idiscit","https:\/\/x.com\/idiscit","https:\/\/www.instagram.com\/idisc_it\/","https:\/\/www.linkedin.com\/company\/idiscit"]}]}},"_links":{"self":[{"href":"https:\/\/traduccion-jurada.idisc.com\/pt-br\/wp-json\/wp\/v2\/product\/7275","targetHints":{"allow":["GET"]}}],"collection":[{"href":"https:\/\/traduccion-jurada.idisc.com\/pt-br\/wp-json\/wp\/v2\/product"}],"about":[{"href":"https:\/\/traduccion-jurada.idisc.com\/pt-br\/wp-json\/wp\/v2\/types\/product"}],"wp:featuredmedia":[{"embeddable":true,"href":"https:\/\/traduccion-jurada.idisc.com\/pt-br\/wp-json\/wp\/v2\/media\/7213"}],"wp:attachment":[{"href":"https:\/\/traduccion-jurada.idisc.com\/pt-br\/wp-json\/wp\/v2\/media?parent=7275"}],"wp:term":[{"taxonomy":"product_brand","embeddable":true,"href":"https:\/\/traduccion-jurada.idisc.com\/pt-br\/wp-json\/wp\/v2\/product_brand?post=7275"},{"taxonomy":"product_cat","embeddable":true,"href":"https:\/\/traduccion-jurada.idisc.com\/pt-br\/wp-json\/wp\/v2\/product_cat?post=7275"},{"taxonomy":"product_tag","embeddable":true,"href":"https:\/\/traduccion-jurada.idisc.com\/pt-br\/wp-json\/wp\/v2\/product_tag?post=7275"}],"curies":[{"name":"wp","href":"https:\/\/api.w.org\/{rel}","templated":true}]}}