{"id":7274,"date":"2024-10-23T14:57:20","date_gmt":"2024-10-23T19:57:20","guid":{"rendered":"https:\/\/traduccion-jurada.idisc.com\/producto\/certidao-de-divorcio\/"},"modified":"2024-10-23T14:57:20","modified_gmt":"2024-10-23T12:57:20","slug":"certidao-de-divorcio","status":"publish","type":"product","link":"https:\/\/traduccion-jurada.idisc.com\/pt-br\/producto\/certidao-de-divorcio\/","title":{"rendered":"Certid\u00e3o de div\u00f3rcio"},"content":{"rendered":"<h2>Tradu\u00e7\u00e3o juramentada da certid\u00e3o de div\u00f3rcio<\/h2>\n<p data-start=\"406\" data-end=\"914\">A <strong data-start=\"409\" data-end=\"460\">tradu\u00e7\u00e3o juramentada de uma certid\u00e3o de div\u00f3rcio<\/strong> \u00e9 um documento indispens\u00e1vel para muitos procedimentos legais e administrativos na Espanha e no exterior.<br data-start=\"568\" data-end=\"571\" \/>Quando uma certid\u00e3o de div\u00f3rcio \u00e9 redigida em um idioma diferente do exigido pela autoridade que a solicita, ela deve ser traduzida por um <strong data-start=\"715\" data-end=\"831\">tradutor-int\u00e9rprete juramentado indicado pelo Minist\u00e9rio de Rela\u00e7\u00f5es Exteriores, Uni\u00e3o Europeia e Coopera\u00e7\u00e3o (MAEC)<\/strong>, o que garante sua <strong data-start=\"853\" data-end=\"872\">validade oficial<\/strong> perante qualquer entidade p\u00fablica ou privada.<\/p>\n<p data-start=\"916\" data-end=\"1156\">Esse tipo de tradu\u00e7\u00e3o tamb\u00e9m \u00e9 chamado de <strong data-start=\"970\" data-end=\"993\">&#8220;tradu\u00e7\u00e3o juramentada&#8221;,<\/strong> <strong data-start=\"995\" data-end=\"1019\">&#8220;tradu\u00e7\u00e3o oficial&#8221;<\/strong> ou <strong data-start=\"1022\" data-end=\"1050\">&#8220;tradu\u00e7\u00e3o certificada&#8221;<\/strong> e \u00e9 aceito por registros civis, consulados, tribunais, universidades e organiza\u00e7\u00f5es internacionais.<\/p>\n<h2>O que \u00e9 uma certid\u00e3o de div\u00f3rcio?<\/h2>\n<p data-start=\"1207\" data-end=\"1346\">A <strong data-start=\"1210\" data-end=\"1237\">certid\u00e3o de div\u00f3rcio<\/strong> (ou declara\u00e7\u00e3o de div\u00f3rcio, acompanhada de seu testemunho ou inteireza, conforme o caso) \u00e9 um documento emitido pelo <strong data-start=\"1353\" data-end=\"1371\">Registro Civil<\/strong>&nbsp;ou pelo <strong data-start=\"1382\" data-end=\"1393\">tribunal<\/strong> que processou a dissolu\u00e7\u00e3o do casamento.<\/p>\n<p data-start=\"1442\" data-end=\"1541\">Ela certifica oficialmente que o casamento foi legalmente dissolvido e inclui informa\u00e7\u00f5es como dados pessoais dos ex-c\u00f4njuges, a data da senten\u00e7a ou decis\u00e3o, entradas no registro e, em alguns casos, men\u00e7\u00f5es ao regime financeiro, cust\u00f3dia, autoridade parental ou outros aspectos legais.<\/p>\n<p data-start=\"1762\" data-end=\"1901\">\u00c9 um documento essencial para comprovar <strong data-start=\"1805\" data-end=\"1828\">o estado civil atual<\/strong> e \u00e9 necess\u00e1rio para muitos procedimentos nacionais e internacionais.<\/p>\n<h2>Quando voc\u00ea precisa de uma tradu\u00e7\u00e3o juramentada da sua certid\u00e3o de div\u00f3rcio?<\/h2>\n<p>As situa\u00e7\u00f5es mais comuns em que uma tradu\u00e7\u00e3o juramentada \u00e9 necess\u00e1ria s\u00e3o:<\/p>\n<ul>\n<li><strong>Procedimentos de imigra\u00e7\u00e3o:<\/strong> ao solicitar vistos, autoriza\u00e7\u00f5es de resid\u00eancia ou procedimentos de reagrupamento familiar, as autoridades podem exigir prova de seu estado civil na forma de uma tradu\u00e7\u00e3o juramentada.<\/li>\n<li><strong>Casamento no exterior<\/strong>: se voc\u00ea desejar se casar fora da Espanha, as autoridades do pa\u00eds de destino solicitar\u00e3o uma certid\u00e3o de div\u00f3rcio traduzida oficialmente para verificar se n\u00e3o h\u00e1 casamento existente.<\/li>\n<li><strong>Registro ou valida\u00e7\u00e3o de casamentos na Espanha ou em outros pa\u00edses<\/strong>: seja para registrar um casamento celebrado no exterior ou para validar um div\u00f3rcio fora da Espanha, pode ser necess\u00e1ria uma tradu\u00e7\u00e3o juramentada.<\/li>\n<li><strong>Procedimentos legais e patrimoniais internacionais<\/strong>: incluem heran\u00e7a, cust\u00f3dia, pens\u00f5es, lit\u00edgios civis ou quaisquer procedimentos que exijam prova de estado civil em outra jurisdi\u00e7\u00e3o.<\/li>\n<\/ul>\n<h2>Apostila e legaliza\u00e7\u00e3o<\/h2>\n<p data-start=\"3001\" data-end=\"3137\">Dependendo do pa\u00eds em que o documento \u00e9 apresentado, pode ser necess\u00e1rio apostilar ou legalizar a <strong data-start=\"3100\" data-end=\"3136\">certid\u00e3o de div\u00f3rcio original<\/strong>:<\/p>\n<ul data-start=\"3139\" data-end=\"3285\">\n<li data-start=\"3139\" data-end=\"3218\">\n<p data-start=\"3141\" data-end=\"3218\">Se o pa\u00eds pertencer \u00e0 <strong data-start=\"3165\" data-end=\"3188\">Conven\u00e7\u00e3o de Haia<\/strong>, ser\u00e1 necess\u00e1ria <strong data-start=\"3202\" data-end=\"3215\">uma Apostila<\/strong>.<\/p>\n<\/li>\n<li data-start=\"3219\" data-end=\"3285\">\n<p data-start=\"3221\" data-end=\"3285\">Se n\u00e3o pertencer, voc\u00ea precisar\u00e1 de <strong data-start=\"3259\" data-end=\"3284\">legaliza\u00e7\u00e3o consular<\/strong>.<\/p>\n<\/li>\n<\/ul>\n<p data-start=\"3287\" data-end=\"3470\">A apostila se aplica <strong data-start=\"3310\" data-end=\"3346\">somente ao documento original<\/strong>, nunca \u00e0 tradu\u00e7\u00e3o. Se o seu procedimento exige isso, tamb\u00e9m podemos fornecer uma <strong data-start=\"3432\" data-end=\"3469\">tradu\u00e7\u00e3o juramentada da apostila<\/strong>.<\/p>\n<p data-start=\"3472\" data-end=\"3588\">Na Espanha, o apostilamento de documentos judiciais e certifica\u00e7\u00f5es do Registro Civil geralmente \u00e9 feito por meio das <strong data-start=\"3596\" data-end=\"3619\">Associa\u00e7\u00f5es de Not\u00e1rios<\/strong> ou dos <strong data-start=\"3631\" data-end=\"3685\">Escrit\u00f3rios Territoriais do Minist\u00e9rio da Justi\u00e7a <\/strong>, dependendo do tipo de assinatura e do formato do documento.<\/p>\n<p data-start=\"3741\" data-end=\"3832\">Se necess\u00e1rio, podemos orientar voc\u00ea sobre as etapas exatas para apostilar seu certificado.<\/p>\n<h2>Nosso compromisso com a qualidade<\/h2>\n<p>Temos orgulho de oferecer <strong>tradu\u00e7\u00f5es juramentadas <\/strong>da mais alta qualidade, realizadas por <strong>tradutores juramentados<\/strong> experientes. Cada <strong>tradu\u00e7\u00e3o<\/strong> \u00e9 cuidadosamente verificada para assegurar que atenda aos padr\u00f5es de precis\u00e3o e legalidade, garantindo que todos os detalhes importantes sejam refletidos corretamente. Temos o compromisso de oferecer um servi\u00e7o confi\u00e1vel e pontual, garantindo que todos os documentos sejam v\u00e1lidos e precisos para o que voc\u00ea precisar fazer.<\/p>\n","protected":false},"excerpt":{"rendered":"<p>Tradu\u00e7\u00e3o juramentada de uma certid\u00e3o de div\u00f3rcio emitida pelo Registro Civil.<\/p>\n","protected":false},"featured_media":7210,"template":"","meta":[],"product_brand":[],"product_cat":[134],"product_tag":[],"class_list":{"0":"post-7274","1":"product","2":"type-product","3":"status-publish","4":"has-post-thumbnail","6":"product_cat-sem-categoria","7":"image-hover-transition-effect","9":"first","10":"instock","11":"taxable","12":"shipping-taxable","13":"purchasable","14":"product-type-simple"},"yoast_head":"<!-- This site is optimized with the Yoast SEO plugin v27.2 - https:\/\/yoast.com\/product\/yoast-seo-wordpress\/ -->\n<title>Tradu\u00e7\u00e3o juramentada de certid\u00e3o de div\u00f3rcio - Tradu\u00e7\u00e3o Juramentada | iDISC<\/title>\n<meta name=\"description\" content=\"Obtenha a tradu\u00e7\u00e3o juramentada de uma certid\u00e3o de div\u00f3rcio com validade legal para procedimentos de imigra\u00e7\u00e3o, jur\u00eddicos e administrativos na Espanha e no exterior.\" \/>\n<meta name=\"robots\" content=\"index, follow, max-snippet:-1, max-image-preview:large, max-video-preview:-1\" \/>\n<link rel=\"canonical\" href=\"https:\/\/traduccion-jurada.idisc.com\/pt-br\/producto\/certidao-de-divorcio\/\" \/>\n<meta property=\"og:locale\" content=\"pt_BR\" \/>\n<meta property=\"og:type\" content=\"article\" \/>\n<meta property=\"og:title\" content=\"Tradu\u00e7\u00e3o juramentada de certid\u00e3o de div\u00f3rcio - Tradu\u00e7\u00e3o Juramentada | iDISC\" \/>\n<meta property=\"og:description\" content=\"Obtenha a tradu\u00e7\u00e3o juramentada de uma certid\u00e3o de div\u00f3rcio com validade legal para procedimentos de imigra\u00e7\u00e3o, jur\u00eddicos e administrativos na Espanha e no exterior.\" \/>\n<meta property=\"og:url\" content=\"https:\/\/traduccion-jurada.idisc.com\/pt-br\/producto\/certidao-de-divorcio\/\" \/>\n<meta property=\"og:site_name\" content=\"Tradu\u00e7\u00e3o Juramentada\" \/>\n<meta property=\"article:publisher\" content=\"https:\/\/www.facebook.com\/idiscit\" \/>\n<meta property=\"og:image\" content=\"https:\/\/traduccion-jurada.idisc.com\/wp-content\/uploads\/2024\/10\/acta_divorcio.png\" \/>\n\t<meta property=\"og:image:width\" content=\"512\" \/>\n\t<meta property=\"og:image:height\" content=\"512\" \/>\n\t<meta property=\"og:image:type\" content=\"image\/png\" \/>\n<meta name=\"twitter:card\" content=\"summary_large_image\" \/>\n<meta name=\"twitter:site\" content=\"@idiscit\" \/>\n<meta name=\"twitter:label1\" content=\"Est. tempo de leitura\" \/>\n\t<meta name=\"twitter:data1\" content=\"3 minutos\" \/>\n<!-- \/ Yoast SEO plugin. -->","yoast_head_json":{"title":"Tradu\u00e7\u00e3o juramentada de certid\u00e3o de div\u00f3rcio - Tradu\u00e7\u00e3o Juramentada | iDISC","description":"Obtenha a tradu\u00e7\u00e3o juramentada de uma certid\u00e3o de div\u00f3rcio com validade legal para procedimentos de imigra\u00e7\u00e3o, jur\u00eddicos e administrativos na Espanha e no exterior.","robots":{"index":"index","follow":"follow","max-snippet":"max-snippet:-1","max-image-preview":"max-image-preview:large","max-video-preview":"max-video-preview:-1"},"canonical":"https:\/\/traduccion-jurada.idisc.com\/pt-br\/producto\/certidao-de-divorcio\/","og_locale":"pt_BR","og_type":"article","og_title":"Tradu\u00e7\u00e3o juramentada de certid\u00e3o de div\u00f3rcio - Tradu\u00e7\u00e3o Juramentada | iDISC","og_description":"Obtenha a tradu\u00e7\u00e3o juramentada de uma certid\u00e3o de div\u00f3rcio com validade legal para procedimentos de imigra\u00e7\u00e3o, jur\u00eddicos e administrativos na Espanha e no exterior.","og_url":"https:\/\/traduccion-jurada.idisc.com\/pt-br\/producto\/certidao-de-divorcio\/","og_site_name":"Tradu\u00e7\u00e3o Juramentada","article_publisher":"https:\/\/www.facebook.com\/idiscit","og_image":[{"width":512,"height":512,"url":"https:\/\/traduccion-jurada.idisc.com\/wp-content\/uploads\/2024\/10\/acta_divorcio.png","type":"image\/png"}],"twitter_card":"summary_large_image","twitter_site":"@idiscit","twitter_misc":{"Est. tempo de leitura":"3 minutos"},"schema":{"@context":"https:\/\/schema.org","@graph":[{"@type":"WebPage","@id":"https:\/\/traduccion-jurada.idisc.com\/pt-br\/producto\/certidao-de-divorcio\/","url":"https:\/\/traduccion-jurada.idisc.com\/pt-br\/producto\/certidao-de-divorcio\/","name":"Tradu\u00e7\u00e3o juramentada de certid\u00e3o de div\u00f3rcio - Tradu\u00e7\u00e3o Juramentada | iDISC","isPartOf":{"@id":"https:\/\/traduccion-jurada.idisc.com\/pt-br\/#website"},"primaryImageOfPage":{"@id":"https:\/\/traduccion-jurada.idisc.com\/pt-br\/producto\/certidao-de-divorcio\/#primaryimage"},"image":{"@id":"https:\/\/traduccion-jurada.idisc.com\/pt-br\/producto\/certidao-de-divorcio\/#primaryimage"},"thumbnailUrl":"https:\/\/traduccion-jurada.idisc.com\/wp-content\/uploads\/2024\/10\/acta_divorcio.png","datePublished":"2024-10-23T19:57:20+00:00","description":"Obtenha a tradu\u00e7\u00e3o juramentada de uma certid\u00e3o de div\u00f3rcio com validade legal para procedimentos de imigra\u00e7\u00e3o, jur\u00eddicos e administrativos na Espanha e no exterior.","breadcrumb":{"@id":"https:\/\/traduccion-jurada.idisc.com\/pt-br\/producto\/certidao-de-divorcio\/#breadcrumb"},"inLanguage":"pt-BR","potentialAction":[{"@type":"ReadAction","target":["https:\/\/traduccion-jurada.idisc.com\/pt-br\/producto\/certidao-de-divorcio\/"]}]},{"@type":"ImageObject","inLanguage":"pt-BR","@id":"https:\/\/traduccion-jurada.idisc.com\/pt-br\/producto\/certidao-de-divorcio\/#primaryimage","url":"https:\/\/traduccion-jurada.idisc.com\/wp-content\/uploads\/2024\/10\/acta_divorcio.png","contentUrl":"https:\/\/traduccion-jurada.idisc.com\/wp-content\/uploads\/2024\/10\/acta_divorcio.png","width":512,"height":512},{"@type":"BreadcrumbList","@id":"https:\/\/traduccion-jurada.idisc.com\/pt-br\/producto\/certidao-de-divorcio\/#breadcrumb","itemListElement":[{"@type":"ListItem","position":1,"name":"Home","item":"https:\/\/traduccion-jurada.idisc.com\/pt-br\/"},{"@type":"ListItem","position":2,"name":"Loja","item":"https:\/\/traduccion-jurada.idisc.com\/pt-br\/loja\/"},{"@type":"ListItem","position":3,"name":"Certid\u00e3o de div\u00f3rcio"}]},{"@type":"WebSite","@id":"https:\/\/traduccion-jurada.idisc.com\/pt-br\/#website","url":"https:\/\/traduccion-jurada.idisc.com\/pt-br\/","name":"Traducci\u00f3n Jurada iDISC","description":"","publisher":{"@id":"https:\/\/traduccion-jurada.idisc.com\/pt-br\/#organization"},"potentialAction":[{"@type":"SearchAction","target":{"@type":"EntryPoint","urlTemplate":"https:\/\/traduccion-jurada.idisc.com\/pt-br\/?s={search_term_string}"},"query-input":{"@type":"PropertyValueSpecification","valueRequired":true,"valueName":"search_term_string"}}],"inLanguage":"pt-BR"},{"@type":"Organization","@id":"https:\/\/traduccion-jurada.idisc.com\/pt-br\/#organization","name":"iDISC Information Technolgies","url":"https:\/\/traduccion-jurada.idisc.com\/pt-br\/","logo":{"@type":"ImageObject","inLanguage":"pt-BR","@id":"https:\/\/traduccion-jurada.idisc.com\/pt-br\/#\/schema\/logo\/image\/","url":"https:\/\/traduccion-jurada.idisc.com\/wp-content\/uploads\/2025\/11\/cropped-Logo_idisc.png","contentUrl":"https:\/\/traduccion-jurada.idisc.com\/wp-content\/uploads\/2025\/11\/cropped-Logo_idisc.png","width":905,"height":524,"caption":"iDISC Information Technolgies"},"image":{"@id":"https:\/\/traduccion-jurada.idisc.com\/pt-br\/#\/schema\/logo\/image\/"},"sameAs":["https:\/\/www.facebook.com\/idiscit","https:\/\/x.com\/idiscit","https:\/\/www.instagram.com\/idisc_it\/","https:\/\/www.linkedin.com\/company\/idiscit"]}]}},"_links":{"self":[{"href":"https:\/\/traduccion-jurada.idisc.com\/pt-br\/wp-json\/wp\/v2\/product\/7274","targetHints":{"allow":["GET"]}}],"collection":[{"href":"https:\/\/traduccion-jurada.idisc.com\/pt-br\/wp-json\/wp\/v2\/product"}],"about":[{"href":"https:\/\/traduccion-jurada.idisc.com\/pt-br\/wp-json\/wp\/v2\/types\/product"}],"wp:featuredmedia":[{"embeddable":true,"href":"https:\/\/traduccion-jurada.idisc.com\/pt-br\/wp-json\/wp\/v2\/media\/7210"}],"wp:attachment":[{"href":"https:\/\/traduccion-jurada.idisc.com\/pt-br\/wp-json\/wp\/v2\/media?parent=7274"}],"wp:term":[{"taxonomy":"product_brand","embeddable":true,"href":"https:\/\/traduccion-jurada.idisc.com\/pt-br\/wp-json\/wp\/v2\/product_brand?post=7274"},{"taxonomy":"product_cat","embeddable":true,"href":"https:\/\/traduccion-jurada.idisc.com\/pt-br\/wp-json\/wp\/v2\/product_cat?post=7274"},{"taxonomy":"product_tag","embeddable":true,"href":"https:\/\/traduccion-jurada.idisc.com\/pt-br\/wp-json\/wp\/v2\/product_tag?post=7274"}],"curies":[{"name":"wp","href":"https:\/\/api.w.org\/{rel}","templated":true}]}}