{"id":7273,"date":"2024-10-23T14:59:21","date_gmt":"2024-10-23T19:59:21","guid":{"rendered":"https:\/\/traduccion-jurada.idisc.com\/producto\/passaporte\/"},"modified":"2026-02-12T09:56:43","modified_gmt":"2026-02-12T08:56:43","slug":"passaporte","status":"publish","type":"product","link":"https:\/\/traduccion-jurada.idisc.com\/pt-br\/producto\/passaporte\/","title":{"rendered":"Passaporte"},"content":{"rendered":"<h2>Tradu\u00e7\u00e3o juramentada de passaporte<\/h2>\n<p data-start=\"261\" data-end=\"757\">A <strong data-start=\"264\" data-end=\"301\">tradu\u00e7\u00e3o juramentada de um passaporte<\/strong> \u00e9 um servi\u00e7o essencial para procedimentos legais, de imigra\u00e7\u00e3o, acad\u00eamicos e administrativos, tanto na Espanha quanto no exterior. Na iDISC, esse servi\u00e7o \u00e9 realizado exclusivamente por <strong data-start=\"488\" data-end=\"609\">tradutores-int\u00e9rpretes juramentados nomeados pelo Minist\u00e9rio das Rela\u00e7\u00f5es Exteriores, Uni\u00e3o Europeia e Coopera\u00e7\u00e3o (MAEC) da Espanha<\/strong>, garantindo que seu documento traduzido tenha <strong data-start=\"657\" data-end=\"682\">validade oficial total<\/strong> perante embaixadas, consulados, universidades, empresas e \u00f3rg\u00e3os p\u00fablicos. Esse tipo de tradu\u00e7\u00e3o tamb\u00e9m \u00e9 conhecido como <strong data-start=\"808\" data-end=\"829\">tradu\u00e7\u00e3o juramentada<\/strong>, <strong data-start=\"831\" data-end=\"853\">tradu\u00e7\u00e3o oficial<\/strong> ou <strong data-start=\"856\" data-end=\"882\">tradu\u00e7\u00e3o certificada<\/strong>.<\/p>\n<h2>O que \u00e9 um passaporte?<\/h2>\n<p data-start=\"920\" data-end=\"1116\">O <strong data-start=\"923\" data-end=\"936\">passaporte<\/strong> \u00e9 um documento oficial emitido pela autoridade competente do pa\u00eds; na Espanha, \u00e9 emitido pela <strong data-start=\"1021\" data-end=\"1056\">Dire\u00e7\u00e3o Geral da Pol\u00edcia<\/strong>, que faz parte do <strong data-start=\"1074\" data-end=\"1101\">Minist\u00e9rio do Interior. <\/strong>Esse documento certifica a <strong data-start=\"1123\" data-end=\"1136\">identidade<\/strong> e <strong data-start=\"1157\" data-end=\"1173\">a nacionalidade <\/strong>do titular e autoriza <strong data-start=\"1193\" data-end=\"1213\">a entrada e a sa\u00edda<\/strong> do territ\u00f3rio nacional. Ele inclui informa\u00e7\u00f5es essenciais, como nome completo, data e local de nascimento, n\u00famero do passaporte, fotografia, assinatura, nacionalidade e data de emiss\u00e3o e expira\u00e7\u00e3o.<\/p>\n<p data-start=\"920\" data-end=\"1116\">Como um documento essencial para verificar a identidade e a nacionalidade, sua <strong data-start=\"1477\" data-end=\"1498\">tradu\u00e7\u00e3o juramentada<\/strong> \u00e9 necess\u00e1ria quando precisa ser apresentada \u00e0s autoridades em um idioma diferente do documento original.<\/p>\n<h2 data-start=\"1608\" data-end=\"1671\">Quando voc\u00ea precisa de uma tradu\u00e7\u00e3o juramentada do seu passaporte?<\/h2>\n<p>A tradu\u00e7\u00e3o juramentada de um passaporte \u00e9 exigida em v\u00e1rios procedimentos, como:<\/p>\n<ul>\n<li><strong>Procedimentos migrat\u00f3rios<\/strong>: para solicitar vistos, autoriza\u00e7\u00f5es de resid\u00eancia, naturaliza\u00e7\u00f5es ou regulariza\u00e7\u00f5es em outros pa\u00edses.<\/li>\n<li><strong>Estudar no exterior<\/strong>: universidades e institui\u00e7\u00f5es educacionais podem exigir esse documento para completar os dossi\u00eas de admiss\u00e3o ou de mobilidade internacional.<\/li>\n<li><strong>Casamentos no exterior ou registros consulares<\/strong>: para comprovar a identidade e a nacionalidade durante a tramita\u00e7\u00e3o do processo de casamento.<\/li>\n<li><strong>Procedimentos legais internacionais<\/strong>: a\u00e7\u00f5es civis, procedimentos notariais, ado\u00e7\u00f5es, heran\u00e7as ou lit\u00edgios em que a identidade deve ser verificada perante uma autoridade estrangeira.<\/li>\n<li><strong>Processos de emprego<\/strong>: as empresas internacionais podem exigir uma tradu\u00e7\u00e3o juramentada como parte do processo de recrutamento ou de certifica\u00e7\u00e3o de identidade.<\/li>\n<\/ul>\n<h2>Compromisso com a qualidade<\/h2>\n<p><span data-contrast=\"auto\">Na <\/span><b><span data-contrast=\"auto\">iDISC<\/span><\/b><span data-contrast=\"auto\">, temos o compromisso de fornecer <\/span><b><span data-contrast=\"auto\">tradu\u00e7\u00f5es juramentadas de alta qualidade<\/span><\/b><span data-contrast=\"auto\">. Todos os nossos servi\u00e7os s\u00e3o realizados por <\/span><b><span data-contrast=\"auto\">tradutores juramentados com ampla experi\u00eancia<\/span><\/b><span data-contrast=\"auto\">, garantindo que cada tradu\u00e7\u00e3o atenda aos mais altos padr\u00f5es de precis\u00e3o e formalidade <\/span><b><span data-contrast=\"auto\">precis\u00e3o e confiabilidade<\/span><\/b><span data-contrast=\"auto\">. N\u00f3s nos dedicamos a garantir que seus documentos sejam apresentados com a clareza e a precis\u00e3o necess\u00e1rias para qualquer procedimento que voc\u00ea queira realizar, dando a voc\u00ea a confian\u00e7a de que precisa para prosseguir com suas formalidades.<\/span><\/p>\n","protected":false},"excerpt":{"rendered":"<p><span data-olk-copy-source=\"MessageBody\">Tradu\u00e7\u00e3o juramentada de um passaporte emitido pela Dire\u00e7\u00e3o Geral de Pol\u00edcia.<\/span><\/p>\n","protected":false},"featured_media":7216,"template":"","meta":[],"product_brand":[],"product_cat":[134],"product_tag":[],"class_list":{"0":"post-7273","1":"product","2":"type-product","3":"status-publish","4":"has-post-thumbnail","6":"product_cat-sem-categoria","7":"image-hover-transition-effect","9":"first","10":"instock","11":"taxable","12":"shipping-taxable","13":"purchasable","14":"product-type-simple"},"yoast_head":"<!-- This site is optimized with the Yoast SEO plugin v27.2 - https:\/\/yoast.com\/product\/yoast-seo-wordpress\/ -->\n<title>Tradu\u00e7\u00e3o juramentada de passaporte - Tradu\u00e7\u00e3o Juramentada | iDISC<\/title>\n<meta name=\"description\" content=\"Obtenha uma tradu\u00e7\u00e3o juramentada do seu passaporte por um tradutor juramentado para procedimentos legais, de imigra\u00e7\u00e3o e acad\u00eamicos na Espanha e no exterior.\" \/>\n<meta name=\"robots\" content=\"index, follow, max-snippet:-1, max-image-preview:large, max-video-preview:-1\" \/>\n<link rel=\"canonical\" href=\"https:\/\/traduccion-jurada.idisc.com\/pt-br\/producto\/passaporte\/\" \/>\n<meta property=\"og:locale\" content=\"pt_BR\" \/>\n<meta property=\"og:type\" content=\"article\" \/>\n<meta property=\"og:title\" content=\"Tradu\u00e7\u00e3o juramentada de passaporte - Tradu\u00e7\u00e3o Juramentada | iDISC\" \/>\n<meta property=\"og:description\" content=\"Obtenha uma tradu\u00e7\u00e3o juramentada do seu passaporte por um tradutor juramentado para procedimentos legais, de imigra\u00e7\u00e3o e acad\u00eamicos na Espanha e no exterior.\" \/>\n<meta property=\"og:url\" content=\"https:\/\/traduccion-jurada.idisc.com\/pt-br\/producto\/passaporte\/\" \/>\n<meta property=\"og:site_name\" content=\"Tradu\u00e7\u00e3o Juramentada\" \/>\n<meta property=\"article:publisher\" content=\"https:\/\/www.facebook.com\/idiscit\" \/>\n<meta property=\"article:modified_time\" content=\"2026-02-12T08:56:43+00:00\" \/>\n<meta property=\"og:image\" content=\"https:\/\/traduccion-jurada.idisc.com\/wp-content\/uploads\/2024\/10\/Pasaporte.png\" \/>\n\t<meta property=\"og:image:width\" content=\"512\" \/>\n\t<meta property=\"og:image:height\" content=\"512\" \/>\n\t<meta property=\"og:image:type\" content=\"image\/png\" \/>\n<meta name=\"twitter:card\" content=\"summary_large_image\" \/>\n<meta name=\"twitter:site\" content=\"@idiscit\" \/>\n<meta name=\"twitter:label1\" content=\"Est. tempo de leitura\" \/>\n\t<meta name=\"twitter:data1\" content=\"2 minutos\" \/>\n<!-- \/ Yoast SEO plugin. -->","yoast_head_json":{"title":"Tradu\u00e7\u00e3o juramentada de passaporte - Tradu\u00e7\u00e3o Juramentada | iDISC","description":"Obtenha uma tradu\u00e7\u00e3o juramentada do seu passaporte por um tradutor juramentado para procedimentos legais, de imigra\u00e7\u00e3o e acad\u00eamicos na Espanha e no exterior.","robots":{"index":"index","follow":"follow","max-snippet":"max-snippet:-1","max-image-preview":"max-image-preview:large","max-video-preview":"max-video-preview:-1"},"canonical":"https:\/\/traduccion-jurada.idisc.com\/pt-br\/producto\/passaporte\/","og_locale":"pt_BR","og_type":"article","og_title":"Tradu\u00e7\u00e3o juramentada de passaporte - Tradu\u00e7\u00e3o Juramentada | iDISC","og_description":"Obtenha uma tradu\u00e7\u00e3o juramentada do seu passaporte por um tradutor juramentado para procedimentos legais, de imigra\u00e7\u00e3o e acad\u00eamicos na Espanha e no exterior.","og_url":"https:\/\/traduccion-jurada.idisc.com\/pt-br\/producto\/passaporte\/","og_site_name":"Tradu\u00e7\u00e3o Juramentada","article_publisher":"https:\/\/www.facebook.com\/idiscit","article_modified_time":"2026-02-12T08:56:43+00:00","og_image":[{"width":512,"height":512,"url":"https:\/\/traduccion-jurada.idisc.com\/wp-content\/uploads\/2024\/10\/Pasaporte.png","type":"image\/png"}],"twitter_card":"summary_large_image","twitter_site":"@idiscit","twitter_misc":{"Est. tempo de leitura":"2 minutos"},"schema":{"@context":"https:\/\/schema.org","@graph":[{"@type":"WebPage","@id":"https:\/\/traduccion-jurada.idisc.com\/pt-br\/producto\/passaporte\/","url":"https:\/\/traduccion-jurada.idisc.com\/pt-br\/producto\/passaporte\/","name":"Tradu\u00e7\u00e3o juramentada de passaporte - Tradu\u00e7\u00e3o Juramentada | iDISC","isPartOf":{"@id":"https:\/\/traduccion-jurada.idisc.com\/pt-br\/#website"},"primaryImageOfPage":{"@id":"https:\/\/traduccion-jurada.idisc.com\/pt-br\/producto\/passaporte\/#primaryimage"},"image":{"@id":"https:\/\/traduccion-jurada.idisc.com\/pt-br\/producto\/passaporte\/#primaryimage"},"thumbnailUrl":"https:\/\/traduccion-jurada.idisc.com\/wp-content\/uploads\/2024\/10\/Pasaporte.png","datePublished":"2024-10-23T19:59:21+00:00","dateModified":"2026-02-12T08:56:43+00:00","description":"Obtenha uma tradu\u00e7\u00e3o juramentada do seu passaporte por um tradutor juramentado para procedimentos legais, de imigra\u00e7\u00e3o e acad\u00eamicos na Espanha e no exterior.","breadcrumb":{"@id":"https:\/\/traduccion-jurada.idisc.com\/pt-br\/producto\/passaporte\/#breadcrumb"},"inLanguage":"pt-BR","potentialAction":[{"@type":"ReadAction","target":["https:\/\/traduccion-jurada.idisc.com\/pt-br\/producto\/passaporte\/"]}]},{"@type":"ImageObject","inLanguage":"pt-BR","@id":"https:\/\/traduccion-jurada.idisc.com\/pt-br\/producto\/passaporte\/#primaryimage","url":"https:\/\/traduccion-jurada.idisc.com\/wp-content\/uploads\/2024\/10\/Pasaporte.png","contentUrl":"https:\/\/traduccion-jurada.idisc.com\/wp-content\/uploads\/2024\/10\/Pasaporte.png","width":512,"height":512},{"@type":"BreadcrumbList","@id":"https:\/\/traduccion-jurada.idisc.com\/pt-br\/producto\/passaporte\/#breadcrumb","itemListElement":[{"@type":"ListItem","position":1,"name":"Home","item":"https:\/\/traduccion-jurada.idisc.com\/pt-br\/"},{"@type":"ListItem","position":2,"name":"Loja","item":"https:\/\/traduccion-jurada.idisc.com\/pt-br\/loja\/"},{"@type":"ListItem","position":3,"name":"Passaporte"}]},{"@type":"WebSite","@id":"https:\/\/traduccion-jurada.idisc.com\/pt-br\/#website","url":"https:\/\/traduccion-jurada.idisc.com\/pt-br\/","name":"Traducci\u00f3n Jurada iDISC","description":"","publisher":{"@id":"https:\/\/traduccion-jurada.idisc.com\/pt-br\/#organization"},"potentialAction":[{"@type":"SearchAction","target":{"@type":"EntryPoint","urlTemplate":"https:\/\/traduccion-jurada.idisc.com\/pt-br\/?s={search_term_string}"},"query-input":{"@type":"PropertyValueSpecification","valueRequired":true,"valueName":"search_term_string"}}],"inLanguage":"pt-BR"},{"@type":"Organization","@id":"https:\/\/traduccion-jurada.idisc.com\/pt-br\/#organization","name":"iDISC Information Technolgies","url":"https:\/\/traduccion-jurada.idisc.com\/pt-br\/","logo":{"@type":"ImageObject","inLanguage":"pt-BR","@id":"https:\/\/traduccion-jurada.idisc.com\/pt-br\/#\/schema\/logo\/image\/","url":"https:\/\/traduccion-jurada.idisc.com\/wp-content\/uploads\/2025\/11\/cropped-Logo_idisc.png","contentUrl":"https:\/\/traduccion-jurada.idisc.com\/wp-content\/uploads\/2025\/11\/cropped-Logo_idisc.png","width":905,"height":524,"caption":"iDISC Information Technolgies"},"image":{"@id":"https:\/\/traduccion-jurada.idisc.com\/pt-br\/#\/schema\/logo\/image\/"},"sameAs":["https:\/\/www.facebook.com\/idiscit","https:\/\/x.com\/idiscit","https:\/\/www.instagram.com\/idisc_it\/","https:\/\/www.linkedin.com\/company\/idiscit"]}]}},"_links":{"self":[{"href":"https:\/\/traduccion-jurada.idisc.com\/pt-br\/wp-json\/wp\/v2\/product\/7273","targetHints":{"allow":["GET"]}}],"collection":[{"href":"https:\/\/traduccion-jurada.idisc.com\/pt-br\/wp-json\/wp\/v2\/product"}],"about":[{"href":"https:\/\/traduccion-jurada.idisc.com\/pt-br\/wp-json\/wp\/v2\/types\/product"}],"wp:featuredmedia":[{"embeddable":true,"href":"https:\/\/traduccion-jurada.idisc.com\/pt-br\/wp-json\/wp\/v2\/media\/7216"}],"wp:attachment":[{"href":"https:\/\/traduccion-jurada.idisc.com\/pt-br\/wp-json\/wp\/v2\/media?parent=7273"}],"wp:term":[{"taxonomy":"product_brand","embeddable":true,"href":"https:\/\/traduccion-jurada.idisc.com\/pt-br\/wp-json\/wp\/v2\/product_brand?post=7273"},{"taxonomy":"product_cat","embeddable":true,"href":"https:\/\/traduccion-jurada.idisc.com\/pt-br\/wp-json\/wp\/v2\/product_cat?post=7273"},{"taxonomy":"product_tag","embeddable":true,"href":"https:\/\/traduccion-jurada.idisc.com\/pt-br\/wp-json\/wp\/v2\/product_tag?post=7273"}],"curies":[{"name":"wp","href":"https:\/\/api.w.org\/{rel}","templated":true}]}}