{"id":7272,"date":"2024-10-23T15:00:17","date_gmt":"2024-10-23T20:00:17","guid":{"rendered":"https:\/\/traduccion-jurada.idisc.com\/producto\/carteira-de-motorista\/"},"modified":"2026-02-12T09:56:53","modified_gmt":"2026-02-12T08:56:53","slug":"carteira-de-motorista","status":"publish","type":"product","link":"https:\/\/traduccion-jurada.idisc.com\/pt-br\/producto\/carteira-de-motorista\/","title":{"rendered":"Carteira de motorista"},"content":{"rendered":"<h2>Tradu\u00e7\u00e3o juramentada de carteiras de motorista<\/h2>\n<p data-start=\"262\" data-end=\"807\">A <strong data-start=\"265\" data-end=\"311\">tradu\u00e7\u00e3o juramentada de uma carteira de motorista<\/strong> \u00e9 necess\u00e1ria para muitos procedimentos legais, administrativos e de mobilidade internacional, tanto na Espanha quanto no exterior.<br data-start=\"441\" data-end=\"444\" \/>Na iDISC, esse servi\u00e7o \u00e9 realizado exclusivamente por <strong data-start=\"500\" data-end=\"621\">tradutores-int\u00e9rpretes juramentados nomeados pelo Minist\u00e9rio das Rela\u00e7\u00f5es Exteriores, Uni\u00e3o Europeia e Coopera\u00e7\u00e3o (MAEC) da Espanha<\/strong>, o que garante que a tradu\u00e7\u00e3o tenha <strong data-start=\"664\" data-end=\"689\">validade oficial total<\/strong> perante administra\u00e7\u00f5es p\u00fablicas, autoridades de tr\u00e2nsito, embaixadas, consulados, empresas e organiza\u00e7\u00f5es internacionais.<\/p>\n<p data-start=\"262\" data-end=\"807\">Esse tipo de tradu\u00e7\u00e3o tamb\u00e9m \u00e9 chamado de <strong data-start=\"853\" data-end=\"874\">tradu\u00e7\u00e3o juramentada<\/strong>, <strong data-start=\"876\" data-end=\"898\">tradu\u00e7\u00e3o oficial<\/strong> ou <strong data-start=\"901\" data-end=\"927\">tradu\u00e7\u00e3o certificada<\/strong>.<\/p>\n<h2>O que \u00e9 uma carteira de motorista?<\/h2>\n<p data-start=\"974\" data-end=\"1276\">A <strong data-start=\"977\" data-end=\"999\">carteira de motorista<\/strong> (carteira de habilita\u00e7\u00e3o) \u00e9 um documento oficial emitido na Espanha pela <strong data-start=\"1073\" data-end=\"1111\">Dire\u00e7\u00e3o Geral de Tr\u00e1fego (DGT)<\/strong> ou pela autoridade competente equivalente em outros pa\u00edses.<\/p>\n<p data-start=\"974\" data-end=\"1276\">Ela certifica que uma pessoa est\u00e1 autorizada a dirigir determinados ve\u00edculos e cont\u00e9m informa\u00e7\u00f5es como nome e sobrenome do titular, fotografia, n\u00famero da licen\u00e7a, categorias de ve\u00edculos autorizados, local de emiss\u00e3o, datas de emiss\u00e3o e validade.<\/p>\n<p data-start=\"974\" data-end=\"1276\">Al\u00e9m de ser um documento essencial para dirigir, em muitos pa\u00edses ele tamb\u00e9m funciona como um <strong data-start=\"1546\" data-end=\"1592\">documento de identifica\u00e7\u00e3o complementar<\/strong>, portanto, sua tradu\u00e7\u00e3o pode ser necess\u00e1ria em diferentes contextos.<\/p>\n<h2 data-start=\"1669\" data-end=\"1739\">Quando voc\u00ea precisa de uma tradu\u00e7\u00e3o juramentada da sua carteira de motorista?<\/h2>\n<p>A tradu\u00e7\u00e3o juramentada de uma carteira de motorista geralmente \u00e9 necess\u00e1ria nas seguintes situa\u00e7\u00f5es:<\/p>\n<ul>\n<li><strong>Altera\u00e7\u00e3o ou valida\u00e7\u00e3o da carteira de motorista no exterior<\/strong>: quando voc\u00ea se muda para outro pa\u00eds, muitas autoridades exigem uma tradu\u00e7\u00e3o oficial da sua carteira para emitir uma carteira local.<\/li>\n<li><strong>Procedimentos de imigra\u00e7\u00e3o e visto<\/strong>: em alguns procedimentos de resid\u00eancia, permiss\u00e3o de trabalho ou mobilidade internacional, as autoridades de imigra\u00e7\u00e3o podem exigir uma tradu\u00e7\u00e3o juramentada como parte da documenta\u00e7\u00e3o pessoal.<\/li>\n<li><strong>Estudos ou estadias prolongadas no exterior<\/strong>: universidades ou institui\u00e7\u00f5es podem solicitar se o aluno planeja dirigir no pa\u00eds de destino.<\/li>\n<li><strong>Emprego internacional<\/strong>: as empresas podem solicitar uma tradu\u00e7\u00e3o juramentada para verificar a capacidade de dirigir do trabalhador, especialmente em setores em que \u00e9 necess\u00e1rio dirigir um ve\u00edculo.<\/li>\n<li><strong>Valida\u00e7\u00e3o de identidade em procedimentos internacionais<\/strong>: como abertura de contas banc\u00e1rias, assinatura de contratos ou formalidades administrativas fora da Espanha.<\/li>\n<li><strong>Uso na Espanha de uma carteira de motorista emitida em outro pa\u00eds<\/strong>: quando a carteira estrangeira deve ser traduzida para o espanhol para procedimentos perante a DGT, companhias de seguros, cart\u00f3rios ou outros \u00f3rg\u00e3os.<\/li>\n<\/ul>\n<h2 data-start=\"3033\" data-end=\"3064\">Apostila e legaliza\u00e7\u00e3o<\/h2>\n<p data-start=\"3066\" data-end=\"3122\">Em alguns casos, o documento original pode precisar de:<\/p>\n<ul data-start=\"3297\" data-end=\"3683\">\n<li data-start=\"3124\" data-end=\"3205\">\n<p data-start=\"3126\" data-end=\"3205\"><strong data-start=\"3126\" data-end=\"3150\">Apostila de Haia<\/strong>, se for usado em um pa\u00eds membro da Conven\u00e7\u00e3o.<\/p>\n<\/li>\n<li data-start=\"3124\" data-end=\"3205\">\n<p data-start=\"3126\" data-end=\"3205\"><strong data-start=\"3208\" data-end=\"3233\">Legaliza\u00e7\u00e3o consular<\/strong>, se o pa\u00eds n\u00e3o for parte da Conven\u00e7\u00e3o.<\/p>\n<\/li>\n<\/ul>\n<p>A apostila \u00e9 colocada <strong data-start=\"3322\" data-end=\"3388\">na carteira de motorista ou no certificado oficial que a acompanha<\/strong>, nunca na tradu\u00e7\u00e3o. Se a licen\u00e7a \u00e9 acompanhada de um certificado emitido pela autoridade de tr\u00e2nsito relevante, \u00e9 comum que esse certificado seja o documento a ser apostilado. Tamb\u00e9m podemos fornecer uma <strong data-start=\"3618\" data-end=\"3655\">tradu\u00e7\u00e3o certificada da apostila<\/strong>, se assim solicitado. N\u00f3s orientaremos voc\u00ea caso seu caso requeira uma apostila e como providenci\u00e1-la.<\/p>\n<h2>Compromisso com a qualidade<\/h2>\n<p><span data-contrast=\"auto\">Na <\/span><b><span data-contrast=\"auto\">iDISC<\/span><\/b><span data-contrast=\"auto\">, temos o compromisso de oferecer a voc\u00ea <\/span><b><span data-contrast=\"auto\">tradu\u00e7\u00f5es juramentadas de alta qualidade<\/span><\/b><span data-contrast=\"auto\">. Nossas tradu\u00e7\u00f5es s\u00e3o realizadas por tradutores juramentados com vasta experi\u00eancia, garantindo que elas atendam a todos os requisitos de <\/span><b><span data-contrast=\"auto\">precis\u00e3o e formalidade<\/span><\/b><span data-contrast=\"auto\">. Cada tradu\u00e7\u00e3o \u00e9 cuidadosamente revisada para garantir que todas as informa\u00e7\u00f5es sejam precisas e estejam refletidas corretamente, proporcionando aos nossos clientes tranquilidade em todas as transa\u00e7\u00f5es que realizam.<\/span><\/p>\n<p><span data-contrast=\"auto\">Se voc\u00ea precisar de uma tradu\u00e7\u00e3o juramentada da sua carteira de motorista, n\u00e3o hesite em entrar em contato conosco. Estamos aqui para ajudar voc\u00ea a facilitar seus procedimentos legais, acad\u00eamicos e de imigra\u00e7\u00e3o, garantindo que seus documentos estejam em ordem e prontos para serem apresentados a qualquer autoridade.<\/span><\/p>\n","protected":false},"excerpt":{"rendered":"<p><span data-olk-copy-source=\"MessageBody\">Tradu\u00e7\u00e3o juramentada de uma carteira de motorista emitida pela Dire\u00e7\u00e3o Geral de Tr\u00e1fego (DGT)<\/span>.<\/p>\n","protected":false},"featured_media":7215,"template":"","meta":[],"product_brand":[],"product_cat":[134],"product_tag":[],"class_list":{"0":"post-7272","1":"product","2":"type-product","3":"status-publish","4":"has-post-thumbnail","6":"product_cat-sem-categoria","7":"image-hover-transition-effect","9":"first","10":"instock","11":"taxable","12":"shipping-taxable","13":"purchasable","14":"product-type-simple"},"yoast_head":"<!-- This site is optimized with the Yoast SEO plugin v27.2 - https:\/\/yoast.com\/product\/yoast-seo-wordpress\/ -->\n<title>Tradu\u00e7\u00e3o juramentada da carteira de motorista - Tradu\u00e7\u00e3o Juramentada | iDISC<\/title>\n<meta name=\"description\" content=\"Obtenha uma tradu\u00e7\u00e3o juramentada de sua carteira de motorista, v\u00e1lida para procedimentos de imigra\u00e7\u00e3o, acad\u00eamicos e legais na Espanha e no exterior.\" \/>\n<meta name=\"robots\" content=\"index, follow, max-snippet:-1, max-image-preview:large, max-video-preview:-1\" \/>\n<link rel=\"canonical\" href=\"https:\/\/traduccion-jurada.idisc.com\/pt-br\/producto\/carteira-de-motorista\/\" \/>\n<meta property=\"og:locale\" content=\"pt_BR\" \/>\n<meta property=\"og:type\" content=\"article\" \/>\n<meta property=\"og:title\" content=\"Tradu\u00e7\u00e3o juramentada da carteira de motorista - Tradu\u00e7\u00e3o Juramentada | iDISC\" \/>\n<meta property=\"og:description\" content=\"Obtenha uma tradu\u00e7\u00e3o juramentada de sua carteira de motorista, v\u00e1lida para procedimentos de imigra\u00e7\u00e3o, acad\u00eamicos e legais na Espanha e no exterior.\" \/>\n<meta property=\"og:url\" content=\"https:\/\/traduccion-jurada.idisc.com\/pt-br\/producto\/carteira-de-motorista\/\" \/>\n<meta property=\"og:site_name\" content=\"Tradu\u00e7\u00e3o Juramentada\" \/>\n<meta property=\"article:publisher\" content=\"https:\/\/www.facebook.com\/idiscit\" \/>\n<meta property=\"article:modified_time\" content=\"2026-02-12T08:56:53+00:00\" \/>\n<meta property=\"og:image\" content=\"https:\/\/traduccion-jurada.idisc.com\/wp-content\/uploads\/2024\/10\/carnet_conducir.png\" \/>\n\t<meta property=\"og:image:width\" content=\"500\" \/>\n\t<meta property=\"og:image:height\" content=\"501\" \/>\n\t<meta property=\"og:image:type\" content=\"image\/png\" \/>\n<meta name=\"twitter:card\" content=\"summary_large_image\" \/>\n<meta name=\"twitter:site\" content=\"@idiscit\" \/>\n<meta name=\"twitter:label1\" content=\"Est. tempo de leitura\" \/>\n\t<meta name=\"twitter:data1\" content=\"3 minutos\" \/>\n<!-- \/ Yoast SEO plugin. -->","yoast_head_json":{"title":"Tradu\u00e7\u00e3o juramentada da carteira de motorista - Tradu\u00e7\u00e3o Juramentada | iDISC","description":"Obtenha uma tradu\u00e7\u00e3o juramentada de sua carteira de motorista, v\u00e1lida para procedimentos de imigra\u00e7\u00e3o, acad\u00eamicos e legais na Espanha e no exterior.","robots":{"index":"index","follow":"follow","max-snippet":"max-snippet:-1","max-image-preview":"max-image-preview:large","max-video-preview":"max-video-preview:-1"},"canonical":"https:\/\/traduccion-jurada.idisc.com\/pt-br\/producto\/carteira-de-motorista\/","og_locale":"pt_BR","og_type":"article","og_title":"Tradu\u00e7\u00e3o juramentada da carteira de motorista - Tradu\u00e7\u00e3o Juramentada | iDISC","og_description":"Obtenha uma tradu\u00e7\u00e3o juramentada de sua carteira de motorista, v\u00e1lida para procedimentos de imigra\u00e7\u00e3o, acad\u00eamicos e legais na Espanha e no exterior.","og_url":"https:\/\/traduccion-jurada.idisc.com\/pt-br\/producto\/carteira-de-motorista\/","og_site_name":"Tradu\u00e7\u00e3o Juramentada","article_publisher":"https:\/\/www.facebook.com\/idiscit","article_modified_time":"2026-02-12T08:56:53+00:00","og_image":[{"width":500,"height":501,"url":"https:\/\/traduccion-jurada.idisc.com\/wp-content\/uploads\/2024\/10\/carnet_conducir.png","type":"image\/png"}],"twitter_card":"summary_large_image","twitter_site":"@idiscit","twitter_misc":{"Est. tempo de leitura":"3 minutos"},"schema":{"@context":"https:\/\/schema.org","@graph":[{"@type":"WebPage","@id":"https:\/\/traduccion-jurada.idisc.com\/pt-br\/producto\/carteira-de-motorista\/","url":"https:\/\/traduccion-jurada.idisc.com\/pt-br\/producto\/carteira-de-motorista\/","name":"Tradu\u00e7\u00e3o juramentada da carteira de motorista - Tradu\u00e7\u00e3o Juramentada | iDISC","isPartOf":{"@id":"https:\/\/traduccion-jurada.idisc.com\/pt-br\/#website"},"primaryImageOfPage":{"@id":"https:\/\/traduccion-jurada.idisc.com\/pt-br\/producto\/carteira-de-motorista\/#primaryimage"},"image":{"@id":"https:\/\/traduccion-jurada.idisc.com\/pt-br\/producto\/carteira-de-motorista\/#primaryimage"},"thumbnailUrl":"https:\/\/traduccion-jurada.idisc.com\/wp-content\/uploads\/2024\/10\/carnet_conducir.png","datePublished":"2024-10-23T20:00:17+00:00","dateModified":"2026-02-12T08:56:53+00:00","description":"Obtenha uma tradu\u00e7\u00e3o juramentada de sua carteira de motorista, v\u00e1lida para procedimentos de imigra\u00e7\u00e3o, acad\u00eamicos e legais na Espanha e no exterior.","breadcrumb":{"@id":"https:\/\/traduccion-jurada.idisc.com\/pt-br\/producto\/carteira-de-motorista\/#breadcrumb"},"inLanguage":"pt-BR","potentialAction":[{"@type":"ReadAction","target":["https:\/\/traduccion-jurada.idisc.com\/pt-br\/producto\/carteira-de-motorista\/"]}]},{"@type":"ImageObject","inLanguage":"pt-BR","@id":"https:\/\/traduccion-jurada.idisc.com\/pt-br\/producto\/carteira-de-motorista\/#primaryimage","url":"https:\/\/traduccion-jurada.idisc.com\/wp-content\/uploads\/2024\/10\/carnet_conducir.png","contentUrl":"https:\/\/traduccion-jurada.idisc.com\/wp-content\/uploads\/2024\/10\/carnet_conducir.png","width":500,"height":501},{"@type":"BreadcrumbList","@id":"https:\/\/traduccion-jurada.idisc.com\/pt-br\/producto\/carteira-de-motorista\/#breadcrumb","itemListElement":[{"@type":"ListItem","position":1,"name":"Home","item":"https:\/\/traduccion-jurada.idisc.com\/pt-br\/"},{"@type":"ListItem","position":2,"name":"Loja","item":"https:\/\/traduccion-jurada.idisc.com\/pt-br\/loja\/"},{"@type":"ListItem","position":3,"name":"Carteira de motorista"}]},{"@type":"WebSite","@id":"https:\/\/traduccion-jurada.idisc.com\/pt-br\/#website","url":"https:\/\/traduccion-jurada.idisc.com\/pt-br\/","name":"Traducci\u00f3n Jurada iDISC","description":"","publisher":{"@id":"https:\/\/traduccion-jurada.idisc.com\/pt-br\/#organization"},"potentialAction":[{"@type":"SearchAction","target":{"@type":"EntryPoint","urlTemplate":"https:\/\/traduccion-jurada.idisc.com\/pt-br\/?s={search_term_string}"},"query-input":{"@type":"PropertyValueSpecification","valueRequired":true,"valueName":"search_term_string"}}],"inLanguage":"pt-BR"},{"@type":"Organization","@id":"https:\/\/traduccion-jurada.idisc.com\/pt-br\/#organization","name":"iDISC Information Technolgies","url":"https:\/\/traduccion-jurada.idisc.com\/pt-br\/","logo":{"@type":"ImageObject","inLanguage":"pt-BR","@id":"https:\/\/traduccion-jurada.idisc.com\/pt-br\/#\/schema\/logo\/image\/","url":"https:\/\/traduccion-jurada.idisc.com\/wp-content\/uploads\/2025\/11\/cropped-Logo_idisc.png","contentUrl":"https:\/\/traduccion-jurada.idisc.com\/wp-content\/uploads\/2025\/11\/cropped-Logo_idisc.png","width":905,"height":524,"caption":"iDISC Information Technolgies"},"image":{"@id":"https:\/\/traduccion-jurada.idisc.com\/pt-br\/#\/schema\/logo\/image\/"},"sameAs":["https:\/\/www.facebook.com\/idiscit","https:\/\/x.com\/idiscit","https:\/\/www.instagram.com\/idisc_it\/","https:\/\/www.linkedin.com\/company\/idiscit"]}]}},"_links":{"self":[{"href":"https:\/\/traduccion-jurada.idisc.com\/pt-br\/wp-json\/wp\/v2\/product\/7272","targetHints":{"allow":["GET"]}}],"collection":[{"href":"https:\/\/traduccion-jurada.idisc.com\/pt-br\/wp-json\/wp\/v2\/product"}],"about":[{"href":"https:\/\/traduccion-jurada.idisc.com\/pt-br\/wp-json\/wp\/v2\/types\/product"}],"wp:featuredmedia":[{"embeddable":true,"href":"https:\/\/traduccion-jurada.idisc.com\/pt-br\/wp-json\/wp\/v2\/media\/7215"}],"wp:attachment":[{"href":"https:\/\/traduccion-jurada.idisc.com\/pt-br\/wp-json\/wp\/v2\/media?parent=7272"}],"wp:term":[{"taxonomy":"product_brand","embeddable":true,"href":"https:\/\/traduccion-jurada.idisc.com\/pt-br\/wp-json\/wp\/v2\/product_brand?post=7272"},{"taxonomy":"product_cat","embeddable":true,"href":"https:\/\/traduccion-jurada.idisc.com\/pt-br\/wp-json\/wp\/v2\/product_cat?post=7272"},{"taxonomy":"product_tag","embeddable":true,"href":"https:\/\/traduccion-jurada.idisc.com\/pt-br\/wp-json\/wp\/v2\/product_tag?post=7272"}],"curies":[{"name":"wp","href":"https:\/\/api.w.org\/{rel}","templated":true}]}}