{"id":7270,"date":"2025-04-09T15:34:14","date_gmt":"2025-04-09T20:34:14","guid":{"rendered":"https:\/\/traduccion-jurada.idisc.com\/producto\/autorizacao-de-residencia\/"},"modified":"2025-04-09T15:34:14","modified_gmt":"2025-04-09T13:34:14","slug":"autorizacao-de-residencia","status":"publish","type":"product","link":"https:\/\/traduccion-jurada.idisc.com\/pt-br\/producto\/autorizacao-de-residencia\/","title":{"rendered":"Autoriza\u00e7\u00e3o de resid\u00eancia"},"content":{"rendered":"<h2>Tradu\u00e7\u00e3o juramentada da autoriza\u00e7\u00e3o de resid\u00eancia<\/h2>\n<p data-start=\"254\" data-end=\"739\">A <strong data-start=\"257\" data-end=\"306\">tradu\u00e7\u00e3o juramentada de uma autoriza\u00e7\u00e3o de resid\u00eancia<\/strong> \u00e9 necess\u00e1ria para v\u00e1rios procedimentos legais, administrativos, educacionais e de emprego, tanto na Espanha quanto no exterior.<\/p>\n<p data-start=\"254\" data-end=\"739\">Na iDISC, todas as tradu\u00e7\u00f5es s\u00e3o realizadas por <strong data-start=\"486\" data-end=\"607\">tradutores-int\u00e9rpretes juramentados nomeados pelo Minist\u00e9rio das Rela\u00e7\u00f5es Exteriores, Uni\u00e3o Europeia e Coopera\u00e7\u00e3o (MAEC) da Espanha<\/strong>, o que garante sua <strong data-start=\"629\" data-end=\"648\">validade oficial<\/strong> perante institui\u00e7\u00f5es p\u00fablicas, empresas, embaixadas, consulados e organiza\u00e7\u00f5es internacionais.<\/p>\n<p data-start=\"254\" data-end=\"739\">Esse servi\u00e7o tamb\u00e9m \u00e9 conhecido como <strong data-start=\"778\" data-end=\"799\">tradu\u00e7\u00e3o juramentada<\/strong>, <strong data-start=\"801\" data-end=\"823\">tradu\u00e7\u00e3o oficial<\/strong> ou <strong data-start=\"826\" data-end=\"852\">tradu\u00e7\u00e3o certificada<\/strong>.<\/p>\n<h2>O que \u00e9 uma autoriza\u00e7\u00e3o de resid\u00eancia?<\/h2>\n<p data-start=\"902\" data-end=\"1262\">A <strong data-start=\"905\" data-end=\"930\">autoriza\u00e7\u00e3o de resid\u00eancia<\/strong> (ou permiss\u00e3o de resid\u00eancia) \u00e9 um documento oficial emitido pelas autoridades competentes (na Espanha, a <strong data-start=\"1041\" data-end=\"1077\">Dire\u00e7\u00e3o Geral de Migra\u00e7\u00e3o<\/strong> e <strong data-start=\"1083\" data-end=\"1118\">Dire\u00e7\u00e3o Geral da Pol\u00edcia<\/strong>), que credencia o direito de uma pessoa estrangeira residir legalmente em territ\u00f3rio espanhol.<br data-start=\"1213\" data-end=\"1216\" \/>Ela pode ser apresentada em diferentes formatos, como a <strong data-start=\"1266\" data-end=\"1310\">Carteira de Identidade de Estrangeiro (TIE), <\/strong><strong data-start=\"1315\" data-end=\"1373\">resolu\u00e7\u00f5es administrativas de concess\u00e3o ou renova\u00e7\u00e3o ou <\/strong><strong data-start=\"1378\" data-end=\"1447\">certificados emitidos pelo escrit\u00f3rio de estrangeiros ou Delegacias de Pol\u00edcia<\/strong>.<\/p>\n<p data-start=\"1449\" data-end=\"1500\">Esse documento cont\u00e9m informa\u00e7\u00f5es essenciais, como os dados pessoais do titular, o tipo de permiss\u00e3o concedida, as datas de validade, o n\u00famero do NIE e as condi\u00e7\u00f5es de resid\u00eancia ou trabalho.<\/p>\n<p data-start=\"1449\" data-end=\"1500\">Quando \u00e9 apresentado fora da Espanha, ou quando uma autoriza\u00e7\u00e3o de resid\u00eancia estrangeira \u00e9 usada no pa\u00eds, \u00e9 obrigat\u00f3ria uma <strong data-start=\"1773\" data-end=\"1794\">tradu\u00e7\u00e3o juramentada<\/strong>.<\/p>\n<h2>O que \u00e9 uma tradu\u00e7\u00e3o juramentada de uma autoriza\u00e7\u00e3o de resid\u00eancia?<\/h2>\n<p><span data-contrast=\"auto\">Uma tradu\u00e7\u00e3o juramentada da autoriza\u00e7\u00e3o de resid\u00eancia \u00e9 realizada por um tradutor juramentado oficial, que assina e carimba a tradu\u00e7\u00e3o para garantir sua precis\u00e3o e correspond\u00eancia com o documento original. Essa certifica\u00e7\u00e3o \u00e9 essencial para que a tradu\u00e7\u00e3o seja aceita como v\u00e1lida por autoridades governamentais, institui\u00e7\u00f5es acad\u00eamicas, embaixadas e outras entidades, cumprindo os requisitos legais necess\u00e1rios para procedimentos e processos de aprova\u00e7\u00e3o internacional.<\/span><\/p>\n<h2>Quando preciso de uma tradu\u00e7\u00e3o juramentada de minha autoriza\u00e7\u00e3o de resid\u00eancia?<\/h2>\n<p>Uma tradu\u00e7\u00e3o juramentada de uma autoriza\u00e7\u00e3o de resid\u00eancia \u00e9 necess\u00e1ria em situa\u00e7\u00f5es como:<\/p>\n<ul>\n<li><strong>Procedimentos migrat\u00f3rios no exterior<\/strong>: para solicitar vistos, renova\u00e7\u00f5es, nacionalidade ou permiss\u00e3o de trabalho em outro pa\u00eds.<\/li>\n<li><strong>Processos educacionais internacionais<\/strong>: universidades e centros de estudo podem solicitar a tradu\u00e7\u00e3o da autoriza\u00e7\u00e3o de resid\u00eancia para validar o status legal durante interc\u00e2mbios, bolsas de estudo ou matr\u00edculas.<\/li>\n<li><strong>Procedimentos de emprego<\/strong>: as empresas internacionais podem exigir tradu\u00e7\u00e3o oficial para verificar a permiss\u00e3o de resid\u00eancia e a autoriza\u00e7\u00e3o de trabalho.<\/li>\n<li><strong>Procedimentos legais ou administrativos internacionais<\/strong>: incluindo ado\u00e7\u00f5es, guarda de crian\u00e7as, processos judiciais, aquisi\u00e7\u00f5es de propriedades ou procedimentos notariais.<\/li>\n<li><strong>Uso na Espanha de uma autoriza\u00e7\u00e3o de resid\u00eancia emitida em outro pa\u00eds<\/strong>: quando um cidad\u00e3o estrangeiro precisa comprovar sua resid\u00eancia legal anterior por meio de um documento estrangeiro, este deve ser acompanhado de uma tradu\u00e7\u00e3o juramentada para o espanhol.<\/li>\n<\/ul>\n<h2>Apostila e legaliza\u00e7\u00e3o<\/h2>\n<p data-start=\"2971\" data-end=\"3079\">Dependendo do pa\u00eds em que o documento deve ser apresentado, a autoriza\u00e7\u00e3o de resid\u00eancia original pode precisar de:<\/p>\n<ul>\n<li data-start=\"2971\" data-end=\"3079\"><strong data-start=\"3083\" data-end=\"3107\">Apostila de Haia<\/strong>, se o pa\u00eds de destino for parte da Conven\u00e7\u00e3o.<\/li>\n<li data-start=\"2971\" data-end=\"3079\"><strong data-start=\"3155\" data-end=\"3180\">Legaliza\u00e7\u00e3o consular<\/strong>, se n\u00e3o for membro da Conven\u00e7\u00e3o.<\/li>\n<\/ul>\n<p>A apostila \u00e9 colocada <strong data-start=\"3256\" data-end=\"3287\">no documento original<\/strong>, nunca na tradu\u00e7\u00e3o. Se a sua autoriza\u00e7\u00e3o de resid\u00eancia ou decis\u00e3o administrativa j\u00e1 tem uma apostila, tamb\u00e9m podemos fornecer uma <strong data-start=\"3429\" data-end=\"3466\">tradu\u00e7\u00e3o juramentada da apostila<\/strong>, se o procedimento exigir isso. Podemos aconselhar se o seu documento precisa de uma apostila e como obt\u00ea-la.<\/p>\n<h2>Compromisso com a qualidade<\/h2>\n<p><span data-contrast=\"auto\">Na iDISC, temos o compromisso de fornecer tradu\u00e7\u00f5es juramentadas de alta qualidade, realizadas por tradutores juramentados com ampla experi\u00eancia na \u00e1rea. Cada tradu\u00e7\u00e3o \u00e9 realizada com rigor e precis\u00e3o, garantindo que o certificado profissional seja apresentado de acordo com os mais altos padr\u00f5es legais e administrativos. Valorizamos a clareza, a precis\u00e3o e a formalidade em cada trabalho, garantindo que o documento traduzido seja aceito em qualquer processo legal ou acad\u00eamico.<\/span><\/p>\n","protected":false},"excerpt":{"rendered":"<p>Tradu\u00e7\u00e3o juramentada de sua autoriza\u00e7\u00e3o de resid\u00eancia.<\/p>\n","protected":false},"featured_media":7207,"template":"","meta":[],"product_brand":[],"product_cat":[134],"product_tag":[],"class_list":{"0":"post-7270","1":"product","2":"type-product","3":"status-publish","4":"has-post-thumbnail","6":"product_cat-sem-categoria","7":"image-hover-transition-effect","9":"first","10":"instock","11":"taxable","12":"shipping-taxable","13":"purchasable","14":"product-type-simple"},"yoast_head":"<!-- This site is optimized with the Yoast SEO plugin v27.2 - https:\/\/yoast.com\/product\/yoast-seo-wordpress\/ -->\n<title>Tradu\u00e7\u00e3o juramentada da autoriza\u00e7\u00e3o de resid\u00eancia - Tradu\u00e7\u00e3o Juramentada | iDISC<\/title>\n<meta name=\"description\" content=\"Obtenha uma tradu\u00e7\u00e3o juramentada de sua autoriza\u00e7\u00e3o de resid\u00eancia para procedimentos acad\u00eamicos, legais e de imigra\u00e7\u00e3o na Espanha e no exterior.\" \/>\n<meta name=\"robots\" content=\"index, follow, max-snippet:-1, max-image-preview:large, max-video-preview:-1\" \/>\n<link rel=\"canonical\" href=\"https:\/\/traduccion-jurada.idisc.com\/pt-br\/producto\/autorizacao-de-residencia\/\" \/>\n<meta property=\"og:locale\" content=\"pt_BR\" \/>\n<meta property=\"og:type\" content=\"article\" \/>\n<meta property=\"og:title\" content=\"Tradu\u00e7\u00e3o juramentada da autoriza\u00e7\u00e3o de resid\u00eancia - Tradu\u00e7\u00e3o Juramentada | iDISC\" \/>\n<meta property=\"og:description\" content=\"Obtenha uma tradu\u00e7\u00e3o juramentada de sua autoriza\u00e7\u00e3o de resid\u00eancia para procedimentos acad\u00eamicos, legais e de imigra\u00e7\u00e3o na Espanha e no exterior.\" \/>\n<meta property=\"og:url\" content=\"https:\/\/traduccion-jurada.idisc.com\/pt-br\/producto\/autorizacao-de-residencia\/\" \/>\n<meta property=\"og:site_name\" content=\"Tradu\u00e7\u00e3o Juramentada\" \/>\n<meta property=\"article:publisher\" content=\"https:\/\/www.facebook.com\/idiscit\" \/>\n<meta property=\"og:image\" content=\"https:\/\/traduccion-jurada.idisc.com\/wp-content\/uploads\/2025\/04\/cedula_profesional.png\" \/>\n\t<meta property=\"og:image:width\" content=\"500\" \/>\n\t<meta property=\"og:image:height\" content=\"500\" \/>\n\t<meta property=\"og:image:type\" content=\"image\/png\" \/>\n<meta name=\"twitter:card\" content=\"summary_large_image\" \/>\n<meta name=\"twitter:site\" content=\"@idiscit\" \/>\n<meta name=\"twitter:label1\" content=\"Est. tempo de leitura\" \/>\n\t<meta name=\"twitter:data1\" content=\"4 minutos\" \/>\n<!-- \/ Yoast SEO plugin. -->","yoast_head_json":{"title":"Tradu\u00e7\u00e3o juramentada da autoriza\u00e7\u00e3o de resid\u00eancia - Tradu\u00e7\u00e3o Juramentada | iDISC","description":"Obtenha uma tradu\u00e7\u00e3o juramentada de sua autoriza\u00e7\u00e3o de resid\u00eancia para procedimentos acad\u00eamicos, legais e de imigra\u00e7\u00e3o na Espanha e no exterior.","robots":{"index":"index","follow":"follow","max-snippet":"max-snippet:-1","max-image-preview":"max-image-preview:large","max-video-preview":"max-video-preview:-1"},"canonical":"https:\/\/traduccion-jurada.idisc.com\/pt-br\/producto\/autorizacao-de-residencia\/","og_locale":"pt_BR","og_type":"article","og_title":"Tradu\u00e7\u00e3o juramentada da autoriza\u00e7\u00e3o de resid\u00eancia - Tradu\u00e7\u00e3o Juramentada | iDISC","og_description":"Obtenha uma tradu\u00e7\u00e3o juramentada de sua autoriza\u00e7\u00e3o de resid\u00eancia para procedimentos acad\u00eamicos, legais e de imigra\u00e7\u00e3o na Espanha e no exterior.","og_url":"https:\/\/traduccion-jurada.idisc.com\/pt-br\/producto\/autorizacao-de-residencia\/","og_site_name":"Tradu\u00e7\u00e3o Juramentada","article_publisher":"https:\/\/www.facebook.com\/idiscit","og_image":[{"width":500,"height":500,"url":"https:\/\/traduccion-jurada.idisc.com\/wp-content\/uploads\/2025\/04\/cedula_profesional.png","type":"image\/png"}],"twitter_card":"summary_large_image","twitter_site":"@idiscit","twitter_misc":{"Est. tempo de leitura":"4 minutos"},"schema":{"@context":"https:\/\/schema.org","@graph":[{"@type":"WebPage","@id":"https:\/\/traduccion-jurada.idisc.com\/pt-br\/producto\/autorizacao-de-residencia\/","url":"https:\/\/traduccion-jurada.idisc.com\/pt-br\/producto\/autorizacao-de-residencia\/","name":"Tradu\u00e7\u00e3o juramentada da autoriza\u00e7\u00e3o de resid\u00eancia - Tradu\u00e7\u00e3o Juramentada | iDISC","isPartOf":{"@id":"https:\/\/traduccion-jurada.idisc.com\/pt-br\/#website"},"primaryImageOfPage":{"@id":"https:\/\/traduccion-jurada.idisc.com\/pt-br\/producto\/autorizacao-de-residencia\/#primaryimage"},"image":{"@id":"https:\/\/traduccion-jurada.idisc.com\/pt-br\/producto\/autorizacao-de-residencia\/#primaryimage"},"thumbnailUrl":"https:\/\/traduccion-jurada.idisc.com\/wp-content\/uploads\/2025\/04\/cedula_profesional.png","datePublished":"2025-04-09T20:34:14+00:00","description":"Obtenha uma tradu\u00e7\u00e3o juramentada de sua autoriza\u00e7\u00e3o de resid\u00eancia para procedimentos acad\u00eamicos, legais e de imigra\u00e7\u00e3o na Espanha e no exterior.","breadcrumb":{"@id":"https:\/\/traduccion-jurada.idisc.com\/pt-br\/producto\/autorizacao-de-residencia\/#breadcrumb"},"inLanguage":"pt-BR","potentialAction":[{"@type":"ReadAction","target":["https:\/\/traduccion-jurada.idisc.com\/pt-br\/producto\/autorizacao-de-residencia\/"]}]},{"@type":"ImageObject","inLanguage":"pt-BR","@id":"https:\/\/traduccion-jurada.idisc.com\/pt-br\/producto\/autorizacao-de-residencia\/#primaryimage","url":"https:\/\/traduccion-jurada.idisc.com\/wp-content\/uploads\/2025\/04\/cedula_profesional.png","contentUrl":"https:\/\/traduccion-jurada.idisc.com\/wp-content\/uploads\/2025\/04\/cedula_profesional.png","width":500,"height":500},{"@type":"BreadcrumbList","@id":"https:\/\/traduccion-jurada.idisc.com\/pt-br\/producto\/autorizacao-de-residencia\/#breadcrumb","itemListElement":[{"@type":"ListItem","position":1,"name":"Home","item":"https:\/\/traduccion-jurada.idisc.com\/pt-br\/"},{"@type":"ListItem","position":2,"name":"Loja","item":"https:\/\/traduccion-jurada.idisc.com\/pt-br\/loja\/"},{"@type":"ListItem","position":3,"name":"Autoriza\u00e7\u00e3o de resid\u00eancia"}]},{"@type":"WebSite","@id":"https:\/\/traduccion-jurada.idisc.com\/pt-br\/#website","url":"https:\/\/traduccion-jurada.idisc.com\/pt-br\/","name":"Traducci\u00f3n Jurada iDISC","description":"","publisher":{"@id":"https:\/\/traduccion-jurada.idisc.com\/pt-br\/#organization"},"potentialAction":[{"@type":"SearchAction","target":{"@type":"EntryPoint","urlTemplate":"https:\/\/traduccion-jurada.idisc.com\/pt-br\/?s={search_term_string}"},"query-input":{"@type":"PropertyValueSpecification","valueRequired":true,"valueName":"search_term_string"}}],"inLanguage":"pt-BR"},{"@type":"Organization","@id":"https:\/\/traduccion-jurada.idisc.com\/pt-br\/#organization","name":"iDISC Information Technolgies","url":"https:\/\/traduccion-jurada.idisc.com\/pt-br\/","logo":{"@type":"ImageObject","inLanguage":"pt-BR","@id":"https:\/\/traduccion-jurada.idisc.com\/pt-br\/#\/schema\/logo\/image\/","url":"https:\/\/traduccion-jurada.idisc.com\/wp-content\/uploads\/2025\/11\/cropped-Logo_idisc.png","contentUrl":"https:\/\/traduccion-jurada.idisc.com\/wp-content\/uploads\/2025\/11\/cropped-Logo_idisc.png","width":905,"height":524,"caption":"iDISC Information Technolgies"},"image":{"@id":"https:\/\/traduccion-jurada.idisc.com\/pt-br\/#\/schema\/logo\/image\/"},"sameAs":["https:\/\/www.facebook.com\/idiscit","https:\/\/x.com\/idiscit","https:\/\/www.instagram.com\/idisc_it\/","https:\/\/www.linkedin.com\/company\/idiscit"]}]}},"_links":{"self":[{"href":"https:\/\/traduccion-jurada.idisc.com\/pt-br\/wp-json\/wp\/v2\/product\/7270","targetHints":{"allow":["GET"]}}],"collection":[{"href":"https:\/\/traduccion-jurada.idisc.com\/pt-br\/wp-json\/wp\/v2\/product"}],"about":[{"href":"https:\/\/traduccion-jurada.idisc.com\/pt-br\/wp-json\/wp\/v2\/types\/product"}],"wp:featuredmedia":[{"embeddable":true,"href":"https:\/\/traduccion-jurada.idisc.com\/pt-br\/wp-json\/wp\/v2\/media\/7207"}],"wp:attachment":[{"href":"https:\/\/traduccion-jurada.idisc.com\/pt-br\/wp-json\/wp\/v2\/media?parent=7270"}],"wp:term":[{"taxonomy":"product_brand","embeddable":true,"href":"https:\/\/traduccion-jurada.idisc.com\/pt-br\/wp-json\/wp\/v2\/product_brand?post=7270"},{"taxonomy":"product_cat","embeddable":true,"href":"https:\/\/traduccion-jurada.idisc.com\/pt-br\/wp-json\/wp\/v2\/product_cat?post=7270"},{"taxonomy":"product_tag","embeddable":true,"href":"https:\/\/traduccion-jurada.idisc.com\/pt-br\/wp-json\/wp\/v2\/product_tag?post=7270"}],"curies":[{"name":"wp","href":"https:\/\/api.w.org\/{rel}","templated":true}]}}