{"id":7269,"date":"2025-04-24T16:00:22","date_gmt":"2025-04-24T21:00:22","guid":{"rendered":"https:\/\/traduccion-jurada.idisc.com\/producto\/certificado-de-capacidade-matrimonial\/"},"modified":"2025-04-24T16:00:22","modified_gmt":"2025-04-24T14:00:22","slug":"certificado-de-capacidade-matrimonial","status":"publish","type":"product","link":"https:\/\/traduccion-jurada.idisc.com\/pt-br\/producto\/certificado-de-capacidade-matrimonial\/","title":{"rendered":"Certificado de capacidade matrimonial"},"content":{"rendered":"<h2>Tradu\u00e7\u00e3o juramentada de um certificado de capacidade matrimonial<\/h2>\n<p>A <strong>tradu\u00e7\u00e3o juramentada do certificado de capacidade matrimonial<\/strong> \u00e9 um requisito comum quando uma pessoa est\u00e1 se casando no exterior ou quando um casamento celebrado fora da Espanha precisa cumprir requisitos formais perante as autoridades espanholas.<\/p>\n<p>Na iDISC, fornecemos esse servi\u00e7o por meio de <strong>tradutores-int\u00e9rpretes juramentados<\/strong> nomeados pelo Minist\u00e9rio das Rela\u00e7\u00f5es Exteriores, Uni\u00e3o Europeia e Coopera\u00e7\u00e3o (MAEC) da Espanha, garantindo que a tradu\u00e7\u00e3o tenha validade legal total perante registros civis, consulados, embaixadas e tribunais.<\/p>\n<h2>O que \u00e9 o certificado de capacidade matrimonial?<\/h2>\n<p>O <strong>certificado de capacidade matrimonial<\/strong> \u00e9 um documento emitido pelo Registro Civil espanhol que certifica que uma pessoa atende a todos os requisitos legais para o casamento.<br \/>\nEsse documento \u00e9 essencial quando o casamento deve ser celebrado perante uma autoridade estrangeira, em um consulado espanhol no exterior ou em pa\u00edses cuja legisla\u00e7\u00e3o exija a verifica\u00e7\u00e3o pr\u00e9via do estado civil e da capacidade jur\u00eddica das partes contratantes.<\/p>\n<p>Esse certificado pode incluir informa\u00e7\u00f5es como os dados pessoais do solicitante, o estado civil atual (solteiro, divorciado, vi\u00favo), prova de que n\u00e3o h\u00e1 impedimentos legais para o casamento, data de emiss\u00e3o e o registro civil correspondente.<\/p>\n<h2>O que \u00e9 uma tradu\u00e7\u00e3o juramentada do certificado de capacidade matrimonial?<\/h2>\n<p><span data-contrast=\"auto\">\u00c9 uma tradu\u00e7\u00e3o realizada por um tradutor juramentado oficial, que certifica a exatid\u00e3o do conte\u00fado por meio de assinatura e carimbo. Essa certifica\u00e7\u00e3o \u00e9 essencial para que a tradu\u00e7\u00e3o seja oficialmente v\u00e1lida perante embaixadas, consulados, institui\u00e7\u00f5es financeiras, autoridades de imigra\u00e7\u00e3o e outras organiza\u00e7\u00f5es nacionais ou internacionais.<\/span><\/p>\n<h2>Quando voc\u00ea precisa de uma tradu\u00e7\u00e3o juramentada do seu certificado de capacidade matrimonial?<\/h2>\n<p>Uma tradu\u00e7\u00e3o juramentada desse documento \u00e9 necess\u00e1ria na maioria dos casos a seguir:<\/p>\n<ul>\n<li><strong>Casamento no exterior<\/strong>: se voc\u00ea vai se casar fora da Espanha, as autoridades locais geralmente exigem uma tradu\u00e7\u00e3o juramentada do certificado para o idioma oficial.<\/li>\n<li><strong>Casamento civil em embaixadas ou consulados estrangeiros<\/strong>: os Estados onde o casamento \u00e9 celebrado podem exigir esse certificado traduzido oficialmente para iniciar o processo de casamento.<\/li>\n<li><strong>Registro de um casamento celebrado fora da Espanha<\/strong>: para registrar um casamento estrangeiro no Registro Civil espanhol, pode ser necess\u00e1rio fornecer o certificado de capacidade matrimonial traduzido para o idioma do pa\u00eds onde o casamento foi celebrado ou onde a valida\u00e7\u00e3o est\u00e1 sendo processada.<\/li>\n<li><strong>Procedimentos relacionados ao estado civil<\/strong>: como procedimentos de nacionalidade, vistos para c\u00f4njuges, reunifica\u00e7\u00e3o familiar ou procedimentos legais que exijam prova de capacidade matrimonial.<\/li>\n<\/ul>\n<h2>Apostila e legaliza\u00e7\u00e3o<\/h2>\n<p>Dependendo do pa\u00eds em que voc\u00ea vai apresentar esse certificado, pode ser exigido:<\/p>\n<ul>\n<li><strong>Apostila de Haia<\/strong>, se o pa\u00eds pertencer \u00e0 Conven\u00e7\u00e3o.<\/li>\n<li><strong>Legaliza\u00e7\u00e3o consular<\/strong>, se n\u00e3o for parte da Conven\u00e7\u00e3o.<\/li>\n<\/ul>\n<p>A apostila sempre se aplica ao documento original, n\u00e3o \u00e0 tradu\u00e7\u00e3o. Se a sua solicita\u00e7\u00e3o exigir uma apostila para o Certificado de Capacidade Matrimonial, voc\u00ea dever\u00e1 solicitar \u00e0 autoridade competente. Podemos cuidar da tradu\u00e7\u00e3o juramentada do certificado de capacidade matrimonial e, se necess\u00e1rio, tamb\u00e9m da tradu\u00e7\u00e3o da apostila.<\/p>\n<h2>Nosso compromisso<\/h2>\n<p><span data-contrast=\"auto\">Na iDISC, garantimos tradu\u00e7\u00f5es certificadas de alta qualidade, apoiadas por tradutores juramentados profissionais com experi\u00eancia em documentos fiscais e jur\u00eddicos. Garantimos que sua prova de status fiscal seja traduzida de forma precisa, clara e com os mais altos padr\u00f5es de formalidade, para que voc\u00ea possa concluir com \u00eaxito qualquer procedimento legal ou administrativo, dentro ou fora da Espanha.<\/span><\/p>\n","protected":false},"excerpt":{"rendered":"<p>Tradu\u00e7\u00e3o juramentada do seu certificado de capacidade matrimonial emitido pelo Registro Civil.<\/p>\n","protected":false},"featured_media":7217,"template":"","meta":[],"product_brand":[],"product_cat":[134],"product_tag":[],"class_list":{"0":"post-7269","1":"product","2":"type-product","3":"status-publish","4":"has-post-thumbnail","6":"product_cat-sem-categoria","7":"image-hover-transition-effect","9":"first","10":"instock","11":"taxable","12":"shipping-taxable","13":"purchasable","14":"product-type-simple"},"yoast_head":"<!-- This site is optimized with the Yoast SEO plugin v27.2 - https:\/\/yoast.com\/product\/yoast-seo-wordpress\/ -->\n<title>Tradu\u00e7\u00e3o juramentada do certificado de capacidade matrimonial - Tradu\u00e7\u00e3o Juramentada | iDISC<\/title>\n<meta name=\"description\" content=\"Traduza seu certificado de capacidade matrimonial com validade oficial para procedimentos legais, de imigra\u00e7\u00e3o ou financeiros. Servi\u00e7o prestado por tradutores juramentados.\" \/>\n<meta name=\"robots\" content=\"index, follow, max-snippet:-1, max-image-preview:large, max-video-preview:-1\" \/>\n<link rel=\"canonical\" href=\"https:\/\/traduccion-jurada.idisc.com\/pt-br\/producto\/certificado-de-capacidade-matrimonial\/\" \/>\n<meta property=\"og:locale\" content=\"pt_BR\" \/>\n<meta property=\"og:type\" content=\"article\" \/>\n<meta property=\"og:title\" content=\"Tradu\u00e7\u00e3o juramentada do certificado de capacidade matrimonial - Tradu\u00e7\u00e3o Juramentada | iDISC\" \/>\n<meta property=\"og:description\" content=\"Traduza seu certificado de capacidade matrimonial com validade oficial para procedimentos legais, de imigra\u00e7\u00e3o ou financeiros. Servi\u00e7o prestado por tradutores juramentados.\" \/>\n<meta property=\"og:url\" content=\"https:\/\/traduccion-jurada.idisc.com\/pt-br\/producto\/certificado-de-capacidade-matrimonial\/\" \/>\n<meta property=\"og:site_name\" content=\"Tradu\u00e7\u00e3o Juramentada\" \/>\n<meta property=\"article:publisher\" content=\"https:\/\/www.facebook.com\/idiscit\" \/>\n<meta property=\"og:image\" content=\"https:\/\/traduccion-jurada.idisc.com\/wp-content\/uploads\/2025\/04\/Constancia_de_Situacion_fiscal.png\" \/>\n\t<meta property=\"og:image:width\" content=\"500\" \/>\n\t<meta property=\"og:image:height\" content=\"500\" \/>\n\t<meta property=\"og:image:type\" content=\"image\/png\" \/>\n<meta name=\"twitter:card\" content=\"summary_large_image\" \/>\n<meta name=\"twitter:site\" content=\"@idiscit\" \/>\n<meta name=\"twitter:label1\" content=\"Est. tempo de leitura\" \/>\n\t<meta name=\"twitter:data1\" content=\"3 minutos\" \/>\n<!-- \/ Yoast SEO plugin. -->","yoast_head_json":{"title":"Tradu\u00e7\u00e3o juramentada do certificado de capacidade matrimonial - Tradu\u00e7\u00e3o Juramentada | iDISC","description":"Traduza seu certificado de capacidade matrimonial com validade oficial para procedimentos legais, de imigra\u00e7\u00e3o ou financeiros. Servi\u00e7o prestado por tradutores juramentados.","robots":{"index":"index","follow":"follow","max-snippet":"max-snippet:-1","max-image-preview":"max-image-preview:large","max-video-preview":"max-video-preview:-1"},"canonical":"https:\/\/traduccion-jurada.idisc.com\/pt-br\/producto\/certificado-de-capacidade-matrimonial\/","og_locale":"pt_BR","og_type":"article","og_title":"Tradu\u00e7\u00e3o juramentada do certificado de capacidade matrimonial - Tradu\u00e7\u00e3o Juramentada | iDISC","og_description":"Traduza seu certificado de capacidade matrimonial com validade oficial para procedimentos legais, de imigra\u00e7\u00e3o ou financeiros. Servi\u00e7o prestado por tradutores juramentados.","og_url":"https:\/\/traduccion-jurada.idisc.com\/pt-br\/producto\/certificado-de-capacidade-matrimonial\/","og_site_name":"Tradu\u00e7\u00e3o Juramentada","article_publisher":"https:\/\/www.facebook.com\/idiscit","og_image":[{"width":500,"height":500,"url":"https:\/\/traduccion-jurada.idisc.com\/wp-content\/uploads\/2025\/04\/Constancia_de_Situacion_fiscal.png","type":"image\/png"}],"twitter_card":"summary_large_image","twitter_site":"@idiscit","twitter_misc":{"Est. tempo de leitura":"3 minutos"},"schema":{"@context":"https:\/\/schema.org","@graph":[{"@type":"WebPage","@id":"https:\/\/traduccion-jurada.idisc.com\/pt-br\/producto\/certificado-de-capacidade-matrimonial\/","url":"https:\/\/traduccion-jurada.idisc.com\/pt-br\/producto\/certificado-de-capacidade-matrimonial\/","name":"Tradu\u00e7\u00e3o juramentada do certificado de capacidade matrimonial - Tradu\u00e7\u00e3o Juramentada | iDISC","isPartOf":{"@id":"https:\/\/traduccion-jurada.idisc.com\/pt-br\/#website"},"primaryImageOfPage":{"@id":"https:\/\/traduccion-jurada.idisc.com\/pt-br\/producto\/certificado-de-capacidade-matrimonial\/#primaryimage"},"image":{"@id":"https:\/\/traduccion-jurada.idisc.com\/pt-br\/producto\/certificado-de-capacidade-matrimonial\/#primaryimage"},"thumbnailUrl":"https:\/\/traduccion-jurada.idisc.com\/wp-content\/uploads\/2025\/04\/Constancia_de_Situacion_fiscal.png","datePublished":"2025-04-24T21:00:22+00:00","description":"Traduza seu certificado de capacidade matrimonial com validade oficial para procedimentos legais, de imigra\u00e7\u00e3o ou financeiros. Servi\u00e7o prestado por tradutores juramentados.","breadcrumb":{"@id":"https:\/\/traduccion-jurada.idisc.com\/pt-br\/producto\/certificado-de-capacidade-matrimonial\/#breadcrumb"},"inLanguage":"pt-BR","potentialAction":[{"@type":"ReadAction","target":["https:\/\/traduccion-jurada.idisc.com\/pt-br\/producto\/certificado-de-capacidade-matrimonial\/"]}]},{"@type":"ImageObject","inLanguage":"pt-BR","@id":"https:\/\/traduccion-jurada.idisc.com\/pt-br\/producto\/certificado-de-capacidade-matrimonial\/#primaryimage","url":"https:\/\/traduccion-jurada.idisc.com\/wp-content\/uploads\/2025\/04\/Constancia_de_Situacion_fiscal.png","contentUrl":"https:\/\/traduccion-jurada.idisc.com\/wp-content\/uploads\/2025\/04\/Constancia_de_Situacion_fiscal.png","width":500,"height":500},{"@type":"BreadcrumbList","@id":"https:\/\/traduccion-jurada.idisc.com\/pt-br\/producto\/certificado-de-capacidade-matrimonial\/#breadcrumb","itemListElement":[{"@type":"ListItem","position":1,"name":"Home","item":"https:\/\/traduccion-jurada.idisc.com\/pt-br\/"},{"@type":"ListItem","position":2,"name":"Loja","item":"https:\/\/traduccion-jurada.idisc.com\/pt-br\/loja\/"},{"@type":"ListItem","position":3,"name":"Certificado de capacidade matrimonial"}]},{"@type":"WebSite","@id":"https:\/\/traduccion-jurada.idisc.com\/pt-br\/#website","url":"https:\/\/traduccion-jurada.idisc.com\/pt-br\/","name":"Traducci\u00f3n Jurada iDISC","description":"","publisher":{"@id":"https:\/\/traduccion-jurada.idisc.com\/pt-br\/#organization"},"potentialAction":[{"@type":"SearchAction","target":{"@type":"EntryPoint","urlTemplate":"https:\/\/traduccion-jurada.idisc.com\/pt-br\/?s={search_term_string}"},"query-input":{"@type":"PropertyValueSpecification","valueRequired":true,"valueName":"search_term_string"}}],"inLanguage":"pt-BR"},{"@type":"Organization","@id":"https:\/\/traduccion-jurada.idisc.com\/pt-br\/#organization","name":"iDISC Information Technolgies","url":"https:\/\/traduccion-jurada.idisc.com\/pt-br\/","logo":{"@type":"ImageObject","inLanguage":"pt-BR","@id":"https:\/\/traduccion-jurada.idisc.com\/pt-br\/#\/schema\/logo\/image\/","url":"https:\/\/traduccion-jurada.idisc.com\/wp-content\/uploads\/2025\/11\/cropped-Logo_idisc.png","contentUrl":"https:\/\/traduccion-jurada.idisc.com\/wp-content\/uploads\/2025\/11\/cropped-Logo_idisc.png","width":905,"height":524,"caption":"iDISC Information Technolgies"},"image":{"@id":"https:\/\/traduccion-jurada.idisc.com\/pt-br\/#\/schema\/logo\/image\/"},"sameAs":["https:\/\/www.facebook.com\/idiscit","https:\/\/x.com\/idiscit","https:\/\/www.instagram.com\/idisc_it\/","https:\/\/www.linkedin.com\/company\/idiscit"]}]}},"_links":{"self":[{"href":"https:\/\/traduccion-jurada.idisc.com\/pt-br\/wp-json\/wp\/v2\/product\/7269","targetHints":{"allow":["GET"]}}],"collection":[{"href":"https:\/\/traduccion-jurada.idisc.com\/pt-br\/wp-json\/wp\/v2\/product"}],"about":[{"href":"https:\/\/traduccion-jurada.idisc.com\/pt-br\/wp-json\/wp\/v2\/types\/product"}],"wp:featuredmedia":[{"embeddable":true,"href":"https:\/\/traduccion-jurada.idisc.com\/pt-br\/wp-json\/wp\/v2\/media\/7217"}],"wp:attachment":[{"href":"https:\/\/traduccion-jurada.idisc.com\/pt-br\/wp-json\/wp\/v2\/media?parent=7269"}],"wp:term":[{"taxonomy":"product_brand","embeddable":true,"href":"https:\/\/traduccion-jurada.idisc.com\/pt-br\/wp-json\/wp\/v2\/product_brand?post=7269"},{"taxonomy":"product_cat","embeddable":true,"href":"https:\/\/traduccion-jurada.idisc.com\/pt-br\/wp-json\/wp\/v2\/product_cat?post=7269"},{"taxonomy":"product_tag","embeddable":true,"href":"https:\/\/traduccion-jurada.idisc.com\/pt-br\/wp-json\/wp\/v2\/product_tag?post=7269"}],"curies":[{"name":"wp","href":"https:\/\/api.w.org\/{rel}","templated":true}]}}