{"id":7267,"date":"2025-12-05T14:03:10","date_gmt":"2025-12-05T13:03:10","guid":{"rendered":"https:\/\/traduccion-jurada.idisc.com\/producto\/relatorio-medico\/"},"modified":"2025-12-05T14:03:10","modified_gmt":"2025-12-05T13:03:10","slug":"relatorio-medico","status":"publish","type":"product","link":"https:\/\/traduccion-jurada.idisc.com\/pt-br\/producto\/relatorio-medico\/","title":{"rendered":"Relat\u00f3rio m\u00e9dico"},"content":{"rendered":"<h2 data-start=\"209\" data-end=\"250\">Tradu\u00e7\u00e3o juramentada de relat\u00f3rio m\u00e9dico<\/h2>\n<p data-start=\"252\" data-end=\"783\">A <strong data-start=\"255\" data-end=\"297\">tradu\u00e7\u00e3o juramentada de um relat\u00f3rio m\u00e9dico<\/strong> \u00e9 uma exig\u00eancia frequente em procedimentos de sa\u00fade, jur\u00eddicos, acad\u00eamicos e de imigra\u00e7\u00e3o, tanto na Espanha quanto no exterior.<\/p>\n<p data-start=\"252\" data-end=\"783\">Na iDISC, esse servi\u00e7o \u00e9 realizado exclusivamente por <strong data-start=\"479\" data-end=\"600\">tradutores-int\u00e9rpretes juramentados nomeados pelo Minist\u00e9rio das Rela\u00e7\u00f5es Exteriores, Uni\u00e3o Europeia e Coopera\u00e7\u00e3o (MAEC) da Espanha<\/strong>, o que garante que a tradu\u00e7\u00e3o tenha <strong data-start=\"643\" data-end=\"668\">validade oficial total<\/strong> perante hospitais, seguradoras, administra\u00e7\u00f5es p\u00fablicas, tribunais, universidades e autoridades internacionais.<\/p>\n<p data-start=\"252\" data-end=\"783\">Esse tipo de tradu\u00e7\u00e3o tamb\u00e9m \u00e9 conhecido como <strong data-start=\"832\" data-end=\"853\">tradu\u00e7\u00e3o juramentada<\/strong>, <strong data-start=\"855\" data-end=\"877\">tradu\u00e7\u00e3o oficial<\/strong> ou <strong data-start=\"880\" data-end=\"906\">tradu\u00e7\u00e3o certificada<\/strong>.<\/p>\n<h2 data-start=\"914\" data-end=\"947\">O que \u00e9 um relat\u00f3rio m\u00e9dico?<\/h2>\n<p data-start=\"949\" data-end=\"1123\">Um <strong data-start=\"952\" data-end=\"970\">relat\u00f3rio m\u00e9dico<\/strong> \u00e9 um documento emitido por um profissional de sa\u00fade ou centro de sa\u00fade que cont\u00e9m informa\u00e7\u00f5es relevantes sobre o estado de sa\u00fade de um paciente. Isso pode incluir diagn\u00f3sticos, hist\u00f3rico m\u00e9dico, tratamento recebido ou recomendado, resultados de exames, relat\u00f3rios m\u00e9dicos, certificados de licen\u00e7a m\u00e9dica, alta ou incapacidade, relat\u00f3rios de cirurgia ou hospitaliza\u00e7\u00e3o.<\/p>\n<p data-start=\"949\" data-end=\"1123\">Dependendo do pa\u00eds e da institui\u00e7\u00e3o emissora, os formatos podem variar, mas sempre constituem uma documenta\u00e7\u00e3o sens\u00edvel e essencial para comprovar condi\u00e7\u00f5es m\u00e9dicas ou para justificar determinados direitos ou procedimentos.<\/p>\n<h2>Quando voc\u00ea precisa de uma tradu\u00e7\u00e3o juramentada de um relat\u00f3rio m\u00e9dico?<\/h2>\n<p>As tradu\u00e7\u00f5es juramentadas de relat\u00f3rios m\u00e9dicos s\u00e3o necess\u00e1rias em muitas situa\u00e7\u00f5es:<\/p>\n<ul>\n<li><strong>Procedimentos migrat\u00f3rios ou vistos<\/strong>: muitos pa\u00edses exigem relat\u00f3rios m\u00e9dicos traduzidos para solicita\u00e7\u00f5es de vistos de longo prazo, autoriza\u00e7\u00f5es de resid\u00eancia ou trabalho, processos de reunifica\u00e7\u00e3o familiar.<\/li>\n<li><strong>Tratamento ou interven\u00e7\u00f5es m\u00e9dicas no exterior<\/strong>: hospitais e cl\u00ednicas exigem uma tradu\u00e7\u00e3o juramentada para avaliar os registros m\u00e9dicos antes de admitir ou tratar um paciente.<\/li>\n<li><strong>Seguro de sa\u00fade e reclama\u00e7\u00f5es internacionais<\/strong>: as seguradoras podem solicitar tradu\u00e7\u00f5es oficiais para reembolso, indeniza\u00e7\u00e3o, reclama\u00e7\u00f5es por acidente ou doen\u00e7a.<\/li>\n<li><strong>Processos judiciais ou periciais<\/strong>: incluindo casos de invalidez, neglig\u00eancia m\u00e9dica, indeniza\u00e7\u00e3o, cust\u00f3dia, disputas trabalhistas.<\/li>\n<li><strong>Estudos ou pr\u00e1ticas nas \u00e1reas de sa\u00fade<\/strong>: universidades e \u00f3rg\u00e3os reguladores podem exigir a tradu\u00e7\u00e3o de relat\u00f3rios m\u00e9dicos para fins de credenciamento ou reconhecimento.<\/li>\n<li><strong>Uso na Espanha de relat\u00f3rios m\u00e9dicos emitidos no exterior<\/strong>: para procedimentos administrativos, de emprego, universit\u00e1rios ou de sa\u00fade, \u00e9 obrigat\u00f3ria a tradu\u00e7\u00e3o juramentada para o espanhol.<\/li>\n<\/ul>\n<h2 data-start=\"2893\" data-end=\"2924\">Apostila e legaliza\u00e7\u00e3o<\/h2>\n<p data-start=\"2926\" data-end=\"3031\">Dependendo do pa\u00eds em que o relat\u00f3rio m\u00e9dico traduzido for enviado, o documento original poder\u00e1 exigir a <strong data-start=\"3035\" data-end=\"3059\">Apostila de Haia<\/strong>, se o pa\u00eds de destino for signat\u00e1rio da Conven\u00e7\u00e3o, ou <strong data-start=\"3107\" data-end=\"3132\">a Legaliza\u00e7\u00e3o Consular<\/strong>, se n\u00e3o for signat\u00e1rio da Conven\u00e7\u00e3o. A apostila \u00e9 colocada <strong data-start=\"3207\" data-end=\"3260\">no relat\u00f3rio original ou em uma c\u00f3pia autenticada<\/strong>, nunca na tradu\u00e7\u00e3o. Se o seu relat\u00f3rio j\u00e1 foi apostilado, podemos fornecer uma <strong data-start=\"3348\" data-end=\"3408\">tradu\u00e7\u00e3o juramentada do relat\u00f3rio e da apostila<\/strong>. Para documentos m\u00e9dicos, algumas institui\u00e7\u00f5es de sa\u00fade exigem certifica\u00e7\u00e3o adicional antes do apostilamento. Podemos orientar voc\u00ea nas etapas apropriadas, dependendo do pa\u00eds de destino.<\/p>\n<h2 data-start=\"3605\" data-end=\"3637\">Compromisso com a qualidade<\/h2>\n<p data-start=\"3639\" data-end=\"3661\">Na iDISC, garantimos tradu\u00e7\u00f5es juramentadas realizadas por <strong data-start=\"3701\" data-end=\"3760\">tradutores-int\u00e9rpretes juramentados credenciados pelo Minist\u00e9rio de Rela\u00e7\u00f5es Exteriores e Coopera\u00e7\u00e3o da Espanha (MAEC)<\/strong> com o m\u00e1ximo de precis\u00e3o na terminologia m\u00e9dica e nos dados cl\u00ednicos. Garantimos documentos v\u00e1lidos para qualquer procedimento oficial nacional ou internacional, com entrega r\u00e1pida em formato digital e a op\u00e7\u00e3o de um documento f\u00edsico com assinatura original e carimbo. Nosso objetivo \u00e9 garantir que o seu <strong data-start=\"4029\" data-end=\"4057\">relat\u00f3rio m\u00e9dico traduzido<\/strong> atenda a todos os requisitos legais, de sa\u00fade e administrativos do procedimento que voc\u00ea precisa realizar.<\/p>\n","protected":false},"excerpt":{"rendered":"<p>Tradu\u00e7\u00e3o juramentada do seu relat\u00f3rio m\u00e9dico emitido pelo centro de sa\u00fade correspondente.<\/p>\n","protected":false},"featured_media":7268,"template":"","meta":[],"product_brand":[],"product_cat":[134],"product_tag":[],"class_list":{"0":"post-7267","1":"product","2":"type-product","3":"status-publish","4":"has-post-thumbnail","6":"product_cat-sem-categoria","7":"image-hover-transition-effect","9":"first","10":"instock","11":"taxable","12":"shipping-taxable","13":"purchasable","14":"product-type-simple"},"yoast_head":"<!-- This site is optimized with the Yoast SEO plugin v27.2 - https:\/\/yoast.com\/product\/yoast-seo-wordpress\/ -->\n<title>Tradu\u00e7\u00e3o juramentada de relat\u00f3rio m\u00e9dico - Tradu\u00e7\u00e3o Juramentada | iDISC<\/title>\n<meta name=\"description\" content=\"Traduza seu relat\u00f3rio m\u00e9dico com validade oficial para fins legais, de imigra\u00e7\u00e3o, de sa\u00fade ou de seguro. Servi\u00e7o prestado por tradutores-int\u00e9rpretes juramentados.\" \/>\n<meta name=\"robots\" content=\"index, follow, max-snippet:-1, max-image-preview:large, max-video-preview:-1\" \/>\n<link rel=\"canonical\" href=\"https:\/\/traduccion-jurada.idisc.com\/pt-br\/producto\/relatorio-medico\/\" \/>\n<meta property=\"og:locale\" content=\"pt_BR\" \/>\n<meta property=\"og:type\" content=\"article\" \/>\n<meta property=\"og:title\" content=\"Tradu\u00e7\u00e3o juramentada de relat\u00f3rio m\u00e9dico - Tradu\u00e7\u00e3o Juramentada | iDISC\" \/>\n<meta property=\"og:description\" content=\"Traduza seu relat\u00f3rio m\u00e9dico com validade oficial para fins legais, de imigra\u00e7\u00e3o, de sa\u00fade ou de seguro. Servi\u00e7o prestado por tradutores-int\u00e9rpretes juramentados.\" \/>\n<meta property=\"og:url\" content=\"https:\/\/traduccion-jurada.idisc.com\/pt-br\/producto\/relatorio-medico\/\" \/>\n<meta property=\"og:site_name\" content=\"Tradu\u00e7\u00e3o Juramentada\" \/>\n<meta property=\"article:publisher\" content=\"https:\/\/www.facebook.com\/idiscit\" \/>\n<meta property=\"og:image\" content=\"https:\/\/traduccion-jurada.idisc.com\/wp-content\/uploads\/2025\/12\/infrome-medico.png\" \/>\n\t<meta property=\"og:image:width\" content=\"512\" \/>\n\t<meta property=\"og:image:height\" content=\"512\" \/>\n\t<meta property=\"og:image:type\" content=\"image\/png\" \/>\n<meta name=\"twitter:card\" content=\"summary_large_image\" \/>\n<meta name=\"twitter:site\" content=\"@idiscit\" \/>\n<meta name=\"twitter:label1\" content=\"Est. tempo de leitura\" \/>\n\t<meta name=\"twitter:data1\" content=\"3 minutos\" \/>\n<!-- \/ Yoast SEO plugin. -->","yoast_head_json":{"title":"Tradu\u00e7\u00e3o juramentada de relat\u00f3rio m\u00e9dico - Tradu\u00e7\u00e3o Juramentada | iDISC","description":"Traduza seu relat\u00f3rio m\u00e9dico com validade oficial para fins legais, de imigra\u00e7\u00e3o, de sa\u00fade ou de seguro. Servi\u00e7o prestado por tradutores-int\u00e9rpretes juramentados.","robots":{"index":"index","follow":"follow","max-snippet":"max-snippet:-1","max-image-preview":"max-image-preview:large","max-video-preview":"max-video-preview:-1"},"canonical":"https:\/\/traduccion-jurada.idisc.com\/pt-br\/producto\/relatorio-medico\/","og_locale":"pt_BR","og_type":"article","og_title":"Tradu\u00e7\u00e3o juramentada de relat\u00f3rio m\u00e9dico - Tradu\u00e7\u00e3o Juramentada | iDISC","og_description":"Traduza seu relat\u00f3rio m\u00e9dico com validade oficial para fins legais, de imigra\u00e7\u00e3o, de sa\u00fade ou de seguro. Servi\u00e7o prestado por tradutores-int\u00e9rpretes juramentados.","og_url":"https:\/\/traduccion-jurada.idisc.com\/pt-br\/producto\/relatorio-medico\/","og_site_name":"Tradu\u00e7\u00e3o Juramentada","article_publisher":"https:\/\/www.facebook.com\/idiscit","og_image":[{"width":512,"height":512,"url":"https:\/\/traduccion-jurada.idisc.com\/wp-content\/uploads\/2025\/12\/infrome-medico.png","type":"image\/png"}],"twitter_card":"summary_large_image","twitter_site":"@idiscit","twitter_misc":{"Est. tempo de leitura":"3 minutos"},"schema":{"@context":"https:\/\/schema.org","@graph":[{"@type":"WebPage","@id":"https:\/\/traduccion-jurada.idisc.com\/pt-br\/producto\/relatorio-medico\/","url":"https:\/\/traduccion-jurada.idisc.com\/pt-br\/producto\/relatorio-medico\/","name":"Tradu\u00e7\u00e3o juramentada de relat\u00f3rio m\u00e9dico - Tradu\u00e7\u00e3o Juramentada | iDISC","isPartOf":{"@id":"https:\/\/traduccion-jurada.idisc.com\/pt-br\/#website"},"primaryImageOfPage":{"@id":"https:\/\/traduccion-jurada.idisc.com\/pt-br\/producto\/relatorio-medico\/#primaryimage"},"image":{"@id":"https:\/\/traduccion-jurada.idisc.com\/pt-br\/producto\/relatorio-medico\/#primaryimage"},"thumbnailUrl":"https:\/\/traduccion-jurada.idisc.com\/wp-content\/uploads\/2025\/12\/infrome-medico.png","datePublished":"2025-12-05T13:03:10+00:00","description":"Traduza seu relat\u00f3rio m\u00e9dico com validade oficial para fins legais, de imigra\u00e7\u00e3o, de sa\u00fade ou de seguro. Servi\u00e7o prestado por tradutores-int\u00e9rpretes juramentados.","breadcrumb":{"@id":"https:\/\/traduccion-jurada.idisc.com\/pt-br\/producto\/relatorio-medico\/#breadcrumb"},"inLanguage":"pt-BR","potentialAction":[{"@type":"ReadAction","target":["https:\/\/traduccion-jurada.idisc.com\/pt-br\/producto\/relatorio-medico\/"]}]},{"@type":"ImageObject","inLanguage":"pt-BR","@id":"https:\/\/traduccion-jurada.idisc.com\/pt-br\/producto\/relatorio-medico\/#primaryimage","url":"https:\/\/traduccion-jurada.idisc.com\/wp-content\/uploads\/2025\/12\/infrome-medico.png","contentUrl":"https:\/\/traduccion-jurada.idisc.com\/wp-content\/uploads\/2025\/12\/infrome-medico.png","width":512,"height":512},{"@type":"BreadcrumbList","@id":"https:\/\/traduccion-jurada.idisc.com\/pt-br\/producto\/relatorio-medico\/#breadcrumb","itemListElement":[{"@type":"ListItem","position":1,"name":"Home","item":"https:\/\/traduccion-jurada.idisc.com\/pt-br\/"},{"@type":"ListItem","position":2,"name":"Loja","item":"https:\/\/traduccion-jurada.idisc.com\/pt-br\/loja\/"},{"@type":"ListItem","position":3,"name":"Relat\u00f3rio m\u00e9dico"}]},{"@type":"WebSite","@id":"https:\/\/traduccion-jurada.idisc.com\/pt-br\/#website","url":"https:\/\/traduccion-jurada.idisc.com\/pt-br\/","name":"Traducci\u00f3n Jurada iDISC","description":"","publisher":{"@id":"https:\/\/traduccion-jurada.idisc.com\/pt-br\/#organization"},"potentialAction":[{"@type":"SearchAction","target":{"@type":"EntryPoint","urlTemplate":"https:\/\/traduccion-jurada.idisc.com\/pt-br\/?s={search_term_string}"},"query-input":{"@type":"PropertyValueSpecification","valueRequired":true,"valueName":"search_term_string"}}],"inLanguage":"pt-BR"},{"@type":"Organization","@id":"https:\/\/traduccion-jurada.idisc.com\/pt-br\/#organization","name":"iDISC Information Technolgies","url":"https:\/\/traduccion-jurada.idisc.com\/pt-br\/","logo":{"@type":"ImageObject","inLanguage":"pt-BR","@id":"https:\/\/traduccion-jurada.idisc.com\/pt-br\/#\/schema\/logo\/image\/","url":"https:\/\/traduccion-jurada.idisc.com\/wp-content\/uploads\/2025\/11\/cropped-Logo_idisc.png","contentUrl":"https:\/\/traduccion-jurada.idisc.com\/wp-content\/uploads\/2025\/11\/cropped-Logo_idisc.png","width":905,"height":524,"caption":"iDISC Information Technolgies"},"image":{"@id":"https:\/\/traduccion-jurada.idisc.com\/pt-br\/#\/schema\/logo\/image\/"},"sameAs":["https:\/\/www.facebook.com\/idiscit","https:\/\/x.com\/idiscit","https:\/\/www.instagram.com\/idisc_it\/","https:\/\/www.linkedin.com\/company\/idiscit"]}]}},"_links":{"self":[{"href":"https:\/\/traduccion-jurada.idisc.com\/pt-br\/wp-json\/wp\/v2\/product\/7267","targetHints":{"allow":["GET"]}}],"collection":[{"href":"https:\/\/traduccion-jurada.idisc.com\/pt-br\/wp-json\/wp\/v2\/product"}],"about":[{"href":"https:\/\/traduccion-jurada.idisc.com\/pt-br\/wp-json\/wp\/v2\/types\/product"}],"wp:featuredmedia":[{"embeddable":true,"href":"https:\/\/traduccion-jurada.idisc.com\/pt-br\/wp-json\/wp\/v2\/media\/7268"}],"wp:attachment":[{"href":"https:\/\/traduccion-jurada.idisc.com\/pt-br\/wp-json\/wp\/v2\/media?parent=7267"}],"wp:term":[{"taxonomy":"product_brand","embeddable":true,"href":"https:\/\/traduccion-jurada.idisc.com\/pt-br\/wp-json\/wp\/v2\/product_brand?post=7267"},{"taxonomy":"product_cat","embeddable":true,"href":"https:\/\/traduccion-jurada.idisc.com\/pt-br\/wp-json\/wp\/v2\/product_cat?post=7267"},{"taxonomy":"product_tag","embeddable":true,"href":"https:\/\/traduccion-jurada.idisc.com\/pt-br\/wp-json\/wp\/v2\/product_tag?post=7267"}],"curies":[{"name":"wp","href":"https:\/\/api.w.org\/{rel}","templated":true}]}}