{"id":7228,"date":"2024-11-05T13:59:54","date_gmt":"2024-11-05T12:59:54","guid":{"rendered":"https:\/\/traduccion-jurada.idisc.com\/termos-e-condicoes\/"},"modified":"2026-02-03T13:07:43","modified_gmt":"2026-02-03T12:07:43","slug":"termos-e-condicoes","status":"publish","type":"page","link":"https:\/\/traduccion-jurada.idisc.com\/pt-br\/termos-e-condicoes\/","title":{"rendered":"Termos e condi\u00e7\u00f5es"},"content":{"rendered":"\t\t<div data-elementor-type=\"wp-page\" data-elementor-id=\"7228\" class=\"elementor elementor-7228 elementor-1977\">\n\t\t\t\t<div class=\"elementor-element elementor-element-c4c7447 e-grid e-con-boxed e-con e-parent\" data-id=\"c4c7447\" data-element_type=\"container\" data-e-type=\"container\">\n\t\t\t\t\t<div class=\"e-con-inner\">\n\t\t\t\t<div class=\"elementor-element elementor-element-1ae8567 elementor-widget elementor-widget-heading\" data-id=\"1ae8567\" data-element_type=\"widget\" data-e-type=\"widget\" data-widget_type=\"heading.default\">\n\t\t\t\t<div class=\"elementor-widget-container\">\n\t\t\t\t\t<h1 class=\"elementor-heading-title elementor-size-default\">Termos e condi\u00e7\u00f5es de compra e presta\u00e7\u00e3o de servi\u00e7os do site traduccion-jurada.idisc.com<\/h1>\t\t\t\t<\/div>\n\t\t\t\t<\/div>\n\t\t\t\t\t<\/div>\n\t\t\t\t<\/div>\n\t\t<div class=\"elementor-element elementor-element-0df5e75 e-grid e-con-boxed e-con e-parent\" data-id=\"0df5e75\" data-element_type=\"container\" data-e-type=\"container\">\n\t\t\t\t\t<div class=\"e-con-inner\">\n\t\t\t\t<div class=\"elementor-element elementor-element-69a0d50 elementor-widget elementor-widget-text-editor\" data-id=\"69a0d50\" data-element_type=\"widget\" data-e-type=\"widget\" data-widget_type=\"text-editor.default\">\n\t\t\t\t<div class=\"elementor-widget-container\">\n\t\t\t\t\t\t\t\t\t<p data-start=\"531\" data-end=\"603\"><strong data-start=\"565\" data-end=\"590\">\u00daltima atualiza\u00e7\u00e3o:<\/strong> [13\/01\/2026]<\/p><p data-start=\"531\" data-end=\"603\"><strong>Contato:<\/strong> <a href=\"mailto:info@peritostraductores.mx\">traduccionjurada@idisc.com<\/a><\/p><h2>1. Objetivo do servi\u00e7o<\/h2><p data-start=\"628\" data-end=\"801\">Este documento regula as condi\u00e7\u00f5es aplic\u00e1veis \u00e0 contrata\u00e7\u00e3o de <strong data-start=\"705\" data-end=\"739\">servi\u00e7os de tradu\u00e7\u00e3o juramentada<\/strong> oferecidos atrav\u00e9s do site traduccion-jurada.idisc.com.<\/p><p data-start=\"803\" data-end=\"1039\">As tradu\u00e7\u00f5es s\u00e3o realizadas por <strong data-start=\"839\" data-end=\"924\">tradutores juramentados, autorizados de acordo com as normas espanholas vigentes<\/strong>, e s\u00e3o entregues em formato digital com assinatura digital e, quando o cliente assim o desejar, tamb\u00e9m em formato f\u00edsico.<\/p><h2>2. Defini\u00e7\u00f5es<\/h2><p data-start=\"1077\" data-end=\"1126\">Para os fins destas condi\u00e7\u00f5es, aplicam-se as seguintes defini\u00e7\u00f5es:<\/p><ul data-start=\"1128\" data-end=\"1702\"><li data-start=\"1128\" data-end=\"1188\"><p data-start=\"1130\" data-end=\"1188\"><strong data-start=\"1130\" data-end=\"1141\">Cliente<\/strong>: a pessoa f\u00edsica que contrata o servi\u00e7o.<\/p><\/li><li data-start=\"1189\" data-end=\"1277\"><p data-start=\"1191\" data-end=\"1277\"><strong data-start=\"1191\" data-end=\"1203\">Servi\u00e7o<\/strong>: tradu\u00e7\u00e3o juramentada personalizada de acordo com a <strong data-start=\"1251\" data-end=\"1274\">Ordem AEC\/2125\/2014<\/strong>.<\/p><\/li><li data-start=\"1278\" data-end=\"1365\"><p data-start=\"1280\" data-end=\"1365\"><strong data-start=\"1280\" data-end=\"1302\">Documento original<\/strong>: arquivo(s) fornecido(s) pelo Cliente para tradu\u00e7\u00e3o.<\/p><\/li><li data-start=\"1366\" data-end=\"1462\"><p data-start=\"1368\" data-end=\"1462\"><strong data-start=\"1368\" data-end=\"1387\">Entrega digital<\/strong>: envio por e-mail da tradu\u00e7\u00e3o juramentada com assinatura digital.<\/p><\/li><li data-start=\"1463\" data-end=\"1533\"><p data-start=\"1465\" data-end=\"1533\"><strong data-start=\"1465\" data-end=\"1483\">Entrega f\u00edsica<\/strong>: entrega em papel por empresa de courier.<\/p><\/li><li data-start=\"1534\" data-end=\"1602\"><p data-start=\"1536\" data-end=\"1602\"><strong data-start=\"1536\" data-end=\"1549\">Dia \u00fatil<\/strong>: de segunda a sexta-feira, exceto feriados na Espanha.<\/p><\/li><li data-start=\"1603\" data-end=\"1702\"><p data-start=\"1605\" data-end=\"1702\"><strong data-start=\"1605\" data-end=\"1628\">In\u00edcio da execu\u00e7\u00e3o<\/strong>: momento em que o pedido entra em produ\u00e7\u00e3o t\u00e9cnica ap\u00f3s a valida\u00e7\u00e3o.<\/p><\/li><\/ul><h2>3. Processo de contrata\u00e7\u00e3o<\/h2><p data-start=\"1741\" data-end=\"1812\">A contrata\u00e7\u00e3o \u00e9 feita por meio de <strong data-start=\"1777\" data-end=\"1795\">compra direta<\/strong> no site.<\/p><p data-start=\"1814\" data-end=\"1858\">Considera-se o contrato formalizado quando:<\/p><ul data-start=\"1859\" data-end=\"1976\"><li data-start=\"1859\" data-end=\"1902\"><p data-start=\"1861\" data-end=\"1902\">o Cliente conclui o processo de compra,<\/p><\/li><li data-start=\"1903\" data-end=\"1949\"><p data-start=\"1905\" data-end=\"1949\">aceita estes Termos e Condi\u00e7\u00f5es,<\/p><\/li><li data-start=\"1950\" data-end=\"1976\"><p data-start=\"1952\" data-end=\"1976\">e o pagamento \u00e9 confirmado.<\/p><\/li><\/ul><p data-start=\"1978\" data-end=\"2161\">O Cliente \u00e9 respons\u00e1vel por verificar cuidadosamente os detalhes do pedido antes de finalizar a compra (idiomas, n\u00famero de p\u00e1ginas, m\u00e9todo de entrega, urg\u00eancia e detalhes de contato).<\/p><h2>4. Pre\u00e7o, impostos e pagamento<\/h2><p data-start=\"2201\" data-end=\"2313\">Os pre\u00e7os mostrados no site para pessoas f\u00edsicas incluem <strong data-start=\"2266\" data-end=\"2273\">IVA<\/strong>, a menos que expressamente indicado de outra forma.<\/p><p data-start=\"2315\" data-end=\"2349\">O pagamento pode ser feito por:<\/p><ul data-start=\"2350\" data-end=\"2473\"><li data-start=\"2350\" data-end=\"2380\"><p data-start=\"2352\" data-end=\"2380\">cart\u00e3o de cr\u00e9dito ou d\u00e9bito,<\/p><\/li><li data-start=\"2381\" data-end=\"2473\"><p data-start=\"2383\" data-end=\"2473\">plataformas de pagamento compat\u00edveis, sujeitas \u00e0 disponibilidade.<\/p><\/li><\/ul><p data-start=\"2475\" data-end=\"2662\">Em caso de erro t\u00e9cnico ou tipogr\u00e1fico no pre\u00e7o apresentado, a iDISC se reserva o direito de cancelar o pedido e reembolsar o valor pago, informando o Cliente o mais r\u00e1pido poss\u00edvel.<\/p><h2>5. In\u00edcio da execu\u00e7\u00e3o e valida\u00e7\u00e3o da ordem<\/h2><p data-start=\"2724\" data-end=\"2857\">A execu\u00e7\u00e3o do Servi\u00e7o <strong data-start=\"2750\" data-end=\"2809\">come\u00e7a automaticamente ap\u00f3s a confirma\u00e7\u00e3o do pagamento<\/strong>, desde que o pedido n\u00e3o tenha incidentes.<\/p><p data-start=\"2859\" data-end=\"2943\">A iDISC poder\u00e1 <strong data-start=\"2871\" data-end=\"2891\">pausar o pedido<\/strong> se alguma das situa\u00e7\u00f5es a seguir for detectada:<\/p><ul data-start=\"2944\" data-end=\"3120\"><li data-start=\"2944\" data-end=\"3022\"><p data-start=\"2946\" data-end=\"3022\">discrep\u00e2ncia entre o n\u00famero de p\u00e1ginas contratadas e o documento original,<\/p><\/li><li data-start=\"3023\" data-end=\"3062\"><p data-start=\"3025\" data-end=\"3062\">combina\u00e7\u00e3o de idiomas n\u00e3o dispon\u00edvel,<\/p><\/li><li data-start=\"3063\" data-end=\"3120\"><p data-start=\"3065\" data-end=\"3120\">arquivo ileg\u00edvel, incompleto ou tecnicamente defeituoso.<\/p><\/li><\/ul><p data-start=\"3122\" data-end=\"3292\">Nesses casos, o pedido ser\u00e1 suspenso at\u00e9 que o Cliente forne\u00e7a uma vers\u00e3o correta do documento original. Os prazos de entrega ser\u00e3o ajustados de acordo.<\/p><h2>6. Prazos de entrega<\/h2><h3>6.1 Entrega digital<\/h3><p data-start=\"3351\" data-end=\"3580\">Os prazos indicados s\u00e3o <strong data-start=\"3376\" data-end=\"3389\">estimativas<\/strong>, n\u00e3o constituem garantia absoluta de entrega e est\u00e3o condicionados ao recebimento correto do pagamento e da documenta\u00e7\u00e3o, bem como \u00e0 aus\u00eancia de incidentes t\u00e9cnicos ou de valida\u00e7\u00e3o.<\/p><ul data-start=\"3582\" data-end=\"3829\"><li data-start=\"3582\" data-end=\"3718\"><p data-start=\"3584\" data-end=\"3718\">Pedidos feitos <strong data-start=\"3603\" data-end=\"3652\">antes das 12:00 (hor\u00e1rio da Espanha peninsular)<\/strong> em um dia \u00fatil: entrega digital no <strong data-start=\"3689\" data-end=\"3715\">pr\u00f3ximo dia \u00fatil<\/strong>.<\/p><\/li><li data-start=\"3719\" data-end=\"3829\"><p data-start=\"3721\" data-end=\"3829\">Pedidos feitos <strong data-start=\"3740\" data-end=\"3765\">ap\u00f3s as 12:00<\/strong>: entrega digital <strong data-start=\"3789\" data-end=\"3828\">em at\u00e9 2 dias \u00fateis<\/strong>.<\/p><\/li><\/ul><h3>6.2 Entrega f\u00edsica<\/h3><p data-start=\"3856\" data-end=\"3984\">A entrega f\u00edsica \u00e9 feita por <strong data-start=\"3894\" data-end=\"3935\">empresas de courier independentes<\/strong> e \u00e9 oferecida <strong data-start=\"3948\" data-end=\"3983\">principalmente na Espanha<\/strong>.<\/p><p data-start=\"3986\" data-end=\"4173\">Os prazos de entrega f\u00edsica dependem exclusivamente da empresa de courier selecionada e <strong data-start=\"4082\" data-end=\"4117\">n\u00e3o s\u00e3o de responsabilidade da iDISC<\/strong>, uma vez que a remessa tenha sido entregue \u00e0 transportadora.<\/p><p data-start=\"4175\" data-end=\"4361\">As entregas fora da Espanha podem ser gerenciadas em <strong data-start=\"4221\" data-end=\"4245\">car\u00e1ter excepcional<\/strong>, sujeitas a viabilidade log\u00edstica, custos e prazos espec\u00edficos, que devem ser previamente aceitos pelo Cliente.<\/p><p data-start=\"4363\" data-end=\"4583\">O Cliente poder\u00e1 escolher entre <strong data-start=\"4393\" data-end=\"4421\">entrega padr\u00e3o ou expressa<\/strong> quando essa op\u00e7\u00e3o estiver dispon\u00edvel no checkout. O modo de entrega afeta apenas o transporte e n\u00e3o altera os prazos de produ\u00e7\u00e3o da tradu\u00e7\u00e3o.<\/p><h2>7. Natureza do servi\u00e7o e entidade receptora<\/h2><p data-start=\"4642\" data-end=\"4793\">Cada ag\u00eancia ou \u00f3rg\u00e3o receptor pode estabelecer seus pr\u00f3prios requisitos em termos de formato, suporte, legaliza\u00e7\u00e3o ou aceita\u00e7\u00e3o de tradu\u00e7\u00f5es juramentadas.<\/p><p data-start=\"4795\" data-end=\"5010\">O Cliente \u00e9 respons\u00e1vel por se informar de antem\u00e3o sobre esses requisitos. A iDISC n\u00e3o garante a aceita\u00e7\u00e3o da tradu\u00e7\u00e3o por uma determinada entidade quando os requisitos n\u00e3o foram verificados pelo Cliente.<\/p><p data-start=\"5012\" data-end=\"5136\">A iDISC n\u00e3o se responsabiliza por erros decorrentes de documentos originais incompletos, manipulados, ileg\u00edveis ou falsificados.<\/p><h2>8. Direito de desist\u00eancia, cancelamentos e reembolsos<\/h2><p data-start=\"5204\" data-end=\"5321\">O Servi\u00e7o oferecido constitui um <strong data-start=\"5239\" data-end=\"5265\">servi\u00e7o personalizado<\/strong>, desenvolvido de acordo com as especifica\u00e7\u00f5es do Cliente.<\/p><p data-start=\"5323\" data-end=\"5462\">O Cliente entende e aceita que a realiza\u00e7\u00e3o do pedido implica o <strong data-start=\"5393\" data-end=\"5448\">in\u00edcio autom\u00e1tico do processo de produ\u00e7\u00e3o t\u00e9cnica<\/strong> do Servi\u00e7o.<\/p><h3 data-start=\"5464\" data-end=\"5516\">8.1 Cancelamento antes da produ\u00e7\u00e3o t\u00e9cnica<\/h3><p data-start=\"5517\" data-end=\"5685\">O cancelamento s\u00f3 \u00e9 poss\u00edvel <strong data-start=\"5550\" data-end=\"5610\">desde que o pedido n\u00e3o tenha entrado em produ\u00e7\u00e3o t\u00e9cnica<\/strong>. Uma vez iniciada a execu\u00e7\u00e3o, n\u00e3o ser\u00e1 poss\u00edvel cancelar o pedido.<\/p><h3 data-start=\"5687\" data-end=\"5735\">8.2 Exclus\u00e3o do direito de desist\u00eancia<\/h3><p data-start=\"5736\" data-end=\"5942\">Uma vez iniciada a execu\u00e7\u00e3o do Servi\u00e7o, <strong data-start=\"5780\" data-end=\"5829\">o direito de desist\u00eancia n\u00e3o se aplicar\u00e1<\/strong>, de acordo com os regulamentos atuais de prote\u00e7\u00e3o ao consumidor para servi\u00e7os personalizados.<\/p><h3 data-start=\"5944\" data-end=\"5964\">8.3 Reembolsos<\/h3><p data-start=\"5965\" data-end=\"6130\">Corre\u00e7\u00f5es ou reembolsos podem ser considerados apenas em casos de erros materiais graves atribu\u00edveis \u00e0 tradu\u00e7\u00e3o, ap\u00f3s an\u00e1lise do caso pela iDISC.<\/p><h2 data-start=\"6137\" data-end=\"6182\">9. Servi\u00e7o completo e responsabilidade<\/h2><p data-start=\"6183\" data-end=\"6313\">O Servi\u00e7o ser\u00e1 considerado <strong data-start=\"6210\" data-end=\"6224\">conclu\u00eddo<\/strong> quando a tradu\u00e7\u00e3o juramentada for enviada ao Cliente por e-mail.<\/p><p data-start=\"6315\" data-end=\"6531\">A responsabilidade total da iDISC por danos diretos decorrentes do Servi\u00e7o ser\u00e1, em qualquer caso, limitada ao valor efetivamente pago pelo Cliente pelo pedido que \u00e9 objeto da reclama\u00e7\u00e3o, exceto quando exigido por lei.<\/p><p data-start=\"6533\" data-end=\"6649\">A iDISC n\u00e3o se responsabiliza por danos indiretos, perdas financeiras, perdas de oportunidade ou reclama\u00e7\u00f5es de terceiros.<\/p><h2 data-start=\"6656\" data-end=\"6676\">10. Faturamento<\/h2><p data-start=\"6677\" data-end=\"6758\">O Cliente <strong data-start=\"6688\" data-end=\"6744\">tem o direito de solicitar a fatura correspondente<\/strong> do Servi\u00e7o.<\/p><p data-start=\"6760\" data-end=\"6888\">No caso de pessoas f\u00edsicas, a fatura pode ser solicitada entrando em contato com a iDISC pelos meios indicados no site.<\/p><p data-start=\"6890\" data-end=\"7069\">Para servi\u00e7os B2B e faturamento sem IVA, o Cliente deve primeiro entrar em contato com a iDISC para o gerenciamento manual do pedido e a verifica\u00e7\u00e3o das exig\u00eancias fiscais aplic\u00e1veis.<\/p><h2 data-start=\"7076\" data-end=\"7144\">11. Uso de ferramentas, confidencialidade e prote\u00e7\u00e3o de dados<\/h2><p data-start=\"7145\" data-end=\"7376\">Para fornecer o Servi\u00e7o, a iDISC pode usar ferramentas de suporte, como OCR, ferramentas CAT, mem\u00f3rias de tradu\u00e7\u00e3o, gloss\u00e1rios, bancos de dados de terminologia e IA, aplicando medidas razo\u00e1veis de seguran\u00e7a e confidencialidade.<\/p><p data-start=\"7378\" data-end=\"7511\">A documenta\u00e7\u00e3o fornecida pelo Cliente ser\u00e1 tratada como confidencial e usada exclusivamente para a presta\u00e7\u00e3o do Servi\u00e7o.<\/p><p data-start=\"1249\" data-end=\"1403\">O tratamento dos dados pessoais do Cliente \u00e9 regido pelas disposi\u00e7\u00f5es do Regulamento (UE) 2016\/679 (RGPD) e da Lei Org\u00e2nica 3\/2018 (LOPDGDD).<\/p><p data-start=\"1410\" data-end=\"1699\">Informa\u00e7\u00f5es completas e atualizadas sobre o processamento de dados, medidas de seguran\u00e7a, direitos dos titulares dos dados e outros detalhes exigidos pelos regulamentos aplic\u00e1veis est\u00e3o dispon\u00edveis nos seguintes documentos, que podem ser acessados permanentemente nos sites do grupo iDISC:<\/p><p data-start=\"1706\" data-end=\"1975\">&#8211; <strong data-start=\"1708\" data-end=\"1735\">Pol\u00edtica de privacidade:<\/strong> <a class=\"decorated-link\" href=\"https:\/\/www.idisc.com\/es\/politica-privacidad\" target=\"_new\" rel=\"noopener\" data-start=\"1736\" data-end=\"1780\">https:\/\/www.idisc.com\/es\/politica-privacidad<\/a><br data-start=\"1780\" data-end=\"1783\" \/>&#8211; <strong data-start=\"1787\" data-end=\"1803\">Aviso legal:<\/strong> <a class=\"decorated-link\" href=\"https:\/\/www.idisc.com\/es\/aviso-legal\" target=\"_new\" rel=\"noopener\" data-start=\"1804\" data-end=\"1840\">https:\/\/www.idisc.com\/es\/aviso-legal<\/a><br data-start=\"1840\" data-end=\"1843\" \/>&#8211; <strong data-start=\"1847\" data-end=\"1891\">Pol\u00edtica de seguran\u00e7a da informa\u00e7\u00e3o:<\/strong> <a class=\"decorated-link\" href=\"https:\/\/info.idisc.com\/hubfs\/Certificaciones\/politica_de_seguridad_firmada_ES.pdf\" target=\"_new\" rel=\"noopener\" data-start=\"1892\" data-end=\"1973\">https:\/\/info.idisc.com\/hubfs\/Certificaciones\/politica_de_seguridad_firmada_ES.pdf<\/a><\/p><h2 data-start=\"7680\" data-end=\"7714\">12. Informa\u00e7\u00f5es sobre o site<\/h2><p data-start=\"7715\" data-end=\"7829\">As informa\u00e7\u00f5es publicadas no site s\u00e3o apenas para fins informativos e n\u00e3o constituem aconselhamento jur\u00eddico.<\/p><h2 data-start=\"7836\" data-end=\"7876\">13. Modifica\u00e7\u00e3o das condi\u00e7\u00f5es<\/h2><p data-start=\"7877\" data-end=\"8025\">A iDISC se reserva o direito de modificar estes Termos e Condi\u00e7\u00f5es. A vers\u00e3o aplic\u00e1vel ser\u00e1 a que estiver em vigor no momento da contrata\u00e7\u00e3o.<\/p><h2 data-start=\"8032\" data-end=\"8077\">14. Lei e jurisdi\u00e7\u00e3o aplic\u00e1veis<\/h2><p data-start=\"8078\" data-end=\"8141\">Estes termos e condi\u00e7\u00f5es s\u00e3o regidos pela legisla\u00e7\u00e3o espanhola.<\/p><p data-start=\"8143\" data-end=\"8423\">No caso de contrata\u00e7\u00e3o por consumidores, a jurisdi\u00e7\u00e3o ser\u00e1 determinada pelos regulamentos aplic\u00e1veis. Nas rela\u00e7\u00f5es com empresas ou profissionais, as partes se submetem aos tribunais e ju\u00edzos de <strong data-start=\"8352\" data-end=\"8377\">Martorell (Barcelona)<\/strong>, renunciando expressamente a qualquer outra jurisdi\u00e7\u00e3o.<\/p><p data-start=\"8143\" data-end=\"8423\">&nbsp;<\/p>\t\t\t\t\t\t\t\t<\/div>\n\t\t\t\t<\/div>\n\t\t\t\t\t<\/div>\n\t\t\t\t<\/div>\n\t\t\t\t<\/div>\n\t\t","protected":false},"excerpt":{"rendered":"<p>Termos e condi\u00e7\u00f5es de compra e presta\u00e7\u00e3o de servi\u00e7os do site traduccion-jurada.idisc.com \u00daltima atualiza\u00e7\u00e3o: [13\/01\/2026] Contato: traduccionjurada@idisc.com 1. Objetivo do &hellip; <\/p>\n","protected":false},"author":1,"featured_media":0,"parent":0,"menu_order":0,"comment_status":"closed","ping_status":"closed","template":"","meta":{"footnotes":""},"class_list":["post-7228","page","type-page","status-publish","hentry","image-hover-transition-effect"],"yoast_head":"<!-- This site is optimized with the Yoast SEO plugin v27.2 - https:\/\/yoast.com\/product\/yoast-seo-wordpress\/ -->\n<title>Termos e condi\u00e7\u00f5es - Tradu\u00e7\u00e3o Juramentada | iDISC<\/title>\n<meta name=\"robots\" content=\"index, follow, max-snippet:-1, max-image-preview:large, max-video-preview:-1\" \/>\n<link rel=\"canonical\" href=\"https:\/\/traduccion-jurada.idisc.com\/pt-br\/termos-e-condicoes\/\" \/>\n<meta property=\"og:locale\" content=\"pt_BR\" \/>\n<meta property=\"og:type\" content=\"article\" \/>\n<meta property=\"og:title\" content=\"Termos e condi\u00e7\u00f5es - Tradu\u00e7\u00e3o Juramentada | iDISC\" \/>\n<meta property=\"og:description\" content=\"Termos e condi\u00e7\u00f5es de compra e presta\u00e7\u00e3o de servi\u00e7os do site traduccion-jurada.idisc.com \u00daltima atualiza\u00e7\u00e3o: [13\/01\/2026] Contato: traduccionjurada@idisc.com 1. Objetivo do &hellip;\" \/>\n<meta property=\"og:url\" content=\"https:\/\/traduccion-jurada.idisc.com\/pt-br\/termos-e-condicoes\/\" \/>\n<meta property=\"og:site_name\" content=\"Tradu\u00e7\u00e3o Juramentada\" \/>\n<meta property=\"article:publisher\" content=\"https:\/\/www.facebook.com\/idiscit\" \/>\n<meta property=\"article:modified_time\" content=\"2026-02-03T12:07:43+00:00\" \/>\n<meta name=\"twitter:card\" content=\"summary_large_image\" \/>\n<meta name=\"twitter:site\" content=\"@idiscit\" \/>\n<meta name=\"twitter:label1\" content=\"Est. tempo de leitura\" \/>\n\t<meta name=\"twitter:data1\" content=\"7 minutos\" \/>\n<!-- \/ Yoast SEO plugin. -->","yoast_head_json":{"title":"Termos e condi\u00e7\u00f5es - Tradu\u00e7\u00e3o Juramentada | iDISC","robots":{"index":"index","follow":"follow","max-snippet":"max-snippet:-1","max-image-preview":"max-image-preview:large","max-video-preview":"max-video-preview:-1"},"canonical":"https:\/\/traduccion-jurada.idisc.com\/pt-br\/termos-e-condicoes\/","og_locale":"pt_BR","og_type":"article","og_title":"Termos e condi\u00e7\u00f5es - Tradu\u00e7\u00e3o Juramentada | iDISC","og_description":"Termos e condi\u00e7\u00f5es de compra e presta\u00e7\u00e3o de servi\u00e7os do site traduccion-jurada.idisc.com \u00daltima atualiza\u00e7\u00e3o: [13\/01\/2026] Contato: traduccionjurada@idisc.com 1. Objetivo do &hellip;","og_url":"https:\/\/traduccion-jurada.idisc.com\/pt-br\/termos-e-condicoes\/","og_site_name":"Tradu\u00e7\u00e3o Juramentada","article_publisher":"https:\/\/www.facebook.com\/idiscit","article_modified_time":"2026-02-03T12:07:43+00:00","twitter_card":"summary_large_image","twitter_site":"@idiscit","twitter_misc":{"Est. tempo de leitura":"7 minutos"},"schema":{"@context":"https:\/\/schema.org","@graph":[{"@type":"WebPage","@id":"https:\/\/traduccion-jurada.idisc.com\/pt-br\/termos-e-condicoes\/","url":"https:\/\/traduccion-jurada.idisc.com\/pt-br\/termos-e-condicoes\/","name":"Termos e condi\u00e7\u00f5es - Tradu\u00e7\u00e3o Juramentada | iDISC","isPartOf":{"@id":"https:\/\/traduccion-jurada.idisc.com\/pt-br\/#website"},"datePublished":"2024-11-05T12:59:54+00:00","dateModified":"2026-02-03T12:07:43+00:00","breadcrumb":{"@id":"https:\/\/traduccion-jurada.idisc.com\/pt-br\/termos-e-condicoes\/#breadcrumb"},"inLanguage":"pt-BR","potentialAction":[{"@type":"ReadAction","target":["https:\/\/traduccion-jurada.idisc.com\/pt-br\/termos-e-condicoes\/"]}]},{"@type":"BreadcrumbList","@id":"https:\/\/traduccion-jurada.idisc.com\/pt-br\/termos-e-condicoes\/#breadcrumb","itemListElement":[{"@type":"ListItem","position":1,"name":"Home","item":"https:\/\/traduccion-jurada.idisc.com\/pt-br\/"},{"@type":"ListItem","position":2,"name":"Termos e condi\u00e7\u00f5es"}]},{"@type":"WebSite","@id":"https:\/\/traduccion-jurada.idisc.com\/pt-br\/#website","url":"https:\/\/traduccion-jurada.idisc.com\/pt-br\/","name":"Traducci\u00f3n Jurada iDISC","description":"","publisher":{"@id":"https:\/\/traduccion-jurada.idisc.com\/pt-br\/#organization"},"potentialAction":[{"@type":"SearchAction","target":{"@type":"EntryPoint","urlTemplate":"https:\/\/traduccion-jurada.idisc.com\/pt-br\/?s={search_term_string}"},"query-input":{"@type":"PropertyValueSpecification","valueRequired":true,"valueName":"search_term_string"}}],"inLanguage":"pt-BR"},{"@type":"Organization","@id":"https:\/\/traduccion-jurada.idisc.com\/pt-br\/#organization","name":"iDISC Information Technolgies","url":"https:\/\/traduccion-jurada.idisc.com\/pt-br\/","logo":{"@type":"ImageObject","inLanguage":"pt-BR","@id":"https:\/\/traduccion-jurada.idisc.com\/pt-br\/#\/schema\/logo\/image\/","url":"https:\/\/traduccion-jurada.idisc.com\/wp-content\/uploads\/2025\/11\/cropped-Logo_idisc.png","contentUrl":"https:\/\/traduccion-jurada.idisc.com\/wp-content\/uploads\/2025\/11\/cropped-Logo_idisc.png","width":905,"height":524,"caption":"iDISC Information Technolgies"},"image":{"@id":"https:\/\/traduccion-jurada.idisc.com\/pt-br\/#\/schema\/logo\/image\/"},"sameAs":["https:\/\/www.facebook.com\/idiscit","https:\/\/x.com\/idiscit","https:\/\/www.instagram.com\/idisc_it\/","https:\/\/www.linkedin.com\/company\/idiscit"]}]}},"_links":{"self":[{"href":"https:\/\/traduccion-jurada.idisc.com\/pt-br\/wp-json\/wp\/v2\/pages\/7228","targetHints":{"allow":["GET"]}}],"collection":[{"href":"https:\/\/traduccion-jurada.idisc.com\/pt-br\/wp-json\/wp\/v2\/pages"}],"about":[{"href":"https:\/\/traduccion-jurada.idisc.com\/pt-br\/wp-json\/wp\/v2\/types\/page"}],"author":[{"embeddable":true,"href":"https:\/\/traduccion-jurada.idisc.com\/pt-br\/wp-json\/wp\/v2\/users\/1"}],"replies":[{"embeddable":true,"href":"https:\/\/traduccion-jurada.idisc.com\/pt-br\/wp-json\/wp\/v2\/comments?post=7228"}],"version-history":[{"count":1,"href":"https:\/\/traduccion-jurada.idisc.com\/pt-br\/wp-json\/wp\/v2\/pages\/7228\/revisions"}],"predecessor-version":[{"id":7229,"href":"https:\/\/traduccion-jurada.idisc.com\/pt-br\/wp-json\/wp\/v2\/pages\/7228\/revisions\/7229"}],"wp:attachment":[{"href":"https:\/\/traduccion-jurada.idisc.com\/pt-br\/wp-json\/wp\/v2\/media?parent=7228"}],"curies":[{"name":"wp","href":"https:\/\/api.w.org\/{rel}","templated":true}]}}