{"id":7185,"date":"2024-07-08T20:43:52","date_gmt":"2024-07-08T18:43:52","guid":{"rendered":"https:\/\/traduccion-jurada.idisc.com\/carrinho-2\/"},"modified":"2026-03-09T15:50:19","modified_gmt":"2026-03-09T14:50:19","slug":"carrinho","status":"publish","type":"page","link":"https:\/\/traduccion-jurada.idisc.com\/pt-br\/carrinho\/","title":{"rendered":"Carrinho"},"content":{"rendered":"\n<div data-block-name=\"woocommerce\/cart\" class=\"wp-block-woocommerce-cart alignwide is-loading\">\n<div data-block-name=\"woocommerce\/filled-cart-block\" class=\"wp-block-woocommerce-filled-cart-block\">\n<div data-block-name=\"woocommerce\/cart-items-block\" class=\"wp-block-woocommerce-cart-items-block\">\n<div data-block-name=\"woocommerce\/cart-line-items-block\" class=\"wp-block-woocommerce-cart-line-items-block\"><\/div>\n\n\n\n<div data-block-name=\"woocommerce\/cart-cross-sells-block\" class=\"wp-block-woocommerce-cart-cross-sells-block\">\n<h2 class=\"wp-block-heading has-large-font-size\">Isto pode interessar a voc\u00ea\u2026<\/h2>\n\n\n\n<div data-block-name=\"woocommerce\/cart-cross-sells-products-block\" class=\"wp-block-woocommerce-cart-cross-sells-products-block\"><\/div>\n<\/div>\n<\/div>\n\n\n\n<div data-block-name=\"woocommerce\/cart-totals-block\" class=\"wp-block-woocommerce-cart-totals-block\">\n<div data-block-name=\"woocommerce\/cart-order-summary-block\" class=\"wp-block-woocommerce-cart-order-summary-block\">\n<div data-block-name=\"woocommerce\/cart-order-summary-heading-block\" data-content=\"Total do carrinho\" class=\"wp-block-woocommerce-cart-order-summary-heading-block\"><\/div>\n\n\n\n<div data-block-name=\"woocommerce\/cart-order-summary-coupon-form-block\" class=\"wp-block-woocommerce-cart-order-summary-coupon-form-block\"><\/div>\n\n\n\n<div data-block-name=\"woocommerce\/cart-order-summary-totals-block\" class=\"wp-block-woocommerce-cart-order-summary-totals-block\">\n<div data-block-name=\"woocommerce\/cart-order-summary-subtotal-block\" class=\"wp-block-woocommerce-cart-order-summary-subtotal-block\"><\/div>\n\n\n\n<div data-block-name=\"woocommerce\/cart-order-summary-fee-block\" class=\"wp-block-woocommerce-cart-order-summary-fee-block\"><\/div>\n\n\n\n<div data-block-name=\"woocommerce\/cart-order-summary-discount-block\" class=\"wp-block-woocommerce-cart-order-summary-discount-block\"><\/div>\n\n\n\n<div data-block-name=\"woocommerce\/cart-order-summary-shipping-block\" class=\"wp-block-woocommerce-cart-order-summary-shipping-block\"><\/div>\n\n\n\n<div data-block-name=\"woocommerce\/cart-order-summary-taxes-block\" class=\"wp-block-woocommerce-cart-order-summary-taxes-block\"><\/div>\n<\/div>\n<\/div>\n\n\n\n<div data-block-name=\"woocommerce\/cart-express-payment-block\" class=\"wp-block-woocommerce-cart-express-payment-block\"><\/div>\n\n\n\n<div data-block-name=\"woocommerce\/proceed-to-checkout-block\" data-button-label=\"M\u00e9todo de envio e pagamento (etapa 1 de 2)\" class=\"wp-block-woocommerce-proceed-to-checkout-block\"><\/div>\n\n\n\n<div data-block-name=\"woocommerce\/cart-accepted-payment-methods-block\" class=\"wp-block-woocommerce-cart-accepted-payment-methods-block\"><\/div>\n<\/div>\n<\/div>\n\n\n\n<div data-block-name=\"woocommerce\/empty-cart-block\" class=\"wp-block-woocommerce-empty-cart-block\">\n<h2 class=\"wp-block-heading has-text-align-center with-empty-cart-icon wc-block-cart__empty-cart__title\">Seu carrinho est\u00e1 vazio no momento!<\/h2>\n\n\n\n<p class=\"has-text-align-center\"><a href=\"http:\/\/juradas.idiscit.com\/precios\">Veja a loja<\/a>.<\/p>\n\n\n\n<hr class=\"wp-block-separator has-alpha-channel-opacity is-style-dots\"\/>\n\n\n\n<h2 class=\"wp-block-heading has-text-align-center\">Novidades na loja<\/h2>\n\n\n<div data-block-name=\"woocommerce\/product-new\" data-columns=\"4\" data-rows=\"1\" class=\"wc-block-grid wp-block-product-new wp-block-woocommerce-product-new wc-block-product-new has-4-columns\"><ul class=\"wc-block-grid__products\"><li class=\"wc-block-grid__product\"><span class=\"gtm4wp_productdata\" style=\"display:none; visibility:hidden;\" data-gtm4wp_product_data=\"{&quot;internal_id&quot;:7267,&quot;item_id&quot;:7267,&quot;item_name&quot;:&quot;Relat\\u00f3rio m\\u00e9dico&quot;,&quot;sku&quot;:7267,&quot;price&quot;:45,&quot;stocklevel&quot;:null,&quot;stockstatus&quot;:&quot;instock&quot;,&quot;google_business_vertical&quot;:&quot;retail&quot;,&quot;item_category&quot;:&quot;Sem categoria&quot;,&quot;id&quot;:7267,&quot;productlink&quot;:&quot;https:\\\/\\\/traduccion-jurada.idisc.com\\\/pt-br\\\/producto\\\/relatorio-medico\\\/&quot;,&quot;item_list_name&quot;:&quot;General Product List&quot;,&quot;index&quot;:0,&quot;product_type&quot;:&quot;simple&quot;,&quot;item_brand&quot;:&quot;&quot;}\"><\/span>\n\t\t\t\t<a href=\"https:\/\/traduccion-jurada.idisc.com\/pt-br\/producto\/relatorio-medico\/\" class=\"wc-block-grid__product-link\">\n\t\t\t\t\t\n\t\t\t\t\t<div class=\"wc-block-grid__product-image\"><img fetchpriority=\"high\" decoding=\"async\" width=\"300\" height=\"300\" src=\"https:\/\/traduccion-jurada.idisc.com\/wp-content\/uploads\/2025\/12\/infrome-medico-300x300.png\" class=\"attachment-woocommerce_thumbnail size-woocommerce_thumbnail\" alt=\"Relat\u00f3rio m\u00e9dico\" srcset=\"https:\/\/traduccion-jurada.idisc.com\/wp-content\/uploads\/2025\/12\/infrome-medico-300x300.png 300w, https:\/\/traduccion-jurada.idisc.com\/wp-content\/uploads\/2025\/12\/infrome-medico-150x150.png 150w, https:\/\/traduccion-jurada.idisc.com\/wp-content\/uploads\/2025\/12\/infrome-medico-100x100.png 100w, https:\/\/traduccion-jurada.idisc.com\/wp-content\/uploads\/2025\/12\/infrome-medico.png 512w\" sizes=\"(max-width: 300px) 100vw, 300px\" \/><\/div>\n\t\t\t\t\t<div class=\"wc-block-grid__product-title\">Relat\u00f3rio m\u00e9dico<\/div>\n\t\t\t\t<\/a>\n\t\t\t\t<div class=\"wc-block-grid__product-price price\"><span class=\"woocommerce-Price-amount amount\"><span class=\"woocommerce-Price-currencySymbol\">EUR &euro;<\/span>45.00<\/span><\/div>\n\t\t\t\t\n\t\t\t\t<div class=\"wp-block-button wc-block-grid__product-add-to-cart\"><a href=\"https:\/\/traduccion-jurada.idisc.com\/pt-br\/producto\/relatorio-medico\/\" aria-label=\"Adicione ao carrinho: &ldquo;Relat\u00f3rio m\u00e9dico&rdquo;\" data-quantity=\"1\" data-product_id=\"7267\" data-product_sku=\"\" data-price=\"45\" rel=\"nofollow\" class=\"wp-block-button__link  add_to_cart_button\">Ver op\u00e7\u00f5es<\/a><\/div>\n\t\t\t<\/li><li class=\"wc-block-grid__product\"><span class=\"gtm4wp_productdata\" style=\"display:none; visibility:hidden;\" data-gtm4wp_product_data=\"{&quot;internal_id&quot;:7269,&quot;item_id&quot;:7269,&quot;item_name&quot;:&quot;Certificado de capacidade matrimonial&quot;,&quot;sku&quot;:7269,&quot;price&quot;:39,&quot;stocklevel&quot;:null,&quot;stockstatus&quot;:&quot;instock&quot;,&quot;google_business_vertical&quot;:&quot;retail&quot;,&quot;item_category&quot;:&quot;Sem categoria&quot;,&quot;id&quot;:7269,&quot;productlink&quot;:&quot;https:\\\/\\\/traduccion-jurada.idisc.com\\\/pt-br\\\/producto\\\/certificado-de-capacidade-matrimonial\\\/&quot;,&quot;item_list_name&quot;:&quot;General Product List&quot;,&quot;index&quot;:0,&quot;product_type&quot;:&quot;simple&quot;,&quot;item_brand&quot;:&quot;&quot;}\"><\/span>\n\t\t\t\t<a href=\"https:\/\/traduccion-jurada.idisc.com\/pt-br\/producto\/certificado-de-capacidade-matrimonial\/\" class=\"wc-block-grid__product-link\">\n\t\t\t\t\t\n\t\t\t\t\t<div class=\"wc-block-grid__product-image\"><img decoding=\"async\" width=\"300\" height=\"300\" src=\"https:\/\/traduccion-jurada.idisc.com\/wp-content\/uploads\/2025\/04\/Constancia_de_Situacion_fiscal-300x300.png\" class=\"attachment-woocommerce_thumbnail size-woocommerce_thumbnail\" alt=\"Certificado de capacidade matrimonial\" srcset=\"https:\/\/traduccion-jurada.idisc.com\/wp-content\/uploads\/2025\/04\/Constancia_de_Situacion_fiscal-300x300.png 300w, https:\/\/traduccion-jurada.idisc.com\/wp-content\/uploads\/2025\/04\/Constancia_de_Situacion_fiscal-150x150.png 150w, https:\/\/traduccion-jurada.idisc.com\/wp-content\/uploads\/2025\/04\/elementor\/thumbs\/Constancia_de_Situacion_fiscal-rhecserrjdio7shbblcfvwqgmo5f0grbr6rc7zqjmw.png 100w, https:\/\/traduccion-jurada.idisc.com\/wp-content\/uploads\/2025\/04\/Constancia_de_Situacion_fiscal.png 500w\" sizes=\"(max-width: 300px) 100vw, 300px\" \/><\/div>\n\t\t\t\t\t<div class=\"wc-block-grid__product-title\">Certificado de capacidade matrimonial<\/div>\n\t\t\t\t<\/a>\n\t\t\t\t<div class=\"wc-block-grid__product-price price\"><span class=\"woocommerce-Price-amount amount\"><span class=\"woocommerce-Price-currencySymbol\">EUR &euro;<\/span>39.00<\/span><\/div>\n\t\t\t\t\n\t\t\t\t<div class=\"wp-block-button wc-block-grid__product-add-to-cart\"><a href=\"https:\/\/traduccion-jurada.idisc.com\/pt-br\/producto\/certificado-de-capacidade-matrimonial\/\" aria-label=\"Adicione ao carrinho: &ldquo;Certificado de capacidade matrimonial&rdquo;\" data-quantity=\"1\" data-product_id=\"7269\" data-product_sku=\"\" data-price=\"39\" rel=\"nofollow\" class=\"wp-block-button__link  add_to_cart_button\">Ver op\u00e7\u00f5es<\/a><\/div>\n\t\t\t<\/li><li class=\"wc-block-grid__product\"><span class=\"gtm4wp_productdata\" style=\"display:none; visibility:hidden;\" data-gtm4wp_product_data=\"{&quot;internal_id&quot;:7270,&quot;item_id&quot;:7270,&quot;item_name&quot;:&quot;Autoriza\\u00e7\\u00e3o de resid\\u00eancia&quot;,&quot;sku&quot;:7270,&quot;price&quot;:32,&quot;stocklevel&quot;:null,&quot;stockstatus&quot;:&quot;instock&quot;,&quot;google_business_vertical&quot;:&quot;retail&quot;,&quot;item_category&quot;:&quot;Sem categoria&quot;,&quot;id&quot;:7270,&quot;productlink&quot;:&quot;https:\\\/\\\/traduccion-jurada.idisc.com\\\/pt-br\\\/producto\\\/autorizacao-de-residencia\\\/&quot;,&quot;item_list_name&quot;:&quot;General Product List&quot;,&quot;index&quot;:0,&quot;product_type&quot;:&quot;simple&quot;,&quot;item_brand&quot;:&quot;&quot;}\"><\/span>\n\t\t\t\t<a href=\"https:\/\/traduccion-jurada.idisc.com\/pt-br\/producto\/autorizacao-de-residencia\/\" class=\"wc-block-grid__product-link\">\n\t\t\t\t\t\n\t\t\t\t\t<div class=\"wc-block-grid__product-image\"><img decoding=\"async\" width=\"300\" height=\"300\" src=\"https:\/\/traduccion-jurada.idisc.com\/wp-content\/uploads\/2025\/04\/cedula_profesional-300x300.png\" class=\"attachment-woocommerce_thumbnail size-woocommerce_thumbnail\" alt=\"Autoriza\u00e7\u00e3o de resid\u00eancia\" srcset=\"https:\/\/traduccion-jurada.idisc.com\/wp-content\/uploads\/2025\/04\/cedula_profesional-300x300.png 300w, https:\/\/traduccion-jurada.idisc.com\/wp-content\/uploads\/2025\/04\/cedula_profesional-150x150.png 150w, https:\/\/traduccion-jurada.idisc.com\/wp-content\/uploads\/2025\/04\/elementor\/thumbs\/cedula_profesional-rhecserrjdio7shbblcfvwqgmo5f0grbr6rc7zqjmw.png 100w, https:\/\/traduccion-jurada.idisc.com\/wp-content\/uploads\/2025\/04\/cedula_profesional.png 500w\" sizes=\"(max-width: 300px) 100vw, 300px\" \/><\/div>\n\t\t\t\t\t<div class=\"wc-block-grid__product-title\">Autoriza\u00e7\u00e3o de resid\u00eancia<\/div>\n\t\t\t\t<\/a>\n\t\t\t\t<div class=\"wc-block-grid__product-price price\"><span class=\"woocommerce-Price-amount amount\"><span class=\"woocommerce-Price-currencySymbol\">EUR &euro;<\/span>32.00<\/span><\/div>\n\t\t\t\t\n\t\t\t\t<div class=\"wp-block-button wc-block-grid__product-add-to-cart\"><a href=\"https:\/\/traduccion-jurada.idisc.com\/pt-br\/producto\/autorizacao-de-residencia\/\" aria-label=\"Adicione ao carrinho: &ldquo;Autoriza\u00e7\u00e3o de resid\u00eancia&rdquo;\" data-quantity=\"1\" data-product_id=\"7270\" data-product_sku=\"\" data-price=\"32\" rel=\"nofollow\" class=\"wp-block-button__link  add_to_cart_button\">Ver op\u00e7\u00f5es<\/a><\/div>\n\t\t\t<\/li><li class=\"wc-block-grid__product\"><span class=\"gtm4wp_productdata\" style=\"display:none; visibility:hidden;\" data-gtm4wp_product_data=\"{&quot;internal_id&quot;:7272,&quot;item_id&quot;:7272,&quot;item_name&quot;:&quot;Carteira de motorista&quot;,&quot;sku&quot;:7272,&quot;price&quot;:29,&quot;stocklevel&quot;:null,&quot;stockstatus&quot;:&quot;instock&quot;,&quot;google_business_vertical&quot;:&quot;retail&quot;,&quot;item_category&quot;:&quot;Sem categoria&quot;,&quot;id&quot;:7272,&quot;productlink&quot;:&quot;https:\\\/\\\/traduccion-jurada.idisc.com\\\/pt-br\\\/producto\\\/carteira-de-motorista\\\/&quot;,&quot;item_list_name&quot;:&quot;General Product List&quot;,&quot;index&quot;:0,&quot;product_type&quot;:&quot;simple&quot;,&quot;item_brand&quot;:&quot;&quot;}\"><\/span>\n\t\t\t\t<a href=\"https:\/\/traduccion-jurada.idisc.com\/pt-br\/producto\/carteira-de-motorista\/\" class=\"wc-block-grid__product-link\">\n\t\t\t\t\t\n\t\t\t\t\t<div class=\"wc-block-grid__product-image\"><img loading=\"lazy\" decoding=\"async\" width=\"300\" height=\"300\" src=\"https:\/\/traduccion-jurada.idisc.com\/wp-content\/uploads\/2024\/10\/carnet_conducir-300x300.png\" class=\"attachment-woocommerce_thumbnail size-woocommerce_thumbnail\" alt=\"Carteira de motorista\" srcset=\"https:\/\/traduccion-jurada.idisc.com\/wp-content\/uploads\/2024\/10\/carnet_conducir-300x300.png 300w, https:\/\/traduccion-jurada.idisc.com\/wp-content\/uploads\/2024\/10\/carnet_conducir-150x150.png 150w, https:\/\/traduccion-jurada.idisc.com\/wp-content\/uploads\/2024\/10\/elementor\/thumbs\/carnet_conducir-rhecserrjdio7shbblcfvwqgmo5f0grbr6rc7zqjmw.png 100w, https:\/\/traduccion-jurada.idisc.com\/wp-content\/uploads\/2024\/10\/carnet_conducir.png 500w\" sizes=\"(max-width: 300px) 100vw, 300px\" \/><\/div>\n\t\t\t\t\t<div class=\"wc-block-grid__product-title\">Carteira de motorista<\/div>\n\t\t\t\t<\/a>\n\t\t\t\t<div class=\"wc-block-grid__product-price price\"><span class=\"woocommerce-Price-amount amount\"><span class=\"woocommerce-Price-currencySymbol\">EUR &euro;<\/span>29.00<\/span><\/div>\n\t\t\t\t\n\t\t\t\t<div class=\"wp-block-button wc-block-grid__product-add-to-cart\"><a href=\"https:\/\/traduccion-jurada.idisc.com\/pt-br\/producto\/carteira-de-motorista\/\" aria-label=\"Adicione ao carrinho: &ldquo;Carteira de motorista&rdquo;\" data-quantity=\"1\" data-product_id=\"7272\" data-product_sku=\"\" data-price=\"29\" rel=\"nofollow\" class=\"wp-block-button__link  add_to_cart_button\">Ver op\u00e7\u00f5es<\/a><\/div>\n\t\t\t<\/li><\/ul><\/div><\/div>\n<\/div>\n","protected":false},"excerpt":{"rendered":"","protected":false},"author":1,"featured_media":0,"parent":0,"menu_order":0,"comment_status":"closed","ping_status":"closed","template":"elementor_header_footer","meta":{"footnotes":""},"class_list":["post-7185","page","type-page","status-publish","hentry","image-hover-transition-effect"],"yoast_head":"<!-- This site is optimized with the Yoast SEO plugin v27.2 - https:\/\/yoast.com\/product\/yoast-seo-wordpress\/ -->\n<title>Carrinho - Tradu\u00e7\u00e3o Juramentada | iDISC<\/title>\n<meta name=\"robots\" content=\"index, follow, max-snippet:-1, max-image-preview:large, max-video-preview:-1\" \/>\n<link rel=\"canonical\" href=\"https:\/\/traduccion-jurada.idisc.com\/pt-br\/carrinho\/\" \/>\n<meta property=\"og:locale\" content=\"pt_BR\" \/>\n<meta property=\"og:type\" content=\"article\" \/>\n<meta property=\"og:title\" content=\"Carrinho - Tradu\u00e7\u00e3o Juramentada | iDISC\" \/>\n<meta property=\"og:url\" content=\"https:\/\/traduccion-jurada.idisc.com\/pt-br\/carrinho\/\" \/>\n<meta property=\"og:site_name\" content=\"Tradu\u00e7\u00e3o Juramentada\" \/>\n<meta property=\"article:publisher\" content=\"https:\/\/www.facebook.com\/idiscit\" \/>\n<meta property=\"article:modified_time\" content=\"2026-03-09T14:50:19+00:00\" \/>\n<meta name=\"twitter:card\" content=\"summary_large_image\" \/>\n<meta name=\"twitter:site\" content=\"@idiscit\" \/>\n<meta name=\"twitter:label1\" content=\"Est. tempo de leitura\" \/>\n\t<meta name=\"twitter:data1\" content=\"1 minuto\" \/>\n<!-- \/ Yoast SEO plugin. -->","yoast_head_json":{"title":"Carrinho - Tradu\u00e7\u00e3o Juramentada | iDISC","robots":{"index":"index","follow":"follow","max-snippet":"max-snippet:-1","max-image-preview":"max-image-preview:large","max-video-preview":"max-video-preview:-1"},"canonical":"https:\/\/traduccion-jurada.idisc.com\/pt-br\/carrinho\/","og_locale":"pt_BR","og_type":"article","og_title":"Carrinho - Tradu\u00e7\u00e3o Juramentada | iDISC","og_url":"https:\/\/traduccion-jurada.idisc.com\/pt-br\/carrinho\/","og_site_name":"Tradu\u00e7\u00e3o Juramentada","article_publisher":"https:\/\/www.facebook.com\/idiscit","article_modified_time":"2026-03-09T14:50:19+00:00","twitter_card":"summary_large_image","twitter_site":"@idiscit","twitter_misc":{"Est. tempo de leitura":"1 minuto"},"schema":{"@context":"https:\/\/schema.org","@graph":[{"@type":"WebPage","@id":"https:\/\/traduccion-jurada.idisc.com\/pt-br\/carrinho\/","url":"https:\/\/traduccion-jurada.idisc.com\/pt-br\/carrinho\/","name":"Carrinho - Tradu\u00e7\u00e3o Juramentada | iDISC","isPartOf":{"@id":"https:\/\/traduccion-jurada.idisc.com\/pt-br\/#website"},"datePublished":"2024-07-08T18:43:52+00:00","dateModified":"2026-03-09T14:50:19+00:00","breadcrumb":{"@id":"https:\/\/traduccion-jurada.idisc.com\/pt-br\/carrinho\/#breadcrumb"},"inLanguage":"pt-BR","potentialAction":[{"@type":"ReadAction","target":["https:\/\/traduccion-jurada.idisc.com\/pt-br\/carrinho\/"]}]},{"@type":"BreadcrumbList","@id":"https:\/\/traduccion-jurada.idisc.com\/pt-br\/carrinho\/#breadcrumb","itemListElement":[{"@type":"ListItem","position":1,"name":"Home","item":"https:\/\/traduccion-jurada.idisc.com\/pt-br\/"},{"@type":"ListItem","position":2,"name":"Carrinho"}]},{"@type":"WebSite","@id":"https:\/\/traduccion-jurada.idisc.com\/pt-br\/#website","url":"https:\/\/traduccion-jurada.idisc.com\/pt-br\/","name":"Traducci\u00f3n Jurada iDISC","description":"","publisher":{"@id":"https:\/\/traduccion-jurada.idisc.com\/pt-br\/#organization"},"potentialAction":[{"@type":"SearchAction","target":{"@type":"EntryPoint","urlTemplate":"https:\/\/traduccion-jurada.idisc.com\/pt-br\/?s={search_term_string}"},"query-input":{"@type":"PropertyValueSpecification","valueRequired":true,"valueName":"search_term_string"}}],"inLanguage":"pt-BR"},{"@type":"Organization","@id":"https:\/\/traduccion-jurada.idisc.com\/pt-br\/#organization","name":"iDISC Information Technolgies","url":"https:\/\/traduccion-jurada.idisc.com\/pt-br\/","logo":{"@type":"ImageObject","inLanguage":"pt-BR","@id":"https:\/\/traduccion-jurada.idisc.com\/pt-br\/#\/schema\/logo\/image\/","url":"https:\/\/traduccion-jurada.idisc.com\/wp-content\/uploads\/2025\/11\/cropped-Logo_idisc.png","contentUrl":"https:\/\/traduccion-jurada.idisc.com\/wp-content\/uploads\/2025\/11\/cropped-Logo_idisc.png","width":905,"height":524,"caption":"iDISC Information Technolgies"},"image":{"@id":"https:\/\/traduccion-jurada.idisc.com\/pt-br\/#\/schema\/logo\/image\/"},"sameAs":["https:\/\/www.facebook.com\/idiscit","https:\/\/x.com\/idiscit","https:\/\/www.instagram.com\/idisc_it\/","https:\/\/www.linkedin.com\/company\/idiscit"]}]}},"_links":{"self":[{"href":"https:\/\/traduccion-jurada.idisc.com\/pt-br\/wp-json\/wp\/v2\/pages\/7185","targetHints":{"allow":["GET"]}}],"collection":[{"href":"https:\/\/traduccion-jurada.idisc.com\/pt-br\/wp-json\/wp\/v2\/pages"}],"about":[{"href":"https:\/\/traduccion-jurada.idisc.com\/pt-br\/wp-json\/wp\/v2\/types\/page"}],"author":[{"embeddable":true,"href":"https:\/\/traduccion-jurada.idisc.com\/pt-br\/wp-json\/wp\/v2\/users\/1"}],"replies":[{"embeddable":true,"href":"https:\/\/traduccion-jurada.idisc.com\/pt-br\/wp-json\/wp\/v2\/comments?post=7185"}],"version-history":[{"count":1,"href":"https:\/\/traduccion-jurada.idisc.com\/pt-br\/wp-json\/wp\/v2\/pages\/7185\/revisions"}],"predecessor-version":[{"id":7186,"href":"https:\/\/traduccion-jurada.idisc.com\/pt-br\/wp-json\/wp\/v2\/pages\/7185\/revisions\/7186"}],"wp:attachment":[{"href":"https:\/\/traduccion-jurada.idisc.com\/pt-br\/wp-json\/wp\/v2\/media?parent=7185"}],"curies":[{"name":"wp","href":"https:\/\/api.w.org\/{rel}","templated":true}]}}