{"id":7294,"date":"2024-07-10T18:25:14","date_gmt":"2024-07-10T18:25:14","guid":{"rendered":"https:\/\/traduccion-jurada.idisc.com\/producto\/dni-nie\/"},"modified":"2026-02-12T09:41:21","modified_gmt":"2026-02-12T08:41:21","slug":"dni-nie","status":"publish","type":"product","link":"https:\/\/traduccion-jurada.idisc.com\/ca\/producto\/dni-nie\/","title":{"rendered":"DNI\/NIE"},"content":{"rendered":"<h2>Traducci\u00f3 jurada de DNI\/NIE<\/h2>\n<p data-start=\"249\" data-end=\"749\">La <strong data-start=\"252\" data-end=\"289\">traducci\u00f3 jurada d&#8217;un DNI o un NIE<\/strong> pot ser necess\u00e0ria en tr\u00e0mits legals, administratius, educatius o migratoris tant a Espanya com a l&#8217;estranger. iDISC realitza aquest servei exclusivament amb <strong data-start=\"467\" data-end=\"588\">traductors-int\u00e8rprets jurats nomenats pel Ministeri d&#8217;Afers Exteriors, Uni\u00f3 Europea i Cooperaci\u00f3 (MAEC)<\/strong>, fet que garanteix que la traducci\u00f3 tingui <strong data-start=\"627\" data-end=\"652\">plena validesa oficial<\/strong> davant d&#8217;administracions p\u00fabliques, empreses, universitats, ambaixades i organismes internacionals.<\/p>\n<p data-start=\"249\" data-end=\"749\">Tot i que el DNI o el NIE s\u00f3n documents identificatius, quan s&#8217;han de presentar davant d&#8217;una autoritat en un pa\u00eds que t\u00e9 un idioma diferent de l&#8217;espanyol, la <strong data-start=\"896\" data-end=\"917\">traducci\u00f3 jurada<\/strong> \u00e9s l&#8217;\u00fanica manera d&#8217;assegurar-ne l&#8217;acceptaci\u00f3 formal.<\/p>\n<h2>Qu\u00e8 \u00e9s el DNI i qu\u00e8 \u00e9s el NIE?<\/h2>\n<h3 data-start=\"1016\" data-end=\"1063\">DNI: document nacional d&#8217;identitat<\/h3>\n<p data-start=\"1064\" data-end=\"1170\">\u00c9s el document oficial que acredita la identitat i la nacionalitat dels ciutadans espanyols. Inclou el nom complet, la data de naixement, la nacionalitat i una fotografia del titular, aix\u00ed com el n\u00famero de DNI i la data d&#8217;expedici\u00f3 i de validesa del document. El <strong data-start=\"240\" data-end=\"281\">DNI (document nacional d&#8217;identitat)<\/strong> \u00e9s em\u00e8s per la <strong data-start=\"300\" data-end=\"335\">Direcci\u00f3 General de la Policia<\/strong>, concretament per les <strong data-start=\"359\" data-end=\"393\">oficines d&#8217;expedici\u00f3 del DNI<\/strong> repartides per tot el territori espanyol. Nom\u00e9s els <strong data-start=\"448\" data-end=\"472\">ciutadans espanyols<\/strong> poden obtenir un DNI.<\/p>\n<h3 data-start=\"1304\" data-end=\"1353\">NIE: n\u00famero d&#8217;identitat d&#8217;estranger<\/h3>\n<p data-start=\"1354\" data-end=\"1588\">\u00c9s l&#8217;identificador oficial assignat a persones estrangeres que resideixen o fan tr\u00e0mits a Espanya. Pot constar en diferents documents, com ara targetes de resid\u00e8ncia (TIE), o en certificats emesos per la policia o per Estrangeria. El <strong data-start=\"530\" data-end=\"573\">NIE (n\u00famero d&#8217;identitat d&#8217;estranger)<\/strong> \u00e9s assignat per la <strong data-start=\"593\" data-end=\"628\">Direcci\u00f3 General de la Policia<\/strong>, a trav\u00e9s de les <strong data-start=\"646\" data-end=\"673\">oficines d&#8217;estrangeria<\/strong> o de les <strong data-start=\"676\" data-end=\"702\">comissaries autoritzades<\/strong>. Aquest n\u00famero s&#8217;atorga a ciutadans estrangers que resideixen a Espanya, persones que fan tr\u00e0mits amb l&#8217;Administraci\u00f3 espanyola i persones que sol\u00b7liciten visats o permisos abans d&#8217;arribar a Espanya. El NIE pot apar\u00e8ixer en diferents documents oficials, com el <strong data-start=\"976\" data-end=\"1020\">TIE (targeta d&#8217;identitat d&#8217;estranger)<\/strong>, o en certificats expedits per Estrangeria.<\/p>\n<p data-start=\"1354\" data-end=\"1588\">Tant el DNI com el NIE es consideren <strong data-start=\"1629\" data-end=\"1665\">documents personals essencials<\/strong> i, quan es fan servir fora d&#8217;Espanya o en procediments internacionals, poden requerir traducci\u00f3 jurada.<\/p>\n<h2 data-start=\"1782\" data-end=\"1845\">Quan \u00e9s necess\u00e0ria la traducci\u00f3 jurada d&#8217;un DNI o un NIE?<\/h2>\n<p>La traducci\u00f3 jurada sol ser obligat\u00f2ria en aquest tipus de situacions:<\/p>\n<ul>\n<li><strong>Tr\u00e0mits migratoris i visats a l&#8217;estranger<\/strong>: les autoritats d&#8217;altres pa\u00efsos poden exigir la traducci\u00f3 oficial d&#8217;un document d&#8217;identitat per tramitar visats, permisos de resid\u00e8ncia, permisos de treball i reagrupaments familiars.<\/li>\n<li><strong>Estudis a l&#8217;estranger<\/strong>: les universitats o les institucions acad\u00e8miques poden sol\u00b7licitar la traducci\u00f3 jurada del DNI o el NIE per completar expedients o verificacions administratives.<\/li>\n<li><strong>Processos laborals internacionals<\/strong>: les empreses estrangeres poden requerir una traducci\u00f3 oficial del DNI o el NIE com a part d&#8217;un expedient de contractaci\u00f3 o per acreditar la identitat d&#8217;una persona.<\/li>\n<li><strong>Procediments legals<\/strong>: la traducci\u00f3 certificada del DNI o el NIE pot ser necess\u00e0ria en casos judicials, successions, adopcions o tr\u00e0mits notarials fora d&#8217;Espanya.<\/li>\n<li><strong>Presentaci\u00f3 a Espanya de documents estrangers equivalents<\/strong>: si has d&#8217;acreditar la teva identitat a Espanya mitjan\u00e7ant un document estranger, se te&#8217;n demanar\u00e0 una traducci\u00f3 jurada a l&#8217;espanyol.<\/li>\n<\/ul>\n<h2 data-start=\"2944\" data-end=\"2975\">Postil\u00b7la i legalitzaci\u00f3<\/h2>\n<p data-start=\"2977\" data-end=\"3135\">En la majoria dels casos, el DNI i el NIE <strong data-start=\"3021\" data-end=\"3041\">no es postil\u00b7len<\/strong>, ja que no estan dissenyats per ser documents legalitzats internacionalment.<br data-start=\"3120\" data-end=\"3123\" \/>Tot i aix\u00f2, algunes autoritats estrangeres podrien sol\u00b7licitar <strong data-start=\"3189\" data-end=\"3217\">postil\u00b7la o legalitzaci\u00f3<\/strong> de certificats emesos per la policia o per Estrangeria (per exemple, un certificat que contingui el NIE). En aquests casos, la postil\u00b7la s&#8217;aplica <strong data-start=\"3369\" data-end=\"3429\">sobre el document oficial em\u00e8s per l&#8217;Administraci\u00f3<\/strong>, no sobre la targeta f\u00edsica. Si la teva situaci\u00f3 requereix postil\u00b7la o legalitzaci\u00f3, podem indicar-te quin procediment has de seguir.<\/p>\n<h2>Comprom\u00eds amb la qualitat<\/h2>\n<p><span data-contrast=\"auto\">A <\/span><b><span data-contrast=\"auto\">iDISC<\/span><\/b><span data-contrast=\"auto\"> ens comprometem a oferir <\/span><b><span data-contrast=\"auto\">traduccions jurades d&#8217;alta qualitat<\/span><\/b><span data-contrast=\"auto\">, realitzades per traductors jurats amb una gran experi\u00e8ncia. Elaborem totes les traduccions amb <\/span><b><span data-contrast=\"auto\">precisi\u00f3<\/span><\/b><span data-contrast=\"auto\"> i <\/span><b><span data-contrast=\"auto\">formalitat<\/span><\/b><span data-contrast=\"auto\"> per tal de complir tots els requisits necessaris perqu\u00e8 els teus documents siguin acceptats davant d&#8217;autoritats governamentals i altres institucions. El nostre objectiu \u00e9s garantir que cada traducci\u00f3 reflecteixi fidelment la informaci\u00f3 de la teva credencial per votar, de manera que puguis fer tots els tr\u00e0mits que necessitis amb plena confian\u00e7a i seguretat.<\/span><\/p>\n","protected":false},"excerpt":{"rendered":"<p><span data-olk-copy-source=\"MessageBody\">Traducci\u00f3 jurada d&#8217;un DNI (document nacional d&#8217;identitat) o un NIE (n\u00famero d&#8217;identitat d&#8217;estranger)<\/span>.<\/p>\n","protected":false},"featured_media":7086,"template":"","meta":[],"product_brand":[],"product_cat":[133],"product_tag":[],"class_list":{"0":"post-7294","1":"product","2":"type-product","3":"status-publish","4":"has-post-thumbnail","6":"product_cat-sin-categoria","7":"image-hover-transition-effect","9":"first","10":"instock","11":"taxable","12":"shipping-taxable","13":"purchasable","14":"product-type-simple"},"yoast_head":"<!-- This site is optimized with the Yoast SEO plugin v27.2 - https:\/\/yoast.com\/product\/yoast-seo-wordpress\/ -->\n<title>Traducci\u00f3 jurada de DNI o NIE - Traducci\u00f3 Jurada | iDISC<\/title>\n<meta name=\"description\" content=\"Tradueix el teu DNI o el teu NIE perqu\u00e8 tingui validesa oficial en tr\u00e0mits migratoris, acad\u00e8mics i legals a Espanya i a l&#039;estranger.\" \/>\n<meta name=\"robots\" content=\"index, follow, max-snippet:-1, max-image-preview:large, max-video-preview:-1\" \/>\n<link rel=\"canonical\" href=\"https:\/\/traduccion-jurada.idisc.com\/ca\/producto\/dni-nie\/\" \/>\n<meta property=\"og:locale\" content=\"ca_ES\" \/>\n<meta property=\"og:type\" content=\"article\" \/>\n<meta property=\"og:title\" content=\"Traducci\u00f3 jurada de DNI o NIE - Traducci\u00f3 Jurada | iDISC\" \/>\n<meta property=\"og:description\" content=\"Tradueix el teu DNI o el teu NIE perqu\u00e8 tingui validesa oficial en tr\u00e0mits migratoris, acad\u00e8mics i legals a Espanya i a l&#039;estranger.\" \/>\n<meta property=\"og:url\" content=\"https:\/\/traduccion-jurada.idisc.com\/ca\/producto\/dni-nie\/\" \/>\n<meta property=\"og:site_name\" content=\"Traducci\u00f3 Jurada\" \/>\n<meta property=\"article:publisher\" content=\"https:\/\/www.facebook.com\/idiscit\" \/>\n<meta property=\"article:modified_time\" content=\"2026-02-12T08:41:21+00:00\" \/>\n<meta property=\"og:image\" content=\"https:\/\/traduccion-jurada.idisc.com\/wp-content\/uploads\/2024\/07\/identificacion.png\" \/>\n\t<meta property=\"og:image:width\" content=\"512\" \/>\n\t<meta property=\"og:image:height\" content=\"512\" \/>\n\t<meta property=\"og:image:type\" content=\"image\/png\" \/>\n<meta name=\"twitter:card\" content=\"summary_large_image\" \/>\n<meta name=\"twitter:site\" content=\"@idiscit\" \/>\n<meta name=\"twitter:label1\" content=\"Temps estimat de lectura\" \/>\n\t<meta name=\"twitter:data1\" content=\"4 minut\" \/>\n<!-- \/ Yoast SEO plugin. -->","yoast_head_json":{"title":"Traducci\u00f3 jurada de DNI o NIE - Traducci\u00f3 Jurada | iDISC","description":"Tradueix el teu DNI o el teu NIE perqu\u00e8 tingui validesa oficial en tr\u00e0mits migratoris, acad\u00e8mics i legals a Espanya i a l'estranger.","robots":{"index":"index","follow":"follow","max-snippet":"max-snippet:-1","max-image-preview":"max-image-preview:large","max-video-preview":"max-video-preview:-1"},"canonical":"https:\/\/traduccion-jurada.idisc.com\/ca\/producto\/dni-nie\/","og_locale":"ca_ES","og_type":"article","og_title":"Traducci\u00f3 jurada de DNI o NIE - Traducci\u00f3 Jurada | iDISC","og_description":"Tradueix el teu DNI o el teu NIE perqu\u00e8 tingui validesa oficial en tr\u00e0mits migratoris, acad\u00e8mics i legals a Espanya i a l'estranger.","og_url":"https:\/\/traduccion-jurada.idisc.com\/ca\/producto\/dni-nie\/","og_site_name":"Traducci\u00f3 Jurada","article_publisher":"https:\/\/www.facebook.com\/idiscit","article_modified_time":"2026-02-12T08:41:21+00:00","og_image":[{"width":512,"height":512,"url":"https:\/\/traduccion-jurada.idisc.com\/wp-content\/uploads\/2024\/07\/identificacion.png","type":"image\/png"}],"twitter_card":"summary_large_image","twitter_site":"@idiscit","twitter_misc":{"Temps estimat de lectura":"4 minut"},"schema":{"@context":"https:\/\/schema.org","@graph":[{"@type":"WebPage","@id":"https:\/\/traduccion-jurada.idisc.com\/ca\/producto\/dni-nie\/","url":"https:\/\/traduccion-jurada.idisc.com\/ca\/producto\/dni-nie\/","name":"Traducci\u00f3 jurada de DNI o NIE - Traducci\u00f3 Jurada | iDISC","isPartOf":{"@id":"https:\/\/traduccion-jurada.idisc.com\/ca\/#website"},"primaryImageOfPage":{"@id":"https:\/\/traduccion-jurada.idisc.com\/ca\/producto\/dni-nie\/#primaryimage"},"image":{"@id":"https:\/\/traduccion-jurada.idisc.com\/ca\/producto\/dni-nie\/#primaryimage"},"thumbnailUrl":"https:\/\/traduccion-jurada.idisc.com\/wp-content\/uploads\/2024\/07\/identificacion.png","datePublished":"2024-07-10T18:25:14+00:00","dateModified":"2026-02-12T08:41:21+00:00","description":"Tradueix el teu DNI o el teu NIE perqu\u00e8 tingui validesa oficial en tr\u00e0mits migratoris, acad\u00e8mics i legals a Espanya i a l'estranger.","breadcrumb":{"@id":"https:\/\/traduccion-jurada.idisc.com\/ca\/producto\/dni-nie\/#breadcrumb"},"inLanguage":"ca","potentialAction":[{"@type":"ReadAction","target":["https:\/\/traduccion-jurada.idisc.com\/ca\/producto\/dni-nie\/"]}]},{"@type":"ImageObject","inLanguage":"ca","@id":"https:\/\/traduccion-jurada.idisc.com\/ca\/producto\/dni-nie\/#primaryimage","url":"https:\/\/traduccion-jurada.idisc.com\/wp-content\/uploads\/2024\/07\/identificacion.png","contentUrl":"https:\/\/traduccion-jurada.idisc.com\/wp-content\/uploads\/2024\/07\/identificacion.png","width":512,"height":512},{"@type":"BreadcrumbList","@id":"https:\/\/traduccion-jurada.idisc.com\/ca\/producto\/dni-nie\/#breadcrumb","itemListElement":[{"@type":"ListItem","position":1,"name":"Home","item":"https:\/\/traduccion-jurada.idisc.com\/ca\/"},{"@type":"ListItem","position":2,"name":"Botiga","item":"https:\/\/traduccion-jurada.idisc.com\/ca\/botiga\/"},{"@type":"ListItem","position":3,"name":"DNI\/NIE"}]},{"@type":"WebSite","@id":"https:\/\/traduccion-jurada.idisc.com\/ca\/#website","url":"https:\/\/traduccion-jurada.idisc.com\/ca\/","name":"Traducci\u00f3n Jurada iDISC","description":"","publisher":{"@id":"https:\/\/traduccion-jurada.idisc.com\/ca\/#organization"},"potentialAction":[{"@type":"SearchAction","target":{"@type":"EntryPoint","urlTemplate":"https:\/\/traduccion-jurada.idisc.com\/ca\/?s={search_term_string}"},"query-input":{"@type":"PropertyValueSpecification","valueRequired":true,"valueName":"search_term_string"}}],"inLanguage":"ca"},{"@type":"Organization","@id":"https:\/\/traduccion-jurada.idisc.com\/ca\/#organization","name":"iDISC Information Technolgies","url":"https:\/\/traduccion-jurada.idisc.com\/ca\/","logo":{"@type":"ImageObject","inLanguage":"ca","@id":"https:\/\/traduccion-jurada.idisc.com\/ca\/#\/schema\/logo\/image\/","url":"https:\/\/traduccion-jurada.idisc.com\/wp-content\/uploads\/2025\/11\/cropped-Logo_idisc.png","contentUrl":"https:\/\/traduccion-jurada.idisc.com\/wp-content\/uploads\/2025\/11\/cropped-Logo_idisc.png","width":905,"height":524,"caption":"iDISC Information Technolgies"},"image":{"@id":"https:\/\/traduccion-jurada.idisc.com\/ca\/#\/schema\/logo\/image\/"},"sameAs":["https:\/\/www.facebook.com\/idiscit","https:\/\/x.com\/idiscit","https:\/\/www.instagram.com\/idisc_it\/","https:\/\/www.linkedin.com\/company\/idiscit"]}]}},"_links":{"self":[{"href":"https:\/\/traduccion-jurada.idisc.com\/ca\/wp-json\/wp\/v2\/product\/7294","targetHints":{"allow":["GET"]}}],"collection":[{"href":"https:\/\/traduccion-jurada.idisc.com\/ca\/wp-json\/wp\/v2\/product"}],"about":[{"href":"https:\/\/traduccion-jurada.idisc.com\/ca\/wp-json\/wp\/v2\/types\/product"}],"wp:featuredmedia":[{"embeddable":true,"href":"https:\/\/traduccion-jurada.idisc.com\/ca\/wp-json\/wp\/v2\/media\/7086"}],"wp:attachment":[{"href":"https:\/\/traduccion-jurada.idisc.com\/ca\/wp-json\/wp\/v2\/media?parent=7294"}],"wp:term":[{"taxonomy":"product_brand","embeddable":true,"href":"https:\/\/traduccion-jurada.idisc.com\/ca\/wp-json\/wp\/v2\/product_brand?post=7294"},{"taxonomy":"product_cat","embeddable":true,"href":"https:\/\/traduccion-jurada.idisc.com\/ca\/wp-json\/wp\/v2\/product_cat?post=7294"},{"taxonomy":"product_tag","embeddable":true,"href":"https:\/\/traduccion-jurada.idisc.com\/ca\/wp-json\/wp\/v2\/product_tag?post=7294"}],"curies":[{"name":"wp","href":"https:\/\/api.w.org\/{rel}","templated":true}]}}