{"id":7293,"date":"2024-10-23T14:56:17","date_gmt":"2024-10-23T19:56:17","guid":{"rendered":"https:\/\/traduccion-jurada.idisc.com\/producto\/certificat-de-defuncio\/"},"modified":"2024-10-23T14:56:17","modified_gmt":"2024-10-23T12:56:17","slug":"certificat-de-defuncio","status":"publish","type":"product","link":"https:\/\/traduccion-jurada.idisc.com\/ca\/producto\/certificat-de-defuncio\/","title":{"rendered":"Certificat de defunci\u00f3"},"content":{"rendered":"<h2>Traducci\u00f3 jurada de certificat de defunci\u00f3<\/h2>\n<p data-start=\"312\" data-end=\"830\">La <strong data-start=\"315\" data-end=\"367\">traducci\u00f3 jurada d&#8217;un certificat de defunci\u00f3<\/strong> \u00e9s un servei imprescindible en molts tr\u00e0mits legals, administratius i patrimonials tant a Espanya com a l&#8217;estranger. iDISC realitza aquest servei amb <strong data-start=\"569\" data-end=\"690\">traductors-int\u00e8rprets jurats nomenats pel Ministeri d&#8217;Afers Exteriors, Uni\u00f3 Europea i Cooperaci\u00f3 (MAEC)<\/strong>, fet que garanteix que totes les traduccions jurades tinguin <strong data-start=\"712\" data-end=\"731\">validesa oficial<\/strong> davant de registres civils, jutjats, notaris, asseguradores, consolats i organismes internacionals.<\/p>\n<p data-start=\"832\" data-end=\"1078\">Aquest tipus de traducci\u00f3 es coneix com a <strong data-start=\"879\" data-end=\"900\">traducci\u00f3 jurada<\/strong>, <strong data-start=\"902\" data-end=\"924\">traducci\u00f3 oficial<\/strong> o <strong data-start=\"927\" data-end=\"953\">traducci\u00f3 certificada<\/strong>, i \u00e9s necess\u00e0ria sempre que el certificat de defunci\u00f3 s&#8217;hagi de presentar en un idioma diferent al del pa\u00eds emissor o de destinaci\u00f3.<\/p>\n<h2>Qu\u00e8 \u00e9s un certificat de defunci\u00f3?<\/h2>\n<p data-start=\"1130\" data-end=\"1298\">Un <strong data-start=\"1133\" data-end=\"1161\">certificat de defunci\u00f3<\/strong> \u00e9s un document oficial em\u00e8s pel <strong data-start=\"1201\" data-end=\"1219\">Registre Civil<\/strong> del pa\u00eds on es produeix la mort. Inclou informaci\u00f3 clau, com ara la data i el lloc de la defunci\u00f3, les dades personals del difunt, la causa de la mort (segons la normativa del pa\u00eds emissor) i les dades del Registre Civil o l&#8217;autoritat que l&#8217;expedeix.<\/p>\n<p data-start=\"1484\" data-end=\"1665\">Aquest document t\u00e9 una import\u00e0ncia jur\u00eddica fonamental i \u00e9s necessari en molts tr\u00e0mits relacionats amb successions, assegurances, b\u00e9ns, pensions i gestions administratives.<\/p>\n<p data-start=\"1667\" data-end=\"1803\">Quan aquests tr\u00e0mits s&#8217;han de fer en un pa\u00eds diferent del que ha em\u00e8s el certificat, la <strong data-start=\"1759\" data-end=\"1780\">traducci\u00f3 jurada<\/strong> sol ser obligat\u00f2ria.<\/p>\n<h2 data-start=\"1810\" data-end=\"1888\">Quan \u00e9s necess\u00e0ria la traducci\u00f3 jurada d&#8217;un certificat de defunci\u00f3?<\/h2>\n<p>Hi ha moltes situacions en qu\u00e8 es requereix la <strong>traducci\u00f3 jurada d&#8217;un certificat de defunci\u00f3<\/strong>:<\/p>\n<ul>\n<li><strong>Processos successoris i her\u00e8ncies<\/strong>: si els b\u00e9ns, les propietats o els hereus es troben en un altre pa\u00eds, \u00e9s imprescindible presentar una traducci\u00f3 jurada per iniciar o continuar la successi\u00f3.<\/li>\n<li><strong>Reclamaci\u00f3 d&#8217;assegurances<\/strong>: les companyies asseguradores d&#8217;altres pa\u00efsos exigiran una traducci\u00f3 jurada per validar p\u00f2lisses de vida, accidents o despeses funer\u00e0ries.<\/li>\n<li><strong>Tr\u00e0mits bancaris i patrimonials internacionals<\/strong>: el tancament o el trasp\u00e0s de comptes bancaris, inversions o propietats a l&#8217;estranger requereix presentar el certificat en l&#8217;idioma oficial de l&#8217;entitat o jurisdicci\u00f3 corresponent.<\/li>\n<li><strong>Procediments migratoris o consulars<\/strong>: en casos de reagrupaci\u00f3 familiar, visats especials o regularitzaci\u00f3 documental despr\u00e9s de la mort d&#8217;un familiar.<\/li>\n<li><strong>Registre o validaci\u00f3 de la defunci\u00f3 en un altre pa\u00eds<\/strong>: en informar ambaixades, consolats o organismes estrangers.<\/li>\n<\/ul>\n<h2>Postil\u00b7la i legalitzaci\u00f3<\/h2>\n<p data-start=\"2956\" data-end=\"3082\">Si el certificat de defunci\u00f3 s&#8217;ha de presentar a l&#8217;estranger, \u00e9s possible que tamb\u00e9 calgui postil\u00b7lar-lo o legalitzar-lo. Si es tracta d&#8217;un dels pa\u00efsos integrants del <strong data-start=\"3102\" data-end=\"3125\">Conveni de la Haia<\/strong>, es requereix <strong data-start=\"3139\" data-end=\"3152\">postil\u00b7la<\/strong>. Si el pa\u00eds no forma part del Conveni, es necessita <strong data-start=\"3202\" data-end=\"3227\">legalitzaci\u00f3 consular<\/strong>.<\/p>\n<p data-start=\"3230\" data-end=\"3481\">La postil\u00b7la es col\u00b7loca <strong data-start=\"3265\" data-end=\"3296\">sobre el document original<\/strong>, mai sobre la traducci\u00f3. Si el certificat ja est\u00e0 postil\u00b7lat, podem fer la <strong data-start=\"3392\" data-end=\"3456\">traducci\u00f3 jurada tant del certificat com de la postil\u00b7la<\/strong>, en cas que el tr\u00e0mit ho exigeixi.<\/p>\n<p data-start=\"3483\" data-end=\"3545\">A Espanya, la postil\u00b7la es gestiona habitualment a trav\u00e9s dels <strong data-start=\"3553\" data-end=\"3576\">col\u00b7legis notarials<\/strong> o les <strong data-start=\"3588\" data-end=\"3642\">Ger\u00e8ncies Territorials del Ministeri de Just\u00edcia<\/strong>, segons el tipus de document i la signatura. Podem indicar-te quina opci\u00f3 correspon al teu cas.<\/p>\n<h2>Comprom\u00eds amb la qualitat<\/h2>\n<p><span data-contrast=\"auto\">A iDISC ens comprometem a oferir <\/span><b><span data-contrast=\"auto\">traduccions jurades <\/span><\/b><span data-contrast=\"auto\">amb els est\u00e0ndards m\u00e9s alts de qualitat i precisi\u00f3. Totes les nostres feines s\u00f3n realitzades per traductors jurats amb una gran experi\u00e8ncia i amb nomenaments vigents del MAEC, per tal d&#8217;assegurar que els documents siguin fidels a l&#8217;original i en mantinguin la validesa legal. Garantim l&#8217;exactitud de cada traducci\u00f3 perqu\u00e8 puguis realitzar tr\u00e0mits legals, administratius o personals sense cap contratemps.<\/span><\/p>\n","protected":false},"excerpt":{"rendered":"<p>Traducci\u00f3 jurada d&#8217;un certificat de defunci\u00f3 expedit pel Registre Civil.<\/p>\n","protected":false},"featured_media":7085,"template":"","meta":[],"product_brand":[],"product_cat":[133],"product_tag":[],"class_list":{"0":"post-7293","1":"product","2":"type-product","3":"status-publish","4":"has-post-thumbnail","6":"product_cat-sin-categoria","7":"image-hover-transition-effect","9":"first","10":"instock","11":"taxable","12":"shipping-taxable","13":"purchasable","14":"product-type-simple"},"yoast_head":"<!-- This site is optimized with the Yoast SEO plugin v27.2 - https:\/\/yoast.com\/product\/yoast-seo-wordpress\/ -->\n<title>Traducci\u00f3 jurada de certificat de defunci\u00f3 - Traducci\u00f3 Jurada | iDISC<\/title>\n<meta name=\"description\" content=\"Tradueix un certificat de defunci\u00f3 perqu\u00e8 tingui validesa oficial en tr\u00e0mits migratoris i altres processos legals.\" \/>\n<meta name=\"robots\" content=\"index, follow, max-snippet:-1, max-image-preview:large, max-video-preview:-1\" \/>\n<link rel=\"canonical\" href=\"https:\/\/traduccion-jurada.idisc.com\/ca\/producto\/certificat-de-defuncio\/\" \/>\n<meta property=\"og:locale\" content=\"ca_ES\" \/>\n<meta property=\"og:type\" content=\"article\" \/>\n<meta property=\"og:title\" content=\"Traducci\u00f3 jurada de certificat de defunci\u00f3 - Traducci\u00f3 Jurada | iDISC\" \/>\n<meta property=\"og:description\" content=\"Tradueix un certificat de defunci\u00f3 perqu\u00e8 tingui validesa oficial en tr\u00e0mits migratoris i altres processos legals.\" \/>\n<meta property=\"og:url\" content=\"https:\/\/traduccion-jurada.idisc.com\/ca\/producto\/certificat-de-defuncio\/\" \/>\n<meta property=\"og:site_name\" content=\"Traducci\u00f3 Jurada\" \/>\n<meta property=\"article:publisher\" content=\"https:\/\/www.facebook.com\/idiscit\" \/>\n<meta property=\"og:image\" content=\"https:\/\/traduccion-jurada.idisc.com\/wp-content\/uploads\/2024\/10\/acta_defuncion.png\" \/>\n\t<meta property=\"og:image:width\" content=\"512\" \/>\n\t<meta property=\"og:image:height\" content=\"512\" \/>\n\t<meta property=\"og:image:type\" content=\"image\/png\" \/>\n<meta name=\"twitter:card\" content=\"summary_large_image\" \/>\n<meta name=\"twitter:site\" content=\"@idiscit\" \/>\n<meta name=\"twitter:label1\" content=\"Temps estimat de lectura\" \/>\n\t<meta name=\"twitter:data1\" content=\"3 minut\" \/>\n<!-- \/ Yoast SEO plugin. -->","yoast_head_json":{"title":"Traducci\u00f3 jurada de certificat de defunci\u00f3 - Traducci\u00f3 Jurada | iDISC","description":"Tradueix un certificat de defunci\u00f3 perqu\u00e8 tingui validesa oficial en tr\u00e0mits migratoris i altres processos legals.","robots":{"index":"index","follow":"follow","max-snippet":"max-snippet:-1","max-image-preview":"max-image-preview:large","max-video-preview":"max-video-preview:-1"},"canonical":"https:\/\/traduccion-jurada.idisc.com\/ca\/producto\/certificat-de-defuncio\/","og_locale":"ca_ES","og_type":"article","og_title":"Traducci\u00f3 jurada de certificat de defunci\u00f3 - Traducci\u00f3 Jurada | iDISC","og_description":"Tradueix un certificat de defunci\u00f3 perqu\u00e8 tingui validesa oficial en tr\u00e0mits migratoris i altres processos legals.","og_url":"https:\/\/traduccion-jurada.idisc.com\/ca\/producto\/certificat-de-defuncio\/","og_site_name":"Traducci\u00f3 Jurada","article_publisher":"https:\/\/www.facebook.com\/idiscit","og_image":[{"width":512,"height":512,"url":"https:\/\/traduccion-jurada.idisc.com\/wp-content\/uploads\/2024\/10\/acta_defuncion.png","type":"image\/png"}],"twitter_card":"summary_large_image","twitter_site":"@idiscit","twitter_misc":{"Temps estimat de lectura":"3 minut"},"schema":{"@context":"https:\/\/schema.org","@graph":[{"@type":"WebPage","@id":"https:\/\/traduccion-jurada.idisc.com\/ca\/producto\/certificat-de-defuncio\/","url":"https:\/\/traduccion-jurada.idisc.com\/ca\/producto\/certificat-de-defuncio\/","name":"Traducci\u00f3 jurada de certificat de defunci\u00f3 - Traducci\u00f3 Jurada | iDISC","isPartOf":{"@id":"https:\/\/traduccion-jurada.idisc.com\/ca\/#website"},"primaryImageOfPage":{"@id":"https:\/\/traduccion-jurada.idisc.com\/ca\/producto\/certificat-de-defuncio\/#primaryimage"},"image":{"@id":"https:\/\/traduccion-jurada.idisc.com\/ca\/producto\/certificat-de-defuncio\/#primaryimage"},"thumbnailUrl":"https:\/\/traduccion-jurada.idisc.com\/wp-content\/uploads\/2024\/10\/acta_defuncion.png","datePublished":"2024-10-23T19:56:17+00:00","description":"Tradueix un certificat de defunci\u00f3 perqu\u00e8 tingui validesa oficial en tr\u00e0mits migratoris i altres processos legals.","breadcrumb":{"@id":"https:\/\/traduccion-jurada.idisc.com\/ca\/producto\/certificat-de-defuncio\/#breadcrumb"},"inLanguage":"ca","potentialAction":[{"@type":"ReadAction","target":["https:\/\/traduccion-jurada.idisc.com\/ca\/producto\/certificat-de-defuncio\/"]}]},{"@type":"ImageObject","inLanguage":"ca","@id":"https:\/\/traduccion-jurada.idisc.com\/ca\/producto\/certificat-de-defuncio\/#primaryimage","url":"https:\/\/traduccion-jurada.idisc.com\/wp-content\/uploads\/2024\/10\/acta_defuncion.png","contentUrl":"https:\/\/traduccion-jurada.idisc.com\/wp-content\/uploads\/2024\/10\/acta_defuncion.png","width":512,"height":512},{"@type":"BreadcrumbList","@id":"https:\/\/traduccion-jurada.idisc.com\/ca\/producto\/certificat-de-defuncio\/#breadcrumb","itemListElement":[{"@type":"ListItem","position":1,"name":"Home","item":"https:\/\/traduccion-jurada.idisc.com\/ca\/"},{"@type":"ListItem","position":2,"name":"Botiga","item":"https:\/\/traduccion-jurada.idisc.com\/ca\/botiga\/"},{"@type":"ListItem","position":3,"name":"Certificat de defunci\u00f3"}]},{"@type":"WebSite","@id":"https:\/\/traduccion-jurada.idisc.com\/ca\/#website","url":"https:\/\/traduccion-jurada.idisc.com\/ca\/","name":"Traducci\u00f3n Jurada iDISC","description":"","publisher":{"@id":"https:\/\/traduccion-jurada.idisc.com\/ca\/#organization"},"potentialAction":[{"@type":"SearchAction","target":{"@type":"EntryPoint","urlTemplate":"https:\/\/traduccion-jurada.idisc.com\/ca\/?s={search_term_string}"},"query-input":{"@type":"PropertyValueSpecification","valueRequired":true,"valueName":"search_term_string"}}],"inLanguage":"ca"},{"@type":"Organization","@id":"https:\/\/traduccion-jurada.idisc.com\/ca\/#organization","name":"iDISC Information Technolgies","url":"https:\/\/traduccion-jurada.idisc.com\/ca\/","logo":{"@type":"ImageObject","inLanguage":"ca","@id":"https:\/\/traduccion-jurada.idisc.com\/ca\/#\/schema\/logo\/image\/","url":"https:\/\/traduccion-jurada.idisc.com\/wp-content\/uploads\/2025\/11\/cropped-Logo_idisc.png","contentUrl":"https:\/\/traduccion-jurada.idisc.com\/wp-content\/uploads\/2025\/11\/cropped-Logo_idisc.png","width":905,"height":524,"caption":"iDISC Information Technolgies"},"image":{"@id":"https:\/\/traduccion-jurada.idisc.com\/ca\/#\/schema\/logo\/image\/"},"sameAs":["https:\/\/www.facebook.com\/idiscit","https:\/\/x.com\/idiscit","https:\/\/www.instagram.com\/idisc_it\/","https:\/\/www.linkedin.com\/company\/idiscit"]}]}},"_links":{"self":[{"href":"https:\/\/traduccion-jurada.idisc.com\/ca\/wp-json\/wp\/v2\/product\/7293","targetHints":{"allow":["GET"]}}],"collection":[{"href":"https:\/\/traduccion-jurada.idisc.com\/ca\/wp-json\/wp\/v2\/product"}],"about":[{"href":"https:\/\/traduccion-jurada.idisc.com\/ca\/wp-json\/wp\/v2\/types\/product"}],"wp:featuredmedia":[{"embeddable":true,"href":"https:\/\/traduccion-jurada.idisc.com\/ca\/wp-json\/wp\/v2\/media\/7085"}],"wp:attachment":[{"href":"https:\/\/traduccion-jurada.idisc.com\/ca\/wp-json\/wp\/v2\/media?parent=7293"}],"wp:term":[{"taxonomy":"product_brand","embeddable":true,"href":"https:\/\/traduccion-jurada.idisc.com\/ca\/wp-json\/wp\/v2\/product_brand?post=7293"},{"taxonomy":"product_cat","embeddable":true,"href":"https:\/\/traduccion-jurada.idisc.com\/ca\/wp-json\/wp\/v2\/product_cat?post=7293"},{"taxonomy":"product_tag","embeddable":true,"href":"https:\/\/traduccion-jurada.idisc.com\/ca\/wp-json\/wp\/v2\/product_tag?post=7293"}],"curies":[{"name":"wp","href":"https:\/\/api.w.org\/{rel}","templated":true}]}}