{"id":7291,"date":"2024-10-23T14:59:21","date_gmt":"2024-10-23T19:59:21","guid":{"rendered":"https:\/\/traduccion-jurada.idisc.com\/producto\/passaport\/"},"modified":"2024-10-23T14:59:21","modified_gmt":"2024-10-23T12:59:21","slug":"passaport","status":"publish","type":"product","link":"https:\/\/traduccion-jurada.idisc.com\/ca\/producto\/passaport\/","title":{"rendered":"Passaport"},"content":{"rendered":"<h2>Traducci\u00f3 jurada de passaport<\/h2>\n<p data-start=\"261\" data-end=\"757\">La <strong data-start=\"264\" data-end=\"301\">traducci\u00f3 jurada d&#8217;un passaport<\/strong> \u00e9s un servei essencial en tr\u00e0mits legals, migratoris, acad\u00e8mics i administratius tant a Espanya com a l&#8217;estranger. iDISC realitza aquest servei exclusivament amb <strong data-start=\"488\" data-end=\"609\">traductors-int\u00e8rprets jurats nomenats pel Ministeri d&#8217;Afers Exteriors, Uni\u00f3 Europea i Cooperaci\u00f3 (MAEC)<\/strong>, fet que garanteix que la traducci\u00f3 tingui <strong data-start=\"657\" data-end=\"682\">plena validesa oficial<\/strong> davant d&#8217;ambaixades, consolats, universitats, empreses i organismes p\u00fablics. Aquest tipus de traducci\u00f3 es coneix com a <strong data-start=\"808\" data-end=\"829\">traducci\u00f3 jurada<\/strong>, <strong data-start=\"831\" data-end=\"853\">traducci\u00f3 oficial<\/strong> o <strong data-start=\"856\" data-end=\"882\">traducci\u00f3 certificada<\/strong>.<\/p>\n<h2>Qu\u00e8 \u00e9s un passaport?<\/h2>\n<p data-start=\"920\" data-end=\"1116\">Un <strong data-start=\"923\" data-end=\"936\">passaport<\/strong> \u00e9s un document oficial em\u00e8s per l&#8217;autoritat competent de cada pa\u00eds. A Espanya, l&#8217;emet la <strong data-start=\"1021\" data-end=\"1056\">Direcci\u00f3 General de la Policia<\/strong>, que dep\u00e8n del <strong data-start=\"1074\" data-end=\"1101\">Ministeri de l&#8217;Interior. <\/strong>Aquest document acredita la <strong data-start=\"1123\" data-end=\"1136\">identitat<\/strong> i la <strong data-start=\"1157\" data-end=\"1173\">nacionalitat <\/strong>del titular, i l&#8217;autoritza a <strong data-start=\"1193\" data-end=\"1213\">entrar al territori nacional i a sortir-ne<\/strong>. Inclou informaci\u00f3 essencial seva, com ara el nom complet, la data i el lloc de naixement, la fotografia, la signatura i la nacionalitat, aix\u00ed com el n\u00famero i la data d&#8217;expedici\u00f3 i caducitat del passaport.<\/p>\n<p data-start=\"920\" data-end=\"1116\">Com que \u00e9s un document clau per verificar la identitat i la nacionalitat, se&#8217;n necessita una <strong data-start=\"1477\" data-end=\"1498\">traducci\u00f3 jurada<\/strong> quan s&#8217;ha de presentar davant d&#8217;autoritats en un idioma diferent al del document original.<\/p>\n<h2 data-start=\"1608\" data-end=\"1671\">Quan \u00e9s necess\u00e0ria la traducci\u00f3 jurada d&#8217;un passaport?<\/h2>\n<p>La traducci\u00f3 jurada d&#8217;un passaport \u00e9s necess\u00e0ria en molts procediments, com ara:<\/p>\n<ul>\n<li><strong>Tr\u00e0mits migratoris<\/strong>: per sol\u00b7licitar visats, permisos de resid\u00e8ncia, naturalitzacions o regularitzacions en altres pa\u00efsos.<\/li>\n<li><strong>Estudis a l&#8217;estranger<\/strong>: les universitats i les institucions educatives poden exigir la traducci\u00f3 jurada d&#8217;aquest document per completar expedients d&#8217;admissi\u00f3 o de mobilitat internacional.<\/li>\n<li><strong>Matrimonis a l&#8217;estranger o inscripcions consulars<\/strong>: per acreditar identitat i nacionalitat durant la tramitaci\u00f3 de l&#8217;expedient matrimonial.<\/li>\n<li><strong>Procediments legals internacionals<\/strong>: judicis civils, notarials, adopcions, her\u00e8ncies o litigis en qu\u00e8 calgui verificar la identitat davant d&#8217;una autoritat estrangera.<\/li>\n<li><strong>Processos laborals<\/strong>: les empreses internacionals poden sol\u00b7licitar la traducci\u00f3 jurada del passaport com a part del proc\u00e9s de contractaci\u00f3 o certificaci\u00f3 d&#8217;identitat.<\/li>\n<\/ul>\n<h2>Comprom\u00eds amb la qualitat<\/h2>\n<p><span data-contrast=\"auto\">A <\/span><b><span data-contrast=\"auto\">iDISC<\/span><\/b><span data-contrast=\"auto\"> ens comprometem a oferir <\/span><b><span data-contrast=\"auto\">traduccions jurades d&#8217;alta qualitat<\/span><\/b><span data-contrast=\"auto\">. Comptem amb <\/span><b><span data-contrast=\"auto\">traductors jurats amb una gran experi\u00e8ncia<\/span><\/b><span data-contrast=\"auto\"> per assegurar que cada traducci\u00f3 compleixi els est\u00e0ndards m\u00e9s alts de <\/span><b><span data-contrast=\"auto\">precisi\u00f3 i formalitat<\/span><\/b><span data-contrast=\"auto\">. Garantim que els teus documents tinguin la claredat i l&#8217;exactitud necess\u00e0ries per a qualsevol tr\u00e0mit que vulguis realitzar, perqu\u00e8 puguis dur a terme les teves gestions amb plena confian\u00e7a.<\/span><\/p>\n","protected":false},"excerpt":{"rendered":"<p><span data-olk-copy-source=\"MessageBody\">Traducci\u00f3 jurada d&#8217;un passaport em\u00e8s per la Direcci\u00f3 General de la Policia.<\/span><\/p>\n","protected":false},"featured_media":7088,"template":"","meta":[],"product_brand":[],"product_cat":[133],"product_tag":[],"class_list":{"0":"post-7291","1":"product","2":"type-product","3":"status-publish","4":"has-post-thumbnail","6":"product_cat-sin-categoria","7":"image-hover-transition-effect","9":"first","10":"instock","11":"taxable","12":"shipping-taxable","13":"purchasable","14":"product-type-simple"},"yoast_head":"<!-- This site is optimized with the Yoast SEO plugin v27.2 - https:\/\/yoast.com\/product\/yoast-seo-wordpress\/ -->\n<title>Traducci\u00f3 jurada de passaport - Traducci\u00f3 Jurada | iDISC<\/title>\n<meta name=\"description\" content=\"Fes una traducci\u00f3 jurada del teu passaport per realitzar tr\u00e0mits legals, migratoris i acad\u00e8mics a Espanya i a l&#039;estranger.\" \/>\n<meta name=\"robots\" content=\"index, follow, max-snippet:-1, max-image-preview:large, max-video-preview:-1\" \/>\n<link rel=\"canonical\" href=\"https:\/\/traduccion-jurada.idisc.com\/ca\/producto\/passaport\/\" \/>\n<meta property=\"og:locale\" content=\"ca_ES\" \/>\n<meta property=\"og:type\" content=\"article\" \/>\n<meta property=\"og:title\" content=\"Traducci\u00f3 jurada de passaport - Traducci\u00f3 Jurada | iDISC\" \/>\n<meta property=\"og:description\" content=\"Fes una traducci\u00f3 jurada del teu passaport per realitzar tr\u00e0mits legals, migratoris i acad\u00e8mics a Espanya i a l&#039;estranger.\" \/>\n<meta property=\"og:url\" content=\"https:\/\/traduccion-jurada.idisc.com\/ca\/producto\/passaport\/\" \/>\n<meta property=\"og:site_name\" content=\"Traducci\u00f3 Jurada\" \/>\n<meta property=\"article:publisher\" content=\"https:\/\/www.facebook.com\/idiscit\" \/>\n<meta property=\"og:image\" content=\"https:\/\/traduccion-jurada.idisc.com\/wp-content\/uploads\/2024\/10\/Pasaporte.png\" \/>\n\t<meta property=\"og:image:width\" content=\"512\" \/>\n\t<meta property=\"og:image:height\" content=\"512\" \/>\n\t<meta property=\"og:image:type\" content=\"image\/png\" \/>\n<meta name=\"twitter:card\" content=\"summary_large_image\" \/>\n<meta name=\"twitter:site\" content=\"@idiscit\" \/>\n<meta name=\"twitter:label1\" content=\"Temps estimat de lectura\" \/>\n\t<meta name=\"twitter:data1\" content=\"2 minut\" \/>\n<!-- \/ Yoast SEO plugin. -->","yoast_head_json":{"title":"Traducci\u00f3 jurada de passaport - Traducci\u00f3 Jurada | iDISC","description":"Fes una traducci\u00f3 jurada del teu passaport per realitzar tr\u00e0mits legals, migratoris i acad\u00e8mics a Espanya i a l'estranger.","robots":{"index":"index","follow":"follow","max-snippet":"max-snippet:-1","max-image-preview":"max-image-preview:large","max-video-preview":"max-video-preview:-1"},"canonical":"https:\/\/traduccion-jurada.idisc.com\/ca\/producto\/passaport\/","og_locale":"ca_ES","og_type":"article","og_title":"Traducci\u00f3 jurada de passaport - Traducci\u00f3 Jurada | iDISC","og_description":"Fes una traducci\u00f3 jurada del teu passaport per realitzar tr\u00e0mits legals, migratoris i acad\u00e8mics a Espanya i a l'estranger.","og_url":"https:\/\/traduccion-jurada.idisc.com\/ca\/producto\/passaport\/","og_site_name":"Traducci\u00f3 Jurada","article_publisher":"https:\/\/www.facebook.com\/idiscit","og_image":[{"width":512,"height":512,"url":"https:\/\/traduccion-jurada.idisc.com\/wp-content\/uploads\/2024\/10\/Pasaporte.png","type":"image\/png"}],"twitter_card":"summary_large_image","twitter_site":"@idiscit","twitter_misc":{"Temps estimat de lectura":"2 minut"},"schema":{"@context":"https:\/\/schema.org","@graph":[{"@type":"WebPage","@id":"https:\/\/traduccion-jurada.idisc.com\/ca\/producto\/passaport\/","url":"https:\/\/traduccion-jurada.idisc.com\/ca\/producto\/passaport\/","name":"Traducci\u00f3 jurada de passaport - Traducci\u00f3 Jurada | iDISC","isPartOf":{"@id":"https:\/\/traduccion-jurada.idisc.com\/ca\/#website"},"primaryImageOfPage":{"@id":"https:\/\/traduccion-jurada.idisc.com\/ca\/producto\/passaport\/#primaryimage"},"image":{"@id":"https:\/\/traduccion-jurada.idisc.com\/ca\/producto\/passaport\/#primaryimage"},"thumbnailUrl":"https:\/\/traduccion-jurada.idisc.com\/wp-content\/uploads\/2024\/10\/Pasaporte.png","datePublished":"2024-10-23T19:59:21+00:00","description":"Fes una traducci\u00f3 jurada del teu passaport per realitzar tr\u00e0mits legals, migratoris i acad\u00e8mics a Espanya i a l'estranger.","breadcrumb":{"@id":"https:\/\/traduccion-jurada.idisc.com\/ca\/producto\/passaport\/#breadcrumb"},"inLanguage":"ca","potentialAction":[{"@type":"ReadAction","target":["https:\/\/traduccion-jurada.idisc.com\/ca\/producto\/passaport\/"]}]},{"@type":"ImageObject","inLanguage":"ca","@id":"https:\/\/traduccion-jurada.idisc.com\/ca\/producto\/passaport\/#primaryimage","url":"https:\/\/traduccion-jurada.idisc.com\/wp-content\/uploads\/2024\/10\/Pasaporte.png","contentUrl":"https:\/\/traduccion-jurada.idisc.com\/wp-content\/uploads\/2024\/10\/Pasaporte.png","width":512,"height":512},{"@type":"BreadcrumbList","@id":"https:\/\/traduccion-jurada.idisc.com\/ca\/producto\/passaport\/#breadcrumb","itemListElement":[{"@type":"ListItem","position":1,"name":"Home","item":"https:\/\/traduccion-jurada.idisc.com\/ca\/"},{"@type":"ListItem","position":2,"name":"Botiga","item":"https:\/\/traduccion-jurada.idisc.com\/ca\/botiga\/"},{"@type":"ListItem","position":3,"name":"Passaport"}]},{"@type":"WebSite","@id":"https:\/\/traduccion-jurada.idisc.com\/ca\/#website","url":"https:\/\/traduccion-jurada.idisc.com\/ca\/","name":"Traducci\u00f3n Jurada iDISC","description":"","publisher":{"@id":"https:\/\/traduccion-jurada.idisc.com\/ca\/#organization"},"potentialAction":[{"@type":"SearchAction","target":{"@type":"EntryPoint","urlTemplate":"https:\/\/traduccion-jurada.idisc.com\/ca\/?s={search_term_string}"},"query-input":{"@type":"PropertyValueSpecification","valueRequired":true,"valueName":"search_term_string"}}],"inLanguage":"ca"},{"@type":"Organization","@id":"https:\/\/traduccion-jurada.idisc.com\/ca\/#organization","name":"iDISC Information Technolgies","url":"https:\/\/traduccion-jurada.idisc.com\/ca\/","logo":{"@type":"ImageObject","inLanguage":"ca","@id":"https:\/\/traduccion-jurada.idisc.com\/ca\/#\/schema\/logo\/image\/","url":"https:\/\/traduccion-jurada.idisc.com\/wp-content\/uploads\/2025\/11\/cropped-Logo_idisc.png","contentUrl":"https:\/\/traduccion-jurada.idisc.com\/wp-content\/uploads\/2025\/11\/cropped-Logo_idisc.png","width":905,"height":524,"caption":"iDISC Information Technolgies"},"image":{"@id":"https:\/\/traduccion-jurada.idisc.com\/ca\/#\/schema\/logo\/image\/"},"sameAs":["https:\/\/www.facebook.com\/idiscit","https:\/\/x.com\/idiscit","https:\/\/www.instagram.com\/idisc_it\/","https:\/\/www.linkedin.com\/company\/idiscit"]}]}},"_links":{"self":[{"href":"https:\/\/traduccion-jurada.idisc.com\/ca\/wp-json\/wp\/v2\/product\/7291","targetHints":{"allow":["GET"]}}],"collection":[{"href":"https:\/\/traduccion-jurada.idisc.com\/ca\/wp-json\/wp\/v2\/product"}],"about":[{"href":"https:\/\/traduccion-jurada.idisc.com\/ca\/wp-json\/wp\/v2\/types\/product"}],"wp:featuredmedia":[{"embeddable":true,"href":"https:\/\/traduccion-jurada.idisc.com\/ca\/wp-json\/wp\/v2\/media\/7088"}],"wp:attachment":[{"href":"https:\/\/traduccion-jurada.idisc.com\/ca\/wp-json\/wp\/v2\/media?parent=7291"}],"wp:term":[{"taxonomy":"product_brand","embeddable":true,"href":"https:\/\/traduccion-jurada.idisc.com\/ca\/wp-json\/wp\/v2\/product_brand?post=7291"},{"taxonomy":"product_cat","embeddable":true,"href":"https:\/\/traduccion-jurada.idisc.com\/ca\/wp-json\/wp\/v2\/product_cat?post=7291"},{"taxonomy":"product_tag","embeddable":true,"href":"https:\/\/traduccion-jurada.idisc.com\/ca\/wp-json\/wp\/v2\/product_tag?post=7291"}],"curies":[{"name":"wp","href":"https:\/\/api.w.org\/{rel}","templated":true}]}}