{"id":7290,"date":"2024-10-23T15:00:17","date_gmt":"2024-10-23T20:00:17","guid":{"rendered":"https:\/\/traduccion-jurada.idisc.com\/producto\/carnet-de-conduir\/"},"modified":"2026-02-27T19:48:18","modified_gmt":"2026-02-27T18:48:18","slug":"carnet-de-conduir","status":"publish","type":"product","link":"https:\/\/traduccion-jurada.idisc.com\/ca\/producto\/carnet-de-conduir\/","title":{"rendered":"Carnet de conduir"},"content":{"rendered":"<h2>Traducci\u00f3 jurada de carnet de conduir<\/h2>\n<p data-start=\"262\" data-end=\"807\">La <strong data-start=\"265\" data-end=\"311\">traducci\u00f3 jurada d&#8217;un carnet de conduir<\/strong> \u00e9s necess\u00e0ria en molts tr\u00e0mits legals, administratius i de mobilitat internacional tant a Espanya com a l&#8217;estranger.<br data-start=\"441\" data-end=\"444\" \/>iDISC realitza aquest servei exclusivament amb <strong data-start=\"500\" data-end=\"621\">traductors-int\u00e8rprets jurats nomenats pel Ministeri d&#8217;Afers Exteriors, Uni\u00f3 Europea i Cooperaci\u00f3 (MAEC)<\/strong>, fet que garanteix que la traducci\u00f3 tingui <strong data-start=\"664\" data-end=\"689\">plena validesa oficial<\/strong> davant d&#8217;administracions p\u00fabliques, autoritats de tr\u00e0nsit, ambaixades, consolats, empreses i organismes internacionals.<\/p>\n<p data-start=\"262\" data-end=\"807\">Aquest tipus de traducci\u00f3 s&#8217;anomena <strong data-start=\"853\" data-end=\"874\">traducci\u00f3 jurada<\/strong>, <strong data-start=\"876\" data-end=\"898\">traducci\u00f3 oficial<\/strong> o <strong data-start=\"901\" data-end=\"927\">traducci\u00f3 certificada<\/strong>.<\/p>\n<h2>Qu\u00e8 \u00e9s un carnet de conduir?<\/h2>\n<p data-start=\"974\" data-end=\"1276\">Un <strong data-start=\"977\" data-end=\"999\">carnet de conduir<\/strong> (perm\u00eds de conducci\u00f3) \u00e9s un document oficial em\u00e8s a Espanya per la <strong data-start=\"1073\" data-end=\"1111\">Direcci\u00f3 General de Tr\u00e0nsit (DGT)<\/strong>, o per l&#8217;autoritat competent equivalent en altres pa\u00efsos.<\/p>\n<p data-start=\"974\" data-end=\"1276\">Acredita que una persona est\u00e0 autoritzada per conduir determinats vehicles, i cont\u00e9 informaci\u00f3 com ara el nom, els cognoms i la fotografia del titular, el n\u00famero de perm\u00eds, les categories de vehicles autoritzats, el lloc d&#8217;emissi\u00f3, i les dates d&#8217;expedici\u00f3 i validesa.<\/p>\n<p data-start=\"974\" data-end=\"1276\">A m\u00e9s de ser un document essencial per poder conduir, a molts pa\u00efsos tamb\u00e9 funciona com a <strong data-start=\"1546\" data-end=\"1592\">document d&#8217;identificaci\u00f3 complementari<\/strong>, de manera que pot ser necessari traduir-lo en diferents contextos.<\/p>\n<h2 data-start=\"1669\" data-end=\"1739\">Quan \u00e9s necess\u00e0ria la traducci\u00f3 jurada d&#8217;un carnet de conduir?<\/h2>\n<p>La traducci\u00f3 jurada d&#8217;un carnet de conduir sol ser necess\u00e0ria en les situacions seg\u00fcents:<\/p>\n<ul>\n<li><strong>Canvi o homologaci\u00f3 del perm\u00eds de conducci\u00f3 a l&#8217;estranger<\/strong>: si et trasllades a un altre pa\u00eds, \u00e9s habitual que les autoritats t&#8217;exigeixin que presentis la traducci\u00f3 oficial del perm\u00eds per emetre&#8217;n un de local.<\/li>\n<li><strong>Tr\u00e0mits migratoris i visats<\/strong>: en alguns procediments de resid\u00e8ncia, perm\u00eds de treball o mobilitat internacional, les autoritats migrat\u00f2ries poden requerir la traducci\u00f3 jurada del carnet de conduir com a part de la documentaci\u00f3 personal.<\/li>\n<li><strong>Estudis o estades perllongades a l&#8217;estranger<\/strong>: les universitats o les institucions poden sol\u00b7licitar la traducci\u00f3 jurada del carnet de conduir si l&#8217;estudiant t\u00e9 previst conduir al pa\u00eds de destinaci\u00f3.<\/li>\n<li><strong>Ocupaci\u00f3 internacional<\/strong>: les empreses poden demanar una traducci\u00f3 jurada del carnet de conduir per verificar la capacitat de conducci\u00f3 del treballador, especialment en sectors en qu\u00e8 cal conduir un vehicle.<\/li>\n<li><strong>Validaci\u00f3 d&#8217;identitat en tr\u00e0mits internacionals<\/strong>: la traducci\u00f3 jurada del carnet de conduir pot ser necess\u00e0ria per obrir comptes bancaris, signar contractes o fer gestions administratives fora d&#8217;Espanya.<\/li>\n<li><strong>\u00das a Espanya d&#8217;un carnet de conduir em\u00e8s en un altre pa\u00eds<\/strong>: quan el perm\u00eds estranger s&#8217;ha de traduir a l&#8217;espanyol per fer tr\u00e0mits de la DGT, d&#8217;asseguradores, de notaries o d&#8217;altres organismes.<\/li>\n<\/ul>\n<h2 data-start=\"3033\" data-end=\"3064\">Postil\u00b7la i legalitzaci\u00f3<\/h2>\n<p data-start=\"3066\" data-end=\"3122\">En alguns casos, pot ser que el document original necessiti:<\/p>\n<ul data-start=\"3297\" data-end=\"3683\">\n<li data-start=\"3124\" data-end=\"3205\">\n<p data-start=\"3126\" data-end=\"3205\">La <strong data-start=\"3126\" data-end=\"3150\">postil\u00b7la de la Haia<\/strong>, si es vol utilitzar en un dels pa\u00efsos integrants del Conveni de la Haia.<\/p>\n<\/li>\n<li data-start=\"3124\" data-end=\"3205\">\n<p data-start=\"3126\" data-end=\"3205\">La <strong data-start=\"3208\" data-end=\"3233\">legalitzaci\u00f3 consular<\/strong>, si s&#8217;utilitza en un pa\u00eds que no forma part del Conveni.<\/p>\n<\/li>\n<\/ul>\n<p>La postil\u00b7la es col\u00b7loca <strong data-start=\"3322\" data-end=\"3388\">sobre el carnet o sobre el certificat oficial que l&#8217;acompanya<\/strong>, mai sobre la traducci\u00f3. Si el perm\u00eds va acompanyat d&#8217;un certificat em\u00e8s per l&#8217;autoritat de tr\u00e0nsit corresponent, \u00e9s habitual que aquest certificat sigui el document que cal postil\u00b7lar. Podem fer tamb\u00e9 la <strong data-start=\"3618\" data-end=\"3655\">traducci\u00f3 jurada de la postil\u00b7la<\/strong>, si el tr\u00e0mit ho requereix. T&#8217;indicarem si el teu cas requereix postil\u00b7la i quins passos has de seguir.<\/p>\n<h2>Comprom\u00eds amb la qualitat<\/h2>\n<p><span data-contrast=\"auto\">A <\/span><b><span data-contrast=\"auto\">iDISC<\/span><\/b><span data-contrast=\"auto\"> ens comprometem a oferir <\/span><b><span data-contrast=\"auto\">traduccions jurades d&#8217;alta qualitat<\/span><\/b><span data-contrast=\"auto\">. Comptem amb traductors jurats amb una gran experi\u00e8ncia per garantir el compliment de tots els requisits de <\/span><b><span data-contrast=\"auto\">precisi\u00f3 i formalitat<\/span><\/b><span data-contrast=\"auto\">. Cada traducci\u00f3 se sotmet a una revisi\u00f3 minuciosa per assegurar que tota la informaci\u00f3 sigui exacta i reflecteixi correctament el sentit de l&#8217;original, cosa que proporciona tranquil\u00b7litat als nostres clients en cada tr\u00e0mit que fan.<\/span><\/p>\n<p><span data-contrast=\"auto\">Si necessites una traducci\u00f3 certificada del teu carnet de conduir, no dubtis a contactar amb nosaltres. Som aqu\u00ed per simplificar els teus tr\u00e0mits legals, acad\u00e8mics i migratoris, i ajudar-te a tenir els documents en ordre i a punt per poder presentar-los davant de qualsevol autoritat.<\/span><\/p>\n","protected":false},"excerpt":{"rendered":"<p><span data-olk-copy-source=\"MessageBody\">Traducci\u00f3 jurada d&#8217;un carnet de conduir em\u00e8s per la Direcci\u00f3 General de Tr\u00e0nsit (DGT)<\/span>.<\/p>\n","protected":false},"featured_media":7087,"template":"","meta":[],"product_brand":[],"product_cat":[133],"product_tag":[],"class_list":{"0":"post-7290","1":"product","2":"type-product","3":"status-publish","4":"has-post-thumbnail","6":"product_cat-sin-categoria","7":"image-hover-transition-effect","9":"first","10":"instock","11":"taxable","12":"shipping-taxable","13":"purchasable","14":"product-type-simple"},"yoast_head":"<!-- This site is optimized with the Yoast SEO plugin v27.2 - https:\/\/yoast.com\/product\/yoast-seo-wordpress\/ -->\n<title>Traducci\u00f3 jurada de carnet de conduir - Traducci\u00f3 Jurada | iDISC<\/title>\n<meta name=\"description\" content=\"Tradueix el teu carnet de conduir perqu\u00e8 tingui validesa oficial en tr\u00e0mits migratoris, acad\u00e8mics i legals a Espanya i a l&#039;estranger.\" \/>\n<meta name=\"robots\" content=\"index, follow, max-snippet:-1, max-image-preview:large, max-video-preview:-1\" \/>\n<link rel=\"canonical\" href=\"https:\/\/traduccion-jurada.idisc.com\/ca\/producto\/carnet-de-conduir\/\" \/>\n<meta property=\"og:locale\" content=\"ca_ES\" \/>\n<meta property=\"og:type\" content=\"article\" \/>\n<meta property=\"og:title\" content=\"Traducci\u00f3 jurada de carnet de conduir - Traducci\u00f3 Jurada | iDISC\" \/>\n<meta property=\"og:description\" content=\"Tradueix el teu carnet de conduir perqu\u00e8 tingui validesa oficial en tr\u00e0mits migratoris, acad\u00e8mics i legals a Espanya i a l&#039;estranger.\" \/>\n<meta property=\"og:url\" content=\"https:\/\/traduccion-jurada.idisc.com\/ca\/producto\/carnet-de-conduir\/\" \/>\n<meta property=\"og:site_name\" content=\"Traducci\u00f3 Jurada\" \/>\n<meta property=\"article:publisher\" content=\"https:\/\/www.facebook.com\/idiscit\" \/>\n<meta property=\"article:modified_time\" content=\"2026-02-27T18:48:18+00:00\" \/>\n<meta property=\"og:image\" content=\"https:\/\/traduccion-jurada.idisc.com\/wp-content\/uploads\/2024\/10\/carnet_conducir.png\" \/>\n\t<meta property=\"og:image:width\" content=\"500\" \/>\n\t<meta property=\"og:image:height\" content=\"501\" \/>\n\t<meta property=\"og:image:type\" content=\"image\/png\" \/>\n<meta name=\"twitter:card\" content=\"summary_large_image\" \/>\n<meta name=\"twitter:site\" content=\"@idiscit\" \/>\n<meta name=\"twitter:label1\" content=\"Temps estimat de lectura\" \/>\n\t<meta name=\"twitter:data1\" content=\"4 minut\" \/>\n<!-- \/ Yoast SEO plugin. -->","yoast_head_json":{"title":"Traducci\u00f3 jurada de carnet de conduir - Traducci\u00f3 Jurada | iDISC","description":"Tradueix el teu carnet de conduir perqu\u00e8 tingui validesa oficial en tr\u00e0mits migratoris, acad\u00e8mics i legals a Espanya i a l'estranger.","robots":{"index":"index","follow":"follow","max-snippet":"max-snippet:-1","max-image-preview":"max-image-preview:large","max-video-preview":"max-video-preview:-1"},"canonical":"https:\/\/traduccion-jurada.idisc.com\/ca\/producto\/carnet-de-conduir\/","og_locale":"ca_ES","og_type":"article","og_title":"Traducci\u00f3 jurada de carnet de conduir - Traducci\u00f3 Jurada | iDISC","og_description":"Tradueix el teu carnet de conduir perqu\u00e8 tingui validesa oficial en tr\u00e0mits migratoris, acad\u00e8mics i legals a Espanya i a l'estranger.","og_url":"https:\/\/traduccion-jurada.idisc.com\/ca\/producto\/carnet-de-conduir\/","og_site_name":"Traducci\u00f3 Jurada","article_publisher":"https:\/\/www.facebook.com\/idiscit","article_modified_time":"2026-02-27T18:48:18+00:00","og_image":[{"width":500,"height":501,"url":"https:\/\/traduccion-jurada.idisc.com\/wp-content\/uploads\/2024\/10\/carnet_conducir.png","type":"image\/png"}],"twitter_card":"summary_large_image","twitter_site":"@idiscit","twitter_misc":{"Temps estimat de lectura":"4 minut"},"schema":{"@context":"https:\/\/schema.org","@graph":[{"@type":"WebPage","@id":"https:\/\/traduccion-jurada.idisc.com\/ca\/producto\/carnet-de-conduir\/","url":"https:\/\/traduccion-jurada.idisc.com\/ca\/producto\/carnet-de-conduir\/","name":"Traducci\u00f3 jurada de carnet de conduir - Traducci\u00f3 Jurada | iDISC","isPartOf":{"@id":"https:\/\/traduccion-jurada.idisc.com\/ca\/#website"},"primaryImageOfPage":{"@id":"https:\/\/traduccion-jurada.idisc.com\/ca\/producto\/carnet-de-conduir\/#primaryimage"},"image":{"@id":"https:\/\/traduccion-jurada.idisc.com\/ca\/producto\/carnet-de-conduir\/#primaryimage"},"thumbnailUrl":"https:\/\/traduccion-jurada.idisc.com\/wp-content\/uploads\/2024\/10\/carnet_conducir.png","datePublished":"2024-10-23T20:00:17+00:00","dateModified":"2026-02-27T18:48:18+00:00","description":"Tradueix el teu carnet de conduir perqu\u00e8 tingui validesa oficial en tr\u00e0mits migratoris, acad\u00e8mics i legals a Espanya i a l'estranger.","breadcrumb":{"@id":"https:\/\/traduccion-jurada.idisc.com\/ca\/producto\/carnet-de-conduir\/#breadcrumb"},"inLanguage":"ca","potentialAction":[{"@type":"ReadAction","target":["https:\/\/traduccion-jurada.idisc.com\/ca\/producto\/carnet-de-conduir\/"]}]},{"@type":"ImageObject","inLanguage":"ca","@id":"https:\/\/traduccion-jurada.idisc.com\/ca\/producto\/carnet-de-conduir\/#primaryimage","url":"https:\/\/traduccion-jurada.idisc.com\/wp-content\/uploads\/2024\/10\/carnet_conducir.png","contentUrl":"https:\/\/traduccion-jurada.idisc.com\/wp-content\/uploads\/2024\/10\/carnet_conducir.png","width":500,"height":501},{"@type":"BreadcrumbList","@id":"https:\/\/traduccion-jurada.idisc.com\/ca\/producto\/carnet-de-conduir\/#breadcrumb","itemListElement":[{"@type":"ListItem","position":1,"name":"Home","item":"https:\/\/traduccion-jurada.idisc.com\/ca\/"},{"@type":"ListItem","position":2,"name":"Botiga","item":"https:\/\/traduccion-jurada.idisc.com\/ca\/botiga\/"},{"@type":"ListItem","position":3,"name":"Carnet de conduir"}]},{"@type":"WebSite","@id":"https:\/\/traduccion-jurada.idisc.com\/ca\/#website","url":"https:\/\/traduccion-jurada.idisc.com\/ca\/","name":"Traducci\u00f3n Jurada iDISC","description":"","publisher":{"@id":"https:\/\/traduccion-jurada.idisc.com\/ca\/#organization"},"potentialAction":[{"@type":"SearchAction","target":{"@type":"EntryPoint","urlTemplate":"https:\/\/traduccion-jurada.idisc.com\/ca\/?s={search_term_string}"},"query-input":{"@type":"PropertyValueSpecification","valueRequired":true,"valueName":"search_term_string"}}],"inLanguage":"ca"},{"@type":"Organization","@id":"https:\/\/traduccion-jurada.idisc.com\/ca\/#organization","name":"iDISC Information Technolgies","url":"https:\/\/traduccion-jurada.idisc.com\/ca\/","logo":{"@type":"ImageObject","inLanguage":"ca","@id":"https:\/\/traduccion-jurada.idisc.com\/ca\/#\/schema\/logo\/image\/","url":"https:\/\/traduccion-jurada.idisc.com\/wp-content\/uploads\/2025\/11\/cropped-Logo_idisc.png","contentUrl":"https:\/\/traduccion-jurada.idisc.com\/wp-content\/uploads\/2025\/11\/cropped-Logo_idisc.png","width":905,"height":524,"caption":"iDISC Information Technolgies"},"image":{"@id":"https:\/\/traduccion-jurada.idisc.com\/ca\/#\/schema\/logo\/image\/"},"sameAs":["https:\/\/www.facebook.com\/idiscit","https:\/\/x.com\/idiscit","https:\/\/www.instagram.com\/idisc_it\/","https:\/\/www.linkedin.com\/company\/idiscit"]}]}},"_links":{"self":[{"href":"https:\/\/traduccion-jurada.idisc.com\/ca\/wp-json\/wp\/v2\/product\/7290","targetHints":{"allow":["GET"]}}],"collection":[{"href":"https:\/\/traduccion-jurada.idisc.com\/ca\/wp-json\/wp\/v2\/product"}],"about":[{"href":"https:\/\/traduccion-jurada.idisc.com\/ca\/wp-json\/wp\/v2\/types\/product"}],"wp:featuredmedia":[{"embeddable":true,"href":"https:\/\/traduccion-jurada.idisc.com\/ca\/wp-json\/wp\/v2\/media\/7087"}],"wp:attachment":[{"href":"https:\/\/traduccion-jurada.idisc.com\/ca\/wp-json\/wp\/v2\/media?parent=7290"}],"wp:term":[{"taxonomy":"product_brand","embeddable":true,"href":"https:\/\/traduccion-jurada.idisc.com\/ca\/wp-json\/wp\/v2\/product_brand?post=7290"},{"taxonomy":"product_cat","embeddable":true,"href":"https:\/\/traduccion-jurada.idisc.com\/ca\/wp-json\/wp\/v2\/product_cat?post=7290"},{"taxonomy":"product_tag","embeddable":true,"href":"https:\/\/traduccion-jurada.idisc.com\/ca\/wp-json\/wp\/v2\/product_tag?post=7290"}],"curies":[{"name":"wp","href":"https:\/\/api.w.org\/{rel}","templated":true}]}}