{"id":7053,"date":"2024-07-08T20:43:52","date_gmt":"2024-07-08T18:43:52","guid":{"rendered":"https:\/\/traduccion-jurada.idisc.com\/carreto-electronic\/"},"modified":"2026-02-03T12:15:54","modified_gmt":"2026-02-03T11:15:54","slug":"carreto-electronic","status":"publish","type":"page","link":"https:\/\/traduccion-jurada.idisc.com\/ca\/carreto-electronic\/","title":{"rendered":"Carret\u00f3 electr\u00f2nic"},"content":{"rendered":"\n<div data-block-name=\"woocommerce\/cart\" class=\"wp-block-woocommerce-cart alignwide is-loading\">\n<div data-block-name=\"woocommerce\/filled-cart-block\" class=\"wp-block-woocommerce-filled-cart-block\">\n<div data-block-name=\"woocommerce\/cart-items-block\" class=\"wp-block-woocommerce-cart-items-block\">\n<div data-block-name=\"woocommerce\/cart-line-items-block\" class=\"wp-block-woocommerce-cart-line-items-block\"><\/div>\n\n\n\n<div data-block-name=\"woocommerce\/cart-cross-sells-block\" class=\"wp-block-woocommerce-cart-cross-sells-block\">\n<h2 class=\"wp-block-heading has-large-font-size\">Potser t&#8217;interessa\u2026<\/h2>\n\n\n\n<div data-block-name=\"woocommerce\/cart-cross-sells-products-block\" class=\"wp-block-woocommerce-cart-cross-sells-products-block\"><\/div>\n<\/div>\n<\/div>\n\n\n\n<div data-block-name=\"woocommerce\/cart-totals-block\" class=\"wp-block-woocommerce-cart-totals-block\">\n<div data-block-name=\"woocommerce\/cart-order-summary-block\" class=\"wp-block-woocommerce-cart-order-summary-block\">\n<div data-block-name=\"woocommerce\/cart-order-summary-heading-block\" data-content=\"Total del carret\u00f3 electr\u00f2nic\" class=\"wp-block-woocommerce-cart-order-summary-heading-block\"><\/div>\n\n\n\n<div data-block-name=\"woocommerce\/cart-order-summary-coupon-form-block\" class=\"wp-block-woocommerce-cart-order-summary-coupon-form-block\"><\/div>\n\n\n\n<div data-block-name=\"woocommerce\/cart-order-summary-totals-block\" class=\"wp-block-woocommerce-cart-order-summary-totals-block\">\n<div data-block-name=\"woocommerce\/cart-order-summary-subtotal-block\" class=\"wp-block-woocommerce-cart-order-summary-subtotal-block\"><\/div>\n\n\n\n<div data-block-name=\"woocommerce\/cart-order-summary-fee-block\" class=\"wp-block-woocommerce-cart-order-summary-fee-block\"><\/div>\n\n\n\n<div data-block-name=\"woocommerce\/cart-order-summary-discount-block\" class=\"wp-block-woocommerce-cart-order-summary-discount-block\"><\/div>\n\n\n\n<div data-block-name=\"woocommerce\/cart-order-summary-shipping-block\" class=\"wp-block-woocommerce-cart-order-summary-shipping-block\"><\/div>\n\n\n\n<div data-block-name=\"woocommerce\/cart-order-summary-taxes-block\" class=\"wp-block-woocommerce-cart-order-summary-taxes-block\"><\/div>\n<\/div>\n<\/div>\n\n\n\n<div data-block-name=\"woocommerce\/cart-express-payment-block\" class=\"wp-block-woocommerce-cart-express-payment-block\"><\/div>\n\n\n\n<div data-block-name=\"woocommerce\/proceed-to-checkout-block\" data-button-label=\"M\u00e8tode d&apos;enviament i pagament (pas 1 de 2)\" class=\"wp-block-woocommerce-proceed-to-checkout-block\"><\/div>\n\n\n\n<div data-block-name=\"woocommerce\/cart-accepted-payment-methods-block\" class=\"wp-block-woocommerce-cart-accepted-payment-methods-block\"><\/div>\n<\/div>\n<\/div>\n\n\n\n<div data-block-name=\"woocommerce\/empty-cart-block\" class=\"wp-block-woocommerce-empty-cart-block\">\n<h2 class=\"wp-block-heading has-text-align-center with-empty-cart-icon wc-block-cart__empty-cart__title\">El teu carret\u00f3 electr\u00f2nic est\u00e0 buit<\/h2>\n\n\n\n<p class=\"has-text-align-center\"><a href=\"http:\/\/juradas.idiscit.com\/precios\">Mostra la botiga<\/a>.<\/p>\n\n\n\n<hr class=\"wp-block-separator has-alpha-channel-opacity is-style-dots\"\/>\n\n\n\n<h2 class=\"wp-block-heading has-text-align-center\">Novetat a la botiga<\/h2>\n\n\n<div data-block-name=\"woocommerce\/product-new\" data-columns=\"4\" data-rows=\"1\" class=\"wc-block-grid wp-block-product-new wp-block-woocommerce-product-new wc-block-product-new has-4-columns\"><ul class=\"wc-block-grid__products\"><li class=\"wc-block-grid__product\"><span class=\"gtm4wp_productdata\" style=\"display:none; visibility:hidden;\" data-gtm4wp_product_data=\"{&quot;internal_id&quot;:7285,&quot;item_id&quot;:7285,&quot;item_name&quot;:&quot;Informe m\\u00e8dic&quot;,&quot;sku&quot;:7285,&quot;price&quot;:45,&quot;stocklevel&quot;:null,&quot;stockstatus&quot;:&quot;instock&quot;,&quot;google_business_vertical&quot;:&quot;retail&quot;,&quot;item_category&quot;:&quot;Sin categor\\u00eda&quot;,&quot;id&quot;:7285,&quot;productlink&quot;:&quot;https:\\\/\\\/traduccion-jurada.idisc.com\\\/ca\\\/producto\\\/informe-medic\\\/&quot;,&quot;item_list_name&quot;:&quot;Llista general de productes&quot;,&quot;index&quot;:0,&quot;product_type&quot;:&quot;simple&quot;,&quot;item_brand&quot;:&quot;&quot;}\"><\/span>\n\t\t\t\t<a href=\"https:\/\/traduccion-jurada.idisc.com\/ca\/producto\/informe-medic\/\" class=\"wc-block-grid__product-link\">\n\t\t\t\t\t\n\t\t\t\t\t<div class=\"wc-block-grid__product-image\"><img fetchpriority=\"high\" decoding=\"async\" width=\"300\" height=\"300\" src=\"https:\/\/traduccion-jurada.idisc.com\/wp-content\/uploads\/2025\/12\/infrome-medico-300x300.png\" class=\"attachment-woocommerce_thumbnail size-woocommerce_thumbnail\" alt=\"Informe m\u00e8dic\" srcset=\"https:\/\/traduccion-jurada.idisc.com\/wp-content\/uploads\/2025\/12\/infrome-medico-300x300.png 300w, https:\/\/traduccion-jurada.idisc.com\/wp-content\/uploads\/2025\/12\/infrome-medico-150x150.png 150w, https:\/\/traduccion-jurada.idisc.com\/wp-content\/uploads\/2025\/12\/infrome-medico-100x100.png 100w, https:\/\/traduccion-jurada.idisc.com\/wp-content\/uploads\/2025\/12\/infrome-medico.png 512w\" sizes=\"(max-width: 300px) 100vw, 300px\" \/><\/div>\n\t\t\t\t\t<div class=\"wc-block-grid__product-title\">Informe m\u00e8dic<\/div>\n\t\t\t\t<\/a>\n\t\t\t\t<div class=\"wc-block-grid__product-price price\"><span class=\"woocommerce-Price-amount amount\"><span class=\"woocommerce-Price-currencySymbol\">EUR &euro;<\/span>45.00<\/span><\/div>\n\t\t\t\t\n\t\t\t\t<div class=\"wp-block-button wc-block-grid__product-add-to-cart\"><a href=\"https:\/\/traduccion-jurada.idisc.com\/ca\/producto\/informe-medic\/\" aria-label=\"Afegeix a la cistella: &ldquo;Informe m\u00e8dic&rdquo;\" data-quantity=\"1\" data-product_id=\"7285\" data-product_sku=\"\" data-price=\"45\" rel=\"nofollow\" class=\"wp-block-button__link  add_to_cart_button\">Selecciona opcions<\/a><\/div>\n\t\t\t<\/li><li class=\"wc-block-grid__product\"><span class=\"gtm4wp_productdata\" style=\"display:none; visibility:hidden;\" data-gtm4wp_product_data=\"{&quot;internal_id&quot;:7287,&quot;item_id&quot;:7287,&quot;item_name&quot;:&quot;Certificat de capacitat matrimonial&quot;,&quot;sku&quot;:7287,&quot;price&quot;:39,&quot;stocklevel&quot;:null,&quot;stockstatus&quot;:&quot;instock&quot;,&quot;google_business_vertical&quot;:&quot;retail&quot;,&quot;item_category&quot;:&quot;Sin categor\\u00eda&quot;,&quot;id&quot;:7287,&quot;productlink&quot;:&quot;https:\\\/\\\/traduccion-jurada.idisc.com\\\/ca\\\/producto\\\/certificat-de-capacitat-matrimonial\\\/&quot;,&quot;item_list_name&quot;:&quot;Llista general de productes&quot;,&quot;index&quot;:0,&quot;product_type&quot;:&quot;simple&quot;,&quot;item_brand&quot;:&quot;&quot;}\"><\/span>\n\t\t\t\t<a href=\"https:\/\/traduccion-jurada.idisc.com\/ca\/producto\/certificat-de-capacitat-matrimonial\/\" class=\"wc-block-grid__product-link\">\n\t\t\t\t\t\n\t\t\t\t\t<div class=\"wc-block-grid__product-image\"><img decoding=\"async\" width=\"300\" height=\"300\" src=\"https:\/\/traduccion-jurada.idisc.com\/wp-content\/uploads\/2025\/04\/Constancia_de_Situacion_fiscal-300x300.png\" class=\"attachment-woocommerce_thumbnail size-woocommerce_thumbnail\" alt=\"Certificat de capacitat matrimonial\" srcset=\"https:\/\/traduccion-jurada.idisc.com\/wp-content\/uploads\/2025\/04\/Constancia_de_Situacion_fiscal-300x300.png 300w, https:\/\/traduccion-jurada.idisc.com\/wp-content\/uploads\/2025\/04\/Constancia_de_Situacion_fiscal-150x150.png 150w, https:\/\/traduccion-jurada.idisc.com\/wp-content\/uploads\/2025\/04\/elementor\/thumbs\/Constancia_de_Situacion_fiscal-rhecserrjdio7shbblcfvwqgmo5f0grbr6rc7zqjmw.png 100w, https:\/\/traduccion-jurada.idisc.com\/wp-content\/uploads\/2025\/04\/Constancia_de_Situacion_fiscal.png 500w\" sizes=\"(max-width: 300px) 100vw, 300px\" \/><\/div>\n\t\t\t\t\t<div class=\"wc-block-grid__product-title\">Certificat de capacitat matrimonial<\/div>\n\t\t\t\t<\/a>\n\t\t\t\t<div class=\"wc-block-grid__product-price price\"><span class=\"woocommerce-Price-amount amount\"><span class=\"woocommerce-Price-currencySymbol\">EUR &euro;<\/span>39.00<\/span><\/div>\n\t\t\t\t\n\t\t\t\t<div class=\"wp-block-button wc-block-grid__product-add-to-cart\"><a href=\"https:\/\/traduccion-jurada.idisc.com\/ca\/producto\/certificat-de-capacitat-matrimonial\/\" aria-label=\"Afegeix a la cistella: &ldquo;Certificat de capacitat matrimonial&rdquo;\" data-quantity=\"1\" data-product_id=\"7287\" data-product_sku=\"\" data-price=\"39\" rel=\"nofollow\" class=\"wp-block-button__link  add_to_cart_button\">Selecciona opcions<\/a><\/div>\n\t\t\t<\/li><li class=\"wc-block-grid__product\"><span class=\"gtm4wp_productdata\" style=\"display:none; visibility:hidden;\" data-gtm4wp_product_data=\"{&quot;internal_id&quot;:7288,&quot;item_id&quot;:7288,&quot;item_name&quot;:&quot;Perm\\u00eds de resid\\u00e8ncia&quot;,&quot;sku&quot;:7288,&quot;price&quot;:32,&quot;stocklevel&quot;:null,&quot;stockstatus&quot;:&quot;instock&quot;,&quot;google_business_vertical&quot;:&quot;retail&quot;,&quot;item_category&quot;:&quot;Sin categor\\u00eda&quot;,&quot;id&quot;:7288,&quot;productlink&quot;:&quot;https:\\\/\\\/traduccion-jurada.idisc.com\\\/ca\\\/producto\\\/permis-de-residencia\\\/&quot;,&quot;item_list_name&quot;:&quot;Llista general de productes&quot;,&quot;index&quot;:0,&quot;product_type&quot;:&quot;simple&quot;,&quot;item_brand&quot;:&quot;&quot;}\"><\/span>\n\t\t\t\t<a href=\"https:\/\/traduccion-jurada.idisc.com\/ca\/producto\/permis-de-residencia\/\" class=\"wc-block-grid__product-link\">\n\t\t\t\t\t\n\t\t\t\t\t<div class=\"wc-block-grid__product-image\"><img decoding=\"async\" width=\"300\" height=\"300\" src=\"https:\/\/traduccion-jurada.idisc.com\/wp-content\/uploads\/2025\/04\/cedula_profesional-300x300.png\" class=\"attachment-woocommerce_thumbnail size-woocommerce_thumbnail\" alt=\"Perm\u00eds de resid\u00e8ncia\" srcset=\"https:\/\/traduccion-jurada.idisc.com\/wp-content\/uploads\/2025\/04\/cedula_profesional-300x300.png 300w, https:\/\/traduccion-jurada.idisc.com\/wp-content\/uploads\/2025\/04\/cedula_profesional-150x150.png 150w, https:\/\/traduccion-jurada.idisc.com\/wp-content\/uploads\/2025\/04\/elementor\/thumbs\/cedula_profesional-rhecserrjdio7shbblcfvwqgmo5f0grbr6rc7zqjmw.png 100w, https:\/\/traduccion-jurada.idisc.com\/wp-content\/uploads\/2025\/04\/cedula_profesional.png 500w\" sizes=\"(max-width: 300px) 100vw, 300px\" \/><\/div>\n\t\t\t\t\t<div class=\"wc-block-grid__product-title\">Perm\u00eds de resid\u00e8ncia<\/div>\n\t\t\t\t<\/a>\n\t\t\t\t<div class=\"wc-block-grid__product-price price\"><span class=\"woocommerce-Price-amount amount\"><span class=\"woocommerce-Price-currencySymbol\">EUR &euro;<\/span>32.00<\/span><\/div>\n\t\t\t\t\n\t\t\t\t<div class=\"wp-block-button wc-block-grid__product-add-to-cart\"><a href=\"https:\/\/traduccion-jurada.idisc.com\/ca\/producto\/permis-de-residencia\/\" aria-label=\"Afegeix a la cistella: &ldquo;Perm\u00eds de resid\u00e8ncia&rdquo;\" data-quantity=\"1\" data-product_id=\"7288\" data-product_sku=\"\" data-price=\"32\" rel=\"nofollow\" class=\"wp-block-button__link  add_to_cart_button\">Selecciona opcions<\/a><\/div>\n\t\t\t<\/li><li class=\"wc-block-grid__product\"><span class=\"gtm4wp_productdata\" style=\"display:none; visibility:hidden;\" data-gtm4wp_product_data=\"{&quot;internal_id&quot;:7290,&quot;item_id&quot;:7290,&quot;item_name&quot;:&quot;Carnet de conduir&quot;,&quot;sku&quot;:7290,&quot;price&quot;:29,&quot;stocklevel&quot;:null,&quot;stockstatus&quot;:&quot;instock&quot;,&quot;google_business_vertical&quot;:&quot;retail&quot;,&quot;item_category&quot;:&quot;Sin categor\\u00eda&quot;,&quot;id&quot;:7290,&quot;productlink&quot;:&quot;https:\\\/\\\/traduccion-jurada.idisc.com\\\/ca\\\/producto\\\/carnet-de-conduir\\\/&quot;,&quot;item_list_name&quot;:&quot;Llista general de productes&quot;,&quot;index&quot;:0,&quot;product_type&quot;:&quot;simple&quot;,&quot;item_brand&quot;:&quot;&quot;}\"><\/span>\n\t\t\t\t<a href=\"https:\/\/traduccion-jurada.idisc.com\/ca\/producto\/carnet-de-conduir\/\" class=\"wc-block-grid__product-link\">\n\t\t\t\t\t\n\t\t\t\t\t<div class=\"wc-block-grid__product-image\"><img loading=\"lazy\" decoding=\"async\" width=\"300\" height=\"300\" src=\"https:\/\/traduccion-jurada.idisc.com\/wp-content\/uploads\/2024\/10\/carnet_conducir-300x300.png\" class=\"attachment-woocommerce_thumbnail size-woocommerce_thumbnail\" alt=\"Carnet de conduir\" srcset=\"https:\/\/traduccion-jurada.idisc.com\/wp-content\/uploads\/2024\/10\/carnet_conducir-300x300.png 300w, https:\/\/traduccion-jurada.idisc.com\/wp-content\/uploads\/2024\/10\/carnet_conducir-150x150.png 150w, https:\/\/traduccion-jurada.idisc.com\/wp-content\/uploads\/2024\/10\/elementor\/thumbs\/carnet_conducir-rhecserrjdio7shbblcfvwqgmo5f0grbr6rc7zqjmw.png 100w, https:\/\/traduccion-jurada.idisc.com\/wp-content\/uploads\/2024\/10\/carnet_conducir.png 500w\" sizes=\"(max-width: 300px) 100vw, 300px\" \/><\/div>\n\t\t\t\t\t<div class=\"wc-block-grid__product-title\">Carnet de conduir<\/div>\n\t\t\t\t<\/a>\n\t\t\t\t<div class=\"wc-block-grid__product-price price\"><span class=\"woocommerce-Price-amount amount\"><span class=\"woocommerce-Price-currencySymbol\">EUR &euro;<\/span>29.00<\/span><\/div>\n\t\t\t\t\n\t\t\t\t<div class=\"wp-block-button wc-block-grid__product-add-to-cart\"><a href=\"https:\/\/traduccion-jurada.idisc.com\/ca\/producto\/carnet-de-conduir\/\" aria-label=\"Afegeix a la cistella: &ldquo;Carnet de conduir&rdquo;\" data-quantity=\"1\" data-product_id=\"7290\" data-product_sku=\"\" data-price=\"29\" rel=\"nofollow\" class=\"wp-block-button__link  add_to_cart_button\">Selecciona opcions<\/a><\/div>\n\t\t\t<\/li><\/ul><\/div><\/div>\n<\/div>\n","protected":false},"excerpt":{"rendered":"","protected":false},"author":1,"featured_media":0,"parent":0,"menu_order":0,"comment_status":"closed","ping_status":"closed","template":"elementor_header_footer","meta":{"footnotes":""},"class_list":["post-7053","page","type-page","status-publish","hentry","image-hover-transition-effect"],"yoast_head":"<!-- This site is optimized with the Yoast SEO plugin v27.2 - https:\/\/yoast.com\/product\/yoast-seo-wordpress\/ -->\n<title>Carret\u00f3 electr\u00f2nic - Traducci\u00f3 Jurada | iDISC<\/title>\n<meta name=\"robots\" content=\"index, follow, max-snippet:-1, max-image-preview:large, max-video-preview:-1\" \/>\n<link rel=\"canonical\" href=\"https:\/\/traduccion-jurada.idisc.com\/ca\/carreto-electronic\/\" \/>\n<meta property=\"og:locale\" content=\"ca_ES\" \/>\n<meta property=\"og:type\" content=\"article\" \/>\n<meta property=\"og:title\" content=\"Carret\u00f3 electr\u00f2nic - Traducci\u00f3 Jurada | iDISC\" \/>\n<meta property=\"og:url\" content=\"https:\/\/traduccion-jurada.idisc.com\/ca\/carreto-electronic\/\" \/>\n<meta property=\"og:site_name\" content=\"Traducci\u00f3 Jurada\" \/>\n<meta property=\"article:publisher\" content=\"https:\/\/www.facebook.com\/idiscit\" \/>\n<meta property=\"article:modified_time\" content=\"2026-02-03T11:15:54+00:00\" \/>\n<meta name=\"twitter:card\" content=\"summary_large_image\" \/>\n<meta name=\"twitter:site\" content=\"@idiscit\" \/>\n<!-- \/ Yoast SEO plugin. -->","yoast_head_json":{"title":"Carret\u00f3 electr\u00f2nic - Traducci\u00f3 Jurada | iDISC","robots":{"index":"index","follow":"follow","max-snippet":"max-snippet:-1","max-image-preview":"max-image-preview:large","max-video-preview":"max-video-preview:-1"},"canonical":"https:\/\/traduccion-jurada.idisc.com\/ca\/carreto-electronic\/","og_locale":"ca_ES","og_type":"article","og_title":"Carret\u00f3 electr\u00f2nic - Traducci\u00f3 Jurada | iDISC","og_url":"https:\/\/traduccion-jurada.idisc.com\/ca\/carreto-electronic\/","og_site_name":"Traducci\u00f3 Jurada","article_publisher":"https:\/\/www.facebook.com\/idiscit","article_modified_time":"2026-02-03T11:15:54+00:00","twitter_card":"summary_large_image","twitter_site":"@idiscit","schema":{"@context":"https:\/\/schema.org","@graph":[{"@type":"WebPage","@id":"https:\/\/traduccion-jurada.idisc.com\/ca\/carreto-electronic\/","url":"https:\/\/traduccion-jurada.idisc.com\/ca\/carreto-electronic\/","name":"Carret\u00f3 electr\u00f2nic - Traducci\u00f3 Jurada | iDISC","isPartOf":{"@id":"https:\/\/traduccion-jurada.idisc.com\/ca\/#website"},"datePublished":"2024-07-08T18:43:52+00:00","dateModified":"2026-02-03T11:15:54+00:00","breadcrumb":{"@id":"https:\/\/traduccion-jurada.idisc.com\/ca\/carreto-electronic\/#breadcrumb"},"inLanguage":"ca","potentialAction":[{"@type":"ReadAction","target":["https:\/\/traduccion-jurada.idisc.com\/ca\/carreto-electronic\/"]}]},{"@type":"BreadcrumbList","@id":"https:\/\/traduccion-jurada.idisc.com\/ca\/carreto-electronic\/#breadcrumb","itemListElement":[{"@type":"ListItem","position":1,"name":"Home","item":"https:\/\/traduccion-jurada.idisc.com\/ca\/"},{"@type":"ListItem","position":2,"name":"Carret\u00f3 electr\u00f2nic"}]},{"@type":"WebSite","@id":"https:\/\/traduccion-jurada.idisc.com\/ca\/#website","url":"https:\/\/traduccion-jurada.idisc.com\/ca\/","name":"Traducci\u00f3n Jurada iDISC","description":"","publisher":{"@id":"https:\/\/traduccion-jurada.idisc.com\/ca\/#organization"},"potentialAction":[{"@type":"SearchAction","target":{"@type":"EntryPoint","urlTemplate":"https:\/\/traduccion-jurada.idisc.com\/ca\/?s={search_term_string}"},"query-input":{"@type":"PropertyValueSpecification","valueRequired":true,"valueName":"search_term_string"}}],"inLanguage":"ca"},{"@type":"Organization","@id":"https:\/\/traduccion-jurada.idisc.com\/ca\/#organization","name":"iDISC Information Technolgies","url":"https:\/\/traduccion-jurada.idisc.com\/ca\/","logo":{"@type":"ImageObject","inLanguage":"ca","@id":"https:\/\/traduccion-jurada.idisc.com\/ca\/#\/schema\/logo\/image\/","url":"https:\/\/traduccion-jurada.idisc.com\/wp-content\/uploads\/2025\/11\/cropped-Logo_idisc.png","contentUrl":"https:\/\/traduccion-jurada.idisc.com\/wp-content\/uploads\/2025\/11\/cropped-Logo_idisc.png","width":905,"height":524,"caption":"iDISC Information Technolgies"},"image":{"@id":"https:\/\/traduccion-jurada.idisc.com\/ca\/#\/schema\/logo\/image\/"},"sameAs":["https:\/\/www.facebook.com\/idiscit","https:\/\/x.com\/idiscit","https:\/\/www.instagram.com\/idisc_it\/","https:\/\/www.linkedin.com\/company\/idiscit"]}]}},"_links":{"self":[{"href":"https:\/\/traduccion-jurada.idisc.com\/ca\/wp-json\/wp\/v2\/pages\/7053","targetHints":{"allow":["GET"]}}],"collection":[{"href":"https:\/\/traduccion-jurada.idisc.com\/ca\/wp-json\/wp\/v2\/pages"}],"about":[{"href":"https:\/\/traduccion-jurada.idisc.com\/ca\/wp-json\/wp\/v2\/types\/page"}],"author":[{"embeddable":true,"href":"https:\/\/traduccion-jurada.idisc.com\/ca\/wp-json\/wp\/v2\/users\/1"}],"replies":[{"embeddable":true,"href":"https:\/\/traduccion-jurada.idisc.com\/ca\/wp-json\/wp\/v2\/comments?post=7053"}],"version-history":[{"count":1,"href":"https:\/\/traduccion-jurada.idisc.com\/ca\/wp-json\/wp\/v2\/pages\/7053\/revisions"}],"predecessor-version":[{"id":7054,"href":"https:\/\/traduccion-jurada.idisc.com\/ca\/wp-json\/wp\/v2\/pages\/7053\/revisions\/7054"}],"wp:attachment":[{"href":"https:\/\/traduccion-jurada.idisc.com\/ca\/wp-json\/wp\/v2\/media?parent=7053"}],"curies":[{"name":"wp","href":"https:\/\/api.w.org\/{rel}","templated":true}]}}